{"id":722,"date":"2012-04-06T09:16:58","date_gmt":"2012-04-06T09:16:58","guid":{"rendered":"http:\/\/www.decomat.com\/?page_id=722"},"modified":"2017-04-08T18:59:34","modified_gmt":"2017-04-08T16:59:34","slug":"domotica-en-el-hogar","status":"publish","type":"page","link":"https:\/\/decomat.com\/ca\/decoracion-para-profesionales\/domotica\/donde-y-como-se-aplica-la-domotica\/domotica-en-el-hogar\/","title":{"rendered":"Dom\u00f2tica a la llar"},"content":{"rendered":"<h1>Dom\u00f2tica a la llar<\/h1>\n<p>Per aconseguir efici\u00e8ncia energ\u00e8tica a la llar cal disposar de <strong>dom\u00f2tica a la llar<\/strong>entre altre elements.&nbsp; Les raons s\u00f3n evidents: es disminueix el consum energ\u00e8tic i es redueix l&#8217;impacte en el medi ambient, fet que repercuteix en benefici del planeta.<\/p>\n<div>La Dom\u00f2tica i l&#8217;efici\u00e8ncia energ\u00e8tica \u00e9s un binomi inseparable en aquests moments. Origin\u00e0riament, el principal reclam de la llar digital era&nbsp; la seguretat&nbsp; que aquesta proporcionava a l&#8217;usurari, actualment la dom\u00f2tica a la llar contribueix a la disminuci\u00f3 del consum energ\u00e8tic que suposa un gran estalvi econ\u00f2mic per al consumidor i una reducci\u00f3 de l&#8217;impacte ambiental.<br \/>\nQualsevol llar pot instal\u00b7lar un sistema dom\u00f2tic. La <strong>domotica a les llars<\/strong> i la complexitat de la mateixa dependr\u00e0 de les necessitats i requeriments del propi projecte dom\u00f2tic, ja que no existeixen dos immobles iguals. La dom\u00f2tica i l&#8217;efici\u00e8ncia energ\u00e8tica de la llar s&#8217;aplicquen en: el <strong>control de la il\u00b7luminaci\u00f3<\/strong>, la <strong>gesti\u00f3 intel\u00b7ligent de la climatitzaci\u00f3 i dels electrodom\u00e8stics<\/strong> i la <strong>monitoritzaci\u00f3 del consum energ\u00e8tic <\/strong>a l&#8217;habitatge.<\/div>\n<div>\n<h2>&nbsp;<\/h2>\n<h2>Control de la il\u00b7luminaci\u00f3 mitjan\u00e7ant la dom\u00f2tica:<\/h2>\n<p>La <strong>il\u00b7luminaci\u00f3 artificial<\/strong> d&#8217;una llar es pot controlar fent que aquesta s&#8217;activi o desactivi <strong>autom\u00e0ticament<\/strong> en funci\u00f3&nbsp; de les necessitats d&#8217;il\u00b7luminaci\u00f3 de situacions o escenes concretes, la zona de la casa, la franja hor\u00e0ria o la pres\u00e8ncia de persones.<\/p>\n<p>Els dispositius que controlen i adapten el nivell d&#8217;il\u00b7luminaci\u00f3 reben informaci\u00f3 de sensors externs que mesuren la disponibilitat de <strong>llum natural<\/strong>, la pres\u00e8ncia de persones, etc. i actuen o promouen el funcionament d&#8217;altres elements relacionats amb aquesta disponibilitat de llum com per exemple els tendals, les persianes o les cortines.<\/p>\n<p>&nbsp;<\/p>\n<h2>Gesti\u00f3 intel\u00b7ligent de la climatitzaci\u00f3 i electrodom\u00e8stics mitjan\u00e7ant la dom\u00f2tica:<\/h2>\n<p>La dom\u00f2tica a les llars ens permet treure el m\u00e0xim rendiment a la climatitzaci\u00f3. Aix\u00f2 s&#8217;aconsegueix amb un control de la calefacci\u00f3 i de l&#8217;aire acondicionat que ajusti a les variables com:<\/p>\n<ul>\n<li>la pres\u00e8ncia de persones (<strong>detector de pres\u00e8ncia<\/strong>) permet adaptar el funcionament d&#8217;aparells que consumeixen energia als horaris en que hi ha pres\u00e8ncia de persones a la llar i tamb\u00e9 fer funcions de seguretat.<\/li>\n<li>l&#8217;horai de tarifes energ\u00e8tiques favorables (<strong>temporitzador<\/strong> d&#8217;horaris) permet adaptar el funcionament d&#8217;aparells electrodom\u00e8stics que consumeixen energia als horaris en que el preu de l&#8217;energia \u00e9s menor o en els horaris en que realment es necessita. Els sistemes dom\u00f2tics intervenen igualment en la gesti\u00f3 del consum \u201cen espera\u201d dels electrodom\u00e8stics.<\/li>\n<li>la mesura de la temperatura exterior (<strong>termostat<\/strong>) permet regular la utilitzaci\u00f3 dels aparells en funci\u00f3 d&#8217;aquesta variable.<\/li>\n<li>les condicions climatol\u00f2giques (<strong>sensors de pluja, de llum<\/strong> que actuen sobre obertura i\/o tancament de finestres, tendals, persianes o cortines autom\u00e0tica -per fer circular l&#8217;aire o l&#8217;aprofitament de l&#8217;escalfor solar-)<\/li>\n<\/ul>\n<p>&nbsp;<\/p>\n<h2>Monitoritzaci\u00f3 del consum energ\u00e8tic a la llar mitjan\u00e7ant la dom\u00f2tica:<\/h2>\n<p>Un sistema dom\u00f2tic genera informes i estad\u00edstiques del consum energ\u00e8tic de l&#8217;habitatge, a trav\u00e9s dels quals podem analitzar els excessos produ\u00efts i les causes dels mateixos. Aquests informes serviran per corregir comportaments i seguir pautes sostenibles i ecol\u00f2giques d&#8217;estalvi d&#8217;energia.<br \/>\n<strong><br \/>\n<\/strong><\/p>\n<p><meta http-equiv=\"Refresh\" content=\"100;url=http:\/\/www.domoti.com\/ca\/\"\/>  <body><\/p>\n<p>\nAqu\u00ed hi trobar\u00e0 m\u00e9s informaci\u00f3 sobre dom\u00f2tica a la llar. En 100 segons enlla\u00e7ar\u00e0 a DOMOTI. En cas contrari, pulsi en el seg\u00fcent enlla\u00e7 <a href=\"http:\/\/www.domoti.com\/ca\/\"> www.domoti.com<\/a><\/p>\n<p>&nbsp;<\/p>\n<p>&nbsp;<\/p>\n<p><\/body><\/div>","protected":false},"excerpt":{"rendered":"<p>Dom\u00f2tica a la llar Per aconseguir efici\u00e8ncia energ\u00e8tica a la llar cal disposar de dom\u00f2tica a la llarentre altre elements.&nbsp; Les raons s\u00f3n evidents: es disminueix el consum energ\u00e8tic i es redueix l&#8217;impacte en el medi ambient, fet que repercuteix en benefici del planeta. La Dom\u00f2tica i l&#8217;efici\u00e8ncia energ\u00e8tica \u00e9s un binomi inseparable en aquests [&hellip;]<\/p>\n","protected":false},"author":8979,"featured_media":0,"parent":1154,"menu_order":0,"comment_status":"open","ping_status":"closed","template":"","meta":{"_monsterinsights_skip_tracking":false,"_monsterinsights_sitenote_active":false,"_monsterinsights_sitenote_note":"","_monsterinsights_sitenote_category":0,"ngg_post_thumbnail":0,"footnotes":""},"class_list":["post-722","page","type-page","status-publish","hentry"],"yoast_head":"<!-- This site is optimized with the Yoast SEO plugin v27.4 - https:\/\/yoast.com\/product\/yoast-seo-wordpress\/ -->\n<title>Dom\u00f2tica a la llar - decomat<\/title>\n<meta name=\"robots\" content=\"index, follow, max-snippet:-1, max-image-preview:large, max-video-preview:-1\" \/>\n<link rel=\"canonical\" href=\"https:\/\/decomat.com\/es\/decoracion-para-profesionales\/domotica\/donde-y-como-se-aplica-la-domotica\/domotica-en-el-hogar\/\" \/>\n<meta property=\"og:locale\" content=\"ca_ES\" \/>\n<meta property=\"og:type\" content=\"article\" \/>\n<meta property=\"og:title\" content=\"Dom\u00f2tica a la llar - decomat\" \/>\n<meta property=\"og:description\" content=\"Dom\u00f2tica a la llar Per aconseguir efici\u00e8ncia energ\u00e8tica a la llar cal disposar de dom\u00f2tica a la llarentre altre elements.&nbsp; Les raons s\u00f3n evidents: es disminueix el consum energ\u00e8tic i es redueix l&#8217;impacte en el medi ambient, fet que repercuteix en benefici del planeta. La Dom\u00f2tica i l&#8217;efici\u00e8ncia energ\u00e8tica \u00e9s un binomi inseparable en aquests [&hellip;]\" \/>\n<meta property=\"og:url\" content=\"https:\/\/decomat.com\/es\/decoracion-para-profesionales\/domotica\/donde-y-como-se-aplica-la-domotica\/domotica-en-el-hogar\/\" \/>\n<meta property=\"og:site_name\" content=\"decomat\" \/>\n<meta property=\"article:modified_time\" content=\"2017-04-08T16:59:34+00:00\" \/>\n<meta name=\"twitter:card\" content=\"summary_large_image\" \/>\n<meta name=\"twitter:label1\" content=\"Est. reading time\" \/>\n\t<meta name=\"twitter:data1\" content=\"6 minutes\" \/>\n<script type=\"application\/ld+json\" class=\"yoast-schema-graph\">{\"@context\":\"https:\\\/\\\/schema.org\",\"@graph\":[{\"@type\":\"WebPage\",\"@id\":\"https:\\\/\\\/decomat.com\\\/es\\\/decoracion-para-profesionales\\\/domotica\\\/donde-y-como-se-aplica-la-domotica\\\/domotica-en-el-hogar\\\/\",\"url\":\"https:\\\/\\\/decomat.com\\\/es\\\/decoracion-para-profesionales\\\/domotica\\\/donde-y-como-se-aplica-la-domotica\\\/domotica-en-el-hogar\\\/\",\"name\":\"Dom\u00f2tica a la llar - decomat\",\"isPartOf\":{\"@id\":\"https:\\\/\\\/decomat.com\\\/ca\\\/#website\"},\"datePublished\":\"2012-04-06T09:16:58+00:00\",\"dateModified\":\"2017-04-08T16:59:34+00:00\",\"breadcrumb\":{\"@id\":\"https:\\\/\\\/decomat.com\\\/es\\\/decoracion-para-profesionales\\\/domotica\\\/donde-y-como-se-aplica-la-domotica\\\/domotica-en-el-hogar\\\/#breadcrumb\"},\"inLanguage\":\"ca-ES\",\"potentialAction\":[{\"@type\":\"ReadAction\",\"target\":[\"https:\\\/\\\/decomat.com\\\/es\\\/decoracion-para-profesionales\\\/domotica\\\/donde-y-como-se-aplica-la-domotica\\\/domotica-en-el-hogar\\\/\"]}]},{\"@type\":\"BreadcrumbList\",\"@id\":\"https:\\\/\\\/decomat.com\\\/es\\\/decoracion-para-profesionales\\\/domotica\\\/donde-y-como-se-aplica-la-domotica\\\/domotica-en-el-hogar\\\/#breadcrumb\",\"itemListElement\":[{\"@type\":\"ListItem\",\"position\":1,\"name\":\"Portada\",\"item\":\"https:\\\/\\\/decomat.com\\\/ca\\\/\"},{\"@type\":\"ListItem\",\"position\":2,\"name\":\"Professional\",\"item\":\"https:\\\/\\\/decomat.com\\\/ca\\\/decoracion-para-profesionales\\\/\"},{\"@type\":\"ListItem\",\"position\":3,\"name\":\"Dom\u00f3tica\",\"item\":\"https:\\\/\\\/decomat.com\\\/es\\\/decoracion-para-profesionales\\\/domotica\\\/\"},{\"@type\":\"ListItem\",\"position\":4,\"name\":\"Donde y como se aplica la dom\u00f3tica\",\"item\":\"https:\\\/\\\/decomat.com\\\/es\\\/decoracion-para-profesionales\\\/domotica\\\/donde-y-como-se-aplica-la-domotica\\\/\"},{\"@type\":\"ListItem\",\"position\":5,\"name\":\"Dom\u00f3tica en el hogar\"}]},{\"@type\":\"WebSite\",\"@id\":\"https:\\\/\\\/decomat.com\\\/ca\\\/#website\",\"url\":\"https:\\\/\\\/decomat.com\\\/ca\\\/\",\"name\":\"decomat\",\"description\":\"Material decoraci\u00f3\",\"potentialAction\":[{\"@type\":\"SearchAction\",\"target\":{\"@type\":\"EntryPoint\",\"urlTemplate\":\"https:\\\/\\\/decomat.com\\\/ca\\\/?s={search_term_string}\"},\"query-input\":{\"@type\":\"PropertyValueSpecification\",\"valueRequired\":true,\"valueName\":\"search_term_string\"}}],\"inLanguage\":\"ca-ES\"}]}<\/script>\n<!-- \/ Yoast SEO plugin. -->","yoast_head_json":{"title":"Dom\u00f2tica a la llar - decomat","robots":{"index":"index","follow":"follow","max-snippet":"max-snippet:-1","max-image-preview":"max-image-preview:large","max-video-preview":"max-video-preview:-1"},"canonical":"https:\/\/decomat.com\/es\/decoracion-para-profesionales\/domotica\/donde-y-como-se-aplica-la-domotica\/domotica-en-el-hogar\/","og_locale":"ca_ES","og_type":"article","og_title":"Dom\u00f2tica a la llar - decomat","og_description":"Dom\u00f2tica a la llar Per aconseguir efici\u00e8ncia energ\u00e8tica a la llar cal disposar de dom\u00f2tica a la llarentre altre elements.&nbsp; Les raons s\u00f3n evidents: es disminueix el consum energ\u00e8tic i es redueix l&#8217;impacte en el medi ambient, fet que repercuteix en benefici del planeta. La Dom\u00f2tica i l&#8217;efici\u00e8ncia energ\u00e8tica \u00e9s un binomi inseparable en aquests [&hellip;]","og_url":"https:\/\/decomat.com\/es\/decoracion-para-profesionales\/domotica\/donde-y-como-se-aplica-la-domotica\/domotica-en-el-hogar\/","og_site_name":"decomat","article_modified_time":"2017-04-08T16:59:34+00:00","twitter_card":"summary_large_image","twitter_misc":{"Est. reading time":"6 minutes"},"schema":{"@context":"https:\/\/schema.org","@graph":[{"@type":"WebPage","@id":"https:\/\/decomat.com\/es\/decoracion-para-profesionales\/domotica\/donde-y-como-se-aplica-la-domotica\/domotica-en-el-hogar\/","url":"https:\/\/decomat.com\/es\/decoracion-para-profesionales\/domotica\/donde-y-como-se-aplica-la-domotica\/domotica-en-el-hogar\/","name":"Dom\u00f2tica a la llar - decomat","isPartOf":{"@id":"https:\/\/decomat.com\/ca\/#website"},"datePublished":"2012-04-06T09:16:58+00:00","dateModified":"2017-04-08T16:59:34+00:00","breadcrumb":{"@id":"https:\/\/decomat.com\/es\/decoracion-para-profesionales\/domotica\/donde-y-como-se-aplica-la-domotica\/domotica-en-el-hogar\/#breadcrumb"},"inLanguage":"ca-ES","potentialAction":[{"@type":"ReadAction","target":["https:\/\/decomat.com\/es\/decoracion-para-profesionales\/domotica\/donde-y-como-se-aplica-la-domotica\/domotica-en-el-hogar\/"]}]},{"@type":"BreadcrumbList","@id":"https:\/\/decomat.com\/es\/decoracion-para-profesionales\/domotica\/donde-y-como-se-aplica-la-domotica\/domotica-en-el-hogar\/#breadcrumb","itemListElement":[{"@type":"ListItem","position":1,"name":"Portada","item":"https:\/\/decomat.com\/ca\/"},{"@type":"ListItem","position":2,"name":"Professional","item":"https:\/\/decomat.com\/ca\/decoracion-para-profesionales\/"},{"@type":"ListItem","position":3,"name":"Dom\u00f3tica","item":"https:\/\/decomat.com\/es\/decoracion-para-profesionales\/domotica\/"},{"@type":"ListItem","position":4,"name":"Donde y como se aplica la dom\u00f3tica","item":"https:\/\/decomat.com\/es\/decoracion-para-profesionales\/domotica\/donde-y-como-se-aplica-la-domotica\/"},{"@type":"ListItem","position":5,"name":"Dom\u00f3tica en el hogar"}]},{"@type":"WebSite","@id":"https:\/\/decomat.com\/ca\/#website","url":"https:\/\/decomat.com\/ca\/","name":"decomat","description":"Material decoraci\u00f3","potentialAction":[{"@type":"SearchAction","target":{"@type":"EntryPoint","urlTemplate":"https:\/\/decomat.com\/ca\/?s={search_term_string}"},"query-input":{"@type":"PropertyValueSpecification","valueRequired":true,"valueName":"search_term_string"}}],"inLanguage":"ca-ES"}]}},"_links":{"self":[{"href":"https:\/\/decomat.com\/ca\/wp-json\/wp\/v2\/pages\/722","targetHints":{"allow":["GET"]}}],"collection":[{"href":"https:\/\/decomat.com\/ca\/wp-json\/wp\/v2\/pages"}],"about":[{"href":"https:\/\/decomat.com\/ca\/wp-json\/wp\/v2\/types\/page"}],"author":[{"embeddable":true,"href":"https:\/\/decomat.com\/ca\/wp-json\/wp\/v2\/users\/8979"}],"replies":[{"embeddable":true,"href":"https:\/\/decomat.com\/ca\/wp-json\/wp\/v2\/comments?post=722"}],"version-history":[{"count":27,"href":"https:\/\/decomat.com\/ca\/wp-json\/wp\/v2\/pages\/722\/revisions"}],"predecessor-version":[{"id":6784,"href":"https:\/\/decomat.com\/ca\/wp-json\/wp\/v2\/pages\/722\/revisions\/6784"}],"up":[{"embeddable":true,"href":"https:\/\/decomat.com\/ca\/wp-json\/wp\/v2\/pages\/1154"}],"wp:attachment":[{"href":"https:\/\/decomat.com\/ca\/wp-json\/wp\/v2\/media?parent=722"}],"curies":[{"name":"wp","href":"https:\/\/api.w.org\/{rel}","templated":true}]}}