{"id":726,"date":"2012-04-06T09:19:00","date_gmt":"2012-04-06T09:19:00","guid":{"rendered":"http:\/\/www.decomat.com\/?page_id=726"},"modified":"2014-06-29T20:40:11","modified_gmt":"2014-06-29T18:40:11","slug":"iluminacion-para-comunidades","status":"publish","type":"page","link":"https:\/\/decomat.com\/ca\/comunidades\/iluminacion-para-comunidades\/","title":{"rendered":"Il\u00b7luminaci\u00f3 per a comunitats"},"content":{"rendered":"<p><\/p>\n<h1>Il\u00b7luminaci\u00f3 per comunitats<\/h1>\n<p>Balcons, terrasses, jardins, patis de llum, passadisos, rebedors, tots ells s\u00f3n elements comunitaris on la <strong>il\u00b7luminaci\u00f3 per comunitats<\/strong> \u00e9s necess\u00e0ria.<\/p>\n<p>Aquesta il\u00b7luminaci\u00f3 de zones comuns de comunitat de propietaris inclou, llums d&#8217;emerg\u00e8ncia per zones de comunitat de propietaris, fluorescents amb LED, bombetes LED i tecnologia LED per reduir el consum energ\u00e8tic.<\/p>\n<p>La utilitzaci\u00f3 de <strong>tecnologies eficients<\/strong> aix\u00ed com la <strong>dom\u00f2tica per a comunitats<\/strong> (combinada amb la instal\u00b7laci\u00f3 de sensors o captadors d&#8217;informaci\u00f3\u00a0 com temporitzadors electr\u00f2nics o detectors de pres\u00e8ncia que encenguin i apaguin la llum autom\u00e0ticament) poden permetre un estalvi en el consum energ\u00e8tic, reducci\u00f3 de despeses de manteniment, major vida \u00fatil aix\u00ed com un retorn d&#8217;inversi\u00f3 r\u00e0pid.<\/p>\n<p>Junt amb la dom\u00f2tica per a comunitat de ve\u00efns, tamb\u00e9 es pot actuar en la il\u00b7luminaci\u00f3 per comunitats:<\/p>\n<div id=\"tab-iluminacion\">\n<div>\n<ul>\n<li><strong>Sectorizant la il\u00b7luminaci\u00f3<\/strong> de les zones comuns (com per exemple:\u00a0 zones de pas, replans, passadissos, escales, armaris, trasters, etc)<\/li>\n<li><strong>Instal\u00b7lant LED<\/strong>s en garatges on la factura de la llum acostuma a ser superior a la resta edifici de la comunitat. Els LEDs son els llums m\u00e9s eficients que existeixen en el mercat ja que proporcionen un estalvi d&#8217;un 80% respecte a les llums incandescents i tenen una vida \u00fatil superior de m\u00e9s hores.<\/li>\n<li><strong>Netejant els llums<\/strong>, de brut\u00edcia i pols,\u00a0 ja que aquesta incideix en el rendiment dels mateixos.<\/li>\n<\/ul>\n<\/div>\n<\/div>\n<p>Els detectors de pres\u00e8ncia, per a il\u00b7luminar comunitats, haurien de gaudir de les caracter\u00edstiques seg\u00fcents:<\/p>\n<ul>\n<li>Tecnolog\u00eda de detecci\u00f3 mitjan\u00e7ant infrarrojos.<\/li>\n<li>Ajustos de temporitzaci\u00f3 i sensibilitat lum\u00ednica.<\/li>\n<li>Aptes per a tot tipus de l\u00e0mpares (fluorescents, incandescents i baix consum).<\/li>\n<li>Aguantar directament la c\u00e0rrega sense necessitat de contactors.<\/li>\n<li>No ser inal\u00e0mbrics.<\/li>\n<\/ul>\n<p><\/p>","protected":false},"excerpt":{"rendered":"<p>Il\u00b7luminaci\u00f3 per comunitats Balcons, terrasses, jardins, patis de llum, passadisos, rebedors, tots ells s\u00f3n elements comunitaris on la il\u00b7luminaci\u00f3 per comunitats \u00e9s necess\u00e0ria. Aquesta il\u00b7luminaci\u00f3 de zones comuns de comunitat de propietaris inclou, llums d&#8217;emerg\u00e8ncia per zones de comunitat de propietaris, fluorescents amb LED, bombetes LED i tecnologia LED per reduir el consum energ\u00e8tic. La [&hellip;]<\/p>\n","protected":false},"author":8979,"featured_media":0,"parent":712,"menu_order":0,"comment_status":"open","ping_status":"closed","template":"","meta":{"_monsterinsights_skip_tracking":false,"_monsterinsights_sitenote_active":false,"_monsterinsights_sitenote_note":"","_monsterinsights_sitenote_category":0,"ngg_post_thumbnail":0,"footnotes":""},"class_list":["post-726","page","type-page","status-publish","hentry"],"yoast_head":"<!-- This site is optimized with the Yoast SEO plugin v27.4 - https:\/\/yoast.com\/product\/yoast-seo-wordpress\/ -->\n<title>Il\u00b7luminaci\u00f3 per a comunitats - decomat<\/title>\n<meta name=\"robots\" content=\"index, follow, max-snippet:-1, max-image-preview:large, max-video-preview:-1\" \/>\n<link rel=\"canonical\" href=\"https:\/\/decomat.com\/es\/comunidades\/iluminacion-para-comunidades\/\" \/>\n<meta property=\"og:locale\" content=\"ca_ES\" \/>\n<meta property=\"og:type\" content=\"article\" \/>\n<meta property=\"og:title\" content=\"Il\u00b7luminaci\u00f3 per a comunitats - decomat\" \/>\n<meta property=\"og:description\" content=\"Il\u00b7luminaci\u00f3 per comunitats Balcons, terrasses, jardins, patis de llum, passadisos, rebedors, tots ells s\u00f3n elements comunitaris on la il\u00b7luminaci\u00f3 per comunitats \u00e9s necess\u00e0ria. Aquesta il\u00b7luminaci\u00f3 de zones comuns de comunitat de propietaris inclou, llums d&#8217;emerg\u00e8ncia per zones de comunitat de propietaris, fluorescents amb LED, bombetes LED i tecnologia LED per reduir el consum energ\u00e8tic. La [&hellip;]\" \/>\n<meta property=\"og:url\" content=\"https:\/\/decomat.com\/es\/comunidades\/iluminacion-para-comunidades\/\" \/>\n<meta property=\"og:site_name\" content=\"decomat\" \/>\n<meta property=\"article:modified_time\" content=\"2014-06-29T18:40:11+00:00\" \/>\n<meta name=\"twitter:card\" content=\"summary_large_image\" \/>\n<meta name=\"twitter:label1\" content=\"Est. reading time\" \/>\n\t<meta name=\"twitter:data1\" content=\"3 minutes\" \/>\n<script type=\"application\/ld+json\" class=\"yoast-schema-graph\">{\"@context\":\"https:\\\/\\\/schema.org\",\"@graph\":[{\"@type\":\"WebPage\",\"@id\":\"https:\\\/\\\/decomat.com\\\/es\\\/comunidades\\\/iluminacion-para-comunidades\\\/\",\"url\":\"https:\\\/\\\/decomat.com\\\/es\\\/comunidades\\\/iluminacion-para-comunidades\\\/\",\"name\":\"Il\u00b7luminaci\u00f3 per a comunitats - decomat\",\"isPartOf\":{\"@id\":\"https:\\\/\\\/decomat.com\\\/ca\\\/#website\"},\"datePublished\":\"2012-04-06T09:19:00+00:00\",\"dateModified\":\"2014-06-29T18:40:11+00:00\",\"breadcrumb\":{\"@id\":\"https:\\\/\\\/decomat.com\\\/es\\\/comunidades\\\/iluminacion-para-comunidades\\\/#breadcrumb\"},\"inLanguage\":\"ca-ES\",\"potentialAction\":[{\"@type\":\"ReadAction\",\"target\":[\"https:\\\/\\\/decomat.com\\\/es\\\/comunidades\\\/iluminacion-para-comunidades\\\/\"]}]},{\"@type\":\"BreadcrumbList\",\"@id\":\"https:\\\/\\\/decomat.com\\\/es\\\/comunidades\\\/iluminacion-para-comunidades\\\/#breadcrumb\",\"itemListElement\":[{\"@type\":\"ListItem\",\"position\":1,\"name\":\"Portada\",\"item\":\"https:\\\/\\\/decomat.com\\\/ca\\\/\"},{\"@type\":\"ListItem\",\"position\":2,\"name\":\"Comunidades\",\"item\":\"https:\\\/\\\/decomat.com\\\/es\\\/comunidades\\\/\"},{\"@type\":\"ListItem\",\"position\":3,\"name\":\"Iluminaci\u00f3n para comunidades\"}]},{\"@type\":\"WebSite\",\"@id\":\"https:\\\/\\\/decomat.com\\\/ca\\\/#website\",\"url\":\"https:\\\/\\\/decomat.com\\\/ca\\\/\",\"name\":\"decomat\",\"description\":\"Material decoraci\u00f3\",\"potentialAction\":[{\"@type\":\"SearchAction\",\"target\":{\"@type\":\"EntryPoint\",\"urlTemplate\":\"https:\\\/\\\/decomat.com\\\/ca\\\/?s={search_term_string}\"},\"query-input\":{\"@type\":\"PropertyValueSpecification\",\"valueRequired\":true,\"valueName\":\"search_term_string\"}}],\"inLanguage\":\"ca-ES\"}]}<\/script>\n<!-- \/ Yoast SEO plugin. -->","yoast_head_json":{"title":"Il\u00b7luminaci\u00f3 per a comunitats - decomat","robots":{"index":"index","follow":"follow","max-snippet":"max-snippet:-1","max-image-preview":"max-image-preview:large","max-video-preview":"max-video-preview:-1"},"canonical":"https:\/\/decomat.com\/es\/comunidades\/iluminacion-para-comunidades\/","og_locale":"ca_ES","og_type":"article","og_title":"Il\u00b7luminaci\u00f3 per a comunitats - decomat","og_description":"Il\u00b7luminaci\u00f3 per comunitats Balcons, terrasses, jardins, patis de llum, passadisos, rebedors, tots ells s\u00f3n elements comunitaris on la il\u00b7luminaci\u00f3 per comunitats \u00e9s necess\u00e0ria. Aquesta il\u00b7luminaci\u00f3 de zones comuns de comunitat de propietaris inclou, llums d&#8217;emerg\u00e8ncia per zones de comunitat de propietaris, fluorescents amb LED, bombetes LED i tecnologia LED per reduir el consum energ\u00e8tic. La [&hellip;]","og_url":"https:\/\/decomat.com\/es\/comunidades\/iluminacion-para-comunidades\/","og_site_name":"decomat","article_modified_time":"2014-06-29T18:40:11+00:00","twitter_card":"summary_large_image","twitter_misc":{"Est. reading time":"3 minutes"},"schema":{"@context":"https:\/\/schema.org","@graph":[{"@type":"WebPage","@id":"https:\/\/decomat.com\/es\/comunidades\/iluminacion-para-comunidades\/","url":"https:\/\/decomat.com\/es\/comunidades\/iluminacion-para-comunidades\/","name":"Il\u00b7luminaci\u00f3 per a comunitats - decomat","isPartOf":{"@id":"https:\/\/decomat.com\/ca\/#website"},"datePublished":"2012-04-06T09:19:00+00:00","dateModified":"2014-06-29T18:40:11+00:00","breadcrumb":{"@id":"https:\/\/decomat.com\/es\/comunidades\/iluminacion-para-comunidades\/#breadcrumb"},"inLanguage":"ca-ES","potentialAction":[{"@type":"ReadAction","target":["https:\/\/decomat.com\/es\/comunidades\/iluminacion-para-comunidades\/"]}]},{"@type":"BreadcrumbList","@id":"https:\/\/decomat.com\/es\/comunidades\/iluminacion-para-comunidades\/#breadcrumb","itemListElement":[{"@type":"ListItem","position":1,"name":"Portada","item":"https:\/\/decomat.com\/ca\/"},{"@type":"ListItem","position":2,"name":"Comunidades","item":"https:\/\/decomat.com\/es\/comunidades\/"},{"@type":"ListItem","position":3,"name":"Iluminaci\u00f3n para comunidades"}]},{"@type":"WebSite","@id":"https:\/\/decomat.com\/ca\/#website","url":"https:\/\/decomat.com\/ca\/","name":"decomat","description":"Material decoraci\u00f3","potentialAction":[{"@type":"SearchAction","target":{"@type":"EntryPoint","urlTemplate":"https:\/\/decomat.com\/ca\/?s={search_term_string}"},"query-input":{"@type":"PropertyValueSpecification","valueRequired":true,"valueName":"search_term_string"}}],"inLanguage":"ca-ES"}]}},"_links":{"self":[{"href":"https:\/\/decomat.com\/ca\/wp-json\/wp\/v2\/pages\/726","targetHints":{"allow":["GET"]}}],"collection":[{"href":"https:\/\/decomat.com\/ca\/wp-json\/wp\/v2\/pages"}],"about":[{"href":"https:\/\/decomat.com\/ca\/wp-json\/wp\/v2\/types\/page"}],"author":[{"embeddable":true,"href":"https:\/\/decomat.com\/ca\/wp-json\/wp\/v2\/users\/8979"}],"replies":[{"embeddable":true,"href":"https:\/\/decomat.com\/ca\/wp-json\/wp\/v2\/comments?post=726"}],"version-history":[{"count":13,"href":"https:\/\/decomat.com\/ca\/wp-json\/wp\/v2\/pages\/726\/revisions"}],"predecessor-version":[{"id":811,"href":"https:\/\/decomat.com\/ca\/wp-json\/wp\/v2\/pages\/726\/revisions\/811"}],"up":[{"embeddable":true,"href":"https:\/\/decomat.com\/ca\/wp-json\/wp\/v2\/pages\/712"}],"wp:attachment":[{"href":"https:\/\/decomat.com\/ca\/wp-json\/wp\/v2\/media?parent=726"}],"curies":[{"name":"wp","href":"https:\/\/api.w.org\/{rel}","templated":true}]}}