{"id":735,"date":"2012-04-06T09:23:41","date_gmt":"2012-04-06T09:23:41","guid":{"rendered":"http:\/\/www.decomat.com\/?page_id=735"},"modified":"2014-06-29T21:15:56","modified_gmt":"2014-06-29T19:15:56","slug":"toldos-para-terrazas-comunitarias","status":"publish","type":"page","link":"https:\/\/decomat.com\/ca\/comunidades\/toldos-para-terrazas-comunitarias\/","title":{"rendered":"Tendals per terrasses comunit\u00e0ries"},"content":{"rendered":"<p><\/p>\n<h1>Tendals per terrasses comunit\u00e0ries<\/h1>\n<div>\n<p>Els <strong>tendals per terrasses de locals de restauraci\u00f3<\/strong> que van enganxats a la paret i aquesta \u00e9s d&#8217;un bloc de pisos, caldr\u00e0 una autoritzaci\u00f3 de tots els ve\u00efns o de la comunitat de propietaris.<\/p>\n<p>D&#8217;acord amb la Llei 42\/2010, pel qual es modifica la Llei 28\/2005, de 26 de desembre, sobre les mesures sanit\u00e0ries enfront del tabaquisme i reguladora de la venda, el subministrament, el consum i la publicitat dels productes del tabac, <strong>les terrasses<\/strong>, per ser habilitades com a zona per a fumadors, <strong>han de tenir com a m\u00e0xim dues parets, murs o paraments laterals.<\/strong><\/p>\n<\/div>\n<p><\/p>","protected":false},"excerpt":{"rendered":"<p>Tendals per terrasses comunit\u00e0ries Els tendals per terrasses de locals de restauraci\u00f3 que van enganxats a la paret i aquesta \u00e9s d&#8217;un bloc de pisos, caldr\u00e0 una autoritzaci\u00f3 de tots els ve\u00efns o de la comunitat de propietaris. D&#8217;acord amb la Llei 42\/2010, pel qual es modifica la Llei 28\/2005, de 26 de desembre, sobre [&hellip;]<\/p>\n","protected":false},"author":8979,"featured_media":0,"parent":712,"menu_order":0,"comment_status":"open","ping_status":"closed","template":"","meta":{"_monsterinsights_skip_tracking":false,"_monsterinsights_sitenote_active":false,"_monsterinsights_sitenote_note":"","_monsterinsights_sitenote_category":0,"ngg_post_thumbnail":0,"footnotes":""},"class_list":["post-735","page","type-page","status-publish","hentry"],"yoast_head":"<!-- This site is optimized with the Yoast SEO plugin v27.3 - https:\/\/yoast.com\/product\/yoast-seo-wordpress\/ -->\n<title>Tendals per terrasses comunit\u00e0ries - decomat<\/title>\n<meta name=\"robots\" content=\"index, follow, max-snippet:-1, max-image-preview:large, max-video-preview:-1\" \/>\n<link rel=\"canonical\" href=\"https:\/\/decomat.com\/es\/comunidades\/toldos-para-terrazas-comunitarias\/\" \/>\n<meta property=\"og:locale\" content=\"ca_ES\" \/>\n<meta property=\"og:type\" content=\"article\" \/>\n<meta property=\"og:title\" content=\"Tendals per terrasses comunit\u00e0ries - decomat\" \/>\n<meta property=\"og:description\" content=\"Tendals per terrasses comunit\u00e0ries Els tendals per terrasses de locals de restauraci\u00f3 que van enganxats a la paret i aquesta \u00e9s d&#8217;un bloc de pisos, caldr\u00e0 una autoritzaci\u00f3 de tots els ve\u00efns o de la comunitat de propietaris. D&#8217;acord amb la Llei 42\/2010, pel qual es modifica la Llei 28\/2005, de 26 de desembre, sobre [&hellip;]\" \/>\n<meta property=\"og:url\" content=\"https:\/\/decomat.com\/es\/comunidades\/toldos-para-terrazas-comunitarias\/\" \/>\n<meta property=\"og:site_name\" content=\"decomat\" \/>\n<meta property=\"article:modified_time\" content=\"2014-06-29T19:15:56+00:00\" \/>\n<meta name=\"twitter:card\" content=\"summary_large_image\" \/>\n<meta name=\"twitter:label1\" content=\"Est. reading time\" \/>\n\t<meta name=\"twitter:data1\" content=\"1 minute\" \/>\n<script type=\"application\/ld+json\" class=\"yoast-schema-graph\">{\"@context\":\"https:\\\/\\\/schema.org\",\"@graph\":[{\"@type\":\"WebPage\",\"@id\":\"https:\\\/\\\/decomat.com\\\/es\\\/comunidades\\\/toldos-para-terrazas-comunitarias\\\/\",\"url\":\"https:\\\/\\\/decomat.com\\\/es\\\/comunidades\\\/toldos-para-terrazas-comunitarias\\\/\",\"name\":\"Tendals per terrasses comunit\u00e0ries - decomat\",\"isPartOf\":{\"@id\":\"https:\\\/\\\/decomat.com\\\/ca\\\/#website\"},\"datePublished\":\"2012-04-06T09:23:41+00:00\",\"dateModified\":\"2014-06-29T19:15:56+00:00\",\"breadcrumb\":{\"@id\":\"https:\\\/\\\/decomat.com\\\/es\\\/comunidades\\\/toldos-para-terrazas-comunitarias\\\/#breadcrumb\"},\"inLanguage\":\"ca-ES\",\"potentialAction\":[{\"@type\":\"ReadAction\",\"target\":[\"https:\\\/\\\/decomat.com\\\/es\\\/comunidades\\\/toldos-para-terrazas-comunitarias\\\/\"]}]},{\"@type\":\"BreadcrumbList\",\"@id\":\"https:\\\/\\\/decomat.com\\\/es\\\/comunidades\\\/toldos-para-terrazas-comunitarias\\\/#breadcrumb\",\"itemListElement\":[{\"@type\":\"ListItem\",\"position\":1,\"name\":\"Portada\",\"item\":\"https:\\\/\\\/decomat.com\\\/ca\\\/\"},{\"@type\":\"ListItem\",\"position\":2,\"name\":\"Comunidades\",\"item\":\"https:\\\/\\\/decomat.com\\\/es\\\/comunidades\\\/\"},{\"@type\":\"ListItem\",\"position\":3,\"name\":\"Toldos para terrazas comunitarias\"}]},{\"@type\":\"WebSite\",\"@id\":\"https:\\\/\\\/decomat.com\\\/ca\\\/#website\",\"url\":\"https:\\\/\\\/decomat.com\\\/ca\\\/\",\"name\":\"decomat\",\"description\":\"Material decoraci\u00f3\",\"potentialAction\":[{\"@type\":\"SearchAction\",\"target\":{\"@type\":\"EntryPoint\",\"urlTemplate\":\"https:\\\/\\\/decomat.com\\\/ca\\\/?s={search_term_string}\"},\"query-input\":{\"@type\":\"PropertyValueSpecification\",\"valueRequired\":true,\"valueName\":\"search_term_string\"}}],\"inLanguage\":\"ca-ES\"}]}<\/script>\n<!-- \/ Yoast SEO plugin. -->","yoast_head_json":{"title":"Tendals per terrasses comunit\u00e0ries - decomat","robots":{"index":"index","follow":"follow","max-snippet":"max-snippet:-1","max-image-preview":"max-image-preview:large","max-video-preview":"max-video-preview:-1"},"canonical":"https:\/\/decomat.com\/es\/comunidades\/toldos-para-terrazas-comunitarias\/","og_locale":"ca_ES","og_type":"article","og_title":"Tendals per terrasses comunit\u00e0ries - decomat","og_description":"Tendals per terrasses comunit\u00e0ries Els tendals per terrasses de locals de restauraci\u00f3 que van enganxats a la paret i aquesta \u00e9s d&#8217;un bloc de pisos, caldr\u00e0 una autoritzaci\u00f3 de tots els ve\u00efns o de la comunitat de propietaris. D&#8217;acord amb la Llei 42\/2010, pel qual es modifica la Llei 28\/2005, de 26 de desembre, sobre [&hellip;]","og_url":"https:\/\/decomat.com\/es\/comunidades\/toldos-para-terrazas-comunitarias\/","og_site_name":"decomat","article_modified_time":"2014-06-29T19:15:56+00:00","twitter_card":"summary_large_image","twitter_misc":{"Est. reading time":"1 minute"},"schema":{"@context":"https:\/\/schema.org","@graph":[{"@type":"WebPage","@id":"https:\/\/decomat.com\/es\/comunidades\/toldos-para-terrazas-comunitarias\/","url":"https:\/\/decomat.com\/es\/comunidades\/toldos-para-terrazas-comunitarias\/","name":"Tendals per terrasses comunit\u00e0ries - decomat","isPartOf":{"@id":"https:\/\/decomat.com\/ca\/#website"},"datePublished":"2012-04-06T09:23:41+00:00","dateModified":"2014-06-29T19:15:56+00:00","breadcrumb":{"@id":"https:\/\/decomat.com\/es\/comunidades\/toldos-para-terrazas-comunitarias\/#breadcrumb"},"inLanguage":"ca-ES","potentialAction":[{"@type":"ReadAction","target":["https:\/\/decomat.com\/es\/comunidades\/toldos-para-terrazas-comunitarias\/"]}]},{"@type":"BreadcrumbList","@id":"https:\/\/decomat.com\/es\/comunidades\/toldos-para-terrazas-comunitarias\/#breadcrumb","itemListElement":[{"@type":"ListItem","position":1,"name":"Portada","item":"https:\/\/decomat.com\/ca\/"},{"@type":"ListItem","position":2,"name":"Comunidades","item":"https:\/\/decomat.com\/es\/comunidades\/"},{"@type":"ListItem","position":3,"name":"Toldos para terrazas comunitarias"}]},{"@type":"WebSite","@id":"https:\/\/decomat.com\/ca\/#website","url":"https:\/\/decomat.com\/ca\/","name":"decomat","description":"Material decoraci\u00f3","potentialAction":[{"@type":"SearchAction","target":{"@type":"EntryPoint","urlTemplate":"https:\/\/decomat.com\/ca\/?s={search_term_string}"},"query-input":{"@type":"PropertyValueSpecification","valueRequired":true,"valueName":"search_term_string"}}],"inLanguage":"ca-ES"}]}},"_links":{"self":[{"href":"https:\/\/decomat.com\/ca\/wp-json\/wp\/v2\/pages\/735","targetHints":{"allow":["GET"]}}],"collection":[{"href":"https:\/\/decomat.com\/ca\/wp-json\/wp\/v2\/pages"}],"about":[{"href":"https:\/\/decomat.com\/ca\/wp-json\/wp\/v2\/types\/page"}],"author":[{"embeddable":true,"href":"https:\/\/decomat.com\/ca\/wp-json\/wp\/v2\/users\/8979"}],"replies":[{"embeddable":true,"href":"https:\/\/decomat.com\/ca\/wp-json\/wp\/v2\/comments?post=735"}],"version-history":[{"count":9,"href":"https:\/\/decomat.com\/ca\/wp-json\/wp\/v2\/pages\/735\/revisions"}],"predecessor-version":[{"id":5733,"href":"https:\/\/decomat.com\/ca\/wp-json\/wp\/v2\/pages\/735\/revisions\/5733"}],"up":[{"embeddable":true,"href":"https:\/\/decomat.com\/ca\/wp-json\/wp\/v2\/pages\/712"}],"wp:attachment":[{"href":"https:\/\/decomat.com\/ca\/wp-json\/wp\/v2\/media?parent=735"}],"curies":[{"name":"wp","href":"https:\/\/api.w.org\/{rel}","templated":true}]}}