{"id":7362,"date":"2017-05-05T22:46:19","date_gmt":"2017-05-05T20:46:19","guid":{"rendered":"http:\/\/www.decomat.com\/?page_id=7362"},"modified":"2017-05-05T23:42:16","modified_gmt":"2017-05-05T21:42:16","slug":"reforma-local-comercial","status":"publish","type":"page","link":"https:\/\/decomat.com\/ca\/contract\/reforma-local-comercial\/","title":{"rendered":"Reforma local comercial"},"content":{"rendered":"[vc_row][vc_column][vc_column_text]\n<h1>Reforma local comercial<\/h1>\n[\/vc_column_text][vc_column_text]A decomat som especialistes en reformes de locals, locals comercials, locals publics i remodelaci\u00f3 de locals comercials<\/p>\n<p>Fem que el cicle complet de cada obra&nbsp; e instal\u00b7laci\u00f3 sigui sostenible i el resultat final sigui l\u2019entrega d\u2019un espai eficient i efica\u00e7.[\/vc_column_text][\/vc_column][\/vc_row][vc_row][vc_column][vc_column_text]<strong>Com treballem?<\/strong><br \/>\nRealitzem els projectes complerts (des de la realitzaci\u00f3 de la visita a l\u2019obra (planificaci\u00f3), la preparaci\u00f3 i definici\u00f3 del projecte, gestionant tota la documentaci\u00f3 i permisos, fins a la posterior execuci\u00f3 de l\u2019obra amb un grup de professionals especialitzats(instaladors, arquitectes, paletes, decoradors, constructors)) i un cop finalitzada l\u2019obra passem a la instalaci\u00f3 de revestiments, terres, pintura, tancaments, il\u00b7luminaci\u00f3 comercial aix\u00ed com el mobiliari comercial.<\/p>\n<p><strong>Quines feines de reforma de locals comercials li podem realitzar?<\/strong><\/p>\n<ul>\n<li>Projectes i planols.<\/li>\n<li>Reformes de lavabos.<\/li>\n<li>Renovaci\u00f3 de tot tipus de terres. Paviments : cer\u00e0mics, parquet.<\/li>\n<li>Revestiment de terres amb resines.<\/li>\n<li>Divisions: pladur, tabiquer\u00eda.<\/li>\n<li>Sostres: alumini, plaques, pladur.<\/li>\n<li>Fusteria : alumini, pvc, ferro.<\/li>\n<li>Treballs de electricitat: cambi de cablejat el\u00e8ctric, il\u00b7luminaci\u00f3, etc.<\/li>\n<li>Treballs de climatitzaci\u00f3: calefacci\u00f3 i aire acondicionat.<\/li>\n<li>Treballs de llauneria lampisteria.<\/li>\n<li>Pintura.<\/li>\n<li>Impermeabilitzacions.<\/li>\n<\/ul>\n<p>&nbsp;<\/p>\n<p>&nbsp;[\/vc_column_text][\/vc_column][\/vc_row][vc_row][vc_column][vc_column_text]<strong>Perque escollir a DECOMAT per reformar local comercial?<\/strong>[\/vc_column_text][\/vc_column][\/vc_row][vc_row][vc_column width=&#8221;1\/4&#8243;][mk_icon_box icon=&#8221;mk-li-like&#8221; title=&#8221;Tranquil\u00b7litat&#8221; icon_color=&#8221;&#8221; icon_circle_color=&#8221;&#8221;]Sabem de la dificultat que tienen alguns clients per seguir l\u2019estat de la reforma del seu o local comercial o negoci, per aix\u00f2 volem donar-li tota la tranquilitat oferint-li el nostre servei de reforma integral.<br \/>\n&nbsp;[\/mk_icon_box][\/vc_column][vc_column width=&#8221;1\/4&#8243;][mk_icon_box icon=&#8221;mk-li-money&#8221; title=&#8221;Preu Final&#8221; icon_color=&#8221;&#8221; icon_circle_color=&#8221;&#8221;]Li oferim la millor relaci\u00f3 qualitat-preu. Sense sorpreses.mk-moon-credit[\/mk_icon_box][\/vc_column][vc_column width=&#8221;1\/4&#8243;][mk_icon_box icon=&#8221;mk-icon-group&#8221; title=&#8221;Professionals&#8221; icon_color=&#8221;&#8221; icon_circle_color=&#8221;&#8221;]La seva tranquil\u00b7litat ser\u00e0 total ja que treballem amb professionals d\u2019\u00e0mplia experi\u00e8ncia. Tant si realitza una petita reforma interior com si es una obra que requereix modificar l\u2019estructura de l\u2019edifici.[\/mk_icon_box][\/vc_column][vc_column width=&#8221;1\/4&#8243;][mk_icon_box title=&#8221;Garantia Post-venda&#8221; icon_color=&#8221;&#8221; icon_circle_color=&#8221;&#8221;]Oferim un servei post venda per atendre qualsevol incid\u00e8ncia que pugui succe\u00efr despr\u00e8s de la finalitzaci\u00f3 de la reforma.[\/mk_icon_box][\/vc_column][\/vc_row][vc_row][vc_column][vc_column_text]Posis en contacte amb nosaltres per a la seva reforma de locals comercials y demanin\u2019s pressupost sense comprom\u00eds!![\/vc_column_text][\/vc_column][\/vc_row]","protected":false},"excerpt":{"rendered":"<p>[vc_row][vc_column][vc_column_text] Reforma local comercial [\/vc_column_text][vc_column_text]A decomat som especialistes en reformes de locals, locals comercials, locals publics i remodelaci\u00f3 de locals comercials Fem que el cicle complet de cada obra&nbsp; e instal\u00b7laci\u00f3 sigui sostenible i el resultat final sigui l\u2019entrega d\u2019un espai eficient i efica\u00e7.[\/vc_column_text][\/vc_column][\/vc_row][vc_row][vc_column][vc_column_text]Com treballem? Realitzem els projectes complerts (des de la realitzaci\u00f3 de la [&hellip;]<\/p>\n","protected":false},"author":8979,"featured_media":0,"parent":4063,"menu_order":0,"comment_status":"closed","ping_status":"closed","template":"","meta":{"_monsterinsights_skip_tracking":false,"_monsterinsights_sitenote_active":false,"_monsterinsights_sitenote_note":"","_monsterinsights_sitenote_category":0,"ngg_post_thumbnail":0,"footnotes":""},"class_list":["post-7362","page","type-page","status-publish","hentry"],"yoast_head":"<!-- This site is optimized with the Yoast SEO plugin v27.4 - https:\/\/yoast.com\/product\/yoast-seo-wordpress\/ -->\n<title>Reforma local comercial - decomat<\/title>\n<meta name=\"robots\" content=\"index, follow, max-snippet:-1, max-image-preview:large, max-video-preview:-1\" \/>\n<link rel=\"canonical\" href=\"https:\/\/decomat.com\/en\/contract\/reforma-local-comercial\/\" \/>\n<meta property=\"og:locale\" content=\"ca_ES\" \/>\n<meta property=\"og:type\" content=\"article\" \/>\n<meta property=\"og:title\" content=\"Reforma local comercial - decomat\" \/>\n<meta property=\"og:description\" content=\"[vc_row][vc_column][vc_column_text] Reforma local comercial [\/vc_column_text][vc_column_text]A decomat som especialistes en reformes de locals, locals comercials, locals publics i remodelaci\u00f3 de locals comercials Fem que el cicle complet de cada obra&nbsp; e instal\u00b7laci\u00f3 sigui sostenible i el resultat final sigui l\u2019entrega d\u2019un espai eficient i efica\u00e7.[\/vc_column_text][\/vc_column][\/vc_row][vc_row][vc_column][vc_column_text]Com treballem? Realitzem els projectes complerts (des de la realitzaci\u00f3 de la [&hellip;]\" \/>\n<meta property=\"og:url\" content=\"https:\/\/decomat.com\/en\/contract\/reforma-local-comercial\/\" \/>\n<meta property=\"og:site_name\" content=\"decomat\" \/>\n<meta property=\"article:modified_time\" content=\"2017-05-05T21:42:16+00:00\" \/>\n<meta name=\"twitter:card\" content=\"summary_large_image\" \/>\n<meta name=\"twitter:label1\" content=\"Est. reading time\" \/>\n\t<meta name=\"twitter:data1\" content=\"5 minutes\" \/>\n<script type=\"application\/ld+json\" class=\"yoast-schema-graph\">{\"@context\":\"https:\\\/\\\/schema.org\",\"@graph\":[{\"@type\":\"WebPage\",\"@id\":\"https:\\\/\\\/decomat.com\\\/en\\\/contract\\\/reforma-local-comercial\\\/\",\"url\":\"https:\\\/\\\/decomat.com\\\/en\\\/contract\\\/reforma-local-comercial\\\/\",\"name\":\"Reforma local comercial - decomat\",\"isPartOf\":{\"@id\":\"https:\\\/\\\/decomat.com\\\/ca\\\/#website\"},\"datePublished\":\"2017-05-05T20:46:19+00:00\",\"dateModified\":\"2017-05-05T21:42:16+00:00\",\"breadcrumb\":{\"@id\":\"https:\\\/\\\/decomat.com\\\/en\\\/contract\\\/reforma-local-comercial\\\/#breadcrumb\"},\"inLanguage\":\"ca-ES\",\"potentialAction\":[{\"@type\":\"ReadAction\",\"target\":[\"https:\\\/\\\/decomat.com\\\/en\\\/contract\\\/reforma-local-comercial\\\/\"]}]},{\"@type\":\"BreadcrumbList\",\"@id\":\"https:\\\/\\\/decomat.com\\\/en\\\/contract\\\/reforma-local-comercial\\\/#breadcrumb\",\"itemListElement\":[{\"@type\":\"ListItem\",\"position\":1,\"name\":\"Portada\",\"item\":\"https:\\\/\\\/decomat.com\\\/ca\\\/\"},{\"@type\":\"ListItem\",\"position\":2,\"name\":\"Contract\",\"item\":\"https:\\\/\\\/decomat.com\\\/en\\\/contract\\\/\"},{\"@type\":\"ListItem\",\"position\":3,\"name\":\"Shop reform\"}]},{\"@type\":\"WebSite\",\"@id\":\"https:\\\/\\\/decomat.com\\\/ca\\\/#website\",\"url\":\"https:\\\/\\\/decomat.com\\\/ca\\\/\",\"name\":\"decomat\",\"description\":\"Material decoraci\u00f3\",\"potentialAction\":[{\"@type\":\"SearchAction\",\"target\":{\"@type\":\"EntryPoint\",\"urlTemplate\":\"https:\\\/\\\/decomat.com\\\/ca\\\/?s={search_term_string}\"},\"query-input\":{\"@type\":\"PropertyValueSpecification\",\"valueRequired\":true,\"valueName\":\"search_term_string\"}}],\"inLanguage\":\"ca-ES\"}]}<\/script>\n<!-- \/ Yoast SEO plugin. -->","yoast_head_json":{"title":"Reforma local comercial - decomat","robots":{"index":"index","follow":"follow","max-snippet":"max-snippet:-1","max-image-preview":"max-image-preview:large","max-video-preview":"max-video-preview:-1"},"canonical":"https:\/\/decomat.com\/en\/contract\/reforma-local-comercial\/","og_locale":"ca_ES","og_type":"article","og_title":"Reforma local comercial - decomat","og_description":"[vc_row][vc_column][vc_column_text] Reforma local comercial [\/vc_column_text][vc_column_text]A decomat som especialistes en reformes de locals, locals comercials, locals publics i remodelaci\u00f3 de locals comercials Fem que el cicle complet de cada obra&nbsp; e instal\u00b7laci\u00f3 sigui sostenible i el resultat final sigui l\u2019entrega d\u2019un espai eficient i efica\u00e7.[\/vc_column_text][\/vc_column][\/vc_row][vc_row][vc_column][vc_column_text]Com treballem? Realitzem els projectes complerts (des de la realitzaci\u00f3 de la [&hellip;]","og_url":"https:\/\/decomat.com\/en\/contract\/reforma-local-comercial\/","og_site_name":"decomat","article_modified_time":"2017-05-05T21:42:16+00:00","twitter_card":"summary_large_image","twitter_misc":{"Est. reading time":"5 minutes"},"schema":{"@context":"https:\/\/schema.org","@graph":[{"@type":"WebPage","@id":"https:\/\/decomat.com\/en\/contract\/reforma-local-comercial\/","url":"https:\/\/decomat.com\/en\/contract\/reforma-local-comercial\/","name":"Reforma local comercial - decomat","isPartOf":{"@id":"https:\/\/decomat.com\/ca\/#website"},"datePublished":"2017-05-05T20:46:19+00:00","dateModified":"2017-05-05T21:42:16+00:00","breadcrumb":{"@id":"https:\/\/decomat.com\/en\/contract\/reforma-local-comercial\/#breadcrumb"},"inLanguage":"ca-ES","potentialAction":[{"@type":"ReadAction","target":["https:\/\/decomat.com\/en\/contract\/reforma-local-comercial\/"]}]},{"@type":"BreadcrumbList","@id":"https:\/\/decomat.com\/en\/contract\/reforma-local-comercial\/#breadcrumb","itemListElement":[{"@type":"ListItem","position":1,"name":"Portada","item":"https:\/\/decomat.com\/ca\/"},{"@type":"ListItem","position":2,"name":"Contract","item":"https:\/\/decomat.com\/en\/contract\/"},{"@type":"ListItem","position":3,"name":"Shop reform"}]},{"@type":"WebSite","@id":"https:\/\/decomat.com\/ca\/#website","url":"https:\/\/decomat.com\/ca\/","name":"decomat","description":"Material decoraci\u00f3","potentialAction":[{"@type":"SearchAction","target":{"@type":"EntryPoint","urlTemplate":"https:\/\/decomat.com\/ca\/?s={search_term_string}"},"query-input":{"@type":"PropertyValueSpecification","valueRequired":true,"valueName":"search_term_string"}}],"inLanguage":"ca-ES"}]}},"_links":{"self":[{"href":"https:\/\/decomat.com\/ca\/wp-json\/wp\/v2\/pages\/7362","targetHints":{"allow":["GET"]}}],"collection":[{"href":"https:\/\/decomat.com\/ca\/wp-json\/wp\/v2\/pages"}],"about":[{"href":"https:\/\/decomat.com\/ca\/wp-json\/wp\/v2\/types\/page"}],"author":[{"embeddable":true,"href":"https:\/\/decomat.com\/ca\/wp-json\/wp\/v2\/users\/8979"}],"replies":[{"embeddable":true,"href":"https:\/\/decomat.com\/ca\/wp-json\/wp\/v2\/comments?post=7362"}],"version-history":[{"count":16,"href":"https:\/\/decomat.com\/ca\/wp-json\/wp\/v2\/pages\/7362\/revisions"}],"predecessor-version":[{"id":7380,"href":"https:\/\/decomat.com\/ca\/wp-json\/wp\/v2\/pages\/7362\/revisions\/7380"}],"up":[{"embeddable":true,"href":"https:\/\/decomat.com\/ca\/wp-json\/wp\/v2\/pages\/4063"}],"wp:attachment":[{"href":"https:\/\/decomat.com\/ca\/wp-json\/wp\/v2\/media?parent=7362"}],"curies":[{"name":"wp","href":"https:\/\/api.w.org\/{rel}","templated":true}]}}