{"id":748,"date":"2012-04-06T09:35:08","date_gmt":"2012-04-06T09:35:08","guid":{"rendered":"http:\/\/www.decomat.com\/?page_id=748"},"modified":"2012-04-22T14:36:22","modified_gmt":"2012-04-22T14:36:22","slug":"outlet-de-decomat","status":"publish","type":"page","link":"https:\/\/decomat.com\/ca\/ofertas\/outlet-de-decomat\/","title":{"rendered":"Outlet de Decomat"},"content":{"rendered":"<p><\/p>\n<h1>Outlet de Decomat<\/h1>\n<p>No has anat mai de <strong>Outlets<\/strong>? <strong>Decomat<\/strong> sap apreciar els bons productes i les qualitats a pesar de queaquestes passin de moda. All\u00f2 que avui \u00e9s moda, dem\u00e0 pot deixar de ser-ho i a l&#8217;inrev\u00e8s.<\/p>\n<blockquote><p>Has observat alg\u00fan cop les est\u00e8tiques as\u00edncrones que baregen Art D\u00e9co amb elements de nova tecnologia?\u00a0 Que tal sorpendre amb una combinaci\u00f3 de minimalisme i elements tradicionals d&#8217;Orient?<\/p>\n<p>La teva est\u00e8tica no es limita a un espai concret ni a un instant en el temps. Decomat et proporciona elements de disseny intemporals a preus imbatibles<strong>.<\/strong><\/p><\/blockquote>\n<p>Redescobrir <strong>textures<\/strong> \u00e9s la clau per definir <strong>ambients personals<\/strong>, donat que les <strong>atm\u00f2sferes<\/strong> que contenen aquests elements matitzen instants i detalls dif\u00edcils d&#8217;aconseguir si et limitas a seguir les pautas de rapidessa del mercat.<\/p>\n<p>A <strong>Decomat<\/strong> coneixem la subtilesa del contrast. Per aix\u00f2 a <strong>Decomat<\/strong> ens fixem en aquells dissenys que seguiran essent vigents encara que\u00a0no sigui el\u00a0seu any de lla\u00e7ament, i tels oferim a <strong>preus imbatibles<\/strong>.\u00a0Perqu\u00e8 t\u00fa puguis crear i sorpendre amb la\u00a0teva pr\u00f2pia est\u00e8tica sense condicionants d&#8217;espai ni temps.<\/p>\n<p>Tenim el que necessites. Pren-te<em> el teu temps i vina a veure-ho<\/em>.<\/p>\n<p>&nbsp;<\/p>","protected":false},"excerpt":{"rendered":"<p>Outlet de Decomat No has anat mai de Outlets? Decomat sap apreciar els bons productes i les qualitats a pesar de queaquestes passin de moda. All\u00f2 que avui \u00e9s moda, dem\u00e0 pot deixar de ser-ho i a l&#8217;inrev\u00e8s. Has observat alg\u00fan cop les est\u00e8tiques as\u00edncrones que baregen Art D\u00e9co amb elements de nova tecnologia?\u00a0 Que [&hellip;]<\/p>\n","protected":false},"author":8979,"featured_media":0,"parent":746,"menu_order":0,"comment_status":"open","ping_status":"closed","template":"","meta":{"_monsterinsights_skip_tracking":false,"_monsterinsights_sitenote_active":false,"_monsterinsights_sitenote_note":"","_monsterinsights_sitenote_category":0,"ngg_post_thumbnail":0,"footnotes":""},"class_list":["post-748","page","type-page","status-publish","hentry"],"yoast_head":"<!-- This site is optimized with the Yoast SEO plugin v27.5 - https:\/\/yoast.com\/product\/yoast-seo-wordpress\/ -->\n<title>Outlet de Decomat - decomat<\/title>\n<meta name=\"robots\" content=\"index, follow, max-snippet:-1, max-image-preview:large, max-video-preview:-1\" \/>\n<link rel=\"canonical\" href=\"https:\/\/decomat.com\/en\/ofertas\/outlet-de-decomat\/\" \/>\n<meta property=\"og:locale\" content=\"ca_ES\" \/>\n<meta property=\"og:type\" content=\"article\" \/>\n<meta property=\"og:title\" content=\"Outlet de Decomat - decomat\" \/>\n<meta property=\"og:description\" content=\"Outlet de Decomat No has anat mai de Outlets? Decomat sap apreciar els bons productes i les qualitats a pesar de queaquestes passin de moda. All\u00f2 que avui \u00e9s moda, dem\u00e0 pot deixar de ser-ho i a l&#8217;inrev\u00e8s. Has observat alg\u00fan cop les est\u00e8tiques as\u00edncrones que baregen Art D\u00e9co amb elements de nova tecnologia?\u00a0 Que [&hellip;]\" \/>\n<meta property=\"og:url\" content=\"https:\/\/decomat.com\/en\/ofertas\/outlet-de-decomat\/\" \/>\n<meta property=\"og:site_name\" content=\"decomat\" \/>\n<meta property=\"article:modified_time\" content=\"2012-04-22T14:36:22+00:00\" \/>\n<meta name=\"twitter:card\" content=\"summary_large_image\" \/>\n<meta name=\"twitter:label1\" content=\"Est. reading time\" \/>\n\t<meta name=\"twitter:data1\" content=\"4 minutes\" \/>\n<script type=\"application\/ld+json\" class=\"yoast-schema-graph\">{\"@context\":\"https:\\\/\\\/schema.org\",\"@graph\":[{\"@type\":\"WebPage\",\"@id\":\"https:\\\/\\\/decomat.com\\\/en\\\/ofertas\\\/outlet-de-decomat\\\/\",\"url\":\"https:\\\/\\\/decomat.com\\\/en\\\/ofertas\\\/outlet-de-decomat\\\/\",\"name\":\"Outlet de Decomat - decomat\",\"isPartOf\":{\"@id\":\"https:\\\/\\\/decomat.com\\\/ca\\\/#website\"},\"datePublished\":\"2012-04-06T09:35:08+00:00\",\"dateModified\":\"2012-04-22T14:36:22+00:00\",\"breadcrumb\":{\"@id\":\"https:\\\/\\\/decomat.com\\\/en\\\/ofertas\\\/outlet-de-decomat\\\/#breadcrumb\"},\"inLanguage\":\"ca-ES\",\"potentialAction\":[{\"@type\":\"ReadAction\",\"target\":[\"https:\\\/\\\/decomat.com\\\/en\\\/ofertas\\\/outlet-de-decomat\\\/\"]}]},{\"@type\":\"BreadcrumbList\",\"@id\":\"https:\\\/\\\/decomat.com\\\/en\\\/ofertas\\\/outlet-de-decomat\\\/#breadcrumb\",\"itemListElement\":[{\"@type\":\"ListItem\",\"position\":1,\"name\":\"Portada\",\"item\":\"https:\\\/\\\/decomat.com\\\/ca\\\/\"},{\"@type\":\"ListItem\",\"position\":2,\"name\":\"Offers\",\"item\":\"https:\\\/\\\/decomat.com\\\/en\\\/ofertas\\\/\"},{\"@type\":\"ListItem\",\"position\":3,\"name\":\"Decomat&#8217;s Outlet\"}]},{\"@type\":\"WebSite\",\"@id\":\"https:\\\/\\\/decomat.com\\\/ca\\\/#website\",\"url\":\"https:\\\/\\\/decomat.com\\\/ca\\\/\",\"name\":\"decomat\",\"description\":\"Material decoraci\u00f3\",\"potentialAction\":[{\"@type\":\"SearchAction\",\"target\":{\"@type\":\"EntryPoint\",\"urlTemplate\":\"https:\\\/\\\/decomat.com\\\/ca\\\/?s={search_term_string}\"},\"query-input\":{\"@type\":\"PropertyValueSpecification\",\"valueRequired\":true,\"valueName\":\"search_term_string\"}}],\"inLanguage\":\"ca-ES\"}]}<\/script>\n<!-- \/ Yoast SEO plugin. -->","yoast_head_json":{"title":"Outlet de Decomat - decomat","robots":{"index":"index","follow":"follow","max-snippet":"max-snippet:-1","max-image-preview":"max-image-preview:large","max-video-preview":"max-video-preview:-1"},"canonical":"https:\/\/decomat.com\/en\/ofertas\/outlet-de-decomat\/","og_locale":"ca_ES","og_type":"article","og_title":"Outlet de Decomat - decomat","og_description":"Outlet de Decomat No has anat mai de Outlets? Decomat sap apreciar els bons productes i les qualitats a pesar de queaquestes passin de moda. All\u00f2 que avui \u00e9s moda, dem\u00e0 pot deixar de ser-ho i a l&#8217;inrev\u00e8s. Has observat alg\u00fan cop les est\u00e8tiques as\u00edncrones que baregen Art D\u00e9co amb elements de nova tecnologia?\u00a0 Que [&hellip;]","og_url":"https:\/\/decomat.com\/en\/ofertas\/outlet-de-decomat\/","og_site_name":"decomat","article_modified_time":"2012-04-22T14:36:22+00:00","twitter_card":"summary_large_image","twitter_misc":{"Est. reading time":"4 minutes"},"schema":{"@context":"https:\/\/schema.org","@graph":[{"@type":"WebPage","@id":"https:\/\/decomat.com\/en\/ofertas\/outlet-de-decomat\/","url":"https:\/\/decomat.com\/en\/ofertas\/outlet-de-decomat\/","name":"Outlet de Decomat - decomat","isPartOf":{"@id":"https:\/\/decomat.com\/ca\/#website"},"datePublished":"2012-04-06T09:35:08+00:00","dateModified":"2012-04-22T14:36:22+00:00","breadcrumb":{"@id":"https:\/\/decomat.com\/en\/ofertas\/outlet-de-decomat\/#breadcrumb"},"inLanguage":"ca-ES","potentialAction":[{"@type":"ReadAction","target":["https:\/\/decomat.com\/en\/ofertas\/outlet-de-decomat\/"]}]},{"@type":"BreadcrumbList","@id":"https:\/\/decomat.com\/en\/ofertas\/outlet-de-decomat\/#breadcrumb","itemListElement":[{"@type":"ListItem","position":1,"name":"Portada","item":"https:\/\/decomat.com\/ca\/"},{"@type":"ListItem","position":2,"name":"Offers","item":"https:\/\/decomat.com\/en\/ofertas\/"},{"@type":"ListItem","position":3,"name":"Decomat&#8217;s Outlet"}]},{"@type":"WebSite","@id":"https:\/\/decomat.com\/ca\/#website","url":"https:\/\/decomat.com\/ca\/","name":"decomat","description":"Material decoraci\u00f3","potentialAction":[{"@type":"SearchAction","target":{"@type":"EntryPoint","urlTemplate":"https:\/\/decomat.com\/ca\/?s={search_term_string}"},"query-input":{"@type":"PropertyValueSpecification","valueRequired":true,"valueName":"search_term_string"}}],"inLanguage":"ca-ES"}]}},"_links":{"self":[{"href":"https:\/\/decomat.com\/ca\/wp-json\/wp\/v2\/pages\/748","targetHints":{"allow":["GET"]}}],"collection":[{"href":"https:\/\/decomat.com\/ca\/wp-json\/wp\/v2\/pages"}],"about":[{"href":"https:\/\/decomat.com\/ca\/wp-json\/wp\/v2\/types\/page"}],"author":[{"embeddable":true,"href":"https:\/\/decomat.com\/ca\/wp-json\/wp\/v2\/users\/8979"}],"replies":[{"embeddable":true,"href":"https:\/\/decomat.com\/ca\/wp-json\/wp\/v2\/comments?post=748"}],"version-history":[{"count":16,"href":"https:\/\/decomat.com\/ca\/wp-json\/wp\/v2\/pages\/748\/revisions"}],"predecessor-version":[{"id":2791,"href":"https:\/\/decomat.com\/ca\/wp-json\/wp\/v2\/pages\/748\/revisions\/2791"}],"up":[{"embeddable":true,"href":"https:\/\/decomat.com\/ca\/wp-json\/wp\/v2\/pages\/746"}],"wp:attachment":[{"href":"https:\/\/decomat.com\/ca\/wp-json\/wp\/v2\/media?parent=748"}],"curies":[{"name":"wp","href":"https:\/\/api.w.org\/{rel}","templated":true}]}}