{"id":780,"date":"2012-04-06T20:49:42","date_gmt":"2012-04-06T20:49:42","guid":{"rendered":"http:\/\/www.decomat.com\/?page_id=780"},"modified":"2017-04-08T12:57:18","modified_gmt":"2017-04-08T10:57:18","slug":"decoracion-para-profesionales","status":"publish","type":"page","link":"https:\/\/decomat.com\/ca\/decoracion-para-profesionales\/","title":{"rendered":"Professional"},"content":{"rendered":"<h1>Decoraci\u00f3 per al professional<\/h1>\n<p>Productes i materials de decoraci\u00f3 i construcci\u00f3 per a professionals.<br \/>\n<a class=\"custom-frame alignleft frame-shadow\" style=\"display: inline !important;\" href=\"https:\/\/www.decomat.com\/wp-content\/uploads\/2012\/04\/professionalsconstruction.jpg\"><img loading=\"lazy\" decoding=\"async\" class=\"alignnone wp-image-6727 size-medium\" title=\"Llar\" src=\"https:\/\/www.decomat.com\/wp-content\/uploads\/2012\/04\/professionalsconstruction-300x137.jpg\" alt=\"\" width=\"300\" height=\"137\" srcset=\"https:\/\/decomat.com\/wp-content\/uploads\/2012\/04\/professionalsconstruction-300x137.jpg 300w, https:\/\/decomat.com\/wp-content\/uploads\/2012\/04\/professionalsconstruction-330x151.jpg 330w, https:\/\/decomat.com\/wp-content\/uploads\/2012\/04\/professionalsconstruction.jpg 332w\" sizes=\"auto, (max-width: 300px) 100vw, 300px\" \/><\/a><\/p>\n<p>Els professionals de la decoraci\u00f3 i construcci\u00f3 podeu trobar els materials per al vostre projecte o per al condicionament de l\u2019espai on realitzar-hi tot tipus d\u2019activitats: habitatge, comercial, l\u00fadica, expositiva, educativa, etc.<\/p>\n<p>Els nostres materials de decoraci\u00f3 per al professional us permetran resoldre la creaci\u00f3, el projecte i la direcci\u00f3 d\u2019una obra d\u2019interiorisme amb garanties d&#8217;\u00e8xit.","protected":false},"excerpt":{"rendered":"<p>Decoraci\u00f3 per al professional Productes i materials de decoraci\u00f3 i construcci\u00f3 per a professionals. Els professionals de la decoraci\u00f3 i construcci\u00f3 podeu trobar els materials per al vostre projecte o per al condicionament de l\u2019espai on realitzar-hi tot tipus d\u2019activitats: habitatge, comercial, l\u00fadica, expositiva, educativa, etc. Els nostres materials de decoraci\u00f3 per al professional us [&hellip;]<\/p>\n","protected":false},"author":8979,"featured_media":0,"parent":0,"menu_order":28,"comment_status":"open","ping_status":"closed","template":"","meta":{"_monsterinsights_skip_tracking":false,"_monsterinsights_sitenote_active":false,"_monsterinsights_sitenote_note":"","_monsterinsights_sitenote_category":0,"ngg_post_thumbnail":0,"footnotes":""},"class_list":["post-780","page","type-page","status-publish","hentry"],"yoast_head":"<!-- This site is optimized with the Yoast SEO plugin v27.3 - https:\/\/yoast.com\/product\/yoast-seo-wordpress\/ -->\n<title>Professional - decomat<\/title>\n<meta name=\"robots\" content=\"index, follow, max-snippet:-1, max-image-preview:large, max-video-preview:-1\" \/>\n<link rel=\"canonical\" href=\"https:\/\/decomat.com\/ca\/decoracion-para-profesionales\/\" \/>\n<meta property=\"og:locale\" content=\"ca_ES\" \/>\n<meta property=\"og:type\" content=\"article\" \/>\n<meta property=\"og:title\" content=\"Professional - decomat\" \/>\n<meta property=\"og:description\" content=\"Decoraci\u00f3 per al professional Productes i materials de decoraci\u00f3 i construcci\u00f3 per a professionals. Els professionals de la decoraci\u00f3 i construcci\u00f3 podeu trobar els materials per al vostre projecte o per al condicionament de l\u2019espai on realitzar-hi tot tipus d\u2019activitats: habitatge, comercial, l\u00fadica, expositiva, educativa, etc. Els nostres materials de decoraci\u00f3 per al professional us [&hellip;]\" \/>\n<meta property=\"og:url\" content=\"https:\/\/decomat.com\/ca\/decoracion-para-profesionales\/\" \/>\n<meta property=\"og:site_name\" content=\"decomat\" \/>\n<meta property=\"article:modified_time\" content=\"2017-04-08T10:57:18+00:00\" \/>\n<meta property=\"og:image\" content=\"https:\/\/decomat.com\/wp-content\/uploads\/2012\/04\/professionalsconstruction.jpg\" \/>\n\t<meta property=\"og:image:width\" content=\"332\" \/>\n\t<meta property=\"og:image:height\" content=\"152\" \/>\n\t<meta property=\"og:image:type\" content=\"image\/jpeg\" \/>\n<meta name=\"twitter:card\" content=\"summary_large_image\" \/>\n<meta name=\"twitter:label1\" content=\"Est. reading time\" \/>\n\t<meta name=\"twitter:data1\" content=\"1 minute\" \/>\n<script type=\"application\/ld+json\" class=\"yoast-schema-graph\">{\"@context\":\"https:\\\/\\\/schema.org\",\"@graph\":[{\"@type\":\"WebPage\",\"@id\":\"https:\\\/\\\/decomat.com\\\/ca\\\/decoracion-para-profesionales\\\/\",\"url\":\"https:\\\/\\\/decomat.com\\\/ca\\\/decoracion-para-profesionales\\\/\",\"name\":\"Professional - decomat\",\"isPartOf\":{\"@id\":\"https:\\\/\\\/decomat.com\\\/ca\\\/#website\"},\"primaryImageOfPage\":{\"@id\":\"https:\\\/\\\/decomat.com\\\/ca\\\/decoracion-para-profesionales\\\/#primaryimage\"},\"image\":{\"@id\":\"https:\\\/\\\/decomat.com\\\/ca\\\/decoracion-para-profesionales\\\/#primaryimage\"},\"thumbnailUrl\":\"https:\\\/\\\/www.decomat.com\\\/wp-content\\\/uploads\\\/2012\\\/04\\\/professionalsconstruction-300x137.jpg\",\"datePublished\":\"2012-04-06T20:49:42+00:00\",\"dateModified\":\"2017-04-08T10:57:18+00:00\",\"breadcrumb\":{\"@id\":\"https:\\\/\\\/decomat.com\\\/ca\\\/decoracion-para-profesionales\\\/#breadcrumb\"},\"inLanguage\":\"ca-ES\",\"potentialAction\":[{\"@type\":\"ReadAction\",\"target\":[\"https:\\\/\\\/decomat.com\\\/ca\\\/decoracion-para-profesionales\\\/\"]}]},{\"@type\":\"ImageObject\",\"inLanguage\":\"ca-ES\",\"@id\":\"https:\\\/\\\/decomat.com\\\/ca\\\/decoracion-para-profesionales\\\/#primaryimage\",\"url\":\"https:\\\/\\\/www.decomat.com\\\/wp-content\\\/uploads\\\/2012\\\/04\\\/professionalsconstruction-300x137.jpg\",\"contentUrl\":\"https:\\\/\\\/www.decomat.com\\\/wp-content\\\/uploads\\\/2012\\\/04\\\/professionalsconstruction-300x137.jpg\"},{\"@type\":\"BreadcrumbList\",\"@id\":\"https:\\\/\\\/decomat.com\\\/ca\\\/decoracion-para-profesionales\\\/#breadcrumb\",\"itemListElement\":[{\"@type\":\"ListItem\",\"position\":1,\"name\":\"Portada\",\"item\":\"https:\\\/\\\/decomat.com\\\/ca\\\/\"},{\"@type\":\"ListItem\",\"position\":2,\"name\":\"Professional\"}]},{\"@type\":\"WebSite\",\"@id\":\"https:\\\/\\\/decomat.com\\\/ca\\\/#website\",\"url\":\"https:\\\/\\\/decomat.com\\\/ca\\\/\",\"name\":\"decomat\",\"description\":\"Material decoraci\u00f3\",\"potentialAction\":[{\"@type\":\"SearchAction\",\"target\":{\"@type\":\"EntryPoint\",\"urlTemplate\":\"https:\\\/\\\/decomat.com\\\/ca\\\/?s={search_term_string}\"},\"query-input\":{\"@type\":\"PropertyValueSpecification\",\"valueRequired\":true,\"valueName\":\"search_term_string\"}}],\"inLanguage\":\"ca-ES\"}]}<\/script>\n<!-- \/ Yoast SEO plugin. -->","yoast_head_json":{"title":"Professional - decomat","robots":{"index":"index","follow":"follow","max-snippet":"max-snippet:-1","max-image-preview":"max-image-preview:large","max-video-preview":"max-video-preview:-1"},"canonical":"https:\/\/decomat.com\/ca\/decoracion-para-profesionales\/","og_locale":"ca_ES","og_type":"article","og_title":"Professional - decomat","og_description":"Decoraci\u00f3 per al professional Productes i materials de decoraci\u00f3 i construcci\u00f3 per a professionals. Els professionals de la decoraci\u00f3 i construcci\u00f3 podeu trobar els materials per al vostre projecte o per al condicionament de l\u2019espai on realitzar-hi tot tipus d\u2019activitats: habitatge, comercial, l\u00fadica, expositiva, educativa, etc. Els nostres materials de decoraci\u00f3 per al professional us [&hellip;]","og_url":"https:\/\/decomat.com\/ca\/decoracion-para-profesionales\/","og_site_name":"decomat","article_modified_time":"2017-04-08T10:57:18+00:00","og_image":[{"width":332,"height":152,"url":"https:\/\/decomat.com\/wp-content\/uploads\/2012\/04\/professionalsconstruction.jpg","type":"image\/jpeg"}],"twitter_card":"summary_large_image","twitter_misc":{"Est. reading time":"1 minute"},"schema":{"@context":"https:\/\/schema.org","@graph":[{"@type":"WebPage","@id":"https:\/\/decomat.com\/ca\/decoracion-para-profesionales\/","url":"https:\/\/decomat.com\/ca\/decoracion-para-profesionales\/","name":"Professional - decomat","isPartOf":{"@id":"https:\/\/decomat.com\/ca\/#website"},"primaryImageOfPage":{"@id":"https:\/\/decomat.com\/ca\/decoracion-para-profesionales\/#primaryimage"},"image":{"@id":"https:\/\/decomat.com\/ca\/decoracion-para-profesionales\/#primaryimage"},"thumbnailUrl":"https:\/\/www.decomat.com\/wp-content\/uploads\/2012\/04\/professionalsconstruction-300x137.jpg","datePublished":"2012-04-06T20:49:42+00:00","dateModified":"2017-04-08T10:57:18+00:00","breadcrumb":{"@id":"https:\/\/decomat.com\/ca\/decoracion-para-profesionales\/#breadcrumb"},"inLanguage":"ca-ES","potentialAction":[{"@type":"ReadAction","target":["https:\/\/decomat.com\/ca\/decoracion-para-profesionales\/"]}]},{"@type":"ImageObject","inLanguage":"ca-ES","@id":"https:\/\/decomat.com\/ca\/decoracion-para-profesionales\/#primaryimage","url":"https:\/\/www.decomat.com\/wp-content\/uploads\/2012\/04\/professionalsconstruction-300x137.jpg","contentUrl":"https:\/\/www.decomat.com\/wp-content\/uploads\/2012\/04\/professionalsconstruction-300x137.jpg"},{"@type":"BreadcrumbList","@id":"https:\/\/decomat.com\/ca\/decoracion-para-profesionales\/#breadcrumb","itemListElement":[{"@type":"ListItem","position":1,"name":"Portada","item":"https:\/\/decomat.com\/ca\/"},{"@type":"ListItem","position":2,"name":"Professional"}]},{"@type":"WebSite","@id":"https:\/\/decomat.com\/ca\/#website","url":"https:\/\/decomat.com\/ca\/","name":"decomat","description":"Material decoraci\u00f3","potentialAction":[{"@type":"SearchAction","target":{"@type":"EntryPoint","urlTemplate":"https:\/\/decomat.com\/ca\/?s={search_term_string}"},"query-input":{"@type":"PropertyValueSpecification","valueRequired":true,"valueName":"search_term_string"}}],"inLanguage":"ca-ES"}]}},"_links":{"self":[{"href":"https:\/\/decomat.com\/ca\/wp-json\/wp\/v2\/pages\/780","targetHints":{"allow":["GET"]}}],"collection":[{"href":"https:\/\/decomat.com\/ca\/wp-json\/wp\/v2\/pages"}],"about":[{"href":"https:\/\/decomat.com\/ca\/wp-json\/wp\/v2\/types\/page"}],"author":[{"embeddable":true,"href":"https:\/\/decomat.com\/ca\/wp-json\/wp\/v2\/users\/8979"}],"replies":[{"embeddable":true,"href":"https:\/\/decomat.com\/ca\/wp-json\/wp\/v2\/comments?post=780"}],"version-history":[{"count":18,"href":"https:\/\/decomat.com\/ca\/wp-json\/wp\/v2\/pages\/780\/revisions"}],"predecessor-version":[{"id":6730,"href":"https:\/\/decomat.com\/ca\/wp-json\/wp\/v2\/pages\/780\/revisions\/6730"}],"wp:attachment":[{"href":"https:\/\/decomat.com\/ca\/wp-json\/wp\/v2\/media?parent=780"}],"curies":[{"name":"wp","href":"https:\/\/api.w.org\/{rel}","templated":true}]}}