{"id":847,"date":"2012-04-15T15:50:04","date_gmt":"2012-04-15T15:50:04","guid":{"rendered":"http:\/\/www.decomat.com\/?page_id=847"},"modified":"2012-09-23T19:29:30","modified_gmt":"2012-09-23T17:29:30","slug":"forum","status":"publish","type":"page","link":"https:\/\/decomat.com\/ca\/conocenos\/forum\/","title":{"rendered":"Forum"},"content":{"rendered":"<p><\/p>\n<h1>Forum ikea Sabadell<\/h1>\n<p>El petit comer\u00e7 \u00e9s part del nucli essencial d&#8217;un model de societat, de civilitzaci\u00f3, de cohesi\u00f3 i de teixit urb\u00e0 en contraposici\u00f3 al big box (gran superf\u00edcie) Ikea Sabadell.<\/p>\n<p>Primer el seu gran poder de compra els va permetre obtenir uns preus m\u00e9s favorables per part dels seus prove\u00efdors.<\/p>\n<p>En una segona fase el negoci comercial es va despla\u00e7ar cap al terreny financer. Vendre al comptat rabi\u00f3s i pagar a tres o sis mesos en \u00e8poca de diner car els hi era un negoci rod\u00f3 al mercat de l&#8217;interbancari.<\/p>\n<p>Un tercer estadi d&#8217;evoluci\u00f3 va ser conseq\u00fc\u00e8ncia de la caiguda dels tipus d&#8217;inter\u00e8s, que va provocar la decantaci\u00f3 cap al negoci immobiliari. Els centres comercials venien o llogaven botigues.<\/p>\n<p>Ara es tracta d&#8217;oferir una pantalla aparent de centre comercial per explotar en realitat boleres, restaurants, pistes de karts, espectacles, cinemes, etc. Amb l&#8217;objectiu d&#8217;aconseguir aglomeraci\u00f3 de visitants.<\/p>\n<p>Aix\u00ed doncs es tracta de maximitzar guanys pel procediment que sigui, colonitzant i convertint el pa\u00eds en una ind\u00fastria extractiva que permeti repatriar-ne els beneficis&#8230;.no importa el model de societat, de civilitzaci\u00f3, de cohesi\u00f3 i de teixit urb\u00e0.<\/p>\n<p>Ikea Sabadell<\/p>","protected":false},"excerpt":{"rendered":"<p>Forum ikea Sabadell El petit comer\u00e7 \u00e9s part del nucli essencial d&#8217;un model de societat, de civilitzaci\u00f3, de cohesi\u00f3 i de teixit urb\u00e0 en contraposici\u00f3 al big box (gran superf\u00edcie) Ikea Sabadell. Primer el seu gran poder de compra els va permetre obtenir uns preus m\u00e9s favorables per part dels seus prove\u00efdors. En una segona [&hellip;]<\/p>\n","protected":false},"author":8979,"featured_media":0,"parent":1084,"menu_order":0,"comment_status":"open","ping_status":"closed","template":"","meta":{"_monsterinsights_skip_tracking":false,"_monsterinsights_sitenote_active":false,"_monsterinsights_sitenote_note":"","_monsterinsights_sitenote_category":0,"ngg_post_thumbnail":0,"footnotes":""},"class_list":["post-847","page","type-page","status-publish","hentry"],"yoast_head":"<!-- This site is optimized with the Yoast SEO plugin v27.5 - https:\/\/yoast.com\/product\/yoast-seo-wordpress\/ -->\n<title>Forum - decomat<\/title>\n<meta name=\"robots\" content=\"index, follow, max-snippet:-1, max-image-preview:large, max-video-preview:-1\" \/>\n<link rel=\"canonical\" href=\"https:\/\/decomat.com\/en\/conocenos\/forum\/\" \/>\n<meta property=\"og:locale\" content=\"ca_ES\" \/>\n<meta property=\"og:type\" content=\"article\" \/>\n<meta property=\"og:title\" content=\"Forum - decomat\" \/>\n<meta property=\"og:description\" content=\"Forum ikea Sabadell El petit comer\u00e7 \u00e9s part del nucli essencial d&#8217;un model de societat, de civilitzaci\u00f3, de cohesi\u00f3 i de teixit urb\u00e0 en contraposici\u00f3 al big box (gran superf\u00edcie) Ikea Sabadell. Primer el seu gran poder de compra els va permetre obtenir uns preus m\u00e9s favorables per part dels seus prove\u00efdors. En una segona [&hellip;]\" \/>\n<meta property=\"og:url\" content=\"https:\/\/decomat.com\/en\/conocenos\/forum\/\" \/>\n<meta property=\"og:site_name\" content=\"decomat\" \/>\n<meta property=\"article:modified_time\" content=\"2012-09-23T17:29:30+00:00\" \/>\n<meta name=\"twitter:card\" content=\"summary_large_image\" \/>\n<meta name=\"twitter:label1\" content=\"Est. reading time\" \/>\n\t<meta name=\"twitter:data1\" content=\"4 minutes\" \/>\n<script type=\"application\/ld+json\" class=\"yoast-schema-graph\">{\"@context\":\"https:\\\/\\\/schema.org\",\"@graph\":[{\"@type\":\"WebPage\",\"@id\":\"https:\\\/\\\/decomat.com\\\/en\\\/conocenos\\\/forum\\\/\",\"url\":\"https:\\\/\\\/decomat.com\\\/en\\\/conocenos\\\/forum\\\/\",\"name\":\"Forum - decomat\",\"isPartOf\":{\"@id\":\"https:\\\/\\\/decomat.com\\\/ca\\\/#website\"},\"datePublished\":\"2012-04-15T15:50:04+00:00\",\"dateModified\":\"2012-09-23T17:29:30+00:00\",\"breadcrumb\":{\"@id\":\"https:\\\/\\\/decomat.com\\\/en\\\/conocenos\\\/forum\\\/#breadcrumb\"},\"inLanguage\":\"ca-ES\",\"potentialAction\":[{\"@type\":\"ReadAction\",\"target\":[\"https:\\\/\\\/decomat.com\\\/en\\\/conocenos\\\/forum\\\/\"]}]},{\"@type\":\"BreadcrumbList\",\"@id\":\"https:\\\/\\\/decomat.com\\\/en\\\/conocenos\\\/forum\\\/#breadcrumb\",\"itemListElement\":[{\"@type\":\"ListItem\",\"position\":1,\"name\":\"Portada\",\"item\":\"https:\\\/\\\/decomat.com\\\/ca\\\/\"},{\"@type\":\"ListItem\",\"position\":2,\"name\":\"Abaut us\",\"item\":\"https:\\\/\\\/decomat.com\\\/en\\\/conocenos\\\/\"},{\"@type\":\"ListItem\",\"position\":3,\"name\":\"Forum\"}]},{\"@type\":\"WebSite\",\"@id\":\"https:\\\/\\\/decomat.com\\\/ca\\\/#website\",\"url\":\"https:\\\/\\\/decomat.com\\\/ca\\\/\",\"name\":\"decomat\",\"description\":\"Material decoraci\u00f3\",\"potentialAction\":[{\"@type\":\"SearchAction\",\"target\":{\"@type\":\"EntryPoint\",\"urlTemplate\":\"https:\\\/\\\/decomat.com\\\/ca\\\/?s={search_term_string}\"},\"query-input\":{\"@type\":\"PropertyValueSpecification\",\"valueRequired\":true,\"valueName\":\"search_term_string\"}}],\"inLanguage\":\"ca-ES\"}]}<\/script>\n<!-- \/ Yoast SEO plugin. -->","yoast_head_json":{"title":"Forum - decomat","robots":{"index":"index","follow":"follow","max-snippet":"max-snippet:-1","max-image-preview":"max-image-preview:large","max-video-preview":"max-video-preview:-1"},"canonical":"https:\/\/decomat.com\/en\/conocenos\/forum\/","og_locale":"ca_ES","og_type":"article","og_title":"Forum - decomat","og_description":"Forum ikea Sabadell El petit comer\u00e7 \u00e9s part del nucli essencial d&#8217;un model de societat, de civilitzaci\u00f3, de cohesi\u00f3 i de teixit urb\u00e0 en contraposici\u00f3 al big box (gran superf\u00edcie) Ikea Sabadell. Primer el seu gran poder de compra els va permetre obtenir uns preus m\u00e9s favorables per part dels seus prove\u00efdors. En una segona [&hellip;]","og_url":"https:\/\/decomat.com\/en\/conocenos\/forum\/","og_site_name":"decomat","article_modified_time":"2012-09-23T17:29:30+00:00","twitter_card":"summary_large_image","twitter_misc":{"Est. reading time":"4 minutes"},"schema":{"@context":"https:\/\/schema.org","@graph":[{"@type":"WebPage","@id":"https:\/\/decomat.com\/en\/conocenos\/forum\/","url":"https:\/\/decomat.com\/en\/conocenos\/forum\/","name":"Forum - decomat","isPartOf":{"@id":"https:\/\/decomat.com\/ca\/#website"},"datePublished":"2012-04-15T15:50:04+00:00","dateModified":"2012-09-23T17:29:30+00:00","breadcrumb":{"@id":"https:\/\/decomat.com\/en\/conocenos\/forum\/#breadcrumb"},"inLanguage":"ca-ES","potentialAction":[{"@type":"ReadAction","target":["https:\/\/decomat.com\/en\/conocenos\/forum\/"]}]},{"@type":"BreadcrumbList","@id":"https:\/\/decomat.com\/en\/conocenos\/forum\/#breadcrumb","itemListElement":[{"@type":"ListItem","position":1,"name":"Portada","item":"https:\/\/decomat.com\/ca\/"},{"@type":"ListItem","position":2,"name":"Abaut us","item":"https:\/\/decomat.com\/en\/conocenos\/"},{"@type":"ListItem","position":3,"name":"Forum"}]},{"@type":"WebSite","@id":"https:\/\/decomat.com\/ca\/#website","url":"https:\/\/decomat.com\/ca\/","name":"decomat","description":"Material decoraci\u00f3","potentialAction":[{"@type":"SearchAction","target":{"@type":"EntryPoint","urlTemplate":"https:\/\/decomat.com\/ca\/?s={search_term_string}"},"query-input":{"@type":"PropertyValueSpecification","valueRequired":true,"valueName":"search_term_string"}}],"inLanguage":"ca-ES"}]}},"_links":{"self":[{"href":"https:\/\/decomat.com\/ca\/wp-json\/wp\/v2\/pages\/847","targetHints":{"allow":["GET"]}}],"collection":[{"href":"https:\/\/decomat.com\/ca\/wp-json\/wp\/v2\/pages"}],"about":[{"href":"https:\/\/decomat.com\/ca\/wp-json\/wp\/v2\/types\/page"}],"author":[{"embeddable":true,"href":"https:\/\/decomat.com\/ca\/wp-json\/wp\/v2\/users\/8979"}],"replies":[{"embeddable":true,"href":"https:\/\/decomat.com\/ca\/wp-json\/wp\/v2\/comments?post=847"}],"version-history":[{"count":10,"href":"https:\/\/decomat.com\/ca\/wp-json\/wp\/v2\/pages\/847\/revisions"}],"predecessor-version":[{"id":1408,"href":"https:\/\/decomat.com\/ca\/wp-json\/wp\/v2\/pages\/847\/revisions\/1408"}],"up":[{"embeddable":true,"href":"https:\/\/decomat.com\/ca\/wp-json\/wp\/v2\/pages\/1084"}],"wp:attachment":[{"href":"https:\/\/decomat.com\/ca\/wp-json\/wp\/v2\/media?parent=847"}],"curies":[{"name":"wp","href":"https:\/\/api.w.org\/{rel}","templated":true}]}}