{"id":863,"date":"2012-04-11T13:50:29","date_gmt":"2012-04-11T13:50:29","guid":{"rendered":"http:\/\/www.decomat.com\/?page_id=863"},"modified":"2017-04-13T00:07:09","modified_gmt":"2017-04-12T22:07:09","slug":"presentacion","status":"publish","type":"page","link":"https:\/\/decomat.com\/ca\/conocenos\/presentacion\/","title":{"rendered":"Qui som \/ Presentaci\u00f3"},"content":{"rendered":"<h1>Qui som \/ Presentaci\u00f3<\/h1>\n<p>Som <a href=\"https:\/\/www.decomat.com\/ca\/conocenos\/presentacion\/historia\/\" target=\"_blank\">el que hem fet<\/a> al llarg de la nostra dilatada traject\u00f2ria.<\/p>\n<h1>Qu\u00e8 hem fet?<\/h1>\n<p>Durant la nostra traject\u00f2ria professional, <a href=\"https:\/\/www.decomat.com\/ca\/conocenos\/presentacion\/historia\/\" target=\"_blank\">iniciada el 1950,<\/a> hem realitzat instal\u00b7lacions en nombrosos edificis i equipaments:<\/p>\n<ol>\n<li>Edificaci\u00f3 privada:\n<ul>\n<li>Residencial: Habitatges unifamiliar i plurifamiliars<\/li>\n<li>Terciari: Oficines, locals, naus i Hotels.<\/li>\n<\/ul>\n<\/li>\n<li>Equipaments:\n<ul>\n<li>Educatiu, sociocultural i esportiu: Escoles, IES, universitats i teatres<\/li>\n<li>Sanitari i assistencial: Hospitals i cl\u00edniques<\/li>\n<li>P\u00fablic i administratiu: Ajuntaments.<\/li>\n<\/ul>\n<\/li>\n<\/ol>\n<p>El domini dels diferents sistemes d&#8217;instal\u00b7laci\u00f3 que realitzem, aix\u00ed com la rigorosa selecci\u00f3 dels nostres prove\u00efdors, ens permet aconseguir solucions t\u00e8cniques i decoratives de gran qualitat i bellesa.","protected":false},"excerpt":{"rendered":"<p>Qui som \/ Presentaci\u00f3 Som el que hem fet al llarg de la nostra dilatada traject\u00f2ria. Qu\u00e8 hem fet? Durant la nostra traject\u00f2ria professional, iniciada el 1950, hem realitzat instal\u00b7lacions en nombrosos edificis i equipaments: Edificaci\u00f3 privada: Residencial: Habitatges unifamiliar i plurifamiliars Terciari: Oficines, locals, naus i Hotels. Equipaments: Educatiu, sociocultural i esportiu: Escoles, IES, [&hellip;]<\/p>\n","protected":false},"author":8979,"featured_media":0,"parent":1084,"menu_order":0,"comment_status":"open","ping_status":"closed","template":"","meta":{"_monsterinsights_skip_tracking":false,"_monsterinsights_sitenote_active":false,"_monsterinsights_sitenote_note":"","_monsterinsights_sitenote_category":0,"ngg_post_thumbnail":0,"footnotes":""},"class_list":["post-863","page","type-page","status-publish","hentry"],"yoast_head":"<!-- This site is optimized with the Yoast SEO plugin v27.3 - https:\/\/yoast.com\/product\/yoast-seo-wordpress\/ -->\n<title>Qui som \/ Presentaci\u00f3 - decomat<\/title>\n<meta name=\"robots\" content=\"index, follow, max-snippet:-1, max-image-preview:large, max-video-preview:-1\" \/>\n<link rel=\"canonical\" href=\"https:\/\/decomat.com\/en\/conocenos\/presentacion\/\" \/>\n<meta property=\"og:locale\" content=\"ca_ES\" \/>\n<meta property=\"og:type\" content=\"article\" \/>\n<meta property=\"og:title\" content=\"Qui som \/ Presentaci\u00f3 - decomat\" \/>\n<meta property=\"og:description\" content=\"Qui som \/ Presentaci\u00f3 Som el que hem fet al llarg de la nostra dilatada traject\u00f2ria. Qu\u00e8 hem fet? Durant la nostra traject\u00f2ria professional, iniciada el 1950, hem realitzat instal\u00b7lacions en nombrosos edificis i equipaments: Edificaci\u00f3 privada: Residencial: Habitatges unifamiliar i plurifamiliars Terciari: Oficines, locals, naus i Hotels. Equipaments: Educatiu, sociocultural i esportiu: Escoles, IES, [&hellip;]\" \/>\n<meta property=\"og:url\" content=\"https:\/\/decomat.com\/en\/conocenos\/presentacion\/\" \/>\n<meta property=\"og:site_name\" content=\"decomat\" \/>\n<meta property=\"article:modified_time\" content=\"2017-04-12T22:07:09+00:00\" \/>\n<meta name=\"twitter:card\" content=\"summary_large_image\" \/>\n<meta name=\"twitter:label1\" content=\"Est. reading time\" \/>\n\t<meta name=\"twitter:data1\" content=\"1 minute\" \/>\n<script type=\"application\/ld+json\" class=\"yoast-schema-graph\">{\"@context\":\"https:\\\/\\\/schema.org\",\"@graph\":[{\"@type\":\"WebPage\",\"@id\":\"https:\\\/\\\/decomat.com\\\/en\\\/conocenos\\\/presentacion\\\/\",\"url\":\"https:\\\/\\\/decomat.com\\\/en\\\/conocenos\\\/presentacion\\\/\",\"name\":\"Qui som \\\/ Presentaci\u00f3 - decomat\",\"isPartOf\":{\"@id\":\"https:\\\/\\\/decomat.com\\\/ca\\\/#website\"},\"datePublished\":\"2012-04-11T13:50:29+00:00\",\"dateModified\":\"2017-04-12T22:07:09+00:00\",\"breadcrumb\":{\"@id\":\"https:\\\/\\\/decomat.com\\\/en\\\/conocenos\\\/presentacion\\\/#breadcrumb\"},\"inLanguage\":\"ca-ES\",\"potentialAction\":[{\"@type\":\"ReadAction\",\"target\":[\"https:\\\/\\\/decomat.com\\\/en\\\/conocenos\\\/presentacion\\\/\"]}]},{\"@type\":\"BreadcrumbList\",\"@id\":\"https:\\\/\\\/decomat.com\\\/en\\\/conocenos\\\/presentacion\\\/#breadcrumb\",\"itemListElement\":[{\"@type\":\"ListItem\",\"position\":1,\"name\":\"Portada\",\"item\":\"https:\\\/\\\/decomat.com\\\/ca\\\/\"},{\"@type\":\"ListItem\",\"position\":2,\"name\":\"Abaut us\",\"item\":\"https:\\\/\\\/decomat.com\\\/en\\\/conocenos\\\/\"},{\"@type\":\"ListItem\",\"position\":3,\"name\":\"Abaut us \\\/ Presentation\"}]},{\"@type\":\"WebSite\",\"@id\":\"https:\\\/\\\/decomat.com\\\/ca\\\/#website\",\"url\":\"https:\\\/\\\/decomat.com\\\/ca\\\/\",\"name\":\"decomat\",\"description\":\"Material decoraci\u00f3\",\"potentialAction\":[{\"@type\":\"SearchAction\",\"target\":{\"@type\":\"EntryPoint\",\"urlTemplate\":\"https:\\\/\\\/decomat.com\\\/ca\\\/?s={search_term_string}\"},\"query-input\":{\"@type\":\"PropertyValueSpecification\",\"valueRequired\":true,\"valueName\":\"search_term_string\"}}],\"inLanguage\":\"ca-ES\"}]}<\/script>\n<!-- \/ Yoast SEO plugin. -->","yoast_head_json":{"title":"Qui som \/ Presentaci\u00f3 - decomat","robots":{"index":"index","follow":"follow","max-snippet":"max-snippet:-1","max-image-preview":"max-image-preview:large","max-video-preview":"max-video-preview:-1"},"canonical":"https:\/\/decomat.com\/en\/conocenos\/presentacion\/","og_locale":"ca_ES","og_type":"article","og_title":"Qui som \/ Presentaci\u00f3 - decomat","og_description":"Qui som \/ Presentaci\u00f3 Som el que hem fet al llarg de la nostra dilatada traject\u00f2ria. Qu\u00e8 hem fet? Durant la nostra traject\u00f2ria professional, iniciada el 1950, hem realitzat instal\u00b7lacions en nombrosos edificis i equipaments: Edificaci\u00f3 privada: Residencial: Habitatges unifamiliar i plurifamiliars Terciari: Oficines, locals, naus i Hotels. Equipaments: Educatiu, sociocultural i esportiu: Escoles, IES, [&hellip;]","og_url":"https:\/\/decomat.com\/en\/conocenos\/presentacion\/","og_site_name":"decomat","article_modified_time":"2017-04-12T22:07:09+00:00","twitter_card":"summary_large_image","twitter_misc":{"Est. reading time":"1 minute"},"schema":{"@context":"https:\/\/schema.org","@graph":[{"@type":"WebPage","@id":"https:\/\/decomat.com\/en\/conocenos\/presentacion\/","url":"https:\/\/decomat.com\/en\/conocenos\/presentacion\/","name":"Qui som \/ Presentaci\u00f3 - decomat","isPartOf":{"@id":"https:\/\/decomat.com\/ca\/#website"},"datePublished":"2012-04-11T13:50:29+00:00","dateModified":"2017-04-12T22:07:09+00:00","breadcrumb":{"@id":"https:\/\/decomat.com\/en\/conocenos\/presentacion\/#breadcrumb"},"inLanguage":"ca-ES","potentialAction":[{"@type":"ReadAction","target":["https:\/\/decomat.com\/en\/conocenos\/presentacion\/"]}]},{"@type":"BreadcrumbList","@id":"https:\/\/decomat.com\/en\/conocenos\/presentacion\/#breadcrumb","itemListElement":[{"@type":"ListItem","position":1,"name":"Portada","item":"https:\/\/decomat.com\/ca\/"},{"@type":"ListItem","position":2,"name":"Abaut us","item":"https:\/\/decomat.com\/en\/conocenos\/"},{"@type":"ListItem","position":3,"name":"Abaut us \/ Presentation"}]},{"@type":"WebSite","@id":"https:\/\/decomat.com\/ca\/#website","url":"https:\/\/decomat.com\/ca\/","name":"decomat","description":"Material decoraci\u00f3","potentialAction":[{"@type":"SearchAction","target":{"@type":"EntryPoint","urlTemplate":"https:\/\/decomat.com\/ca\/?s={search_term_string}"},"query-input":{"@type":"PropertyValueSpecification","valueRequired":true,"valueName":"search_term_string"}}],"inLanguage":"ca-ES"}]}},"_links":{"self":[{"href":"https:\/\/decomat.com\/ca\/wp-json\/wp\/v2\/pages\/863","targetHints":{"allow":["GET"]}}],"collection":[{"href":"https:\/\/decomat.com\/ca\/wp-json\/wp\/v2\/pages"}],"about":[{"href":"https:\/\/decomat.com\/ca\/wp-json\/wp\/v2\/types\/page"}],"author":[{"embeddable":true,"href":"https:\/\/decomat.com\/ca\/wp-json\/wp\/v2\/users\/8979"}],"replies":[{"embeddable":true,"href":"https:\/\/decomat.com\/ca\/wp-json\/wp\/v2\/comments?post=863"}],"version-history":[{"count":16,"href":"https:\/\/decomat.com\/ca\/wp-json\/wp\/v2\/pages\/863\/revisions"}],"predecessor-version":[{"id":6869,"href":"https:\/\/decomat.com\/ca\/wp-json\/wp\/v2\/pages\/863\/revisions\/6869"}],"up":[{"embeddable":true,"href":"https:\/\/decomat.com\/ca\/wp-json\/wp\/v2\/pages\/1084"}],"wp:attachment":[{"href":"https:\/\/decomat.com\/ca\/wp-json\/wp\/v2\/media?parent=863"}],"curies":[{"name":"wp","href":"https:\/\/api.w.org\/{rel}","templated":true}]}}