{"id":873,"date":"2012-04-11T14:24:37","date_gmt":"2012-04-11T14:24:37","guid":{"rendered":"http:\/\/www.decomat.com\/?page_id=873"},"modified":"2015-01-15T17:50:48","modified_gmt":"2015-01-15T15:50:48","slug":"localizacion","status":"publish","type":"page","link":"https:\/\/decomat.com\/ca\/conocenos\/localizacion\/","title":{"rendered":"On som \/ Localitzaci\u00f3"},"content":{"rendered":"<p><\/p>\n<h1>On som \/ Localitzaci\u00f3<\/h1>\n<p>&nbsp;<\/p>\n<p><iframe loading=\"lazy\" src=\"https:\/\/www.google.com\/maps\/embed?pb=!1m14!1m8!1m3!1d2985.939923510226!2d2.10592!3d41.548898!3m2!1i1024!2i768!4f13.1!3m3!1m2!1s0x12a494fd8842aa1b%3A0x41f685a98fe62acb!2sDecomat!5e0!3m2!1sca!2ses!4v1421326897556\" width=\"600\" height=\"450\" frameborder=\"0\" style=\"border:0\"><\/iframe><\/p>\n<p><small><a href=\"https:\/\/www.google.com\/maps\/d\/embed?mid=zRgDMSnjxA6E.kPOV5aCLEznw\" style=\"color:#0000FF;text-align:left\">Mostra un mapa m\u00e9s gran<\/a><\/small><\/p>\n<p>Tel. 93.725.85.05<\/p>\n<p>Carrer Pare Sallar\u00e8s, 4 local C<br \/>\n08201 SABADELL<\/p>","protected":false},"excerpt":{"rendered":"<p>On som \/ Localitzaci\u00f3 &nbsp; Mostra un mapa m\u00e9s gran Tel. 93.725.85.05 Carrer Pare Sallar\u00e8s, 4 local C 08201 SABADELL<\/p>\n","protected":false},"author":8979,"featured_media":0,"parent":1084,"menu_order":0,"comment_status":"open","ping_status":"closed","template":"page-FullWidth.php","meta":{"_monsterinsights_skip_tracking":false,"_monsterinsights_sitenote_active":false,"_monsterinsights_sitenote_note":"","_monsterinsights_sitenote_category":0,"ngg_post_thumbnail":0,"footnotes":""},"class_list":["post-873","page","type-page","status-publish","hentry"],"yoast_head":"<!-- This site is optimized with the Yoast SEO plugin v27.3 - https:\/\/yoast.com\/product\/yoast-seo-wordpress\/ -->\n<title>On som \/ Localitzaci\u00f3 - decomat<\/title>\n<meta name=\"robots\" content=\"index, follow, max-snippet:-1, max-image-preview:large, max-video-preview:-1\" \/>\n<link rel=\"canonical\" href=\"https:\/\/decomat.com\/en\/conocenos\/localizacion\/\" \/>\n<meta property=\"og:locale\" content=\"ca_ES\" \/>\n<meta property=\"og:type\" content=\"article\" \/>\n<meta property=\"og:title\" content=\"On som \/ Localitzaci\u00f3 - decomat\" \/>\n<meta property=\"og:description\" content=\"On som \/ Localitzaci\u00f3 &nbsp; Mostra un mapa m\u00e9s gran Tel. 93.725.85.05 Carrer Pare Sallar\u00e8s, 4 local C 08201 SABADELL\" \/>\n<meta property=\"og:url\" content=\"https:\/\/decomat.com\/en\/conocenos\/localizacion\/\" \/>\n<meta property=\"og:site_name\" content=\"decomat\" \/>\n<meta property=\"article:modified_time\" content=\"2015-01-15T15:50:48+00:00\" \/>\n<meta name=\"twitter:card\" content=\"summary_large_image\" \/>\n<script type=\"application\/ld+json\" class=\"yoast-schema-graph\">{\"@context\":\"https:\\\/\\\/schema.org\",\"@graph\":[{\"@type\":\"WebPage\",\"@id\":\"https:\\\/\\\/decomat.com\\\/en\\\/conocenos\\\/localizacion\\\/\",\"url\":\"https:\\\/\\\/decomat.com\\\/en\\\/conocenos\\\/localizacion\\\/\",\"name\":\"On som \\\/ Localitzaci\u00f3 - decomat\",\"isPartOf\":{\"@id\":\"https:\\\/\\\/decomat.com\\\/ca\\\/#website\"},\"datePublished\":\"2012-04-11T14:24:37+00:00\",\"dateModified\":\"2015-01-15T15:50:48+00:00\",\"breadcrumb\":{\"@id\":\"https:\\\/\\\/decomat.com\\\/en\\\/conocenos\\\/localizacion\\\/#breadcrumb\"},\"inLanguage\":\"ca-ES\",\"potentialAction\":[{\"@type\":\"ReadAction\",\"target\":[\"https:\\\/\\\/decomat.com\\\/en\\\/conocenos\\\/localizacion\\\/\"]}]},{\"@type\":\"BreadcrumbList\",\"@id\":\"https:\\\/\\\/decomat.com\\\/en\\\/conocenos\\\/localizacion\\\/#breadcrumb\",\"itemListElement\":[{\"@type\":\"ListItem\",\"position\":1,\"name\":\"Portada\",\"item\":\"https:\\\/\\\/decomat.com\\\/ca\\\/\"},{\"@type\":\"ListItem\",\"position\":2,\"name\":\"Abaut us\",\"item\":\"https:\\\/\\\/decomat.com\\\/en\\\/conocenos\\\/\"},{\"@type\":\"ListItem\",\"position\":3,\"name\":\"Where we are \\\/ Location\"}]},{\"@type\":\"WebSite\",\"@id\":\"https:\\\/\\\/decomat.com\\\/ca\\\/#website\",\"url\":\"https:\\\/\\\/decomat.com\\\/ca\\\/\",\"name\":\"decomat\",\"description\":\"Material decoraci\u00f3\",\"potentialAction\":[{\"@type\":\"SearchAction\",\"target\":{\"@type\":\"EntryPoint\",\"urlTemplate\":\"https:\\\/\\\/decomat.com\\\/ca\\\/?s={search_term_string}\"},\"query-input\":{\"@type\":\"PropertyValueSpecification\",\"valueRequired\":true,\"valueName\":\"search_term_string\"}}],\"inLanguage\":\"ca-ES\"}]}<\/script>\n<!-- \/ Yoast SEO plugin. -->","yoast_head_json":{"title":"On som \/ Localitzaci\u00f3 - decomat","robots":{"index":"index","follow":"follow","max-snippet":"max-snippet:-1","max-image-preview":"max-image-preview:large","max-video-preview":"max-video-preview:-1"},"canonical":"https:\/\/decomat.com\/en\/conocenos\/localizacion\/","og_locale":"ca_ES","og_type":"article","og_title":"On som \/ Localitzaci\u00f3 - decomat","og_description":"On som \/ Localitzaci\u00f3 &nbsp; Mostra un mapa m\u00e9s gran Tel. 93.725.85.05 Carrer Pare Sallar\u00e8s, 4 local C 08201 SABADELL","og_url":"https:\/\/decomat.com\/en\/conocenos\/localizacion\/","og_site_name":"decomat","article_modified_time":"2015-01-15T15:50:48+00:00","twitter_card":"summary_large_image","schema":{"@context":"https:\/\/schema.org","@graph":[{"@type":"WebPage","@id":"https:\/\/decomat.com\/en\/conocenos\/localizacion\/","url":"https:\/\/decomat.com\/en\/conocenos\/localizacion\/","name":"On som \/ Localitzaci\u00f3 - decomat","isPartOf":{"@id":"https:\/\/decomat.com\/ca\/#website"},"datePublished":"2012-04-11T14:24:37+00:00","dateModified":"2015-01-15T15:50:48+00:00","breadcrumb":{"@id":"https:\/\/decomat.com\/en\/conocenos\/localizacion\/#breadcrumb"},"inLanguage":"ca-ES","potentialAction":[{"@type":"ReadAction","target":["https:\/\/decomat.com\/en\/conocenos\/localizacion\/"]}]},{"@type":"BreadcrumbList","@id":"https:\/\/decomat.com\/en\/conocenos\/localizacion\/#breadcrumb","itemListElement":[{"@type":"ListItem","position":1,"name":"Portada","item":"https:\/\/decomat.com\/ca\/"},{"@type":"ListItem","position":2,"name":"Abaut us","item":"https:\/\/decomat.com\/en\/conocenos\/"},{"@type":"ListItem","position":3,"name":"Where we are \/ Location"}]},{"@type":"WebSite","@id":"https:\/\/decomat.com\/ca\/#website","url":"https:\/\/decomat.com\/ca\/","name":"decomat","description":"Material decoraci\u00f3","potentialAction":[{"@type":"SearchAction","target":{"@type":"EntryPoint","urlTemplate":"https:\/\/decomat.com\/ca\/?s={search_term_string}"},"query-input":{"@type":"PropertyValueSpecification","valueRequired":true,"valueName":"search_term_string"}}],"inLanguage":"ca-ES"}]}},"_links":{"self":[{"href":"https:\/\/decomat.com\/ca\/wp-json\/wp\/v2\/pages\/873","targetHints":{"allow":["GET"]}}],"collection":[{"href":"https:\/\/decomat.com\/ca\/wp-json\/wp\/v2\/pages"}],"about":[{"href":"https:\/\/decomat.com\/ca\/wp-json\/wp\/v2\/types\/page"}],"author":[{"embeddable":true,"href":"https:\/\/decomat.com\/ca\/wp-json\/wp\/v2\/users\/8979"}],"replies":[{"embeddable":true,"href":"https:\/\/decomat.com\/ca\/wp-json\/wp\/v2\/comments?post=873"}],"version-history":[{"count":17,"href":"https:\/\/decomat.com\/ca\/wp-json\/wp\/v2\/pages\/873\/revisions"}],"predecessor-version":[{"id":5835,"href":"https:\/\/decomat.com\/ca\/wp-json\/wp\/v2\/pages\/873\/revisions\/5835"}],"up":[{"embeddable":true,"href":"https:\/\/decomat.com\/ca\/wp-json\/wp\/v2\/pages\/1084"}],"wp:attachment":[{"href":"https:\/\/decomat.com\/ca\/wp-json\/wp\/v2\/media?parent=873"}],"curies":[{"name":"wp","href":"https:\/\/api.w.org\/{rel}","templated":true}]}}