{"id":895,"date":"2012-04-11T14:49:24","date_gmt":"2012-04-11T14:49:24","guid":{"rendered":"http:\/\/www.decomat.com\/?page_id=895"},"modified":"2012-12-07T02:02:35","modified_gmt":"2012-12-07T00:02:35","slug":"vision","status":"publish","type":"page","link":"https:\/\/decomat.com\/ca\/conocenos\/como-somos\/vision\/","title":{"rendered":"Visi\u00f3"},"content":{"rendered":"<p><\/p>\n<h1>Visi\u00f3<\/h1>\n<p>&nbsp;<\/p>\n<p>Per tal d\u2019assolir la nostra missi\u00f3, a Decomat<strong> <\/strong>treballem seguint procediments que:<\/p>\n<ul>\n<li>Millorin cont\u00ednuament els nostres serveis i\u00a0excel\u00b7leixin en la gesti\u00f3. (Realitzant una gesti\u00f3 de qualitat, emprant t\u00e8cniques de planificaci\u00f3 i control, prevenci\u00f3 i millora cont\u00ednua en cadascuna de les nostres obres).<\/li>\n<li>Prescriguin adecuadament als nostres clients.<\/li>\n<li>Millorin cont\u00ednuament els nostres productes.<\/li>\n<li>Considerin l\u2019entorn i el medi ambient.<\/li>\n<\/ul>\n<p><strong>Som professionals en decoraci\u00f3 d\u2019interiors<\/strong>, capa\u00e7os d\u2019oferir als nostres clients qualsevol soluci\u00f3. Per aix\u00f2\u00a0ampliem i\u00a0millorem\u00a0la nostra cartera de productes, disposem de les principals marques del sector,\u00a0hem ampliat i renovat les nostres instal\u00b7lacions, entre d\u2019altres avantatges.<br \/>\nD\u2019aquesta manera, poc a poc, Decomat es converteix en una de les empreses m\u00e9s destacades del sector de la Decoraci\u00f3.<\/p>\n<p>Els mercats als quals ens dirigim i que\u00a0necessiten els nostres productes i serveis, van\u00a0des de particulars i\u00a0comunitats fins a petites i mitjanes empreses de tots els sectors d&#8217;activitat (sector de la construcci\u00f3 i activitats afins, sector industrial i de serveis).<\/p>\n<p>&nbsp;<\/p>\n<p>&nbsp;<\/p>","protected":false},"excerpt":{"rendered":"<p>Visi\u00f3 &nbsp; Per tal d\u2019assolir la nostra missi\u00f3, a Decomat treballem seguint procediments que: Millorin cont\u00ednuament els nostres serveis i\u00a0excel\u00b7leixin en la gesti\u00f3. (Realitzant una gesti\u00f3 de qualitat, emprant t\u00e8cniques de planificaci\u00f3 i control, prevenci\u00f3 i millora cont\u00ednua en cadascuna de les nostres obres). Prescriguin adecuadament als nostres clients. Millorin cont\u00ednuament els nostres productes. Considerin [&hellip;]<\/p>\n","protected":false},"author":8979,"featured_media":0,"parent":891,"menu_order":0,"comment_status":"open","ping_status":"closed","template":"","meta":{"_monsterinsights_skip_tracking":false,"_monsterinsights_sitenote_active":false,"_monsterinsights_sitenote_note":"","_monsterinsights_sitenote_category":0,"ngg_post_thumbnail":0,"footnotes":""},"class_list":["post-895","page","type-page","status-publish","hentry"],"yoast_head":"<!-- This site is optimized with the Yoast SEO plugin v27.4 - https:\/\/yoast.com\/product\/yoast-seo-wordpress\/ -->\n<title>Visi\u00f3 - decomat<\/title>\n<meta name=\"robots\" content=\"index, follow, max-snippet:-1, max-image-preview:large, max-video-preview:-1\" \/>\n<link rel=\"canonical\" href=\"https:\/\/decomat.com\/en\/conocenos\/como-somos\/vision\/\" \/>\n<meta property=\"og:locale\" content=\"ca_ES\" \/>\n<meta property=\"og:type\" content=\"article\" \/>\n<meta property=\"og:title\" content=\"Visi\u00f3 - decomat\" \/>\n<meta property=\"og:description\" content=\"Visi\u00f3 &nbsp; Per tal d\u2019assolir la nostra missi\u00f3, a Decomat treballem seguint procediments que: Millorin cont\u00ednuament els nostres serveis i\u00a0excel\u00b7leixin en la gesti\u00f3. (Realitzant una gesti\u00f3 de qualitat, emprant t\u00e8cniques de planificaci\u00f3 i control, prevenci\u00f3 i millora cont\u00ednua en cadascuna de les nostres obres). Prescriguin adecuadament als nostres clients. Millorin cont\u00ednuament els nostres productes. Considerin [&hellip;]\" \/>\n<meta property=\"og:url\" content=\"https:\/\/decomat.com\/en\/conocenos\/como-somos\/vision\/\" \/>\n<meta property=\"og:site_name\" content=\"decomat\" \/>\n<meta property=\"article:modified_time\" content=\"2012-12-07T00:02:35+00:00\" \/>\n<meta name=\"twitter:card\" content=\"summary_large_image\" \/>\n<meta name=\"twitter:label1\" content=\"Est. reading time\" \/>\n\t<meta name=\"twitter:data1\" content=\"1 minute\" \/>\n<script type=\"application\/ld+json\" class=\"yoast-schema-graph\">{\"@context\":\"https:\\\/\\\/schema.org\",\"@graph\":[{\"@type\":\"WebPage\",\"@id\":\"https:\\\/\\\/decomat.com\\\/en\\\/conocenos\\\/como-somos\\\/vision\\\/\",\"url\":\"https:\\\/\\\/decomat.com\\\/en\\\/conocenos\\\/como-somos\\\/vision\\\/\",\"name\":\"Visi\u00f3 - decomat\",\"isPartOf\":{\"@id\":\"https:\\\/\\\/decomat.com\\\/ca\\\/#website\"},\"datePublished\":\"2012-04-11T14:49:24+00:00\",\"dateModified\":\"2012-12-07T00:02:35+00:00\",\"breadcrumb\":{\"@id\":\"https:\\\/\\\/decomat.com\\\/en\\\/conocenos\\\/como-somos\\\/vision\\\/#breadcrumb\"},\"inLanguage\":\"ca-ES\",\"potentialAction\":[{\"@type\":\"ReadAction\",\"target\":[\"https:\\\/\\\/decomat.com\\\/en\\\/conocenos\\\/como-somos\\\/vision\\\/\"]}]},{\"@type\":\"BreadcrumbList\",\"@id\":\"https:\\\/\\\/decomat.com\\\/en\\\/conocenos\\\/como-somos\\\/vision\\\/#breadcrumb\",\"itemListElement\":[{\"@type\":\"ListItem\",\"position\":1,\"name\":\"Portada\",\"item\":\"https:\\\/\\\/decomat.com\\\/ca\\\/\"},{\"@type\":\"ListItem\",\"position\":2,\"name\":\"Abaut us\",\"item\":\"https:\\\/\\\/decomat.com\\\/en\\\/conocenos\\\/\"},{\"@type\":\"ListItem\",\"position\":3,\"name\":\"How we&#8217;re\",\"item\":\"https:\\\/\\\/decomat.com\\\/en\\\/conocenos\\\/como-somos\\\/\"},{\"@type\":\"ListItem\",\"position\":4,\"name\":\"Vision\"}]},{\"@type\":\"WebSite\",\"@id\":\"https:\\\/\\\/decomat.com\\\/ca\\\/#website\",\"url\":\"https:\\\/\\\/decomat.com\\\/ca\\\/\",\"name\":\"decomat\",\"description\":\"Material decoraci\u00f3\",\"potentialAction\":[{\"@type\":\"SearchAction\",\"target\":{\"@type\":\"EntryPoint\",\"urlTemplate\":\"https:\\\/\\\/decomat.com\\\/ca\\\/?s={search_term_string}\"},\"query-input\":{\"@type\":\"PropertyValueSpecification\",\"valueRequired\":true,\"valueName\":\"search_term_string\"}}],\"inLanguage\":\"ca-ES\"}]}<\/script>\n<!-- \/ Yoast SEO plugin. -->","yoast_head_json":{"title":"Visi\u00f3 - decomat","robots":{"index":"index","follow":"follow","max-snippet":"max-snippet:-1","max-image-preview":"max-image-preview:large","max-video-preview":"max-video-preview:-1"},"canonical":"https:\/\/decomat.com\/en\/conocenos\/como-somos\/vision\/","og_locale":"ca_ES","og_type":"article","og_title":"Visi\u00f3 - decomat","og_description":"Visi\u00f3 &nbsp; Per tal d\u2019assolir la nostra missi\u00f3, a Decomat treballem seguint procediments que: Millorin cont\u00ednuament els nostres serveis i\u00a0excel\u00b7leixin en la gesti\u00f3. (Realitzant una gesti\u00f3 de qualitat, emprant t\u00e8cniques de planificaci\u00f3 i control, prevenci\u00f3 i millora cont\u00ednua en cadascuna de les nostres obres). Prescriguin adecuadament als nostres clients. Millorin cont\u00ednuament els nostres productes. Considerin [&hellip;]","og_url":"https:\/\/decomat.com\/en\/conocenos\/como-somos\/vision\/","og_site_name":"decomat","article_modified_time":"2012-12-07T00:02:35+00:00","twitter_card":"summary_large_image","twitter_misc":{"Est. reading time":"1 minute"},"schema":{"@context":"https:\/\/schema.org","@graph":[{"@type":"WebPage","@id":"https:\/\/decomat.com\/en\/conocenos\/como-somos\/vision\/","url":"https:\/\/decomat.com\/en\/conocenos\/como-somos\/vision\/","name":"Visi\u00f3 - decomat","isPartOf":{"@id":"https:\/\/decomat.com\/ca\/#website"},"datePublished":"2012-04-11T14:49:24+00:00","dateModified":"2012-12-07T00:02:35+00:00","breadcrumb":{"@id":"https:\/\/decomat.com\/en\/conocenos\/como-somos\/vision\/#breadcrumb"},"inLanguage":"ca-ES","potentialAction":[{"@type":"ReadAction","target":["https:\/\/decomat.com\/en\/conocenos\/como-somos\/vision\/"]}]},{"@type":"BreadcrumbList","@id":"https:\/\/decomat.com\/en\/conocenos\/como-somos\/vision\/#breadcrumb","itemListElement":[{"@type":"ListItem","position":1,"name":"Portada","item":"https:\/\/decomat.com\/ca\/"},{"@type":"ListItem","position":2,"name":"Abaut us","item":"https:\/\/decomat.com\/en\/conocenos\/"},{"@type":"ListItem","position":3,"name":"How we&#8217;re","item":"https:\/\/decomat.com\/en\/conocenos\/como-somos\/"},{"@type":"ListItem","position":4,"name":"Vision"}]},{"@type":"WebSite","@id":"https:\/\/decomat.com\/ca\/#website","url":"https:\/\/decomat.com\/ca\/","name":"decomat","description":"Material decoraci\u00f3","potentialAction":[{"@type":"SearchAction","target":{"@type":"EntryPoint","urlTemplate":"https:\/\/decomat.com\/ca\/?s={search_term_string}"},"query-input":{"@type":"PropertyValueSpecification","valueRequired":true,"valueName":"search_term_string"}}],"inLanguage":"ca-ES"}]}},"_links":{"self":[{"href":"https:\/\/decomat.com\/ca\/wp-json\/wp\/v2\/pages\/895","targetHints":{"allow":["GET"]}}],"collection":[{"href":"https:\/\/decomat.com\/ca\/wp-json\/wp\/v2\/pages"}],"about":[{"href":"https:\/\/decomat.com\/ca\/wp-json\/wp\/v2\/types\/page"}],"author":[{"embeddable":true,"href":"https:\/\/decomat.com\/ca\/wp-json\/wp\/v2\/users\/8979"}],"replies":[{"embeddable":true,"href":"https:\/\/decomat.com\/ca\/wp-json\/wp\/v2\/comments?post=895"}],"version-history":[{"count":10,"href":"https:\/\/decomat.com\/ca\/wp-json\/wp\/v2\/pages\/895\/revisions"}],"predecessor-version":[{"id":5170,"href":"https:\/\/decomat.com\/ca\/wp-json\/wp\/v2\/pages\/895\/revisions\/5170"}],"up":[{"embeddable":true,"href":"https:\/\/decomat.com\/ca\/wp-json\/wp\/v2\/pages\/891"}],"wp:attachment":[{"href":"https:\/\/decomat.com\/ca\/wp-json\/wp\/v2\/media?parent=895"}],"curies":[{"name":"wp","href":"https:\/\/api.w.org\/{rel}","templated":true}]}}