{"id":997,"date":"2012-04-11T16:38:01","date_gmt":"2012-04-11T16:38:01","guid":{"rendered":"http:\/\/www.decomat.com\/?page_id=997"},"modified":"2014-04-01T17:27:22","modified_gmt":"2014-04-01T15:27:22","slug":"buscar-materiales","status":"publish","type":"page","link":"https:\/\/decomat.com\/ca\/materiales\/buscar-materiales\/","title":{"rendered":"Cercar materials"},"content":{"rendered":"<p><\/p>\n<h2>Cercar materials decoraci\u00f3:<\/h2>\n<p>Els materials poden agrupar-se i definir-se en funci\u00f3 de diversos punts de vista.<\/p>\n<h2>Materials decoraci\u00f3 segons situaci\u00f3 en habitatge:<\/h2>\n<p><img loading=\"lazy\" decoding=\"async\" class=\"alignnone\" src=\"https:\/\/www.decomat.com\/imatges\/decomat\/materials\/casa.jpg; x-mac-creator=6F676C65; x-mac-type=4A504547.jpeg\" alt=\"\" width=\"586\" height=\"539\" \/><\/p>\n<p>Aqu\u00ed podreu trobar la soluci\u00f3, en diferents <a href=\"https:\/\/www.decomat.com\/materiales\/\">materials<\/a> de decoraci\u00f3 i construcci\u00f3, per sentir-vos c\u00f2modes en l&#8217;espai (mirar imatge superior diferents espais vivenda) que desitgeu decorar amb bon gust, ordre i equilibri.<\/p>\n<p>&nbsp;<\/p>\n<p>&nbsp;<\/p>\n<h2>Materials decoraci\u00f3 segons\u00a0productes:<\/h2>\n<h3><\/h3>\n<h3>\u00a0\u00a0\u00a0<a href=\"https:\/\/www.decomat.com\/materiales\/cortina-toldo\/\"><img loading=\"lazy\" decoding=\"async\" class=\"alignnone\" src=\"https:\/\/www.decomat.com\/imatges\/decomat\/materials\/cercar\/cat\/cortinamotturaarc.jpg\" alt=\"\" width=\"158\" height=\"184\" \/><\/a>\u00a0 <a href=\"https:\/\/www.decomat.com\/materiales\/cerramiento\/ventana\/\"><img loading=\"lazy\" decoding=\"async\" class=\"alignnone\" src=\"https:\/\/www.decomat.com\/imatges\/decomat\/materials\/cercar\/cat\/panyporta.jpg\" alt=\"\" width=\"130\" height=\"184\" \/><img loading=\"lazy\" decoding=\"async\" class=\"alignnone\" src=\"https:\/\/www.decomat.com\/imatges\/decomat\/materials\/cercar\/cat\/finestra.jpg\" alt=\"\" width=\"124\" height=\"184\" \/><\/a>\u00a0 <a href=\"https:\/\/www.decomat.com\/materiales\/pavimento-suelo\/\"><img loading=\"lazy\" decoding=\"async\" class=\"alignnone\" src=\"https:\/\/www.decomat.com\/imatges\/decomat\/materials\/cercar\/cat\/pavimentfibraescales.gif\" alt=\"\" width=\"147\" height=\"183\" \/><\/a><\/h3>\n<h3>\u00a0\u00a0\u00a0\u00a0\u00a0\u00a0\u00a0\u00a0\u00a0\u00a0\u00a0\u00a0\u00a0 <a href=\"https:\/\/www.decomat.com\/materiales\/cortina-toldo\/\">cortines<\/a>\u00a0\u00a0\u00a0\u00a0\u00a0\u00a0\u00a0\u00a0\u00a0\u00a0\u00a0\u00a0\u00a0\u00a0\u00a0\u00a0\u00a0\u00a0\u00a0\u00a0\u00a0\u00a0\u00a0\u00a0\u00a0\u00a0\u00a0<a href=\"https:\/\/www.decomat.com\/materiales\/cerramiento\/ventana\/\">tancaments<\/a>\u00a0\u00a0\u00a0\u00a0\u00a0 \u00a0\u00a0\u00a0\u00a0\u00a0\u00a0\u00a0\u00a0\u00a0<a href=\"https:\/\/www.decomat.com\/materiales\/pavimento-suelo\/\">paviments<\/a><\/h3>\n<p>&nbsp;<\/p>\n<p>&nbsp;<\/p>\n<h3><a href=\"https:\/\/www.decomat.com\/materiales\/escalera\/revestimiento\/\"><img loading=\"lazy\" decoding=\"async\" class=\"alignnone\" src=\"https:\/\/www.decomat.com\/imatges\/decomat\/materials\/cercar\/cat\/paretparedecfustes.gif\" alt=\"\" width=\"166\" height=\"176\" \/><\/a>\u00a0\u00a0 <a href=\"https:\/\/www.decomat.com\/materiales\/aislante\/\"><img loading=\"lazy\" decoding=\"async\" class=\"alignnone\" src=\"https:\/\/www.decomat.com\/imatges\/decomat\/materials\/cercar\/cat\/a\u00efllamenttermicparets.gif\" alt=\"\" width=\"193\" height=\"174\" \/><\/a>\u00a0 <a href=\"https:\/\/www.decomat.com\/materiales\/mueble\/\"><img loading=\"lazy\" decoding=\"async\" class=\"alignnone\" src=\"https:\/\/www.decomat.com\/imatges\/decomat\/materials\/cercar\/cat\/moblesmenjador.gif\" alt=\"\" width=\"194\" height=\"172\" \/><\/a><\/h3>\n<h3>\u00a0\u00a0\u00a0\u00a0\u00a0\u00a0 \u00a0\u00a0<a href=\"https:\/\/www.decomat.com\/materiales\/escalera\/revestimiento\/\">revestiments<\/a>\u00a0\u00a0\u00a0\u00a0\u00a0\u00a0\u00a0\u00a0\u00a0\u00a0\u00a0\u00a0 <a href=\"https:\/\/www.decomat.com\/materiales\/aislante\/\">a\u00efllant<\/a>\u00a0\u00a0\u00a0\u00a0\u00a0\u00a0\u00a0\u00a0\u00a0\u00a0\u00a0\u00a0\u00a0\u00a0\u00a0\u00a0\u00a0\u00a0\u00a0\u00a0\u00a0\u00a0\u00a0\u00a0\u00a0\u00a0\u00a0\u00a0\u00a0\u00a0\u00a0\u00a0<a href=\"https:\/\/www.decomat.com\/materiales\/mueble\/\">mobles<\/a><\/h3>\n<p>&nbsp;<\/p>\n<h3><a href=\"https:\/\/www.decomat.com\/materiales\/luz\/\"><img loading=\"lazy\" decoding=\"async\" class=\"alignnone\" src=\"https:\/\/www.decomat.com\/imatges\/decomat\/materials\/cercar\/cat\/llumaranya.jpeg\" alt=\"\" width=\"97\" height=\"133\" \/><img loading=\"lazy\" decoding=\"async\" src=\"https:\/\/www.decomat.com\/imatges\/decomat\/materials\/cercar\/cat\/llumsostre.jpeg\" alt=\"\" width=\"89\" height=\"142\" \/><\/a><\/h3>\n<h3>\u00a0\u00a0\u00a0\u00a0\u00a0\u00a0\u00a0\u00a0\u00a0\u00a0\u00a0\u00a0\u00a0\u00a0\u00a0 \u00a0\u00a0\u00a0 <a href=\"https:\/\/www.decomat.com\/materiales\/luz\/\">il\u00b7luminaci\u00f3\u00a0<\/a>\u00a0\u00a0\u00a0\u00a0\u00a0\u00a0\u00a0\u00a0\u00a0\u00a0\u00a0\u00a0\u00a0 escales \/ ascensors\u00a0\u00a0complements<\/h3>\n<p>&nbsp;<\/p>\n<p>&nbsp;<\/p>\n<p>&nbsp;<\/p>\n<h2>Materials decoraci\u00f3 segons estil i tend\u00e8ncies:<\/h2>\n<p>Per aix\u00f2, us resultar\u00e0 necessari saber <a href=\"https:\/\/www.decomat.com\/materiales\/buscar-materiales\/otras-clasificaciones\/\">l&#8217;estil (materials segons estil)<\/a> que voldreu utilitzar, segons el vostre gust particular i el contexte de l&#8217;espai. Per\u00f2 tamb\u00e9 haureu de tenir en compte les <a href=\"http:\/\/https:\/\/www.decomat.com\/materiales\/buscar-materiales\/otras-clasificaciones\/\">tend\u00e8ncies<\/a> que marquen els estils m\u00e9s utilitzats, de forma que no tant sols us sentiu c\u00f2modes vosaltres, sino que sigui un reflex de la vostra personalitat que tamb\u00e9 fagi sentir-se c\u00f2mode a tot aquell qui utilitzi l&#8217;espai decorat.<\/p>\n<h2><\/h2>\n<h2><\/h2>\n<h2>Materials decoraci\u00f3\u00a0segons marques (fabricant):<\/h2>\n<p>Tamb\u00e9 hi trobareu diferents marques com:<\/p>\n<p><img loading=\"lazy\" decoding=\"async\" class=\"alignnone\" src=\"https:\/\/www.decomat.com\/imatges\/decomat\/materials\/cercar\/marques\/aillaments\/illlbrucklogo.gif\" alt=\"\" width=\"130\" height=\"21\" \/>\u00a0 <img loading=\"lazy\" decoding=\"async\" class=\"alignnone\" src=\"https:\/\/www.decomat.com\/imatges\/decomat\/materials\/cercar\/marques\/cortines\/logo_hunter_douglas3.gif\" alt=\"\" width=\"146\" height=\"36\" \/>\u00a0<img loading=\"lazy\" decoding=\"async\" class=\"alignnone\" src=\"https:\/\/www.decomat.com\/imatges\/decomat\/materials\/cercar\/marques\/finestres\/marcaVelux.jpg\" alt=\"\" width=\"117\" height=\"35\" \/>\u00a0<img loading=\"lazy\" decoding=\"async\" class=\"alignnone\" src=\"https:\/\/www.decomat.com\/imatges\/decomat\/materials\/cercar\/marques\/sostre\/Logo_armstrong_dlw_small.gif\" alt=\"\" width=\"155\" height=\"41\" \/>, &#8230;etc<\/p>\n<p>cliqueu en aquest <a href=\"https:\/\/www.decomat.com\/materiales\/buscar-materiales\/seguns-marca\/\">enlla\u00e7 marques <\/a>per trobar tota la resta.<\/p>\n<h2><\/h2>\n<h2><\/h2>\n<h2>Materials decoraci\u00f3\u00a0segons or\u00edgen:<\/h2>\n<h2>Materials decoraci\u00f3\u00a0segons tipus de material:<\/h2>\n<h2>Materials de decoraci\u00f3 segons funcionalitat:<\/h2>\n<h3>\u00a0\u00a0\u00a0\u00a0\u00a0\u00a0 \u00a0Materials decoraci\u00f3 amb propietats ac\u00fastiques<\/h3>\n<h3>\u00a0\u00a0\u00a0\u00a0\u00a0\u00a0 \u00a0 Materials de decoraci\u00f3 amb propietats t\u00e8rmiques<\/h3>\n<h3>\u00a0\u00a0\u00a0\u00a0\u00a0\u00a0 \u00a0 Materials de decoraci\u00f3 amb propietats hidr\u00f2fugues (Registents a l&#8217;aigua)<\/h3>\n<h3>\u00a0\u00a0\u00a0\u00a0\u00a0\u00a0 \u00a0 Materials de decoraci\u00f3 amb propietats ign\u00edfugues (Registents al foc)<\/h3>\n<h3>\u00a0\u00a0\u00a0\u00a0\u00a0 \u00a0\u00a0 Materials de decoraci\u00f3 amb regist\u00e8ncia a la compressi\u00f3 o a la tensi\u00f3<\/h3>\n<h3>\u00a0 \u00a0\u00a0\u00a0\u00a0\u00a0\u00a0 Materials de decoraci\u00f3 Higi\u00e8nics<\/h3>\n<h3>\u00a0 \u00a0\u00a0\u00a0\u00a0\u00a0\u00a0 Materials de decoraci\u00f3 Transmissors o emissors de llum<\/h3>\n<h3>\u00a0\u00a0\u00a0Materials\u00a0 de decoraci\u00f3 per a Seguretat<\/h3>\n<h3><\/h3>\n<h2>Materials decoraci\u00f3\u00a0sostenibles:<\/h2>\n<h2>Materials decoraci\u00f3 per ordre alfab\u00e8tic:<\/h2>\n<h2>Nous productes:<\/h2>\n<h2>Tots els materials:<\/h2>\n<p>&nbsp;<\/p>\n<p>No dubteu a <a href=\"https:\/\/www.decomat.com\/contacto\/\">contactar<\/a> amb nosaltres per a tot all\u00f2 relacionat amb la decoraci\u00f3 que necesiteu, estem a la vostra disposici\u00f3.<\/p>\n<p>Tamb\u00e9 podeu:<br \/>\n1) Participar a la secci\u00f3: <a href=\"https:\/\/www.decomat.com\/conocenos\/forum\/\">Forum (forum)<\/a> i\/o a la web 2.0 (decoraci\u00f3 web 2.0) aportant els vostres coneixements, col.laborant a resoldre o plantejant dubtes<br \/>\n2) Consultar les preguntes m\u00e9s freq\u00fcents (<a href=\"https:\/\/www.decomat.com\/conocenos\/web\/faq\/\">faq<\/a>)<\/p>\n<p>&nbsp;<\/p>","protected":false},"excerpt":{"rendered":"<p>Cercar materials decoraci\u00f3: Els materials poden agrupar-se i definir-se en funci\u00f3 de diversos punts de vista. Materials decoraci\u00f3 segons situaci\u00f3 en habitatge: Aqu\u00ed podreu trobar la soluci\u00f3, en diferents materials de decoraci\u00f3 i construcci\u00f3, per sentir-vos c\u00f2modes en l&#8217;espai (mirar imatge superior diferents espais vivenda) que desitgeu decorar amb bon gust, ordre i equilibri. &nbsp; [&hellip;]<\/p>\n","protected":false},"author":8979,"featured_media":0,"parent":709,"menu_order":9,"comment_status":"open","ping_status":"closed","template":"","meta":{"_monsterinsights_skip_tracking":false,"_monsterinsights_sitenote_active":false,"_monsterinsights_sitenote_note":"","_monsterinsights_sitenote_category":0,"ngg_post_thumbnail":0,"footnotes":""},"class_list":["post-997","page","type-page","status-publish","hentry"],"yoast_head":"<!-- This site is optimized with the Yoast SEO plugin v27.4 - https:\/\/yoast.com\/product\/yoast-seo-wordpress\/ -->\n<title>Cercar materials - decomat<\/title>\n<meta name=\"robots\" content=\"index, follow, max-snippet:-1, max-image-preview:large, max-video-preview:-1\" \/>\n<link rel=\"canonical\" href=\"https:\/\/decomat.com\/ca\/materiales\/buscar-materiales\/\" \/>\n<meta property=\"og:locale\" content=\"ca_ES\" \/>\n<meta property=\"og:type\" content=\"article\" \/>\n<meta property=\"og:title\" content=\"Cercar materials - decomat\" \/>\n<meta property=\"og:description\" content=\"Cercar materials decoraci\u00f3: Els materials poden agrupar-se i definir-se en funci\u00f3 de diversos punts de vista. Materials decoraci\u00f3 segons situaci\u00f3 en habitatge: Aqu\u00ed podreu trobar la soluci\u00f3, en diferents materials de decoraci\u00f3 i construcci\u00f3, per sentir-vos c\u00f2modes en l&#8217;espai (mirar imatge superior diferents espais vivenda) que desitgeu decorar amb bon gust, ordre i equilibri. &nbsp; [&hellip;]\" \/>\n<meta property=\"og:url\" content=\"https:\/\/decomat.com\/ca\/materiales\/buscar-materiales\/\" \/>\n<meta property=\"og:site_name\" content=\"decomat\" \/>\n<meta property=\"article:modified_time\" content=\"2014-04-01T15:27:22+00:00\" \/>\n<meta property=\"og:image\" content=\"https:\/\/www.decomat.com\/imatges\/decomat\/materials\/casa.jpg;%20x-mac-creator=6F676C65;%20x-mac-type=4A504547.jpeg\" \/>\n<meta name=\"twitter:card\" content=\"summary_large_image\" \/>\n<meta name=\"twitter:label1\" content=\"Est. reading time\" \/>\n\t<meta name=\"twitter:data1\" content=\"4 minutes\" \/>\n<script type=\"application\/ld+json\" class=\"yoast-schema-graph\">{\"@context\":\"https:\\\/\\\/schema.org\",\"@graph\":[{\"@type\":\"WebPage\",\"@id\":\"https:\\\/\\\/decomat.com\\\/ca\\\/materiales\\\/buscar-materiales\\\/\",\"url\":\"https:\\\/\\\/decomat.com\\\/ca\\\/materiales\\\/buscar-materiales\\\/\",\"name\":\"Cercar materials - decomat\",\"isPartOf\":{\"@id\":\"https:\\\/\\\/decomat.com\\\/ca\\\/#website\"},\"primaryImageOfPage\":{\"@id\":\"https:\\\/\\\/decomat.com\\\/ca\\\/materiales\\\/buscar-materiales\\\/#primaryimage\"},\"image\":{\"@id\":\"https:\\\/\\\/decomat.com\\\/ca\\\/materiales\\\/buscar-materiales\\\/#primaryimage\"},\"thumbnailUrl\":\"https:\\\/\\\/www.decomat.com\\\/imatges\\\/decomat\\\/materials\\\/cercar\\\/cat\\\/cortinamotturaarc.jpg\",\"datePublished\":\"2012-04-11T16:38:01+00:00\",\"dateModified\":\"2014-04-01T15:27:22+00:00\",\"breadcrumb\":{\"@id\":\"https:\\\/\\\/decomat.com\\\/ca\\\/materiales\\\/buscar-materiales\\\/#breadcrumb\"},\"inLanguage\":\"ca-ES\",\"potentialAction\":[{\"@type\":\"ReadAction\",\"target\":[\"https:\\\/\\\/decomat.com\\\/ca\\\/materiales\\\/buscar-materiales\\\/\"]}]},{\"@type\":\"ImageObject\",\"inLanguage\":\"ca-ES\",\"@id\":\"https:\\\/\\\/decomat.com\\\/ca\\\/materiales\\\/buscar-materiales\\\/#primaryimage\",\"url\":\"https:\\\/\\\/www.decomat.com\\\/imatges\\\/decomat\\\/materials\\\/cercar\\\/cat\\\/cortinamotturaarc.jpg\",\"contentUrl\":\"https:\\\/\\\/www.decomat.com\\\/imatges\\\/decomat\\\/materials\\\/cercar\\\/cat\\\/cortinamotturaarc.jpg\"},{\"@type\":\"BreadcrumbList\",\"@id\":\"https:\\\/\\\/decomat.com\\\/ca\\\/materiales\\\/buscar-materiales\\\/#breadcrumb\",\"itemListElement\":[{\"@type\":\"ListItem\",\"position\":1,\"name\":\"Portada\",\"item\":\"https:\\\/\\\/decomat.com\\\/ca\\\/\"},{\"@type\":\"ListItem\",\"position\":2,\"name\":\"Materials\",\"item\":\"https:\\\/\\\/decomat.com\\\/ca\\\/materiales\\\/\"},{\"@type\":\"ListItem\",\"position\":3,\"name\":\"Cercar materials\"}]},{\"@type\":\"WebSite\",\"@id\":\"https:\\\/\\\/decomat.com\\\/ca\\\/#website\",\"url\":\"https:\\\/\\\/decomat.com\\\/ca\\\/\",\"name\":\"decomat\",\"description\":\"Material decoraci\u00f3\",\"potentialAction\":[{\"@type\":\"SearchAction\",\"target\":{\"@type\":\"EntryPoint\",\"urlTemplate\":\"https:\\\/\\\/decomat.com\\\/ca\\\/?s={search_term_string}\"},\"query-input\":{\"@type\":\"PropertyValueSpecification\",\"valueRequired\":true,\"valueName\":\"search_term_string\"}}],\"inLanguage\":\"ca-ES\"}]}<\/script>\n<!-- \/ Yoast SEO plugin. -->","yoast_head_json":{"title":"Cercar materials - decomat","robots":{"index":"index","follow":"follow","max-snippet":"max-snippet:-1","max-image-preview":"max-image-preview:large","max-video-preview":"max-video-preview:-1"},"canonical":"https:\/\/decomat.com\/ca\/materiales\/buscar-materiales\/","og_locale":"ca_ES","og_type":"article","og_title":"Cercar materials - decomat","og_description":"Cercar materials decoraci\u00f3: Els materials poden agrupar-se i definir-se en funci\u00f3 de diversos punts de vista. Materials decoraci\u00f3 segons situaci\u00f3 en habitatge: Aqu\u00ed podreu trobar la soluci\u00f3, en diferents materials de decoraci\u00f3 i construcci\u00f3, per sentir-vos c\u00f2modes en l&#8217;espai (mirar imatge superior diferents espais vivenda) que desitgeu decorar amb bon gust, ordre i equilibri. &nbsp; [&hellip;]","og_url":"https:\/\/decomat.com\/ca\/materiales\/buscar-materiales\/","og_site_name":"decomat","article_modified_time":"2014-04-01T15:27:22+00:00","og_image":[{"url":"https:\/\/www.decomat.com\/imatges\/decomat\/materials\/casa.jpg; x-mac-creator=6F676C65; x-mac-type=4A504547.jpeg","type":"","width":"","height":""}],"twitter_card":"summary_large_image","twitter_misc":{"Est. reading time":"4 minutes"},"schema":{"@context":"https:\/\/schema.org","@graph":[{"@type":"WebPage","@id":"https:\/\/decomat.com\/ca\/materiales\/buscar-materiales\/","url":"https:\/\/decomat.com\/ca\/materiales\/buscar-materiales\/","name":"Cercar materials - decomat","isPartOf":{"@id":"https:\/\/decomat.com\/ca\/#website"},"primaryImageOfPage":{"@id":"https:\/\/decomat.com\/ca\/materiales\/buscar-materiales\/#primaryimage"},"image":{"@id":"https:\/\/decomat.com\/ca\/materiales\/buscar-materiales\/#primaryimage"},"thumbnailUrl":"https:\/\/www.decomat.com\/imatges\/decomat\/materials\/cercar\/cat\/cortinamotturaarc.jpg","datePublished":"2012-04-11T16:38:01+00:00","dateModified":"2014-04-01T15:27:22+00:00","breadcrumb":{"@id":"https:\/\/decomat.com\/ca\/materiales\/buscar-materiales\/#breadcrumb"},"inLanguage":"ca-ES","potentialAction":[{"@type":"ReadAction","target":["https:\/\/decomat.com\/ca\/materiales\/buscar-materiales\/"]}]},{"@type":"ImageObject","inLanguage":"ca-ES","@id":"https:\/\/decomat.com\/ca\/materiales\/buscar-materiales\/#primaryimage","url":"https:\/\/www.decomat.com\/imatges\/decomat\/materials\/cercar\/cat\/cortinamotturaarc.jpg","contentUrl":"https:\/\/www.decomat.com\/imatges\/decomat\/materials\/cercar\/cat\/cortinamotturaarc.jpg"},{"@type":"BreadcrumbList","@id":"https:\/\/decomat.com\/ca\/materiales\/buscar-materiales\/#breadcrumb","itemListElement":[{"@type":"ListItem","position":1,"name":"Portada","item":"https:\/\/decomat.com\/ca\/"},{"@type":"ListItem","position":2,"name":"Materials","item":"https:\/\/decomat.com\/ca\/materiales\/"},{"@type":"ListItem","position":3,"name":"Cercar materials"}]},{"@type":"WebSite","@id":"https:\/\/decomat.com\/ca\/#website","url":"https:\/\/decomat.com\/ca\/","name":"decomat","description":"Material decoraci\u00f3","potentialAction":[{"@type":"SearchAction","target":{"@type":"EntryPoint","urlTemplate":"https:\/\/decomat.com\/ca\/?s={search_term_string}"},"query-input":{"@type":"PropertyValueSpecification","valueRequired":true,"valueName":"search_term_string"}}],"inLanguage":"ca-ES"}]}},"_links":{"self":[{"href":"https:\/\/decomat.com\/ca\/wp-json\/wp\/v2\/pages\/997","targetHints":{"allow":["GET"]}}],"collection":[{"href":"https:\/\/decomat.com\/ca\/wp-json\/wp\/v2\/pages"}],"about":[{"href":"https:\/\/decomat.com\/ca\/wp-json\/wp\/v2\/types\/page"}],"author":[{"embeddable":true,"href":"https:\/\/decomat.com\/ca\/wp-json\/wp\/v2\/users\/8979"}],"replies":[{"embeddable":true,"href":"https:\/\/decomat.com\/ca\/wp-json\/wp\/v2\/comments?post=997"}],"version-history":[{"count":46,"href":"https:\/\/decomat.com\/ca\/wp-json\/wp\/v2\/pages\/997\/revisions"}],"predecessor-version":[{"id":5522,"href":"https:\/\/decomat.com\/ca\/wp-json\/wp\/v2\/pages\/997\/revisions\/5522"}],"up":[{"embeddable":true,"href":"https:\/\/decomat.com\/ca\/wp-json\/wp\/v2\/pages\/709"}],"wp:attachment":[{"href":"https:\/\/decomat.com\/ca\/wp-json\/wp\/v2\/media?parent=997"}],"curies":[{"name":"wp","href":"https:\/\/api.w.org\/{rel}","templated":true}]}}