{"id":654,"date":"2012-04-04T16:25:16","date_gmt":"2012-04-04T16:25:16","guid":{"rendered":"http:\/\/www.decomat.com\/?page_id=654"},"modified":"2014-04-01T17:23:36","modified_gmt":"2014-04-01T15:23:36","slug":"aislante","status":"publish","type":"page","link":"https:\/\/decomat.com\/en\/materiales\/aislante\/","title":{"rendered":"Isolator"},"content":{"rendered":"<p><\/p>\n<h1>Isolators<\/h1>\n<p>Isolation is a basic concept to guarantee comfort independently from external temperature and humidity.<\/p>\n<p>Isolation means comfort, environmental respect and economic savings.<\/p>\n<p>Furthermore comfort, isolation can provide us important economic savings that we can experience in the monthly electrical invoices.<\/p>\n<p>Ask for our sustainable materials&#8217; list for your home or neighbors community.<\/p>\n<p>With what purpose the insulation materials used in construction?<br \/>\nThe insulating materials used in construction in order to protect the home against:<br \/>\nmoisture (water)<br \/>\nthe fire (fire)<br \/>\nheat and cold (air)<br \/>\nnoise<\/p>\n<p>The functions of insulating materials are then hidr\u00f2fugues, antit\u00e8rmiques, antis\u00f2niques and fireproof.<\/p>\n<p>&nbsp;<\/p>\n<p>Insulate for the sake of well-being.<br \/>\nImproving heating and cooling efficiency and reducing energy bills.<\/p>\n<p>Insulate for protection from noise<br \/>\nAbsorbing sounds, reducing their propagation to obtain optimum acoustical protection.<\/p>\n<p>Insulate for protection against fire<br \/>\nMineral wools are incombustible by nature, none hydrophilic and have no capillary action. They does not give off toxic fumes.<\/p>\n<p>Preserving natural resources<br \/>\nProducts are made from raw materials which are available in large quantities in nature. Plants are committed to a strict policy regarding the disposal of liquid waste products, removing impurities from smoke, and treating solid wastes.<\/p>\n<p>Consideration for future generations<br \/>\nEfficient insulation reduces the emission of carbon dioxide (CO\u00b2) and sulfur dioxide in the atmosphere by more than 50 %, responsible of greenhouse effect and acid rains<\/p>\n<p>&nbsp;<\/p>\n<p>&nbsp;<\/p>\n<p>&nbsp;<\/p>\n<p>&nbsp;<\/p>\n<p>&nbsp;<\/p>\n<p>&nbsp;<\/p>\n<p>&nbsp;<\/p>","protected":false},"excerpt":{"rendered":"<p>Isolators Isolation is a basic concept to guarantee comfort independently from external temperature and humidity. Isolation means comfort, environmental respect and economic savings. Furthermore comfort, isolation can provide us important economic savings that we can experience in the monthly electrical invoices. Ask for our sustainable materials&#8217; list for your home or neighbors community. With what [&hellip;]<\/p>\n","protected":false},"author":8979,"featured_media":0,"parent":709,"menu_order":11,"comment_status":"open","ping_status":"closed","template":"","meta":{"_monsterinsights_skip_tracking":false,"_monsterinsights_sitenote_active":false,"_monsterinsights_sitenote_note":"","_monsterinsights_sitenote_category":0,"ngg_post_thumbnail":0,"footnotes":""},"class_list":["post-654","page","type-page","status-publish","hentry"],"yoast_head":"<!-- This site is optimized with the Yoast SEO plugin v27.3 - https:\/\/yoast.com\/product\/yoast-seo-wordpress\/ -->\n<title>Isolator - decomat<\/title>\n<meta name=\"robots\" content=\"index, follow, max-snippet:-1, max-image-preview:large, max-video-preview:-1\" \/>\n<link rel=\"canonical\" href=\"https:\/\/decomat.com\/en\/materiales\/aislante\/\" \/>\n<meta property=\"og:locale\" content=\"en_US\" \/>\n<meta property=\"og:type\" content=\"article\" \/>\n<meta property=\"og:title\" content=\"Isolator - decomat\" \/>\n<meta property=\"og:description\" content=\"Isolators Isolation is a basic concept to guarantee comfort independently from external temperature and humidity. Isolation means comfort, environmental respect and economic savings. Furthermore comfort, isolation can provide us important economic savings that we can experience in the monthly electrical invoices. Ask for our sustainable materials&#8217; list for your home or neighbors community. With what [&hellip;]\" \/>\n<meta property=\"og:url\" content=\"https:\/\/decomat.com\/en\/materiales\/aislante\/\" \/>\n<meta property=\"og:site_name\" content=\"decomat\" \/>\n<meta property=\"article:modified_time\" content=\"2014-04-01T15:23:36+00:00\" \/>\n<meta property=\"og:image\" content=\"https:\/\/www.decomat.com\/imatges\/decomat\/materials\/aillament\/rockwool\/cat\/desertglacera.jpg\" \/>\n<meta name=\"twitter:card\" content=\"summary_large_image\" \/>\n<meta name=\"twitter:label1\" content=\"Est. reading time\" \/>\n\t<meta name=\"twitter:data1\" content=\"6 minutes\" \/>\n<script type=\"application\/ld+json\" class=\"yoast-schema-graph\">{\"@context\":\"https:\\\/\\\/schema.org\",\"@graph\":[{\"@type\":\"WebPage\",\"@id\":\"https:\\\/\\\/decomat.com\\\/en\\\/materiales\\\/aislante\\\/\",\"url\":\"https:\\\/\\\/decomat.com\\\/en\\\/materiales\\\/aislante\\\/\",\"name\":\"Isolator - decomat\",\"isPartOf\":{\"@id\":\"https:\\\/\\\/decomat.com\\\/ca\\\/#website\"},\"primaryImageOfPage\":{\"@id\":\"https:\\\/\\\/decomat.com\\\/en\\\/materiales\\\/aislante\\\/#primaryimage\"},\"image\":{\"@id\":\"https:\\\/\\\/decomat.com\\\/en\\\/materiales\\\/aislante\\\/#primaryimage\"},\"thumbnailUrl\":\"https:\\\/\\\/www.decomat.com\\\/imatges\\\/decomat\\\/materials\\\/aillament\\\/rockwool\\\/cat\\\/desertglacera.jpg\",\"datePublished\":\"2012-04-04T16:25:16+00:00\",\"dateModified\":\"2014-04-01T15:23:36+00:00\",\"breadcrumb\":{\"@id\":\"https:\\\/\\\/decomat.com\\\/en\\\/materiales\\\/aislante\\\/#breadcrumb\"},\"inLanguage\":\"en-US\",\"potentialAction\":[{\"@type\":\"ReadAction\",\"target\":[\"https:\\\/\\\/decomat.com\\\/en\\\/materiales\\\/aislante\\\/\"]}]},{\"@type\":\"ImageObject\",\"inLanguage\":\"en-US\",\"@id\":\"https:\\\/\\\/decomat.com\\\/en\\\/materiales\\\/aislante\\\/#primaryimage\",\"url\":\"https:\\\/\\\/www.decomat.com\\\/imatges\\\/decomat\\\/materials\\\/aillament\\\/rockwool\\\/cat\\\/desertglacera.jpg\",\"contentUrl\":\"https:\\\/\\\/www.decomat.com\\\/imatges\\\/decomat\\\/materials\\\/aillament\\\/rockwool\\\/cat\\\/desertglacera.jpg\"},{\"@type\":\"BreadcrumbList\",\"@id\":\"https:\\\/\\\/decomat.com\\\/en\\\/materiales\\\/aislante\\\/#breadcrumb\",\"itemListElement\":[{\"@type\":\"ListItem\",\"position\":1,\"name\":\"Portada\",\"item\":\"https:\\\/\\\/decomat.com\\\/ca\\\/\"},{\"@type\":\"ListItem\",\"position\":2,\"name\":\"Materials\",\"item\":\"https:\\\/\\\/decomat.com\\\/ca\\\/materiales\\\/\"},{\"@type\":\"ListItem\",\"position\":3,\"name\":\"Isolator\"}]},{\"@type\":\"WebSite\",\"@id\":\"https:\\\/\\\/decomat.com\\\/ca\\\/#website\",\"url\":\"https:\\\/\\\/decomat.com\\\/ca\\\/\",\"name\":\"decomat\",\"description\":\"Decorative material\",\"potentialAction\":[{\"@type\":\"SearchAction\",\"target\":{\"@type\":\"EntryPoint\",\"urlTemplate\":\"https:\\\/\\\/decomat.com\\\/ca\\\/?s={search_term_string}\"},\"query-input\":{\"@type\":\"PropertyValueSpecification\",\"valueRequired\":true,\"valueName\":\"search_term_string\"}}],\"inLanguage\":\"en-US\"}]}<\/script>\n<!-- \/ Yoast SEO plugin. -->","yoast_head_json":{"title":"Isolator - decomat","robots":{"index":"index","follow":"follow","max-snippet":"max-snippet:-1","max-image-preview":"max-image-preview:large","max-video-preview":"max-video-preview:-1"},"canonical":"https:\/\/decomat.com\/en\/materiales\/aislante\/","og_locale":"en_US","og_type":"article","og_title":"Isolator - decomat","og_description":"Isolators Isolation is a basic concept to guarantee comfort independently from external temperature and humidity. Isolation means comfort, environmental respect and economic savings. Furthermore comfort, isolation can provide us important economic savings that we can experience in the monthly electrical invoices. Ask for our sustainable materials&#8217; list for your home or neighbors community. With what [&hellip;]","og_url":"https:\/\/decomat.com\/en\/materiales\/aislante\/","og_site_name":"decomat","article_modified_time":"2014-04-01T15:23:36+00:00","og_image":[{"url":"https:\/\/www.decomat.com\/imatges\/decomat\/materials\/aillament\/rockwool\/cat\/desertglacera.jpg","type":"","width":"","height":""}],"twitter_card":"summary_large_image","twitter_misc":{"Est. reading time":"6 minutes"},"schema":{"@context":"https:\/\/schema.org","@graph":[{"@type":"WebPage","@id":"https:\/\/decomat.com\/en\/materiales\/aislante\/","url":"https:\/\/decomat.com\/en\/materiales\/aislante\/","name":"Isolator - decomat","isPartOf":{"@id":"https:\/\/decomat.com\/ca\/#website"},"primaryImageOfPage":{"@id":"https:\/\/decomat.com\/en\/materiales\/aislante\/#primaryimage"},"image":{"@id":"https:\/\/decomat.com\/en\/materiales\/aislante\/#primaryimage"},"thumbnailUrl":"https:\/\/www.decomat.com\/imatges\/decomat\/materials\/aillament\/rockwool\/cat\/desertglacera.jpg","datePublished":"2012-04-04T16:25:16+00:00","dateModified":"2014-04-01T15:23:36+00:00","breadcrumb":{"@id":"https:\/\/decomat.com\/en\/materiales\/aislante\/#breadcrumb"},"inLanguage":"en-US","potentialAction":[{"@type":"ReadAction","target":["https:\/\/decomat.com\/en\/materiales\/aislante\/"]}]},{"@type":"ImageObject","inLanguage":"en-US","@id":"https:\/\/decomat.com\/en\/materiales\/aislante\/#primaryimage","url":"https:\/\/www.decomat.com\/imatges\/decomat\/materials\/aillament\/rockwool\/cat\/desertglacera.jpg","contentUrl":"https:\/\/www.decomat.com\/imatges\/decomat\/materials\/aillament\/rockwool\/cat\/desertglacera.jpg"},{"@type":"BreadcrumbList","@id":"https:\/\/decomat.com\/en\/materiales\/aislante\/#breadcrumb","itemListElement":[{"@type":"ListItem","position":1,"name":"Portada","item":"https:\/\/decomat.com\/ca\/"},{"@type":"ListItem","position":2,"name":"Materials","item":"https:\/\/decomat.com\/ca\/materiales\/"},{"@type":"ListItem","position":3,"name":"Isolator"}]},{"@type":"WebSite","@id":"https:\/\/decomat.com\/ca\/#website","url":"https:\/\/decomat.com\/ca\/","name":"decomat","description":"Decorative material","potentialAction":[{"@type":"SearchAction","target":{"@type":"EntryPoint","urlTemplate":"https:\/\/decomat.com\/ca\/?s={search_term_string}"},"query-input":{"@type":"PropertyValueSpecification","valueRequired":true,"valueName":"search_term_string"}}],"inLanguage":"en-US"}]}},"_links":{"self":[{"href":"https:\/\/decomat.com\/en\/wp-json\/wp\/v2\/pages\/654","targetHints":{"allow":["GET"]}}],"collection":[{"href":"https:\/\/decomat.com\/en\/wp-json\/wp\/v2\/pages"}],"about":[{"href":"https:\/\/decomat.com\/en\/wp-json\/wp\/v2\/types\/page"}],"author":[{"embeddable":true,"href":"https:\/\/decomat.com\/en\/wp-json\/wp\/v2\/users\/8979"}],"replies":[{"embeddable":true,"href":"https:\/\/decomat.com\/en\/wp-json\/wp\/v2\/comments?post=654"}],"version-history":[{"count":21,"href":"https:\/\/decomat.com\/en\/wp-json\/wp\/v2\/pages\/654\/revisions"}],"predecessor-version":[{"id":5527,"href":"https:\/\/decomat.com\/en\/wp-json\/wp\/v2\/pages\/654\/revisions\/5527"}],"up":[{"embeddable":true,"href":"https:\/\/decomat.com\/en\/wp-json\/wp\/v2\/pages\/709"}],"wp:attachment":[{"href":"https:\/\/decomat.com\/en\/wp-json\/wp\/v2\/media?parent=654"}],"curies":[{"name":"wp","href":"https:\/\/api.w.org\/{rel}","templated":true}]}}