{"id":748,"date":"2012-04-06T09:35:08","date_gmt":"2012-04-06T09:35:08","guid":{"rendered":"http:\/\/www.decomat.com\/?page_id=748"},"modified":"2012-04-22T14:36:22","modified_gmt":"2012-04-22T14:36:22","slug":"outlet-de-decomat","status":"publish","type":"page","link":"https:\/\/decomat.com\/en\/ofertas\/outlet-de-decomat\/","title":{"rendered":"Decomat&#8217;s Outlet"},"content":{"rendered":"<p><\/p>\n<h1>Outlet de Decomat<\/h1>\n<p>\u00bfNo has ido nunca de <strong>Outlets<\/strong>? <strong>Decomat<\/strong> sabe apreciar los buenos productos y las calidades a pesar de que \u00e9stas pasen de moda. Lo que hoy es moda, ma\u00f1ana puede no serlo y viceversa.<\/p>\n<blockquote><p>\u00bfHas observado alguna vez las est\u00e9ticas as\u00edncronas que mezclan Art D\u00e9co con elementos de nueva tecnolog\u00eda? \u00bfQu\u00e9 tal sorprender con una combinaci\u00f3n de minimalismo y elementos tradicionales de Oriente?<\/p>\n<p>Tu est\u00e9tica no se limita a un espacio concreto ni a un instante en el tiempo. Decomat te proporciona elementos de dise\u00f1o imperecederos a precios imbatibles<strong>.<\/strong><\/p><\/blockquote>\n<p>Redescubrir <strong>texturas<\/strong> es la clave para definir <strong>ambientes personales<\/strong>, puesto que las <strong>atm\u00f3sferas<\/strong> que contienen estos elementos matizan instantes y detalles dif\u00edciles de conseguir si te limitas a seguir las pautas de rapidez del mercado.<\/p>\n<p>En <strong>Decomat<\/strong> conocemos la sutileza del contraste. Por ello en <strong>Decomat<\/strong> nos fijamos en aquellos dise\u00f1os que seguir\u00e1n siendo vigentes aunque no sea su a\u00f1o de lanzamiento, y te los ofrecemos a <strong>precios imbatibles<\/strong>.\u00a0Para que t\u00fa puedas crear y sorprender con tu propia est\u00e9tica sin condicionantes de espacio ni tiempo.<\/p>\n<p>Tenemos lo que necesitas. <em>T\u00f3mate tu tiempo y ven a verlo<\/em>.<\/p>\n<p>&nbsp;<\/p>","protected":false},"excerpt":{"rendered":"<p>Outlet de Decomat \u00bfNo has ido nunca de Outlets? Decomat sabe apreciar los buenos productos y las calidades a pesar de que \u00e9stas pasen de moda. Lo que hoy es moda, ma\u00f1ana puede no serlo y viceversa. \u00bfHas observado alguna vez las est\u00e9ticas as\u00edncronas que mezclan Art D\u00e9co con elementos de nueva tecnolog\u00eda? \u00bfQu\u00e9 tal [&hellip;]<\/p>\n","protected":false},"author":8979,"featured_media":0,"parent":746,"menu_order":0,"comment_status":"open","ping_status":"closed","template":"","meta":{"_monsterinsights_skip_tracking":false,"_monsterinsights_sitenote_active":false,"_monsterinsights_sitenote_note":"","_monsterinsights_sitenote_category":0,"ngg_post_thumbnail":0,"footnotes":""},"class_list":["post-748","page","type-page","status-publish","hentry"],"yoast_head":"<!-- This site is optimized with the Yoast SEO plugin v27.3 - https:\/\/yoast.com\/product\/yoast-seo-wordpress\/ -->\n<title>Decomat&#039;s Outlet - decomat<\/title>\n<meta name=\"robots\" content=\"index, follow, max-snippet:-1, max-image-preview:large, max-video-preview:-1\" \/>\n<link rel=\"canonical\" href=\"https:\/\/decomat.com\/en\/ofertas\/outlet-de-decomat\/\" \/>\n<meta property=\"og:locale\" content=\"en_US\" \/>\n<meta property=\"og:type\" content=\"article\" \/>\n<meta property=\"og:title\" content=\"Decomat&#039;s Outlet - decomat\" \/>\n<meta property=\"og:description\" content=\"Outlet de Decomat \u00bfNo has ido nunca de Outlets? Decomat sabe apreciar los buenos productos y las calidades a pesar de que \u00e9stas pasen de moda. Lo que hoy es moda, ma\u00f1ana puede no serlo y viceversa. \u00bfHas observado alguna vez las est\u00e9ticas as\u00edncronas que mezclan Art D\u00e9co con elementos de nueva tecnolog\u00eda? \u00bfQu\u00e9 tal [&hellip;]\" \/>\n<meta property=\"og:url\" content=\"https:\/\/decomat.com\/en\/ofertas\/outlet-de-decomat\/\" \/>\n<meta property=\"og:site_name\" content=\"decomat\" \/>\n<meta property=\"article:modified_time\" content=\"2012-04-22T14:36:22+00:00\" \/>\n<meta name=\"twitter:card\" content=\"summary_large_image\" \/>\n<meta name=\"twitter:label1\" content=\"Est. reading time\" \/>\n\t<meta name=\"twitter:data1\" content=\"4 minutes\" \/>\n<script type=\"application\/ld+json\" class=\"yoast-schema-graph\">{\"@context\":\"https:\\\/\\\/schema.org\",\"@graph\":[{\"@type\":\"WebPage\",\"@id\":\"https:\\\/\\\/decomat.com\\\/en\\\/ofertas\\\/outlet-de-decomat\\\/\",\"url\":\"https:\\\/\\\/decomat.com\\\/en\\\/ofertas\\\/outlet-de-decomat\\\/\",\"name\":\"Decomat's Outlet - decomat\",\"isPartOf\":{\"@id\":\"https:\\\/\\\/decomat.com\\\/ca\\\/#website\"},\"datePublished\":\"2012-04-06T09:35:08+00:00\",\"dateModified\":\"2012-04-22T14:36:22+00:00\",\"breadcrumb\":{\"@id\":\"https:\\\/\\\/decomat.com\\\/en\\\/ofertas\\\/outlet-de-decomat\\\/#breadcrumb\"},\"inLanguage\":\"en-US\",\"potentialAction\":[{\"@type\":\"ReadAction\",\"target\":[\"https:\\\/\\\/decomat.com\\\/en\\\/ofertas\\\/outlet-de-decomat\\\/\"]}]},{\"@type\":\"BreadcrumbList\",\"@id\":\"https:\\\/\\\/decomat.com\\\/en\\\/ofertas\\\/outlet-de-decomat\\\/#breadcrumb\",\"itemListElement\":[{\"@type\":\"ListItem\",\"position\":1,\"name\":\"Portada\",\"item\":\"https:\\\/\\\/decomat.com\\\/ca\\\/\"},{\"@type\":\"ListItem\",\"position\":2,\"name\":\"Offers\",\"item\":\"https:\\\/\\\/decomat.com\\\/en\\\/ofertas\\\/\"},{\"@type\":\"ListItem\",\"position\":3,\"name\":\"Decomat&#8217;s Outlet\"}]},{\"@type\":\"WebSite\",\"@id\":\"https:\\\/\\\/decomat.com\\\/ca\\\/#website\",\"url\":\"https:\\\/\\\/decomat.com\\\/ca\\\/\",\"name\":\"decomat\",\"description\":\"Decorative material\",\"potentialAction\":[{\"@type\":\"SearchAction\",\"target\":{\"@type\":\"EntryPoint\",\"urlTemplate\":\"https:\\\/\\\/decomat.com\\\/ca\\\/?s={search_term_string}\"},\"query-input\":{\"@type\":\"PropertyValueSpecification\",\"valueRequired\":true,\"valueName\":\"search_term_string\"}}],\"inLanguage\":\"en-US\"}]}<\/script>\n<!-- \/ Yoast SEO plugin. -->","yoast_head_json":{"title":"Decomat's Outlet - decomat","robots":{"index":"index","follow":"follow","max-snippet":"max-snippet:-1","max-image-preview":"max-image-preview:large","max-video-preview":"max-video-preview:-1"},"canonical":"https:\/\/decomat.com\/en\/ofertas\/outlet-de-decomat\/","og_locale":"en_US","og_type":"article","og_title":"Decomat's Outlet - decomat","og_description":"Outlet de Decomat \u00bfNo has ido nunca de Outlets? Decomat sabe apreciar los buenos productos y las calidades a pesar de que \u00e9stas pasen de moda. Lo que hoy es moda, ma\u00f1ana puede no serlo y viceversa. \u00bfHas observado alguna vez las est\u00e9ticas as\u00edncronas que mezclan Art D\u00e9co con elementos de nueva tecnolog\u00eda? \u00bfQu\u00e9 tal [&hellip;]","og_url":"https:\/\/decomat.com\/en\/ofertas\/outlet-de-decomat\/","og_site_name":"decomat","article_modified_time":"2012-04-22T14:36:22+00:00","twitter_card":"summary_large_image","twitter_misc":{"Est. reading time":"4 minutes"},"schema":{"@context":"https:\/\/schema.org","@graph":[{"@type":"WebPage","@id":"https:\/\/decomat.com\/en\/ofertas\/outlet-de-decomat\/","url":"https:\/\/decomat.com\/en\/ofertas\/outlet-de-decomat\/","name":"Decomat's Outlet - decomat","isPartOf":{"@id":"https:\/\/decomat.com\/ca\/#website"},"datePublished":"2012-04-06T09:35:08+00:00","dateModified":"2012-04-22T14:36:22+00:00","breadcrumb":{"@id":"https:\/\/decomat.com\/en\/ofertas\/outlet-de-decomat\/#breadcrumb"},"inLanguage":"en-US","potentialAction":[{"@type":"ReadAction","target":["https:\/\/decomat.com\/en\/ofertas\/outlet-de-decomat\/"]}]},{"@type":"BreadcrumbList","@id":"https:\/\/decomat.com\/en\/ofertas\/outlet-de-decomat\/#breadcrumb","itemListElement":[{"@type":"ListItem","position":1,"name":"Portada","item":"https:\/\/decomat.com\/ca\/"},{"@type":"ListItem","position":2,"name":"Offers","item":"https:\/\/decomat.com\/en\/ofertas\/"},{"@type":"ListItem","position":3,"name":"Decomat&#8217;s Outlet"}]},{"@type":"WebSite","@id":"https:\/\/decomat.com\/ca\/#website","url":"https:\/\/decomat.com\/ca\/","name":"decomat","description":"Decorative material","potentialAction":[{"@type":"SearchAction","target":{"@type":"EntryPoint","urlTemplate":"https:\/\/decomat.com\/ca\/?s={search_term_string}"},"query-input":{"@type":"PropertyValueSpecification","valueRequired":true,"valueName":"search_term_string"}}],"inLanguage":"en-US"}]}},"_links":{"self":[{"href":"https:\/\/decomat.com\/en\/wp-json\/wp\/v2\/pages\/748","targetHints":{"allow":["GET"]}}],"collection":[{"href":"https:\/\/decomat.com\/en\/wp-json\/wp\/v2\/pages"}],"about":[{"href":"https:\/\/decomat.com\/en\/wp-json\/wp\/v2\/types\/page"}],"author":[{"embeddable":true,"href":"https:\/\/decomat.com\/en\/wp-json\/wp\/v2\/users\/8979"}],"replies":[{"embeddable":true,"href":"https:\/\/decomat.com\/en\/wp-json\/wp\/v2\/comments?post=748"}],"version-history":[{"count":16,"href":"https:\/\/decomat.com\/en\/wp-json\/wp\/v2\/pages\/748\/revisions"}],"predecessor-version":[{"id":2791,"href":"https:\/\/decomat.com\/en\/wp-json\/wp\/v2\/pages\/748\/revisions\/2791"}],"up":[{"embeddable":true,"href":"https:\/\/decomat.com\/en\/wp-json\/wp\/v2\/pages\/746"}],"wp:attachment":[{"href":"https:\/\/decomat.com\/en\/wp-json\/wp\/v2\/media?parent=748"}],"curies":[{"name":"wp","href":"https:\/\/api.w.org\/{rel}","templated":true}]}}