{"id":1023,"date":"2012-04-11T16:59:14","date_gmt":"2012-04-11T16:59:14","guid":{"rendered":"http:\/\/www.decomat.com\/?page_id=1023"},"modified":"2014-06-11T18:08:28","modified_gmt":"2014-06-11T16:08:28","slug":"aislante-acustico","status":"publish","type":"page","link":"https:\/\/decomat.com\/es\/materiales\/aislante\/aislante-acustico\/","title":{"rendered":"Aislante ac\u00fastico"},"content":{"rendered":"<p><\/p>\n<h1>Aislante ac\u00fastico<\/h1>\n<p><strong>Las ondas sonoras<\/strong> se propagan en linea recta, y <strong>al encontrar en su trayectoria un cuerpo compacto se desvian, formando con el material el mismo angulo de incidencia<\/strong>. Esta propiedad del sonido resulta en multiples ocasiones un serio inconveniente. En efecto, en los teatros y en los cines las ondas sonoras que parten del escenario se transmiten por toda la sala, donde encuentran superficies compactas en las paredes, falsos techos, pisos o en las repisas de los balcones y en las columnas, que se comportan, respecto al sonido, como una membrana elastica.<\/p>\n<p><strong>Como mas compacto es un material, mayor sera la conductibilidad <\/strong>(<em>Permeabilidad al sonido<\/em>, o mas correctamente<em> conductibilidad del sonido<\/em>. La conductabilidad en los materiales se basa primordialmente en su compacticidad.) ;<strong> luego, los materiales porosos son buenos aislantes del sonido y de todo ruido en general. <\/strong>Esta propiedad debe de tenerse muy presente al seleccionar los materiales para las obras corrientes, pero mas a\u00fan si se trata de locales de oficinas y talleres, donde el ruido de las maquinas es ineludible.<\/p>\n<p>No todos los materiales reflejan las ondas sonoras con la misma intensidad; algunos tienen la propiedad de absorber los sonidos, propiedad llamada <em>poder de absorci\u00f3n<\/em>. Si en una sala hay ventana abierta, esta absorbe la totalidad del sonido que incide en ella. Luego, <strong>un material poroso que contenga muchas moleculas de aire absorbir\u00e0 los sonidos que inciden en el con mucha mayor proporci\u00f3n que otro mas compacto<\/strong>.<\/p>\n<p>En los talleres y oficinas donde los sonidos son continuos, se utilitzan revestimientos de materiales porosos, conocidos com <em>antisonicos, <\/em> con los cuales se vuelven silenciosos. Se ha comprobado que el rendimiento de trabajadores y obreros ha aumentado en las salas donde se coloco un revestimiento <em>antisonico<\/em>, pero tambi\u00e9n se ha llegado a establecer la conveniencia de permitir una peque\u00f1a reflexi\u00f3n de sonido, conocida como<em> reverberaci\u00f3n<\/em>, porque refuerza los sonidos produciendo una audici\u00f3n correcta y agradable.<\/p>\n<p>Tambi\u00e9n respecto al ruido industrial, por ejemplo en las naves de fabricaci\u00f3n, los expertos m\u00e9dicos hace tiempo que est\u00e1n de acuerdo en esto: que el ruido es la causa n\u00fam. 1 de las enfermedades profesionales, y que un nivel equivalente a m\u00e1s de 85 dB(A) debe conducir a una medida correctora del ruido con arreglo a las normas en materia de prevenci\u00f3n de accidentes.<\/p>\n<p>La ind\u00fastria provee materiales porosos de diversos grados, de los cuales han de seleccionarse los mas convenientes para cada caso.As\u00edmismo, la ac\u00fastica se debe poder mirar, es decir tener dise\u00f1o. Una medida correctora a c\u00fastica de be mejorar con el color y la forma, la impresi\u00f3n conjunta del espacio y se debe adaptar a la arquitectura interior existente.<\/p>\n<p>Decomat, respondiendo a las exigencias de un mercado m\u00e1s sensible en cuanto a la protecci\u00f3n ac\u00fastica, comercializa una gran gama de absorbentes ac\u00fasticos. Estos materiales, simplemente pegados en techos y paredes, o colgados del techo, resuelven con suma facilidad los problemas de absorci\u00f3n que se presentan en todo tipo de recintos cerrados.<\/p>\n<p>Les presentamos el cat\u00e1logo illbruck. En \u00e9l encontrar\u00e1n nuestra gama de espumas y como novedades incluimos en este cat\u00e1logo los techos met\u00e1licos y de espuma ac\u00fastica y decorativos.<\/p>\n<p>Si se trata de absorci\u00f3n ac\u00fastica, Decomat tiene la soluci\u00f3n para los problemas de reverberaci\u00f3n.<\/p>","protected":false},"excerpt":{"rendered":"<p>Aislante ac\u00fastico Las ondas sonoras se propagan en linea recta, y al encontrar en su trayectoria un cuerpo compacto se desvian, formando con el material el mismo angulo de incidencia. Esta propiedad del sonido resulta en multiples ocasiones un serio inconveniente. En efecto, en los teatros y en los cines las ondas sonoras que parten [&hellip;]<\/p>\n","protected":false},"author":8979,"featured_media":0,"parent":654,"menu_order":0,"comment_status":"open","ping_status":"closed","template":"","meta":{"_monsterinsights_skip_tracking":false,"_monsterinsights_sitenote_active":false,"_monsterinsights_sitenote_note":"","_monsterinsights_sitenote_category":0,"ngg_post_thumbnail":0,"footnotes":""},"class_list":["post-1023","page","type-page","status-publish","hentry"],"yoast_head":"<!-- This site is optimized with the Yoast SEO plugin v27.3 - https:\/\/yoast.com\/product\/yoast-seo-wordpress\/ -->\n<title>Aislante ac\u00fastico - decomat<\/title>\n<meta name=\"robots\" content=\"index, follow, max-snippet:-1, max-image-preview:large, max-video-preview:-1\" \/>\n<link rel=\"canonical\" href=\"https:\/\/decomat.com\/en\/materiales\/aislante\/aislante-acustico\/\" \/>\n<meta property=\"og:locale\" content=\"es_ES\" \/>\n<meta property=\"og:type\" content=\"article\" \/>\n<meta property=\"og:title\" content=\"Aislante ac\u00fastico - decomat\" \/>\n<meta property=\"og:description\" content=\"Aislante ac\u00fastico Las ondas sonoras se propagan en linea recta, y al encontrar en su trayectoria un cuerpo compacto se desvian, formando con el material el mismo angulo de incidencia. Esta propiedad del sonido resulta en multiples ocasiones un serio inconveniente. En efecto, en los teatros y en los cines las ondas sonoras que parten [&hellip;]\" \/>\n<meta property=\"og:url\" content=\"https:\/\/decomat.com\/en\/materiales\/aislante\/aislante-acustico\/\" \/>\n<meta property=\"og:site_name\" content=\"decomat\" \/>\n<meta property=\"article:modified_time\" content=\"2014-06-11T16:08:28+00:00\" \/>\n<meta name=\"twitter:card\" content=\"summary_large_image\" \/>\n<meta name=\"twitter:label1\" content=\"Tiempo de lectura\" \/>\n\t<meta name=\"twitter:data1\" content=\"10 minutos\" \/>\n<script type=\"application\/ld+json\" class=\"yoast-schema-graph\">{\"@context\":\"https:\\\/\\\/schema.org\",\"@graph\":[{\"@type\":\"WebPage\",\"@id\":\"https:\\\/\\\/decomat.com\\\/en\\\/materiales\\\/aislante\\\/aislante-acustico\\\/\",\"url\":\"https:\\\/\\\/decomat.com\\\/en\\\/materiales\\\/aislante\\\/aislante-acustico\\\/\",\"name\":\"Aislante ac\u00fastico - decomat\",\"isPartOf\":{\"@id\":\"https:\\\/\\\/decomat.com\\\/ca\\\/#website\"},\"datePublished\":\"2012-04-11T16:59:14+00:00\",\"dateModified\":\"2014-06-11T16:08:28+00:00\",\"breadcrumb\":{\"@id\":\"https:\\\/\\\/decomat.com\\\/en\\\/materiales\\\/aislante\\\/aislante-acustico\\\/#breadcrumb\"},\"inLanguage\":\"es\",\"potentialAction\":[{\"@type\":\"ReadAction\",\"target\":[\"https:\\\/\\\/decomat.com\\\/en\\\/materiales\\\/aislante\\\/aislante-acustico\\\/\"]}]},{\"@type\":\"BreadcrumbList\",\"@id\":\"https:\\\/\\\/decomat.com\\\/en\\\/materiales\\\/aislante\\\/aislante-acustico\\\/#breadcrumb\",\"itemListElement\":[{\"@type\":\"ListItem\",\"position\":1,\"name\":\"Portada\",\"item\":\"https:\\\/\\\/decomat.com\\\/ca\\\/\"},{\"@type\":\"ListItem\",\"position\":2,\"name\":\"Materials\",\"item\":\"https:\\\/\\\/decomat.com\\\/ca\\\/materiales\\\/\"},{\"@type\":\"ListItem\",\"position\":3,\"name\":\"Isolator\",\"item\":\"https:\\\/\\\/decomat.com\\\/en\\\/materiales\\\/aislante\\\/\"},{\"@type\":\"ListItem\",\"position\":4,\"name\":\"Acoustic isolation\"}]},{\"@type\":\"WebSite\",\"@id\":\"https:\\\/\\\/decomat.com\\\/ca\\\/#website\",\"url\":\"https:\\\/\\\/decomat.com\\\/ca\\\/\",\"name\":\"decomat\",\"description\":\"Material decoraci\u00f3n\",\"potentialAction\":[{\"@type\":\"SearchAction\",\"target\":{\"@type\":\"EntryPoint\",\"urlTemplate\":\"https:\\\/\\\/decomat.com\\\/ca\\\/?s={search_term_string}\"},\"query-input\":{\"@type\":\"PropertyValueSpecification\",\"valueRequired\":true,\"valueName\":\"search_term_string\"}}],\"inLanguage\":\"es\"}]}<\/script>\n<!-- \/ Yoast SEO plugin. -->","yoast_head_json":{"title":"Aislante ac\u00fastico - decomat","robots":{"index":"index","follow":"follow","max-snippet":"max-snippet:-1","max-image-preview":"max-image-preview:large","max-video-preview":"max-video-preview:-1"},"canonical":"https:\/\/decomat.com\/en\/materiales\/aislante\/aislante-acustico\/","og_locale":"es_ES","og_type":"article","og_title":"Aislante ac\u00fastico - decomat","og_description":"Aislante ac\u00fastico Las ondas sonoras se propagan en linea recta, y al encontrar en su trayectoria un cuerpo compacto se desvian, formando con el material el mismo angulo de incidencia. Esta propiedad del sonido resulta en multiples ocasiones un serio inconveniente. En efecto, en los teatros y en los cines las ondas sonoras que parten [&hellip;]","og_url":"https:\/\/decomat.com\/en\/materiales\/aislante\/aislante-acustico\/","og_site_name":"decomat","article_modified_time":"2014-06-11T16:08:28+00:00","twitter_card":"summary_large_image","twitter_misc":{"Tiempo de lectura":"10 minutos"},"schema":{"@context":"https:\/\/schema.org","@graph":[{"@type":"WebPage","@id":"https:\/\/decomat.com\/en\/materiales\/aislante\/aislante-acustico\/","url":"https:\/\/decomat.com\/en\/materiales\/aislante\/aislante-acustico\/","name":"Aislante ac\u00fastico - decomat","isPartOf":{"@id":"https:\/\/decomat.com\/ca\/#website"},"datePublished":"2012-04-11T16:59:14+00:00","dateModified":"2014-06-11T16:08:28+00:00","breadcrumb":{"@id":"https:\/\/decomat.com\/en\/materiales\/aislante\/aislante-acustico\/#breadcrumb"},"inLanguage":"es","potentialAction":[{"@type":"ReadAction","target":["https:\/\/decomat.com\/en\/materiales\/aislante\/aislante-acustico\/"]}]},{"@type":"BreadcrumbList","@id":"https:\/\/decomat.com\/en\/materiales\/aislante\/aislante-acustico\/#breadcrumb","itemListElement":[{"@type":"ListItem","position":1,"name":"Portada","item":"https:\/\/decomat.com\/ca\/"},{"@type":"ListItem","position":2,"name":"Materials","item":"https:\/\/decomat.com\/ca\/materiales\/"},{"@type":"ListItem","position":3,"name":"Isolator","item":"https:\/\/decomat.com\/en\/materiales\/aislante\/"},{"@type":"ListItem","position":4,"name":"Acoustic isolation"}]},{"@type":"WebSite","@id":"https:\/\/decomat.com\/ca\/#website","url":"https:\/\/decomat.com\/ca\/","name":"decomat","description":"Material decoraci\u00f3n","potentialAction":[{"@type":"SearchAction","target":{"@type":"EntryPoint","urlTemplate":"https:\/\/decomat.com\/ca\/?s={search_term_string}"},"query-input":{"@type":"PropertyValueSpecification","valueRequired":true,"valueName":"search_term_string"}}],"inLanguage":"es"}]}},"_links":{"self":[{"href":"https:\/\/decomat.com\/es\/wp-json\/wp\/v2\/pages\/1023","targetHints":{"allow":["GET"]}}],"collection":[{"href":"https:\/\/decomat.com\/es\/wp-json\/wp\/v2\/pages"}],"about":[{"href":"https:\/\/decomat.com\/es\/wp-json\/wp\/v2\/types\/page"}],"author":[{"embeddable":true,"href":"https:\/\/decomat.com\/es\/wp-json\/wp\/v2\/users\/8979"}],"replies":[{"embeddable":true,"href":"https:\/\/decomat.com\/es\/wp-json\/wp\/v2\/comments?post=1023"}],"version-history":[{"count":9,"href":"https:\/\/decomat.com\/es\/wp-json\/wp\/v2\/pages\/1023\/revisions"}],"predecessor-version":[{"id":5572,"href":"https:\/\/decomat.com\/es\/wp-json\/wp\/v2\/pages\/1023\/revisions\/5572"}],"up":[{"embeddable":true,"href":"https:\/\/decomat.com\/es\/wp-json\/wp\/v2\/pages\/654"}],"wp:attachment":[{"href":"https:\/\/decomat.com\/es\/wp-json\/wp\/v2\/media?parent=1023"}],"curies":[{"name":"wp","href":"https:\/\/api.w.org\/{rel}","templated":true}]}}