{"id":1028,"date":"2012-04-11T17:01:15","date_gmt":"2012-04-11T17:01:15","guid":{"rendered":"http:\/\/www.decomat.com\/?page_id=1028"},"modified":"2012-07-12T15:07:57","modified_gmt":"2012-07-12T13:07:57","slug":"ignifugo","status":"publish","type":"page","link":"https:\/\/decomat.com\/es\/materiales\/aislante\/ignifugo\/","title":{"rendered":"Ign\u00edfugo"},"content":{"rendered":"<p><\/p>\n<h1>Ign\u00edfugo<\/h1>\n<p>&nbsp;<\/p>\n<p>Ign\u00edfugos: en la construcci\u00f3n de teatros, cines, depositos, etc., se deben de tomar precauciones especiales contra el peligro de incendio. Al seleccionar los materiales se tiene que dar preferencia a aquellos que tengan mayor resistencia a la acci\u00f3n del fuego. Entre los utilitzados corrientemente en la construcci\u00f3n, pueden reconocerse los mas resistentes a la acci\u00f3n del fuego de los que no lo son y incluso los que lo son medianamente, de forma muy senzilla, pues la resistencia al fuego es directamente proporcional a la densidad del material.<\/p>\n<p>&nbsp;<\/p>\n<p>Entre los materiales ignifugos, hay los fabricados con fibras de amianto, lana mineral, etc., y en forma de tablas, blocs, tochos, cartrones, tubos, cimientos, etc.<\/p>\n<p>Los materiales ign\u00edfugos son utilizados tambi\u00e9n para recubrir tuberias y calderas con la finalidad de mantener sin perdidas las altas temperaturas indispensables en la industria o para revestir interiormente hornos y crisoles.<\/p>\n<p>El material ign\u00edfugo por excelencia es actualmente el amianto, que proviene de la descomposici\u00f3n en hornos. De el existen dos tipos: el llamado Amphibol y el Chrysotile, ambos con alta proporci\u00f3n de silicio; el primero tiene gran proporci\u00f3n de oxido ferrico que con el aire contenido en peque\u00f1as celdas resulta altamente incombustible. El segundo tiene alta proporci\u00f3n de magnesio que le da cierta propiedad lubricante.<\/p>\n<p>Entre los productos fabricados con amianto tenemos:<\/p>\n<p>El fibrocimento. Un ejemplo de las ind\u00fastrias de este material lo tenemos con el Eternit, en chapas lisas y acanaladas. Sus caracter\u00edsticas s\u00f3n: de 4 mm de grueso, 1.20 a 2.50 m de largo y 1.20 m de ancho. Tambi\u00e9n se fabrican imitando marmoles de 1.20 por 2.50 m. pueden cortarse, clavarse, limarse, etc.<\/p>\n<p>&nbsp;<\/p>\n<p>Tela de Amianto: tiene muchisimos usos industriales. En construcci\u00f3n se utiliza para telones de teatros y cines y como aislante del calor; elaborado con el hilo de amianto en su preparaci\u00f3n se han combinado fibras vegetales o hilos con alambres metalicos de cobre, metal blanco o plomo, seg\u00fan su destino.<\/p>\n<p>Carton y papel de amianto: se fabrica con las fibras de amianto y un aglomerante especial. Es un material fuerte y resistente que tiene la suficiente flexibilidad para su aplicaci\u00f3n en los diversos usos comerciales.<\/p>\n<p>Loss fabricados con magnesio (Chrysotile), ya sean en planchas, tubos, bloquess o en polvo, no han de utilizarse para mas de 260\u00b0 C; los bloques son de 0.91 por 0.15 y 25 mm de grueso, y su peso 0.85 kg. El Superex resiste hasta los 1040\u00b0 C; entre las fibras lleva agregado carbonato de magnesia o s\u00edlicio diatomaci. Los blocs son de las mismas medidas del anterior.<\/p>\n<p>El papel se fabrica en varios gruesos; se provee en rollos de 101.6 mm (40\u00bb) de ancho y des de 9.52 mm (3\/8\u00bb) de grueso. Se utiliza el tipo pesado como base de la tela asf\u00e0ltica y bajo tejas y racholas en su doble propiedad de ign\u00edfugo y aislante de calor.<\/p>\n<p>Lana mineral: es un buen aislante, absolutamente incombustible y sin materia que pueda desintegrarse. Se recomienda para temperaturas hasta los 540\u00b0 C. Se fabrica de fibra pura de piedra de caliza y arena. Se utiliza para rellenar paredes vacias y tabiques divisorios dentro de los hornos.<\/p>\n<p>&nbsp;<\/p>","protected":false},"excerpt":{"rendered":"<p>Ign\u00edfugo &nbsp; Ign\u00edfugos: en la construcci\u00f3n de teatros, cines, depositos, etc., se deben de tomar precauciones especiales contra el peligro de incendio. Al seleccionar los materiales se tiene que dar preferencia a aquellos que tengan mayor resistencia a la acci\u00f3n del fuego. Entre los utilitzados corrientemente en la construcci\u00f3n, pueden reconocerse los mas resistentes a [&hellip;]<\/p>\n","protected":false},"author":8979,"featured_media":0,"parent":654,"menu_order":0,"comment_status":"open","ping_status":"closed","template":"","meta":{"_monsterinsights_skip_tracking":false,"_monsterinsights_sitenote_active":false,"_monsterinsights_sitenote_note":"","_monsterinsights_sitenote_category":0,"ngg_post_thumbnail":0,"footnotes":""},"class_list":["post-1028","page","type-page","status-publish","hentry"],"yoast_head":"<!-- This site is optimized with the Yoast SEO plugin v27.5 - https:\/\/yoast.com\/product\/yoast-seo-wordpress\/ -->\n<title>Ign\u00edfugo - decomat<\/title>\n<meta name=\"robots\" content=\"index, follow, max-snippet:-1, max-image-preview:large, max-video-preview:-1\" \/>\n<link rel=\"canonical\" href=\"https:\/\/decomat.com\/en\/materiales\/aislante\/ignifugo\/\" \/>\n<meta property=\"og:locale\" content=\"es_ES\" \/>\n<meta property=\"og:type\" content=\"article\" \/>\n<meta property=\"og:title\" content=\"Ign\u00edfugo - decomat\" \/>\n<meta property=\"og:description\" content=\"Ign\u00edfugo &nbsp; Ign\u00edfugos: en la construcci\u00f3n de teatros, cines, depositos, etc., se deben de tomar precauciones especiales contra el peligro de incendio. Al seleccionar los materiales se tiene que dar preferencia a aquellos que tengan mayor resistencia a la acci\u00f3n del fuego. Entre los utilitzados corrientemente en la construcci\u00f3n, pueden reconocerse los mas resistentes a [&hellip;]\" \/>\n<meta property=\"og:url\" content=\"https:\/\/decomat.com\/en\/materiales\/aislante\/ignifugo\/\" \/>\n<meta property=\"og:site_name\" content=\"decomat\" \/>\n<meta property=\"article:modified_time\" content=\"2012-07-12T13:07:57+00:00\" \/>\n<meta name=\"twitter:card\" content=\"summary_large_image\" \/>\n<meta name=\"twitter:label1\" content=\"Tiempo de lectura\" \/>\n\t<meta name=\"twitter:data1\" content=\"11 minutos\" \/>\n<script type=\"application\/ld+json\" class=\"yoast-schema-graph\">{\"@context\":\"https:\\\/\\\/schema.org\",\"@graph\":[{\"@type\":\"WebPage\",\"@id\":\"https:\\\/\\\/decomat.com\\\/en\\\/materiales\\\/aislante\\\/ignifugo\\\/\",\"url\":\"https:\\\/\\\/decomat.com\\\/en\\\/materiales\\\/aislante\\\/ignifugo\\\/\",\"name\":\"Ign\u00edfugo - decomat\",\"isPartOf\":{\"@id\":\"https:\\\/\\\/decomat.com\\\/ca\\\/#website\"},\"datePublished\":\"2012-04-11T17:01:15+00:00\",\"dateModified\":\"2012-07-12T13:07:57+00:00\",\"breadcrumb\":{\"@id\":\"https:\\\/\\\/decomat.com\\\/en\\\/materiales\\\/aislante\\\/ignifugo\\\/#breadcrumb\"},\"inLanguage\":\"es\",\"potentialAction\":[{\"@type\":\"ReadAction\",\"target\":[\"https:\\\/\\\/decomat.com\\\/en\\\/materiales\\\/aislante\\\/ignifugo\\\/\"]}]},{\"@type\":\"BreadcrumbList\",\"@id\":\"https:\\\/\\\/decomat.com\\\/en\\\/materiales\\\/aislante\\\/ignifugo\\\/#breadcrumb\",\"itemListElement\":[{\"@type\":\"ListItem\",\"position\":1,\"name\":\"Portada\",\"item\":\"https:\\\/\\\/decomat.com\\\/ca\\\/\"},{\"@type\":\"ListItem\",\"position\":2,\"name\":\"Materials\",\"item\":\"https:\\\/\\\/decomat.com\\\/ca\\\/materiales\\\/\"},{\"@type\":\"ListItem\",\"position\":3,\"name\":\"Isolator\",\"item\":\"https:\\\/\\\/decomat.com\\\/en\\\/materiales\\\/aislante\\\/\"},{\"@type\":\"ListItem\",\"position\":4,\"name\":\"Fireproof\"}]},{\"@type\":\"WebSite\",\"@id\":\"https:\\\/\\\/decomat.com\\\/ca\\\/#website\",\"url\":\"https:\\\/\\\/decomat.com\\\/ca\\\/\",\"name\":\"decomat\",\"description\":\"Material decoraci\u00f3n\",\"potentialAction\":[{\"@type\":\"SearchAction\",\"target\":{\"@type\":\"EntryPoint\",\"urlTemplate\":\"https:\\\/\\\/decomat.com\\\/ca\\\/?s={search_term_string}\"},\"query-input\":{\"@type\":\"PropertyValueSpecification\",\"valueRequired\":true,\"valueName\":\"search_term_string\"}}],\"inLanguage\":\"es\"}]}<\/script>\n<!-- \/ Yoast SEO plugin. -->","yoast_head_json":{"title":"Ign\u00edfugo - decomat","robots":{"index":"index","follow":"follow","max-snippet":"max-snippet:-1","max-image-preview":"max-image-preview:large","max-video-preview":"max-video-preview:-1"},"canonical":"https:\/\/decomat.com\/en\/materiales\/aislante\/ignifugo\/","og_locale":"es_ES","og_type":"article","og_title":"Ign\u00edfugo - decomat","og_description":"Ign\u00edfugo &nbsp; Ign\u00edfugos: en la construcci\u00f3n de teatros, cines, depositos, etc., se deben de tomar precauciones especiales contra el peligro de incendio. Al seleccionar los materiales se tiene que dar preferencia a aquellos que tengan mayor resistencia a la acci\u00f3n del fuego. Entre los utilitzados corrientemente en la construcci\u00f3n, pueden reconocerse los mas resistentes a [&hellip;]","og_url":"https:\/\/decomat.com\/en\/materiales\/aislante\/ignifugo\/","og_site_name":"decomat","article_modified_time":"2012-07-12T13:07:57+00:00","twitter_card":"summary_large_image","twitter_misc":{"Tiempo de lectura":"11 minutos"},"schema":{"@context":"https:\/\/schema.org","@graph":[{"@type":"WebPage","@id":"https:\/\/decomat.com\/en\/materiales\/aislante\/ignifugo\/","url":"https:\/\/decomat.com\/en\/materiales\/aislante\/ignifugo\/","name":"Ign\u00edfugo - decomat","isPartOf":{"@id":"https:\/\/decomat.com\/ca\/#website"},"datePublished":"2012-04-11T17:01:15+00:00","dateModified":"2012-07-12T13:07:57+00:00","breadcrumb":{"@id":"https:\/\/decomat.com\/en\/materiales\/aislante\/ignifugo\/#breadcrumb"},"inLanguage":"es","potentialAction":[{"@type":"ReadAction","target":["https:\/\/decomat.com\/en\/materiales\/aislante\/ignifugo\/"]}]},{"@type":"BreadcrumbList","@id":"https:\/\/decomat.com\/en\/materiales\/aislante\/ignifugo\/#breadcrumb","itemListElement":[{"@type":"ListItem","position":1,"name":"Portada","item":"https:\/\/decomat.com\/ca\/"},{"@type":"ListItem","position":2,"name":"Materials","item":"https:\/\/decomat.com\/ca\/materiales\/"},{"@type":"ListItem","position":3,"name":"Isolator","item":"https:\/\/decomat.com\/en\/materiales\/aislante\/"},{"@type":"ListItem","position":4,"name":"Fireproof"}]},{"@type":"WebSite","@id":"https:\/\/decomat.com\/ca\/#website","url":"https:\/\/decomat.com\/ca\/","name":"decomat","description":"Material decoraci\u00f3n","potentialAction":[{"@type":"SearchAction","target":{"@type":"EntryPoint","urlTemplate":"https:\/\/decomat.com\/ca\/?s={search_term_string}"},"query-input":{"@type":"PropertyValueSpecification","valueRequired":true,"valueName":"search_term_string"}}],"inLanguage":"es"}]}},"_links":{"self":[{"href":"https:\/\/decomat.com\/es\/wp-json\/wp\/v2\/pages\/1028","targetHints":{"allow":["GET"]}}],"collection":[{"href":"https:\/\/decomat.com\/es\/wp-json\/wp\/v2\/pages"}],"about":[{"href":"https:\/\/decomat.com\/es\/wp-json\/wp\/v2\/types\/page"}],"author":[{"embeddable":true,"href":"https:\/\/decomat.com\/es\/wp-json\/wp\/v2\/users\/8979"}],"replies":[{"embeddable":true,"href":"https:\/\/decomat.com\/es\/wp-json\/wp\/v2\/comments?post=1028"}],"version-history":[{"count":7,"href":"https:\/\/decomat.com\/es\/wp-json\/wp\/v2\/pages\/1028\/revisions"}],"predecessor-version":[{"id":1482,"href":"https:\/\/decomat.com\/es\/wp-json\/wp\/v2\/pages\/1028\/revisions\/1482"}],"up":[{"embeddable":true,"href":"https:\/\/decomat.com\/es\/wp-json\/wp\/v2\/pages\/654"}],"wp:attachment":[{"href":"https:\/\/decomat.com\/es\/wp-json\/wp\/v2\/media?parent=1028"}],"curies":[{"name":"wp","href":"https:\/\/api.w.org\/{rel}","templated":true}]}}