{"id":1087,"date":"2012-04-14T10:16:30","date_gmt":"2012-04-14T10:16:30","guid":{"rendered":"http:\/\/www.decomat.com\/?page_id=1087"},"modified":"2017-02-05T17:41:07","modified_gmt":"2017-02-05T15:41:07","slug":"cortinas-velux","status":"publish","type":"page","link":"https:\/\/decomat.com\/es\/materiales\/cortina-toldo\/cortinas-velux\/","title":{"rendered":"Cortinas Velux"},"content":{"rendered":"<h1>Cortinas Velux<\/h1>\n<p><a class=\"custom-frame alignleft frame-shadow\" style=\"display: inline !important;\" href=\"https:\/\/www.decomat.com\/imatges\/decomat\/materials\/cortina\/cortina\/velux\/comescollir\/cat\/cortinavelux.gif\"><img loading=\"lazy\" decoding=\"async\" class=\"alignnone size-full wp-image-839\" title=\"Pabellon_MiesVanDerRohe\" src=\"https:\/\/www.decomat.com\/imatges\/decomat\/materials\/cortina\/cortina\/velux\/comescollir\/cat\/cortinavelux.gif\" alt=\"\" width=\"251\" height=\"169\" \/><\/a><\/p>\n<p>Todo lo que necesita para sus ventanas VELUX. Una completa colecci\u00f3n con 146 nuevos y decorativos dise\u00f1os, fabricados con materiales de primera qualitat.Amb la novacol.lecci\u00f3 de cortinas, conseguir\u00e1 soluciones atractivas con un funcionamiento perfecto, creando as\u00ed ambientes acogedores durante todo el a\u00f1o.<br \/>\n Escogiendo cortinas originales VELUX, se asegura que el producto se adapte con precisi\u00f3n a sus ventanas para tejados, ya que est\u00e1n hechas a medida para las ventanas VELUX.<\/p>\n<p><meta http-equiv=\"Refresh\" content=\"10;url=https:\/\/www.naturlux.com\/es\/cortinas-velux\" \/>  <body> <\/p>\n<p>Aqui encontrara mas informaci\u00f3n sobre cortinas Velux. En 10 segundos enlazar\u00e0 a NATURLUX. En caso contrario, pulse en el siguiente enlace <a var myWindow = window.open(\"\" , \"https:\/\/www.naturlux.com\/es\/cortinas-velux\", \"toolbar=yes,scrollbars=yes,resizable=yes,top=500,left=500,width=400,height=400\"); > www.naturlux.com<\/a>\n<\/p>\n<p><\/body>","protected":false},"excerpt":{"rendered":"<p>Cortinas Velux Todo lo que necesita para sus ventanas VELUX. Una completa colecci\u00f3n con 146 nuevos y decorativos dise\u00f1os, fabricados con materiales de primera qualitat.Amb la novacol.lecci\u00f3 de cortinas, conseguir\u00e1 soluciones atractivas con un funcionamiento perfecto, creando as\u00ed ambientes acogedores durante todo el a\u00f1o. Escogiendo cortinas originales VELUX, se asegura que el producto se adapte [&hellip;]<\/p>\n","protected":false},"author":8979,"featured_media":0,"parent":1000,"menu_order":0,"comment_status":"open","ping_status":"closed","template":"","meta":{"_monsterinsights_skip_tracking":false,"_monsterinsights_sitenote_active":false,"_monsterinsights_sitenote_note":"","_monsterinsights_sitenote_category":0,"ngg_post_thumbnail":0,"footnotes":""},"class_list":["post-1087","page","type-page","status-publish","hentry"],"yoast_head":"<!-- This site is optimized with the Yoast SEO plugin v27.4 - https:\/\/yoast.com\/product\/yoast-seo-wordpress\/ -->\n<title>Cortinas Velux - decomat<\/title>\n<meta name=\"robots\" content=\"index, follow, max-snippet:-1, max-image-preview:large, max-video-preview:-1\" \/>\n<link rel=\"canonical\" href=\"https:\/\/decomat.com\/ca\/materiales\/cortina-toldo\/cortinas-velux\/\" \/>\n<meta property=\"og:locale\" content=\"es_ES\" \/>\n<meta property=\"og:type\" content=\"article\" \/>\n<meta property=\"og:title\" content=\"Cortinas Velux - decomat\" \/>\n<meta property=\"og:description\" content=\"Cortinas Velux Todo lo que necesita para sus ventanas VELUX. Una completa colecci\u00f3n con 146 nuevos y decorativos dise\u00f1os, fabricados con materiales de primera qualitat.Amb la novacol.lecci\u00f3 de cortinas, conseguir\u00e1 soluciones atractivas con un funcionamiento perfecto, creando as\u00ed ambientes acogedores durante todo el a\u00f1o. Escogiendo cortinas originales VELUX, se asegura que el producto se adapte [&hellip;]\" \/>\n<meta property=\"og:url\" content=\"https:\/\/decomat.com\/ca\/materiales\/cortina-toldo\/cortinas-velux\/\" \/>\n<meta property=\"og:site_name\" content=\"decomat\" \/>\n<meta property=\"article:modified_time\" content=\"2017-02-05T15:41:07+00:00\" \/>\n<meta property=\"og:image\" content=\"https:\/\/decomat.com\/wp-content\/uploads\/2012\/04\/Pabellon_MiesVanDerRohe.jpg\" \/>\n\t<meta property=\"og:image:width\" content=\"250\" \/>\n\t<meta property=\"og:image:height\" content=\"147\" \/>\n\t<meta property=\"og:image:type\" content=\"image\/jpeg\" \/>\n<meta name=\"twitter:card\" content=\"summary_large_image\" \/>\n<meta name=\"twitter:label1\" content=\"Tiempo de lectura\" \/>\n\t<meta name=\"twitter:data1\" content=\"2 minutos\" \/>\n<script type=\"application\/ld+json\" class=\"yoast-schema-graph\">{\"@context\":\"https:\\\/\\\/schema.org\",\"@graph\":[{\"@type\":\"WebPage\",\"@id\":\"https:\\\/\\\/decomat.com\\\/ca\\\/materiales\\\/cortina-toldo\\\/cortinas-velux\\\/\",\"url\":\"https:\\\/\\\/decomat.com\\\/ca\\\/materiales\\\/cortina-toldo\\\/cortinas-velux\\\/\",\"name\":\"Cortinas Velux - decomat\",\"isPartOf\":{\"@id\":\"https:\\\/\\\/decomat.com\\\/ca\\\/#website\"},\"primaryImageOfPage\":{\"@id\":\"https:\\\/\\\/decomat.com\\\/ca\\\/materiales\\\/cortina-toldo\\\/cortinas-velux\\\/#primaryimage\"},\"image\":{\"@id\":\"https:\\\/\\\/decomat.com\\\/ca\\\/materiales\\\/cortina-toldo\\\/cortinas-velux\\\/#primaryimage\"},\"thumbnailUrl\":\"https:\\\/\\\/www.decomat.com\\\/imatges\\\/decomat\\\/materials\\\/cortina\\\/cortina\\\/velux\\\/comescollir\\\/cat\\\/cortinavelux.gif\",\"datePublished\":\"2012-04-14T10:16:30+00:00\",\"dateModified\":\"2017-02-05T15:41:07+00:00\",\"breadcrumb\":{\"@id\":\"https:\\\/\\\/decomat.com\\\/ca\\\/materiales\\\/cortina-toldo\\\/cortinas-velux\\\/#breadcrumb\"},\"inLanguage\":\"es\",\"potentialAction\":[{\"@type\":\"ReadAction\",\"target\":[\"https:\\\/\\\/decomat.com\\\/ca\\\/materiales\\\/cortina-toldo\\\/cortinas-velux\\\/\"]}]},{\"@type\":\"ImageObject\",\"inLanguage\":\"es\",\"@id\":\"https:\\\/\\\/decomat.com\\\/ca\\\/materiales\\\/cortina-toldo\\\/cortinas-velux\\\/#primaryimage\",\"url\":\"https:\\\/\\\/www.decomat.com\\\/imatges\\\/decomat\\\/materials\\\/cortina\\\/cortina\\\/velux\\\/comescollir\\\/cat\\\/cortinavelux.gif\",\"contentUrl\":\"https:\\\/\\\/www.decomat.com\\\/imatges\\\/decomat\\\/materials\\\/cortina\\\/cortina\\\/velux\\\/comescollir\\\/cat\\\/cortinavelux.gif\"},{\"@type\":\"BreadcrumbList\",\"@id\":\"https:\\\/\\\/decomat.com\\\/ca\\\/materiales\\\/cortina-toldo\\\/cortinas-velux\\\/#breadcrumb\",\"itemListElement\":[{\"@type\":\"ListItem\",\"position\":1,\"name\":\"Portada\",\"item\":\"https:\\\/\\\/decomat.com\\\/ca\\\/\"},{\"@type\":\"ListItem\",\"position\":2,\"name\":\"Materials\",\"item\":\"https:\\\/\\\/decomat.com\\\/ca\\\/materiales\\\/\"},{\"@type\":\"ListItem\",\"position\":3,\"name\":\"Cortina \\\/ toldo\",\"item\":\"https:\\\/\\\/decomat.com\\\/es\\\/materiales\\\/cortina-toldo\\\/\"},{\"@type\":\"ListItem\",\"position\":4,\"name\":\"Cortines Velux\"}]},{\"@type\":\"WebSite\",\"@id\":\"https:\\\/\\\/decomat.com\\\/ca\\\/#website\",\"url\":\"https:\\\/\\\/decomat.com\\\/ca\\\/\",\"name\":\"decomat\",\"description\":\"Material decoraci\u00f3n\",\"potentialAction\":[{\"@type\":\"SearchAction\",\"target\":{\"@type\":\"EntryPoint\",\"urlTemplate\":\"https:\\\/\\\/decomat.com\\\/ca\\\/?s={search_term_string}\"},\"query-input\":{\"@type\":\"PropertyValueSpecification\",\"valueRequired\":true,\"valueName\":\"search_term_string\"}}],\"inLanguage\":\"es\"}]}<\/script>\n<!-- \/ Yoast SEO plugin. -->","yoast_head_json":{"title":"Cortinas Velux - decomat","robots":{"index":"index","follow":"follow","max-snippet":"max-snippet:-1","max-image-preview":"max-image-preview:large","max-video-preview":"max-video-preview:-1"},"canonical":"https:\/\/decomat.com\/ca\/materiales\/cortina-toldo\/cortinas-velux\/","og_locale":"es_ES","og_type":"article","og_title":"Cortinas Velux - decomat","og_description":"Cortinas Velux Todo lo que necesita para sus ventanas VELUX. Una completa colecci\u00f3n con 146 nuevos y decorativos dise\u00f1os, fabricados con materiales de primera qualitat.Amb la novacol.lecci\u00f3 de cortinas, conseguir\u00e1 soluciones atractivas con un funcionamiento perfecto, creando as\u00ed ambientes acogedores durante todo el a\u00f1o. Escogiendo cortinas originales VELUX, se asegura que el producto se adapte [&hellip;]","og_url":"https:\/\/decomat.com\/ca\/materiales\/cortina-toldo\/cortinas-velux\/","og_site_name":"decomat","article_modified_time":"2017-02-05T15:41:07+00:00","og_image":[{"width":250,"height":147,"url":"https:\/\/decomat.com\/wp-content\/uploads\/2012\/04\/Pabellon_MiesVanDerRohe.jpg","type":"image\/jpeg"}],"twitter_card":"summary_large_image","twitter_misc":{"Tiempo de lectura":"2 minutos"},"schema":{"@context":"https:\/\/schema.org","@graph":[{"@type":"WebPage","@id":"https:\/\/decomat.com\/ca\/materiales\/cortina-toldo\/cortinas-velux\/","url":"https:\/\/decomat.com\/ca\/materiales\/cortina-toldo\/cortinas-velux\/","name":"Cortinas Velux - decomat","isPartOf":{"@id":"https:\/\/decomat.com\/ca\/#website"},"primaryImageOfPage":{"@id":"https:\/\/decomat.com\/ca\/materiales\/cortina-toldo\/cortinas-velux\/#primaryimage"},"image":{"@id":"https:\/\/decomat.com\/ca\/materiales\/cortina-toldo\/cortinas-velux\/#primaryimage"},"thumbnailUrl":"https:\/\/www.decomat.com\/imatges\/decomat\/materials\/cortina\/cortina\/velux\/comescollir\/cat\/cortinavelux.gif","datePublished":"2012-04-14T10:16:30+00:00","dateModified":"2017-02-05T15:41:07+00:00","breadcrumb":{"@id":"https:\/\/decomat.com\/ca\/materiales\/cortina-toldo\/cortinas-velux\/#breadcrumb"},"inLanguage":"es","potentialAction":[{"@type":"ReadAction","target":["https:\/\/decomat.com\/ca\/materiales\/cortina-toldo\/cortinas-velux\/"]}]},{"@type":"ImageObject","inLanguage":"es","@id":"https:\/\/decomat.com\/ca\/materiales\/cortina-toldo\/cortinas-velux\/#primaryimage","url":"https:\/\/www.decomat.com\/imatges\/decomat\/materials\/cortina\/cortina\/velux\/comescollir\/cat\/cortinavelux.gif","contentUrl":"https:\/\/www.decomat.com\/imatges\/decomat\/materials\/cortina\/cortina\/velux\/comescollir\/cat\/cortinavelux.gif"},{"@type":"BreadcrumbList","@id":"https:\/\/decomat.com\/ca\/materiales\/cortina-toldo\/cortinas-velux\/#breadcrumb","itemListElement":[{"@type":"ListItem","position":1,"name":"Portada","item":"https:\/\/decomat.com\/ca\/"},{"@type":"ListItem","position":2,"name":"Materials","item":"https:\/\/decomat.com\/ca\/materiales\/"},{"@type":"ListItem","position":3,"name":"Cortina \/ toldo","item":"https:\/\/decomat.com\/es\/materiales\/cortina-toldo\/"},{"@type":"ListItem","position":4,"name":"Cortines Velux"}]},{"@type":"WebSite","@id":"https:\/\/decomat.com\/ca\/#website","url":"https:\/\/decomat.com\/ca\/","name":"decomat","description":"Material decoraci\u00f3n","potentialAction":[{"@type":"SearchAction","target":{"@type":"EntryPoint","urlTemplate":"https:\/\/decomat.com\/ca\/?s={search_term_string}"},"query-input":{"@type":"PropertyValueSpecification","valueRequired":true,"valueName":"search_term_string"}}],"inLanguage":"es"}]}},"_links":{"self":[{"href":"https:\/\/decomat.com\/es\/wp-json\/wp\/v2\/pages\/1087","targetHints":{"allow":["GET"]}}],"collection":[{"href":"https:\/\/decomat.com\/es\/wp-json\/wp\/v2\/pages"}],"about":[{"href":"https:\/\/decomat.com\/es\/wp-json\/wp\/v2\/types\/page"}],"author":[{"embeddable":true,"href":"https:\/\/decomat.com\/es\/wp-json\/wp\/v2\/users\/8979"}],"replies":[{"embeddable":true,"href":"https:\/\/decomat.com\/es\/wp-json\/wp\/v2\/comments?post=1087"}],"version-history":[{"count":48,"href":"https:\/\/decomat.com\/es\/wp-json\/wp\/v2\/pages\/1087\/revisions"}],"predecessor-version":[{"id":6239,"href":"https:\/\/decomat.com\/es\/wp-json\/wp\/v2\/pages\/1087\/revisions\/6239"}],"up":[{"embeddable":true,"href":"https:\/\/decomat.com\/es\/wp-json\/wp\/v2\/pages\/1000"}],"wp:attachment":[{"href":"https:\/\/decomat.com\/es\/wp-json\/wp\/v2\/media?parent=1087"}],"curies":[{"name":"wp","href":"https:\/\/api.w.org\/{rel}","templated":true}]}}