{"id":1111,"date":"2012-04-14T10:45:38","date_gmt":"2012-04-14T10:45:38","guid":{"rendered":"http:\/\/www.decomat.com\/?page_id=1111"},"modified":"2012-10-27T21:54:00","modified_gmt":"2012-10-27T19:54:00","slug":"cortinas-segun-funcion","status":"publish","type":"page","link":"https:\/\/decomat.com\/es\/materiales\/cortina-toldo\/tipos-de-cortinas\/cortinas-segun-funcion\/","title":{"rendered":"Cortinas seg\u00fan funci\u00f3n"},"content":{"rendered":"<p><\/p>\n<h1>Cortinas seg\u00fan funci\u00f3n<\/h1>\n<p>Todo lo que necesita para sus puertas y ventanas:<\/p>\n<ul>\n<li>Cortinas para oscurecer (<a href=\"https:\/\/www.decomat.com\/es\/materiales\/cortina-toldo\/tipos-de-cortinas\/cortinas-segun-funcion\/controlar-la-luz\/oscurecer-opacas\/\" target=\"_top\">tela opaca<\/a>) <span style=\"color: #ffffff;\">&#8230;&#8230;&#8230;&#8230;&#8230;&#8230;..<\/span><\/li>\n<li>Cortinas para dejar pasar la luz (<a href=\"https:\/\/www.decomat.com\/es\/materiales\/cortina-toldo\/tipos-de-cortinas\/cortinas-segun-funcion\/controlar-la-luz\/dejar-pasar-la-luz-traslucidas\/\" target=\"_top\">tela traslucida<\/a>) <span style=\"color: #ffffff;\">&#8230;&#8230;&#8230;&#8230;&#8230;&#8230;..<\/span><\/li>\n<li>Cortinas para dejar pasar la luz (<a href=\"https:\/\/www.decomat.com\/es\/materiales\/cortina-toldo\/tipos-de-cortinas\/cortinas-segun-funcion\/controlar-la-luz\/dejar-pasar-la-luz-transparente\/\" target=\"_top\">tela transparente<\/a>) <span style=\"color: #ffffff;\">&#8230;&#8230;&#8230;&#8230;&#8230;&#8230;..<\/span><\/li>\n<li>Cortinas para graduar la intensidad de la luz.(<a href=\"https:\/\/www.decomat.com\/materiales\/cortina-toldo\/tipos-de-cortinas\/cortinas-segun-funcion\/controlar-la-luz\/graduar-la-intensidad-de-luz-venecianas\/\" target=\"_top\">veneciana<\/a>)<\/li>\n<li><a href=\"https:\/\/www.decomat.com\/es\/materiales\/cortina-toldo\/tipos-de-cortinas\/cortinas-segun-mecanismo\/mosquitera\/\" target=\"_top\">Mosquiteras.<\/a><\/li>\n<\/ul>\n<p>&nbsp;<\/p>\n<p><script type=\"text\/javascript\">\/\/ < ![CDATA[\n var gaJsHost = ((\"https:\" == document.location.protocol) ? \"https:\/\/ssl.\" : \"http:\/\/www.\"); document.write(unescape(\"%3Cscript src='\" + gaJsHost + \"google-analytics.com\/ga.js' type='text\/javascript'%3E%3C\/script%3E\"));\n\/\/ ]]><\/script><br \/>\n<script type=\"text\/javascript\">\/\/ < ![CDATA[\n try { var pageTracker = _gat._getTracker(\"UA-3128693-1\"); pageTracker._trackPageview(); pageTracker._setDomainName(\"none\"); pageTracker._setAllowLinker(\"true\"); pageTracker._initData(); } catch(err) {}\n\/\/ ]]><\/script><\/p>\n<p>\u00ab.<\/p>","protected":false},"excerpt":{"rendered":"<p>Cortinas seg\u00fan funci\u00f3n Todo lo que necesita para sus puertas y ventanas: Cortinas para oscurecer (tela opaca) &#8230;&#8230;&#8230;&#8230;&#8230;&#8230;.. Cortinas para dejar pasar la luz (tela traslucida) &#8230;&#8230;&#8230;&#8230;&#8230;&#8230;.. Cortinas para dejar pasar la luz (tela transparente) &#8230;&#8230;&#8230;&#8230;&#8230;&#8230;.. Cortinas para graduar la intensidad de la luz.(veneciana) Mosquiteras. &nbsp; \u00ab.<\/p>\n","protected":false},"author":8979,"featured_media":0,"parent":1109,"menu_order":0,"comment_status":"open","ping_status":"closed","template":"page-PageTemplate9.php","meta":{"_monsterinsights_skip_tracking":false,"_monsterinsights_sitenote_active":false,"_monsterinsights_sitenote_note":"","_monsterinsights_sitenote_category":0,"ngg_post_thumbnail":0,"footnotes":""},"class_list":["post-1111","page","type-page","status-publish","hentry"],"yoast_head":"<!-- This site is optimized with the Yoast SEO plugin v27.3 - https:\/\/yoast.com\/product\/yoast-seo-wordpress\/ -->\n<title>Cortinas seg\u00fan funci\u00f3n - decomat<\/title>\n<meta name=\"robots\" content=\"index, follow, max-snippet:-1, max-image-preview:large, max-video-preview:-1\" \/>\n<link rel=\"canonical\" href=\"https:\/\/decomat.com\/es\/materiales\/cortina-toldo\/tipos-de-cortinas\/cortinas-segun-funcion\/\" \/>\n<meta property=\"og:locale\" content=\"es_ES\" \/>\n<meta property=\"og:type\" content=\"article\" \/>\n<meta property=\"og:title\" content=\"Cortinas seg\u00fan funci\u00f3n - decomat\" \/>\n<meta property=\"og:description\" content=\"Cortinas seg\u00fan funci\u00f3n Todo lo que necesita para sus puertas y ventanas: Cortinas para oscurecer (tela opaca) &#8230;&#8230;&#8230;&#8230;&#8230;&#8230;.. Cortinas para dejar pasar la luz (tela traslucida) &#8230;&#8230;&#8230;&#8230;&#8230;&#8230;.. Cortinas para dejar pasar la luz (tela transparente) &#8230;&#8230;&#8230;&#8230;&#8230;&#8230;.. Cortinas para graduar la intensidad de la luz.(veneciana) Mosquiteras. &nbsp; \u00ab.\" \/>\n<meta property=\"og:url\" content=\"https:\/\/decomat.com\/es\/materiales\/cortina-toldo\/tipos-de-cortinas\/cortinas-segun-funcion\/\" \/>\n<meta property=\"og:site_name\" content=\"decomat\" \/>\n<meta property=\"article:modified_time\" content=\"2012-10-27T19:54:00+00:00\" \/>\n<meta name=\"twitter:card\" content=\"summary_large_image\" \/>\n<meta name=\"twitter:label1\" content=\"Tiempo de lectura\" \/>\n\t<meta name=\"twitter:data1\" content=\"1 minuto\" \/>\n<script type=\"application\/ld+json\" class=\"yoast-schema-graph\">{\"@context\":\"https:\\\/\\\/schema.org\",\"@graph\":[{\"@type\":\"WebPage\",\"@id\":\"https:\\\/\\\/decomat.com\\\/es\\\/materiales\\\/cortina-toldo\\\/tipos-de-cortinas\\\/cortinas-segun-funcion\\\/\",\"url\":\"https:\\\/\\\/decomat.com\\\/es\\\/materiales\\\/cortina-toldo\\\/tipos-de-cortinas\\\/cortinas-segun-funcion\\\/\",\"name\":\"Cortinas seg\u00fan funci\u00f3n - decomat\",\"isPartOf\":{\"@id\":\"https:\\\/\\\/decomat.com\\\/ca\\\/#website\"},\"datePublished\":\"2012-04-14T10:45:38+00:00\",\"dateModified\":\"2012-10-27T19:54:00+00:00\",\"breadcrumb\":{\"@id\":\"https:\\\/\\\/decomat.com\\\/es\\\/materiales\\\/cortina-toldo\\\/tipos-de-cortinas\\\/cortinas-segun-funcion\\\/#breadcrumb\"},\"inLanguage\":\"es\",\"potentialAction\":[{\"@type\":\"ReadAction\",\"target\":[\"https:\\\/\\\/decomat.com\\\/es\\\/materiales\\\/cortina-toldo\\\/tipos-de-cortinas\\\/cortinas-segun-funcion\\\/\"]}]},{\"@type\":\"BreadcrumbList\",\"@id\":\"https:\\\/\\\/decomat.com\\\/es\\\/materiales\\\/cortina-toldo\\\/tipos-de-cortinas\\\/cortinas-segun-funcion\\\/#breadcrumb\",\"itemListElement\":[{\"@type\":\"ListItem\",\"position\":1,\"name\":\"Portada\",\"item\":\"https:\\\/\\\/decomat.com\\\/ca\\\/\"},{\"@type\":\"ListItem\",\"position\":2,\"name\":\"Materials\",\"item\":\"https:\\\/\\\/decomat.com\\\/ca\\\/materiales\\\/\"},{\"@type\":\"ListItem\",\"position\":3,\"name\":\"Cortina \\\/ toldo\",\"item\":\"https:\\\/\\\/decomat.com\\\/es\\\/materiales\\\/cortina-toldo\\\/\"},{\"@type\":\"ListItem\",\"position\":4,\"name\":\"Tipos de Cortinas\",\"item\":\"https:\\\/\\\/decomat.com\\\/es\\\/materiales\\\/cortina-toldo\\\/tipos-de-cortinas\\\/\"},{\"@type\":\"ListItem\",\"position\":5,\"name\":\"Cortinas seg\u00fan funci\u00f3n\"}]},{\"@type\":\"WebSite\",\"@id\":\"https:\\\/\\\/decomat.com\\\/ca\\\/#website\",\"url\":\"https:\\\/\\\/decomat.com\\\/ca\\\/\",\"name\":\"decomat\",\"description\":\"Material decoraci\u00f3n\",\"potentialAction\":[{\"@type\":\"SearchAction\",\"target\":{\"@type\":\"EntryPoint\",\"urlTemplate\":\"https:\\\/\\\/decomat.com\\\/ca\\\/?s={search_term_string}\"},\"query-input\":{\"@type\":\"PropertyValueSpecification\",\"valueRequired\":true,\"valueName\":\"search_term_string\"}}],\"inLanguage\":\"es\"}]}<\/script>\n<!-- \/ Yoast SEO plugin. -->","yoast_head_json":{"title":"Cortinas seg\u00fan funci\u00f3n - decomat","robots":{"index":"index","follow":"follow","max-snippet":"max-snippet:-1","max-image-preview":"max-image-preview:large","max-video-preview":"max-video-preview:-1"},"canonical":"https:\/\/decomat.com\/es\/materiales\/cortina-toldo\/tipos-de-cortinas\/cortinas-segun-funcion\/","og_locale":"es_ES","og_type":"article","og_title":"Cortinas seg\u00fan funci\u00f3n - decomat","og_description":"Cortinas seg\u00fan funci\u00f3n Todo lo que necesita para sus puertas y ventanas: Cortinas para oscurecer (tela opaca) &#8230;&#8230;&#8230;&#8230;&#8230;&#8230;.. Cortinas para dejar pasar la luz (tela traslucida) &#8230;&#8230;&#8230;&#8230;&#8230;&#8230;.. Cortinas para dejar pasar la luz (tela transparente) &#8230;&#8230;&#8230;&#8230;&#8230;&#8230;.. Cortinas para graduar la intensidad de la luz.(veneciana) Mosquiteras. &nbsp; \u00ab.","og_url":"https:\/\/decomat.com\/es\/materiales\/cortina-toldo\/tipos-de-cortinas\/cortinas-segun-funcion\/","og_site_name":"decomat","article_modified_time":"2012-10-27T19:54:00+00:00","twitter_card":"summary_large_image","twitter_misc":{"Tiempo de lectura":"1 minuto"},"schema":{"@context":"https:\/\/schema.org","@graph":[{"@type":"WebPage","@id":"https:\/\/decomat.com\/es\/materiales\/cortina-toldo\/tipos-de-cortinas\/cortinas-segun-funcion\/","url":"https:\/\/decomat.com\/es\/materiales\/cortina-toldo\/tipos-de-cortinas\/cortinas-segun-funcion\/","name":"Cortinas seg\u00fan funci\u00f3n - decomat","isPartOf":{"@id":"https:\/\/decomat.com\/ca\/#website"},"datePublished":"2012-04-14T10:45:38+00:00","dateModified":"2012-10-27T19:54:00+00:00","breadcrumb":{"@id":"https:\/\/decomat.com\/es\/materiales\/cortina-toldo\/tipos-de-cortinas\/cortinas-segun-funcion\/#breadcrumb"},"inLanguage":"es","potentialAction":[{"@type":"ReadAction","target":["https:\/\/decomat.com\/es\/materiales\/cortina-toldo\/tipos-de-cortinas\/cortinas-segun-funcion\/"]}]},{"@type":"BreadcrumbList","@id":"https:\/\/decomat.com\/es\/materiales\/cortina-toldo\/tipos-de-cortinas\/cortinas-segun-funcion\/#breadcrumb","itemListElement":[{"@type":"ListItem","position":1,"name":"Portada","item":"https:\/\/decomat.com\/ca\/"},{"@type":"ListItem","position":2,"name":"Materials","item":"https:\/\/decomat.com\/ca\/materiales\/"},{"@type":"ListItem","position":3,"name":"Cortina \/ toldo","item":"https:\/\/decomat.com\/es\/materiales\/cortina-toldo\/"},{"@type":"ListItem","position":4,"name":"Tipos de Cortinas","item":"https:\/\/decomat.com\/es\/materiales\/cortina-toldo\/tipos-de-cortinas\/"},{"@type":"ListItem","position":5,"name":"Cortinas seg\u00fan funci\u00f3n"}]},{"@type":"WebSite","@id":"https:\/\/decomat.com\/ca\/#website","url":"https:\/\/decomat.com\/ca\/","name":"decomat","description":"Material decoraci\u00f3n","potentialAction":[{"@type":"SearchAction","target":{"@type":"EntryPoint","urlTemplate":"https:\/\/decomat.com\/ca\/?s={search_term_string}"},"query-input":{"@type":"PropertyValueSpecification","valueRequired":true,"valueName":"search_term_string"}}],"inLanguage":"es"}]}},"_links":{"self":[{"href":"https:\/\/decomat.com\/es\/wp-json\/wp\/v2\/pages\/1111","targetHints":{"allow":["GET"]}}],"collection":[{"href":"https:\/\/decomat.com\/es\/wp-json\/wp\/v2\/pages"}],"about":[{"href":"https:\/\/decomat.com\/es\/wp-json\/wp\/v2\/types\/page"}],"author":[{"embeddable":true,"href":"https:\/\/decomat.com\/es\/wp-json\/wp\/v2\/users\/8979"}],"replies":[{"embeddable":true,"href":"https:\/\/decomat.com\/es\/wp-json\/wp\/v2\/comments?post=1111"}],"version-history":[{"count":22,"href":"https:\/\/decomat.com\/es\/wp-json\/wp\/v2\/pages\/1111\/revisions"}],"predecessor-version":[{"id":1461,"href":"https:\/\/decomat.com\/es\/wp-json\/wp\/v2\/pages\/1111\/revisions\/1461"}],"up":[{"embeddable":true,"href":"https:\/\/decomat.com\/es\/wp-json\/wp\/v2\/pages\/1109"}],"wp:attachment":[{"href":"https:\/\/decomat.com\/es\/wp-json\/wp\/v2\/media?parent=1111"}],"curies":[{"name":"wp","href":"https:\/\/api.w.org\/{rel}","templated":true}]}}