{"id":1198,"date":"2012-04-14T15:04:47","date_gmt":"2012-04-14T15:04:47","guid":{"rendered":"http:\/\/www.decomat.com\/?page_id=1198"},"modified":"2012-04-15T16:00:29","modified_gmt":"2012-04-15T16:00:29","slug":"segun-origen","status":"publish","type":"page","link":"https:\/\/decomat.com\/es\/materiales\/buscar-materiales\/segun-origen\/","title":{"rendered":"Seg\u00fan or\u00edgen"},"content":{"rendered":"<p><\/p>\n<h1>Materiales decoraci\u00f3n seg\u00fan or\u00edgen<\/h1>\n<p><\/p>","protected":false},"excerpt":{"rendered":"<p>Materiales decoraci\u00f3n seg\u00fan or\u00edgen<\/p>\n","protected":false},"author":8979,"featured_media":0,"parent":997,"menu_order":0,"comment_status":"open","ping_status":"closed","template":"","meta":{"_monsterinsights_skip_tracking":false,"_monsterinsights_sitenote_active":false,"_monsterinsights_sitenote_note":"","_monsterinsights_sitenote_category":0,"ngg_post_thumbnail":0,"footnotes":""},"class_list":["post-1198","page","type-page","status-publish","hentry"],"yoast_head":"<!-- This site is optimized with the Yoast SEO plugin v27.3 - https:\/\/yoast.com\/product\/yoast-seo-wordpress\/ -->\n<title>Seg\u00fan or\u00edgen - decomat<\/title>\n<meta name=\"robots\" content=\"index, follow, max-snippet:-1, max-image-preview:large, max-video-preview:-1\" \/>\n<link rel=\"canonical\" href=\"https:\/\/decomat.com\/ca\/materiales\/buscar-materiales\/segun-origen\/\" \/>\n<meta property=\"og:locale\" content=\"es_ES\" \/>\n<meta property=\"og:type\" content=\"article\" \/>\n<meta property=\"og:title\" content=\"Seg\u00fan or\u00edgen - decomat\" \/>\n<meta property=\"og:description\" content=\"Materiales decoraci\u00f3n seg\u00fan or\u00edgen\" \/>\n<meta property=\"og:url\" content=\"https:\/\/decomat.com\/ca\/materiales\/buscar-materiales\/segun-origen\/\" \/>\n<meta property=\"og:site_name\" content=\"decomat\" \/>\n<meta property=\"article:modified_time\" content=\"2012-04-15T16:00:29+00:00\" \/>\n<meta name=\"twitter:card\" content=\"summary_large_image\" \/>\n<script type=\"application\/ld+json\" class=\"yoast-schema-graph\">{\"@context\":\"https:\\\/\\\/schema.org\",\"@graph\":[{\"@type\":\"WebPage\",\"@id\":\"https:\\\/\\\/decomat.com\\\/ca\\\/materiales\\\/buscar-materiales\\\/segun-origen\\\/\",\"url\":\"https:\\\/\\\/decomat.com\\\/ca\\\/materiales\\\/buscar-materiales\\\/segun-origen\\\/\",\"name\":\"Seg\u00fan or\u00edgen - decomat\",\"isPartOf\":{\"@id\":\"https:\\\/\\\/decomat.com\\\/ca\\\/#website\"},\"datePublished\":\"2012-04-14T15:04:47+00:00\",\"dateModified\":\"2012-04-15T16:00:29+00:00\",\"breadcrumb\":{\"@id\":\"https:\\\/\\\/decomat.com\\\/ca\\\/materiales\\\/buscar-materiales\\\/segun-origen\\\/#breadcrumb\"},\"inLanguage\":\"es\",\"potentialAction\":[{\"@type\":\"ReadAction\",\"target\":[\"https:\\\/\\\/decomat.com\\\/ca\\\/materiales\\\/buscar-materiales\\\/segun-origen\\\/\"]}]},{\"@type\":\"BreadcrumbList\",\"@id\":\"https:\\\/\\\/decomat.com\\\/ca\\\/materiales\\\/buscar-materiales\\\/segun-origen\\\/#breadcrumb\",\"itemListElement\":[{\"@type\":\"ListItem\",\"position\":1,\"name\":\"Portada\",\"item\":\"https:\\\/\\\/decomat.com\\\/ca\\\/\"},{\"@type\":\"ListItem\",\"position\":2,\"name\":\"Materials\",\"item\":\"https:\\\/\\\/decomat.com\\\/ca\\\/materiales\\\/\"},{\"@type\":\"ListItem\",\"position\":3,\"name\":\"Cercar materials\",\"item\":\"https:\\\/\\\/decomat.com\\\/ca\\\/materiales\\\/buscar-materiales\\\/\"},{\"@type\":\"ListItem\",\"position\":4,\"name\":\"Segons or\u00edgen\"}]},{\"@type\":\"WebSite\",\"@id\":\"https:\\\/\\\/decomat.com\\\/ca\\\/#website\",\"url\":\"https:\\\/\\\/decomat.com\\\/ca\\\/\",\"name\":\"decomat\",\"description\":\"Material decoraci\u00f3n\",\"potentialAction\":[{\"@type\":\"SearchAction\",\"target\":{\"@type\":\"EntryPoint\",\"urlTemplate\":\"https:\\\/\\\/decomat.com\\\/ca\\\/?s={search_term_string}\"},\"query-input\":{\"@type\":\"PropertyValueSpecification\",\"valueRequired\":true,\"valueName\":\"search_term_string\"}}],\"inLanguage\":\"es\"}]}<\/script>\n<!-- \/ Yoast SEO plugin. -->","yoast_head_json":{"title":"Seg\u00fan or\u00edgen - decomat","robots":{"index":"index","follow":"follow","max-snippet":"max-snippet:-1","max-image-preview":"max-image-preview:large","max-video-preview":"max-video-preview:-1"},"canonical":"https:\/\/decomat.com\/ca\/materiales\/buscar-materiales\/segun-origen\/","og_locale":"es_ES","og_type":"article","og_title":"Seg\u00fan or\u00edgen - decomat","og_description":"Materiales decoraci\u00f3n seg\u00fan or\u00edgen","og_url":"https:\/\/decomat.com\/ca\/materiales\/buscar-materiales\/segun-origen\/","og_site_name":"decomat","article_modified_time":"2012-04-15T16:00:29+00:00","twitter_card":"summary_large_image","schema":{"@context":"https:\/\/schema.org","@graph":[{"@type":"WebPage","@id":"https:\/\/decomat.com\/ca\/materiales\/buscar-materiales\/segun-origen\/","url":"https:\/\/decomat.com\/ca\/materiales\/buscar-materiales\/segun-origen\/","name":"Seg\u00fan or\u00edgen - decomat","isPartOf":{"@id":"https:\/\/decomat.com\/ca\/#website"},"datePublished":"2012-04-14T15:04:47+00:00","dateModified":"2012-04-15T16:00:29+00:00","breadcrumb":{"@id":"https:\/\/decomat.com\/ca\/materiales\/buscar-materiales\/segun-origen\/#breadcrumb"},"inLanguage":"es","potentialAction":[{"@type":"ReadAction","target":["https:\/\/decomat.com\/ca\/materiales\/buscar-materiales\/segun-origen\/"]}]},{"@type":"BreadcrumbList","@id":"https:\/\/decomat.com\/ca\/materiales\/buscar-materiales\/segun-origen\/#breadcrumb","itemListElement":[{"@type":"ListItem","position":1,"name":"Portada","item":"https:\/\/decomat.com\/ca\/"},{"@type":"ListItem","position":2,"name":"Materials","item":"https:\/\/decomat.com\/ca\/materiales\/"},{"@type":"ListItem","position":3,"name":"Cercar materials","item":"https:\/\/decomat.com\/ca\/materiales\/buscar-materiales\/"},{"@type":"ListItem","position":4,"name":"Segons or\u00edgen"}]},{"@type":"WebSite","@id":"https:\/\/decomat.com\/ca\/#website","url":"https:\/\/decomat.com\/ca\/","name":"decomat","description":"Material decoraci\u00f3n","potentialAction":[{"@type":"SearchAction","target":{"@type":"EntryPoint","urlTemplate":"https:\/\/decomat.com\/ca\/?s={search_term_string}"},"query-input":{"@type":"PropertyValueSpecification","valueRequired":true,"valueName":"search_term_string"}}],"inLanguage":"es"}]}},"_links":{"self":[{"href":"https:\/\/decomat.com\/es\/wp-json\/wp\/v2\/pages\/1198","targetHints":{"allow":["GET"]}}],"collection":[{"href":"https:\/\/decomat.com\/es\/wp-json\/wp\/v2\/pages"}],"about":[{"href":"https:\/\/decomat.com\/es\/wp-json\/wp\/v2\/types\/page"}],"author":[{"embeddable":true,"href":"https:\/\/decomat.com\/es\/wp-json\/wp\/v2\/users\/8979"}],"replies":[{"embeddable":true,"href":"https:\/\/decomat.com\/es\/wp-json\/wp\/v2\/comments?post=1198"}],"version-history":[{"count":4,"href":"https:\/\/decomat.com\/es\/wp-json\/wp\/v2\/pages\/1198\/revisions"}],"predecessor-version":[{"id":1413,"href":"https:\/\/decomat.com\/es\/wp-json\/wp\/v2\/pages\/1198\/revisions\/1413"}],"up":[{"embeddable":true,"href":"https:\/\/decomat.com\/es\/wp-json\/wp\/v2\/pages\/997"}],"wp:attachment":[{"href":"https:\/\/decomat.com\/es\/wp-json\/wp\/v2\/media?parent=1198"}],"curies":[{"name":"wp","href":"https:\/\/api.w.org\/{rel}","templated":true}]}}