{"id":1287,"date":"2012-04-14T17:34:09","date_gmt":"2012-04-14T17:34:09","guid":{"rendered":"http:\/\/www.decomat.com\/?page_id=1287"},"modified":"2018-01-18T15:41:56","modified_gmt":"2018-01-18T13:41:56","slug":"parque","status":"publish","type":"page","link":"https:\/\/decomat.com\/es\/materiales\/pavimento-suelo\/parque\/","title":{"rendered":"Parquet para suelo"},"content":{"rendered":"<h1>Parquet para suelo<\/h1>\n<p>Somos <strong>instaladores y restauradores \/ reparadores de parquet para suelos de interiores y tambi\u00e9n\u00a0de tarimas de exterior<\/strong>.<\/p>\n<h2>Tipos de parquets seg\u00fan el formato de la madera:<\/h2>\n<p>Trabajamos con todo tipos de parquet, seg\u00fan las necessidades y la decoraci\u00f3n de su hogar podr\u00e1 escojer entre los diferentes productos que se ofrecen\u00a0al mercado:<\/p>\n<p style=\"padding-left: 30px;\">\u2022 Lamas parquet flotante de madera maziza natural<br \/>\n\u2022 Lamas parquet encolado de madera maziza natural<br \/>\n\u2022 Lames parquet flotante de madera sint\u00e9tica no natural \/ laminada<br \/>\n\u2022 Tarimas parquet\u00a0flotante (sobre rastreles)\u00a0de madera maziza natural<br \/>\n\u2022 Tablas parquet flotante de madera maziza natural<\/p>\n<p>Una misma variedad de madera puede presentar diferentes aspectos de coloraci\u00f3n\u00a0dependiendo del tratamiento que se le proporcione de diferentes barnizados (al aceite, brillante, mate, satinado&#8230;).<\/p>\n<h2>Tipos\u00a0de parquets seg\u00fan el arbol de donde proviene la madera:<\/h2>\n<p>En el mercado hay una gran variedad de tipos de maderas para el parquet seg\u00fan el arbol del cual proviene la madera, es por ello que por tal que la busqueda sea mas f\u00e1cil a parte de buscarlo en funci\u00f3n de la madera o\u00a0del<strong>or\u00edgen<\/strong> (tropical, mediterr\u00e1neo, etc) de la madera tambi\u00e9n podeis buscar por el <strong>tono<\/strong>, el<strong>aspecto<\/strong> o el<strong>estilo<\/strong>\u00a0decorativo o por catalogos de fabricante o inclusive ver\u00a0las imagenes de los trabajos acabados para apreciar mejor qual es el aspecto que coincide con el vuestro gusto o costumbres.<\/p>\n<p>No dude en solicitarnos informaci\u00f3n sobre la gran varietat de tipus de parquets, l&#8217;assesorarem per tal que trobi la millor alternativa.<\/p>\n<h2>Manteniment parquets:<\/h2>\n<p>Realitzem el manteniment (pulint, barnissant, restaurant, reparant, abrillantant)\u00a0de qualsevol tipus, marca o <strong>model de parquet per a terra<\/strong>. Li realitzem pressupot de reparar, pulir, barni\u00e7, restaurar el seu parquet existent.<\/p>\n<p>Per cuidar un parquet cal <strong>pulir i barnissar<\/strong> el seu <strong>parquet<\/strong> per deixar-lo com nou i conservar el seus parquets antics en les millors condicions possibles.<\/p>\n<p>Si li cal <strong>reparar el seu parquet<\/strong> li reparem parquet i tamb\u00e9 li oferim assessorament per la selecci\u00f3 de la millor fusta per al terra de la seva llar.<\/p>\n<h2>Marques fabricants parquet:<\/h2>\n<p>Actualment treballem amb les millors marques del mercat amb <strong>parquet natural<\/strong> com: Kahrs, Haro, Dura, Naturtek, Itlas, Labor Legno; tamb\u00e9 treballem amb <strong>paviments laminats sint\u00e8tics<\/strong> com: Pergo, Wittex, Quick Step, Floor-line.<\/p>\n<p>Oferim <strong>parquet econ\u00f2mic<\/strong> amb pressupostos per totes les butxaques i garantia post-venda","protected":false},"excerpt":{"rendered":"<p>Parquet para suelo Somos instaladores y restauradores \/ reparadores de parquet para suelos de interiores y tambi\u00e9n\u00a0de tarimas de exterior. Tipos de parquets seg\u00fan el formato de la madera: Trabajamos con todo tipos de parquet, seg\u00fan las necessidades y la decoraci\u00f3n de su hogar podr\u00e1 escojer entre los diferentes productos que se ofrecen\u00a0al mercado: \u2022 [&hellip;]<\/p>\n","protected":false},"author":8979,"featured_media":0,"parent":1280,"menu_order":0,"comment_status":"open","ping_status":"closed","template":"","meta":{"_monsterinsights_skip_tracking":false,"_monsterinsights_sitenote_active":false,"_monsterinsights_sitenote_note":"","_monsterinsights_sitenote_category":0,"ngg_post_thumbnail":0,"footnotes":""},"class_list":["post-1287","page","type-page","status-publish","hentry"],"yoast_head":"<!-- This site is optimized with the Yoast SEO plugin v27.3 - https:\/\/yoast.com\/product\/yoast-seo-wordpress\/ -->\n<title>Parquet para suelo - decomat<\/title>\n<meta name=\"robots\" content=\"index, follow, max-snippet:-1, max-image-preview:large, max-video-preview:-1\" \/>\n<link rel=\"canonical\" href=\"https:\/\/decomat.com\/fr\/materiales\/pavimento-suelo\/parque\/\" \/>\n<meta property=\"og:locale\" content=\"es_ES\" \/>\n<meta property=\"og:type\" content=\"article\" \/>\n<meta property=\"og:title\" content=\"Parquet para suelo - decomat\" \/>\n<meta property=\"og:description\" content=\"Parquet para suelo Somos instaladores y restauradores \/ reparadores de parquet para suelos de interiores y tambi\u00e9n\u00a0de tarimas de exterior. Tipos de parquets seg\u00fan el formato de la madera: Trabajamos con todo tipos de parquet, seg\u00fan las necessidades y la decoraci\u00f3n de su hogar podr\u00e1 escojer entre los diferentes productos que se ofrecen\u00a0al mercado: \u2022 [&hellip;]\" \/>\n<meta property=\"og:url\" content=\"https:\/\/decomat.com\/fr\/materiales\/pavimento-suelo\/parque\/\" \/>\n<meta property=\"og:site_name\" content=\"decomat\" \/>\n<meta property=\"article:modified_time\" content=\"2018-01-18T13:41:56+00:00\" \/>\n<meta name=\"twitter:card\" content=\"summary_large_image\" \/>\n<meta name=\"twitter:label1\" content=\"Tiempo de lectura\" \/>\n\t<meta name=\"twitter:data1\" content=\"4 minutos\" \/>\n<script type=\"application\/ld+json\" class=\"yoast-schema-graph\">{\"@context\":\"https:\\\/\\\/schema.org\",\"@graph\":[{\"@type\":\"WebPage\",\"@id\":\"https:\\\/\\\/decomat.com\\\/fr\\\/materiales\\\/pavimento-suelo\\\/parque\\\/\",\"url\":\"https:\\\/\\\/decomat.com\\\/fr\\\/materiales\\\/pavimento-suelo\\\/parque\\\/\",\"name\":\"Parquet para suelo - decomat\",\"isPartOf\":{\"@id\":\"https:\\\/\\\/decomat.com\\\/ca\\\/#website\"},\"datePublished\":\"2012-04-14T17:34:09+00:00\",\"dateModified\":\"2018-01-18T13:41:56+00:00\",\"breadcrumb\":{\"@id\":\"https:\\\/\\\/decomat.com\\\/fr\\\/materiales\\\/pavimento-suelo\\\/parque\\\/#breadcrumb\"},\"inLanguage\":\"es\",\"potentialAction\":[{\"@type\":\"ReadAction\",\"target\":[\"https:\\\/\\\/decomat.com\\\/fr\\\/materiales\\\/pavimento-suelo\\\/parque\\\/\"]}]},{\"@type\":\"BreadcrumbList\",\"@id\":\"https:\\\/\\\/decomat.com\\\/fr\\\/materiales\\\/pavimento-suelo\\\/parque\\\/#breadcrumb\",\"itemListElement\":[{\"@type\":\"ListItem\",\"position\":1,\"name\":\"Portada\",\"item\":\"https:\\\/\\\/decomat.com\\\/ca\\\/\"},{\"@type\":\"ListItem\",\"position\":2,\"name\":\"Materials\",\"item\":\"https:\\\/\\\/decomat.com\\\/ca\\\/materiales\\\/\"},{\"@type\":\"ListItem\",\"position\":3,\"name\":\"Paviment \\\/ Terra\",\"item\":\"https:\\\/\\\/decomat.com\\\/ca\\\/materiales\\\/pavimento-suelo\\\/\"},{\"@type\":\"ListItem\",\"position\":4,\"name\":\"Parquet de sol\"}]},{\"@type\":\"WebSite\",\"@id\":\"https:\\\/\\\/decomat.com\\\/ca\\\/#website\",\"url\":\"https:\\\/\\\/decomat.com\\\/ca\\\/\",\"name\":\"decomat\",\"description\":\"Material decoraci\u00f3n\",\"potentialAction\":[{\"@type\":\"SearchAction\",\"target\":{\"@type\":\"EntryPoint\",\"urlTemplate\":\"https:\\\/\\\/decomat.com\\\/ca\\\/?s={search_term_string}\"},\"query-input\":{\"@type\":\"PropertyValueSpecification\",\"valueRequired\":true,\"valueName\":\"search_term_string\"}}],\"inLanguage\":\"es\"}]}<\/script>\n<!-- \/ Yoast SEO plugin. -->","yoast_head_json":{"title":"Parquet para suelo - decomat","robots":{"index":"index","follow":"follow","max-snippet":"max-snippet:-1","max-image-preview":"max-image-preview:large","max-video-preview":"max-video-preview:-1"},"canonical":"https:\/\/decomat.com\/fr\/materiales\/pavimento-suelo\/parque\/","og_locale":"es_ES","og_type":"article","og_title":"Parquet para suelo - decomat","og_description":"Parquet para suelo Somos instaladores y restauradores \/ reparadores de parquet para suelos de interiores y tambi\u00e9n\u00a0de tarimas de exterior. Tipos de parquets seg\u00fan el formato de la madera: Trabajamos con todo tipos de parquet, seg\u00fan las necessidades y la decoraci\u00f3n de su hogar podr\u00e1 escojer entre los diferentes productos que se ofrecen\u00a0al mercado: \u2022 [&hellip;]","og_url":"https:\/\/decomat.com\/fr\/materiales\/pavimento-suelo\/parque\/","og_site_name":"decomat","article_modified_time":"2018-01-18T13:41:56+00:00","twitter_card":"summary_large_image","twitter_misc":{"Tiempo de lectura":"4 minutos"},"schema":{"@context":"https:\/\/schema.org","@graph":[{"@type":"WebPage","@id":"https:\/\/decomat.com\/fr\/materiales\/pavimento-suelo\/parque\/","url":"https:\/\/decomat.com\/fr\/materiales\/pavimento-suelo\/parque\/","name":"Parquet para suelo - decomat","isPartOf":{"@id":"https:\/\/decomat.com\/ca\/#website"},"datePublished":"2012-04-14T17:34:09+00:00","dateModified":"2018-01-18T13:41:56+00:00","breadcrumb":{"@id":"https:\/\/decomat.com\/fr\/materiales\/pavimento-suelo\/parque\/#breadcrumb"},"inLanguage":"es","potentialAction":[{"@type":"ReadAction","target":["https:\/\/decomat.com\/fr\/materiales\/pavimento-suelo\/parque\/"]}]},{"@type":"BreadcrumbList","@id":"https:\/\/decomat.com\/fr\/materiales\/pavimento-suelo\/parque\/#breadcrumb","itemListElement":[{"@type":"ListItem","position":1,"name":"Portada","item":"https:\/\/decomat.com\/ca\/"},{"@type":"ListItem","position":2,"name":"Materials","item":"https:\/\/decomat.com\/ca\/materiales\/"},{"@type":"ListItem","position":3,"name":"Paviment \/ Terra","item":"https:\/\/decomat.com\/ca\/materiales\/pavimento-suelo\/"},{"@type":"ListItem","position":4,"name":"Parquet de sol"}]},{"@type":"WebSite","@id":"https:\/\/decomat.com\/ca\/#website","url":"https:\/\/decomat.com\/ca\/","name":"decomat","description":"Material decoraci\u00f3n","potentialAction":[{"@type":"SearchAction","target":{"@type":"EntryPoint","urlTemplate":"https:\/\/decomat.com\/ca\/?s={search_term_string}"},"query-input":{"@type":"PropertyValueSpecification","valueRequired":true,"valueName":"search_term_string"}}],"inLanguage":"es"}]}},"_links":{"self":[{"href":"https:\/\/decomat.com\/es\/wp-json\/wp\/v2\/pages\/1287","targetHints":{"allow":["GET"]}}],"collection":[{"href":"https:\/\/decomat.com\/es\/wp-json\/wp\/v2\/pages"}],"about":[{"href":"https:\/\/decomat.com\/es\/wp-json\/wp\/v2\/types\/page"}],"author":[{"embeddable":true,"href":"https:\/\/decomat.com\/es\/wp-json\/wp\/v2\/users\/8979"}],"replies":[{"embeddable":true,"href":"https:\/\/decomat.com\/es\/wp-json\/wp\/v2\/comments?post=1287"}],"version-history":[{"count":23,"href":"https:\/\/decomat.com\/es\/wp-json\/wp\/v2\/pages\/1287\/revisions"}],"predecessor-version":[{"id":7880,"href":"https:\/\/decomat.com\/es\/wp-json\/wp\/v2\/pages\/1287\/revisions\/7880"}],"up":[{"embeddable":true,"href":"https:\/\/decomat.com\/es\/wp-json\/wp\/v2\/pages\/1280"}],"wp:attachment":[{"href":"https:\/\/decomat.com\/es\/wp-json\/wp\/v2\/media?parent=1287"}],"curies":[{"name":"wp","href":"https:\/\/api.w.org\/{rel}","templated":true}]}}