{"id":1992,"date":"2012-04-18T20:13:36","date_gmt":"2012-04-18T20:13:36","guid":{"rendered":"http:\/\/www.decomat.com\/?page_id=1992"},"modified":"2017-04-08T17:15:43","modified_gmt":"2017-04-08T15:15:43","slug":"ascensor-unifamiliar","status":"publish","type":"page","link":"https:\/\/decomat.com\/es\/hogar\/ascensor-unifamiliar\/","title":{"rendered":"Ascensor unifamiliar"},"content":{"rendered":"<h1>Ascensor unifamiliar<\/h1>\n<div>La mayor\u00eda de las viviendas unifamiliares tienden a la verticalidad,&nbsp;tener en ella un&nbsp;<strong>ascensor unifamiliar<\/strong>&nbsp;le garantiza comodidad.<br \/>\nLas escaleras son el \u00fanico camino para acceder a las distintas zonas de la casa, y lo que en principio supone un atractivo, pronto se convierte en una gran incomodidad.<\/p>\n<div id=\"attachment_6752\" style=\"width: 310px\" class=\"wp-caption alignleft\"><a class=\"custom-frame alignleft frame-shadow\" style=\"display: inline !important;\" href=\"https:\/\/www.decomat.com\/wp-content\/uploads\/2012\/04\/ascensor_vivenda_unifamiliar.jpg\"><img loading=\"lazy\" decoding=\"async\" aria-describedby=\"caption-attachment-6752\" class=\"wp-image-6752 size-medium\" title=\"Llar\" src=\"https:\/\/www.decomat.com\/wp-content\/uploads\/2012\/04\/ascensor_vivenda_unifamiliar-300x207.jpg\" alt=\"\" width=\"300\" height=\"207\" srcset=\"https:\/\/decomat.com\/wp-content\/uploads\/2012\/04\/ascensor_vivenda_unifamiliar-300x207.jpg 300w, https:\/\/decomat.com\/wp-content\/uploads\/2012\/04\/ascensor_vivenda_unifamiliar-330x228.jpg 330w, https:\/\/decomat.com\/wp-content\/uploads\/2012\/04\/ascensor_vivenda_unifamiliar-260x180.jpg 260w, https:\/\/decomat.com\/wp-content\/uploads\/2012\/04\/ascensor_vivenda_unifamiliar-520x360.jpg 520w, https:\/\/decomat.com\/wp-content\/uploads\/2012\/04\/ascensor_vivenda_unifamiliar-414x286.jpg 414w, https:\/\/decomat.com\/wp-content\/uploads\/2012\/04\/ascensor_vivenda_unifamiliar.jpg 580w\" sizes=\"auto, (max-width: 300px) 100vw, 300px\" \/><\/a><p id=\"caption-attachment-6752\" class=\"wp-caption-text\">ascensor unifamiliar<\/p><\/div>\n<p>Y en un importante inconveniente cuando se trata de personas mayores o con problemas de salud. Nuestra gama de Ascensores Unifamiliares MINI-UP resuelve el problema para que usted suba o baje con solo mover un dedo.<br \/>\n<strong> Su comodidad en 1m\u00b2 <\/strong><br \/>\nLos Ascensores Unifamiliares MINI-UP s\u00f3lo necesitan un 1m\u00b2 en horizontal para subir hasta 11,5 m en vertical. Sus diferentes modelos de puertas y su sistema de impulsi\u00f3n hidr\u00e1ulica lateral, le aseguran una perfecta instalaci\u00f3n, sean cuales sean los condicionantes de su ubicaci\u00f3n. Usted s\u00f3lo tiene que elegir el modelo que m\u00e1s se adapte a la decoraci\u00f3n de su vivienda y en Zardoya Otis nos encargamos del resto.<br \/>\n<strong>Todo bajo control<\/strong><br \/>\nSistema de Emergencia, de serie, que permite el descenso autom\u00e1tico del ascensor a la planta baja y la apertura de&nbsp; puertas ante una posible falta de suministro el\u00e9ctrico.<br \/>\nDispone de puertas semiautom\u00e1ticas con cerradura&nbsp; de doble enclavamiento: mec\u00e1nico y el\u00e9ctrico. Homologaci\u00f3n de resistencia al fuego seg\u00fan Norma UNE 23-802-79, emitida por el LICOF.<\/p>\n<\/div>","protected":false},"excerpt":{"rendered":"<p>Ascensor unifamiliar La mayor\u00eda de las viviendas unifamiliares tienden a la verticalidad,&nbsp;tener en ella un&nbsp;ascensor unifamiliar&nbsp;le garantiza comodidad. Las escaleras son el \u00fanico camino para acceder a las distintas zonas de la casa, y lo que en principio supone un atractivo, pronto se convierte en una gran incomodidad. Y en un importante inconveniente cuando se [&hellip;]<\/p>\n","protected":false},"author":8979,"featured_media":0,"parent":715,"menu_order":2,"comment_status":"open","ping_status":"closed","template":"","meta":{"_monsterinsights_skip_tracking":false,"_monsterinsights_sitenote_active":false,"_monsterinsights_sitenote_note":"","_monsterinsights_sitenote_category":0,"ngg_post_thumbnail":0,"footnotes":""},"class_list":["post-1992","page","type-page","status-publish","hentry"],"yoast_head":"<!-- This site is optimized with the Yoast SEO plugin v27.3 - https:\/\/yoast.com\/product\/yoast-seo-wordpress\/ -->\n<title>Ascensor unifamiliar - decomat<\/title>\n<meta name=\"robots\" content=\"index, follow, max-snippet:-1, max-image-preview:large, max-video-preview:-1\" \/>\n<link rel=\"canonical\" href=\"https:\/\/decomat.com\/es\/hogar\/ascensor-unifamiliar\/\" \/>\n<meta property=\"og:locale\" content=\"es_ES\" \/>\n<meta property=\"og:type\" content=\"article\" \/>\n<meta property=\"og:title\" content=\"Ascensor unifamiliar - decomat\" \/>\n<meta property=\"og:description\" content=\"Ascensor unifamiliar La mayor\u00eda de las viviendas unifamiliares tienden a la verticalidad,&nbsp;tener en ella un&nbsp;ascensor unifamiliar&nbsp;le garantiza comodidad. Las escaleras son el \u00fanico camino para acceder a las distintas zonas de la casa, y lo que en principio supone un atractivo, pronto se convierte en una gran incomodidad. Y en un importante inconveniente cuando se [&hellip;]\" \/>\n<meta property=\"og:url\" content=\"https:\/\/decomat.com\/es\/hogar\/ascensor-unifamiliar\/\" \/>\n<meta property=\"og:site_name\" content=\"decomat\" \/>\n<meta property=\"article:modified_time\" content=\"2017-04-08T15:15:43+00:00\" \/>\n<meta property=\"og:image\" content=\"https:\/\/decomat.com\/wp-content\/uploads\/2012\/04\/ascensor_vivenda_unifamiliar.jpg\" \/>\n\t<meta property=\"og:image:width\" content=\"580\" \/>\n\t<meta property=\"og:image:height\" content=\"400\" \/>\n\t<meta property=\"og:image:type\" content=\"image\/jpeg\" \/>\n<meta name=\"twitter:card\" content=\"summary_large_image\" \/>\n<meta name=\"twitter:label1\" content=\"Tiempo de lectura\" \/>\n\t<meta name=\"twitter:data1\" content=\"5 minutos\" \/>\n<script type=\"application\/ld+json\" class=\"yoast-schema-graph\">{\"@context\":\"https:\\\/\\\/schema.org\",\"@graph\":[{\"@type\":\"WebPage\",\"@id\":\"https:\\\/\\\/decomat.com\\\/es\\\/hogar\\\/ascensor-unifamiliar\\\/\",\"url\":\"https:\\\/\\\/decomat.com\\\/es\\\/hogar\\\/ascensor-unifamiliar\\\/\",\"name\":\"Ascensor unifamiliar - decomat\",\"isPartOf\":{\"@id\":\"https:\\\/\\\/decomat.com\\\/ca\\\/#website\"},\"primaryImageOfPage\":{\"@id\":\"https:\\\/\\\/decomat.com\\\/es\\\/hogar\\\/ascensor-unifamiliar\\\/#primaryimage\"},\"image\":{\"@id\":\"https:\\\/\\\/decomat.com\\\/es\\\/hogar\\\/ascensor-unifamiliar\\\/#primaryimage\"},\"thumbnailUrl\":\"https:\\\/\\\/www.decomat.com\\\/wp-content\\\/uploads\\\/2012\\\/04\\\/ascensor_vivenda_unifamiliar-300x207.jpg\",\"datePublished\":\"2012-04-18T20:13:36+00:00\",\"dateModified\":\"2017-04-08T15:15:43+00:00\",\"breadcrumb\":{\"@id\":\"https:\\\/\\\/decomat.com\\\/es\\\/hogar\\\/ascensor-unifamiliar\\\/#breadcrumb\"},\"inLanguage\":\"es\",\"potentialAction\":[{\"@type\":\"ReadAction\",\"target\":[\"https:\\\/\\\/decomat.com\\\/es\\\/hogar\\\/ascensor-unifamiliar\\\/\"]}]},{\"@type\":\"ImageObject\",\"inLanguage\":\"es\",\"@id\":\"https:\\\/\\\/decomat.com\\\/es\\\/hogar\\\/ascensor-unifamiliar\\\/#primaryimage\",\"url\":\"https:\\\/\\\/www.decomat.com\\\/wp-content\\\/uploads\\\/2012\\\/04\\\/ascensor_vivenda_unifamiliar-300x207.jpg\",\"contentUrl\":\"https:\\\/\\\/www.decomat.com\\\/wp-content\\\/uploads\\\/2012\\\/04\\\/ascensor_vivenda_unifamiliar-300x207.jpg\"},{\"@type\":\"BreadcrumbList\",\"@id\":\"https:\\\/\\\/decomat.com\\\/es\\\/hogar\\\/ascensor-unifamiliar\\\/#breadcrumb\",\"itemListElement\":[{\"@type\":\"ListItem\",\"position\":1,\"name\":\"Portada\",\"item\":\"https:\\\/\\\/decomat.com\\\/ca\\\/\"},{\"@type\":\"ListItem\",\"position\":2,\"name\":\"Hogar\",\"item\":\"https:\\\/\\\/decomat.com\\\/es\\\/hogar\\\/\"},{\"@type\":\"ListItem\",\"position\":3,\"name\":\"Ascensor unifamiliar\"}]},{\"@type\":\"WebSite\",\"@id\":\"https:\\\/\\\/decomat.com\\\/ca\\\/#website\",\"url\":\"https:\\\/\\\/decomat.com\\\/ca\\\/\",\"name\":\"decomat\",\"description\":\"Material decoraci\u00f3n\",\"potentialAction\":[{\"@type\":\"SearchAction\",\"target\":{\"@type\":\"EntryPoint\",\"urlTemplate\":\"https:\\\/\\\/decomat.com\\\/ca\\\/?s={search_term_string}\"},\"query-input\":{\"@type\":\"PropertyValueSpecification\",\"valueRequired\":true,\"valueName\":\"search_term_string\"}}],\"inLanguage\":\"es\"}]}<\/script>\n<!-- \/ Yoast SEO plugin. -->","yoast_head_json":{"title":"Ascensor unifamiliar - decomat","robots":{"index":"index","follow":"follow","max-snippet":"max-snippet:-1","max-image-preview":"max-image-preview:large","max-video-preview":"max-video-preview:-1"},"canonical":"https:\/\/decomat.com\/es\/hogar\/ascensor-unifamiliar\/","og_locale":"es_ES","og_type":"article","og_title":"Ascensor unifamiliar - decomat","og_description":"Ascensor unifamiliar La mayor\u00eda de las viviendas unifamiliares tienden a la verticalidad,&nbsp;tener en ella un&nbsp;ascensor unifamiliar&nbsp;le garantiza comodidad. Las escaleras son el \u00fanico camino para acceder a las distintas zonas de la casa, y lo que en principio supone un atractivo, pronto se convierte en una gran incomodidad. Y en un importante inconveniente cuando se [&hellip;]","og_url":"https:\/\/decomat.com\/es\/hogar\/ascensor-unifamiliar\/","og_site_name":"decomat","article_modified_time":"2017-04-08T15:15:43+00:00","og_image":[{"width":580,"height":400,"url":"https:\/\/decomat.com\/wp-content\/uploads\/2012\/04\/ascensor_vivenda_unifamiliar.jpg","type":"image\/jpeg"}],"twitter_card":"summary_large_image","twitter_misc":{"Tiempo de lectura":"5 minutos"},"schema":{"@context":"https:\/\/schema.org","@graph":[{"@type":"WebPage","@id":"https:\/\/decomat.com\/es\/hogar\/ascensor-unifamiliar\/","url":"https:\/\/decomat.com\/es\/hogar\/ascensor-unifamiliar\/","name":"Ascensor unifamiliar - decomat","isPartOf":{"@id":"https:\/\/decomat.com\/ca\/#website"},"primaryImageOfPage":{"@id":"https:\/\/decomat.com\/es\/hogar\/ascensor-unifamiliar\/#primaryimage"},"image":{"@id":"https:\/\/decomat.com\/es\/hogar\/ascensor-unifamiliar\/#primaryimage"},"thumbnailUrl":"https:\/\/www.decomat.com\/wp-content\/uploads\/2012\/04\/ascensor_vivenda_unifamiliar-300x207.jpg","datePublished":"2012-04-18T20:13:36+00:00","dateModified":"2017-04-08T15:15:43+00:00","breadcrumb":{"@id":"https:\/\/decomat.com\/es\/hogar\/ascensor-unifamiliar\/#breadcrumb"},"inLanguage":"es","potentialAction":[{"@type":"ReadAction","target":["https:\/\/decomat.com\/es\/hogar\/ascensor-unifamiliar\/"]}]},{"@type":"ImageObject","inLanguage":"es","@id":"https:\/\/decomat.com\/es\/hogar\/ascensor-unifamiliar\/#primaryimage","url":"https:\/\/www.decomat.com\/wp-content\/uploads\/2012\/04\/ascensor_vivenda_unifamiliar-300x207.jpg","contentUrl":"https:\/\/www.decomat.com\/wp-content\/uploads\/2012\/04\/ascensor_vivenda_unifamiliar-300x207.jpg"},{"@type":"BreadcrumbList","@id":"https:\/\/decomat.com\/es\/hogar\/ascensor-unifamiliar\/#breadcrumb","itemListElement":[{"@type":"ListItem","position":1,"name":"Portada","item":"https:\/\/decomat.com\/ca\/"},{"@type":"ListItem","position":2,"name":"Hogar","item":"https:\/\/decomat.com\/es\/hogar\/"},{"@type":"ListItem","position":3,"name":"Ascensor unifamiliar"}]},{"@type":"WebSite","@id":"https:\/\/decomat.com\/ca\/#website","url":"https:\/\/decomat.com\/ca\/","name":"decomat","description":"Material decoraci\u00f3n","potentialAction":[{"@type":"SearchAction","target":{"@type":"EntryPoint","urlTemplate":"https:\/\/decomat.com\/ca\/?s={search_term_string}"},"query-input":{"@type":"PropertyValueSpecification","valueRequired":true,"valueName":"search_term_string"}}],"inLanguage":"es"}]}},"_links":{"self":[{"href":"https:\/\/decomat.com\/es\/wp-json\/wp\/v2\/pages\/1992","targetHints":{"allow":["GET"]}}],"collection":[{"href":"https:\/\/decomat.com\/es\/wp-json\/wp\/v2\/pages"}],"about":[{"href":"https:\/\/decomat.com\/es\/wp-json\/wp\/v2\/types\/page"}],"author":[{"embeddable":true,"href":"https:\/\/decomat.com\/es\/wp-json\/wp\/v2\/users\/8979"}],"replies":[{"embeddable":true,"href":"https:\/\/decomat.com\/es\/wp-json\/wp\/v2\/comments?post=1992"}],"version-history":[{"count":19,"href":"https:\/\/decomat.com\/es\/wp-json\/wp\/v2\/pages\/1992\/revisions"}],"predecessor-version":[{"id":6757,"href":"https:\/\/decomat.com\/es\/wp-json\/wp\/v2\/pages\/1992\/revisions\/6757"}],"up":[{"embeddable":true,"href":"https:\/\/decomat.com\/es\/wp-json\/wp\/v2\/pages\/715"}],"wp:attachment":[{"href":"https:\/\/decomat.com\/es\/wp-json\/wp\/v2\/media?parent=1992"}],"curies":[{"name":"wp","href":"https:\/\/api.w.org\/{rel}","templated":true}]}}