{"id":2868,"date":"2012-05-03T22:26:12","date_gmt":"2012-05-03T22:26:12","guid":{"rendered":"http:\/\/www.decomat.com\/?page_id=2868"},"modified":"2012-07-11T20:42:58","modified_gmt":"2012-07-11T18:42:58","slug":"segun-situacion","status":"publish","type":"page","link":"https:\/\/decomat.com\/es\/materiales\/cortina-toldo\/tipos-de-cortinas\/segun-situacion\/","title":{"rendered":"Cortinas seg\u00fan la situaci\u00f3n"},"content":{"rendered":"<p><\/p>\n<h1>Cortinas seg\u00fan la situaci\u00f3n<\/h1>\n<p><\/p>","protected":false},"excerpt":{"rendered":"<p>Cortinas seg\u00fan la situaci\u00f3n<\/p>\n","protected":false},"author":8979,"featured_media":0,"parent":1109,"menu_order":0,"comment_status":"open","ping_status":"closed","template":"page-PageTemplate9.php","meta":{"_monsterinsights_skip_tracking":false,"_monsterinsights_sitenote_active":false,"_monsterinsights_sitenote_note":"","_monsterinsights_sitenote_category":0,"ngg_post_thumbnail":0,"footnotes":""},"class_list":["post-2868","page","type-page","status-publish","hentry"],"yoast_head":"<!-- This site is optimized with the Yoast SEO plugin v27.3 - https:\/\/yoast.com\/product\/yoast-seo-wordpress\/ -->\n<title>Cortinas seg\u00fan la situaci\u00f3n - decomat<\/title>\n<meta name=\"robots\" content=\"index, follow, max-snippet:-1, max-image-preview:large, max-video-preview:-1\" \/>\n<link rel=\"canonical\" href=\"https:\/\/decomat.com\/ca\/materiales\/cortina-toldo\/tipos-de-cortinas\/segun-situacion\/\" \/>\n<meta property=\"og:locale\" content=\"es_ES\" \/>\n<meta property=\"og:type\" content=\"article\" \/>\n<meta property=\"og:title\" content=\"Cortinas seg\u00fan la situaci\u00f3n - decomat\" \/>\n<meta property=\"og:description\" content=\"Cortinas seg\u00fan la situaci\u00f3n\" \/>\n<meta property=\"og:url\" content=\"https:\/\/decomat.com\/ca\/materiales\/cortina-toldo\/tipos-de-cortinas\/segun-situacion\/\" \/>\n<meta property=\"og:site_name\" content=\"decomat\" \/>\n<meta property=\"article:modified_time\" content=\"2012-07-11T18:42:58+00:00\" \/>\n<meta name=\"twitter:card\" content=\"summary_large_image\" \/>\n<script type=\"application\/ld+json\" class=\"yoast-schema-graph\">{\"@context\":\"https:\\\/\\\/schema.org\",\"@graph\":[{\"@type\":\"WebPage\",\"@id\":\"https:\\\/\\\/decomat.com\\\/ca\\\/materiales\\\/cortina-toldo\\\/tipos-de-cortinas\\\/segun-situacion\\\/\",\"url\":\"https:\\\/\\\/decomat.com\\\/ca\\\/materiales\\\/cortina-toldo\\\/tipos-de-cortinas\\\/segun-situacion\\\/\",\"name\":\"Cortinas seg\u00fan la situaci\u00f3n - decomat\",\"isPartOf\":{\"@id\":\"https:\\\/\\\/decomat.com\\\/ca\\\/#website\"},\"datePublished\":\"2012-05-03T22:26:12+00:00\",\"dateModified\":\"2012-07-11T18:42:58+00:00\",\"breadcrumb\":{\"@id\":\"https:\\\/\\\/decomat.com\\\/ca\\\/materiales\\\/cortina-toldo\\\/tipos-de-cortinas\\\/segun-situacion\\\/#breadcrumb\"},\"inLanguage\":\"es\",\"potentialAction\":[{\"@type\":\"ReadAction\",\"target\":[\"https:\\\/\\\/decomat.com\\\/ca\\\/materiales\\\/cortina-toldo\\\/tipos-de-cortinas\\\/segun-situacion\\\/\"]}]},{\"@type\":\"BreadcrumbList\",\"@id\":\"https:\\\/\\\/decomat.com\\\/ca\\\/materiales\\\/cortina-toldo\\\/tipos-de-cortinas\\\/segun-situacion\\\/#breadcrumb\",\"itemListElement\":[{\"@type\":\"ListItem\",\"position\":1,\"name\":\"Portada\",\"item\":\"https:\\\/\\\/decomat.com\\\/ca\\\/\"},{\"@type\":\"ListItem\",\"position\":2,\"name\":\"Materials\",\"item\":\"https:\\\/\\\/decomat.com\\\/ca\\\/materiales\\\/\"},{\"@type\":\"ListItem\",\"position\":3,\"name\":\"Cortina \\\/ toldo\",\"item\":\"https:\\\/\\\/decomat.com\\\/es\\\/materiales\\\/cortina-toldo\\\/\"},{\"@type\":\"ListItem\",\"position\":4,\"name\":\"Tipos de Cortinas\",\"item\":\"https:\\\/\\\/decomat.com\\\/es\\\/materiales\\\/cortina-toldo\\\/tipos-de-cortinas\\\/\"},{\"@type\":\"ListItem\",\"position\":5,\"name\":\"Cortines segons la situaci\u00f3\"}]},{\"@type\":\"WebSite\",\"@id\":\"https:\\\/\\\/decomat.com\\\/ca\\\/#website\",\"url\":\"https:\\\/\\\/decomat.com\\\/ca\\\/\",\"name\":\"decomat\",\"description\":\"Material decoraci\u00f3n\",\"potentialAction\":[{\"@type\":\"SearchAction\",\"target\":{\"@type\":\"EntryPoint\",\"urlTemplate\":\"https:\\\/\\\/decomat.com\\\/ca\\\/?s={search_term_string}\"},\"query-input\":{\"@type\":\"PropertyValueSpecification\",\"valueRequired\":true,\"valueName\":\"search_term_string\"}}],\"inLanguage\":\"es\"}]}<\/script>\n<!-- \/ Yoast SEO plugin. -->","yoast_head_json":{"title":"Cortinas seg\u00fan la situaci\u00f3n - decomat","robots":{"index":"index","follow":"follow","max-snippet":"max-snippet:-1","max-image-preview":"max-image-preview:large","max-video-preview":"max-video-preview:-1"},"canonical":"https:\/\/decomat.com\/ca\/materiales\/cortina-toldo\/tipos-de-cortinas\/segun-situacion\/","og_locale":"es_ES","og_type":"article","og_title":"Cortinas seg\u00fan la situaci\u00f3n - decomat","og_description":"Cortinas seg\u00fan la situaci\u00f3n","og_url":"https:\/\/decomat.com\/ca\/materiales\/cortina-toldo\/tipos-de-cortinas\/segun-situacion\/","og_site_name":"decomat","article_modified_time":"2012-07-11T18:42:58+00:00","twitter_card":"summary_large_image","schema":{"@context":"https:\/\/schema.org","@graph":[{"@type":"WebPage","@id":"https:\/\/decomat.com\/ca\/materiales\/cortina-toldo\/tipos-de-cortinas\/segun-situacion\/","url":"https:\/\/decomat.com\/ca\/materiales\/cortina-toldo\/tipos-de-cortinas\/segun-situacion\/","name":"Cortinas seg\u00fan la situaci\u00f3n - decomat","isPartOf":{"@id":"https:\/\/decomat.com\/ca\/#website"},"datePublished":"2012-05-03T22:26:12+00:00","dateModified":"2012-07-11T18:42:58+00:00","breadcrumb":{"@id":"https:\/\/decomat.com\/ca\/materiales\/cortina-toldo\/tipos-de-cortinas\/segun-situacion\/#breadcrumb"},"inLanguage":"es","potentialAction":[{"@type":"ReadAction","target":["https:\/\/decomat.com\/ca\/materiales\/cortina-toldo\/tipos-de-cortinas\/segun-situacion\/"]}]},{"@type":"BreadcrumbList","@id":"https:\/\/decomat.com\/ca\/materiales\/cortina-toldo\/tipos-de-cortinas\/segun-situacion\/#breadcrumb","itemListElement":[{"@type":"ListItem","position":1,"name":"Portada","item":"https:\/\/decomat.com\/ca\/"},{"@type":"ListItem","position":2,"name":"Materials","item":"https:\/\/decomat.com\/ca\/materiales\/"},{"@type":"ListItem","position":3,"name":"Cortina \/ toldo","item":"https:\/\/decomat.com\/es\/materiales\/cortina-toldo\/"},{"@type":"ListItem","position":4,"name":"Tipos de Cortinas","item":"https:\/\/decomat.com\/es\/materiales\/cortina-toldo\/tipos-de-cortinas\/"},{"@type":"ListItem","position":5,"name":"Cortines segons la situaci\u00f3"}]},{"@type":"WebSite","@id":"https:\/\/decomat.com\/ca\/#website","url":"https:\/\/decomat.com\/ca\/","name":"decomat","description":"Material decoraci\u00f3n","potentialAction":[{"@type":"SearchAction","target":{"@type":"EntryPoint","urlTemplate":"https:\/\/decomat.com\/ca\/?s={search_term_string}"},"query-input":{"@type":"PropertyValueSpecification","valueRequired":true,"valueName":"search_term_string"}}],"inLanguage":"es"}]}},"_links":{"self":[{"href":"https:\/\/decomat.com\/es\/wp-json\/wp\/v2\/pages\/2868","targetHints":{"allow":["GET"]}}],"collection":[{"href":"https:\/\/decomat.com\/es\/wp-json\/wp\/v2\/pages"}],"about":[{"href":"https:\/\/decomat.com\/es\/wp-json\/wp\/v2\/types\/page"}],"author":[{"embeddable":true,"href":"https:\/\/decomat.com\/es\/wp-json\/wp\/v2\/users\/8979"}],"replies":[{"embeddable":true,"href":"https:\/\/decomat.com\/es\/wp-json\/wp\/v2\/comments?post=2868"}],"version-history":[{"count":5,"href":"https:\/\/decomat.com\/es\/wp-json\/wp\/v2\/pages\/2868\/revisions"}],"predecessor-version":[{"id":3463,"href":"https:\/\/decomat.com\/es\/wp-json\/wp\/v2\/pages\/2868\/revisions\/3463"}],"up":[{"embeddable":true,"href":"https:\/\/decomat.com\/es\/wp-json\/wp\/v2\/pages\/1109"}],"wp:attachment":[{"href":"https:\/\/decomat.com\/es\/wp-json\/wp\/v2\/media?parent=2868"}],"curies":[{"name":"wp","href":"https:\/\/api.w.org\/{rel}","templated":true}]}}