{"id":3209,"date":"2012-06-08T12:48:30","date_gmt":"2012-06-08T10:48:30","guid":{"rendered":"http:\/\/www.decomat.com\/?page_id=3209"},"modified":"2016-09-20T17:43:37","modified_gmt":"2016-09-20T15:43:37","slug":"barandilla-para-rampa-comunidad-de-vecinos","status":"publish","type":"page","link":"https:\/\/decomat.com\/es\/comunidades\/barandilla-para-rampa-comunidad-de-vecinos\/","title":{"rendered":"Barandillas para rampas de comunidad de vecinos"},"content":{"rendered":"<h1>Barandillas para rampas de comunidad de vecinos<\/h1>\n<p>Tanto barandillas realizadas a medida com sistemas modulares de <strong>barandillas para rampas de comunidad de vecinos<\/strong> y barandilas para escaleras.<\/p>\n<p>El sistema modular consiste en m\u00f3dulos de columnas y barrotes unidos entre si por un tubo pasante de acero galvanitzado. Este sistema BestBalus de barandilla no requiere de mantenimientos i \u00e9s tan valido para interiores como para exteriores.<\/p>\n<p>Barandillas de escalera de hierro, acero inoxidable, aluminio, lat\u00f3n\u00a0o cristal. De tramos rectos, de caracol, con pelda\u00f1os de religa. Los realizamos en la nueva construcci\u00f3n y tambi\u00e9n en el matenimento.<\/p>\n<p>Barandillas de madera<\/p>\n<p>Barandillas con cristal","protected":false},"excerpt":{"rendered":"<p>Barandillas para rampas de comunidad de vecinos Tanto barandillas realizadas a medida com sistemas modulares de barandillas para rampas de comunidad de vecinos y barandilas para escaleras. El sistema modular consiste en m\u00f3dulos de columnas y barrotes unidos entre si por un tubo pasante de acero galvanitzado. Este sistema BestBalus de barandilla no requiere de [&hellip;]<\/p>\n","protected":false},"author":8979,"featured_media":0,"parent":712,"menu_order":0,"comment_status":"open","ping_status":"closed","template":"","meta":{"_monsterinsights_skip_tracking":false,"_monsterinsights_sitenote_active":false,"_monsterinsights_sitenote_note":"","_monsterinsights_sitenote_category":0,"ngg_post_thumbnail":0,"footnotes":""},"class_list":["post-3209","page","type-page","status-publish","hentry"],"yoast_head":"<!-- This site is optimized with the Yoast SEO plugin v27.3 - https:\/\/yoast.com\/product\/yoast-seo-wordpress\/ -->\n<title>Barandillas para rampas de comunidad de vecinos - decomat<\/title>\n<meta name=\"robots\" content=\"index, follow, max-snippet:-1, max-image-preview:large, max-video-preview:-1\" \/>\n<link rel=\"canonical\" href=\"https:\/\/decomat.com\/es\/comunidades\/barandilla-para-rampa-comunidad-de-vecinos\/\" \/>\n<meta property=\"og:locale\" content=\"es_ES\" \/>\n<meta property=\"og:type\" content=\"article\" \/>\n<meta property=\"og:title\" content=\"Barandillas para rampas de comunidad de vecinos - decomat\" \/>\n<meta property=\"og:description\" content=\"Barandillas para rampas de comunidad de vecinos Tanto barandillas realizadas a medida com sistemas modulares de barandillas para rampas de comunidad de vecinos y barandilas para escaleras. El sistema modular consiste en m\u00f3dulos de columnas y barrotes unidos entre si por un tubo pasante de acero galvanitzado. Este sistema BestBalus de barandilla no requiere de [&hellip;]\" \/>\n<meta property=\"og:url\" content=\"https:\/\/decomat.com\/es\/comunidades\/barandilla-para-rampa-comunidad-de-vecinos\/\" \/>\n<meta property=\"og:site_name\" content=\"decomat\" \/>\n<meta property=\"article:modified_time\" content=\"2016-09-20T15:43:37+00:00\" \/>\n<meta name=\"twitter:card\" content=\"summary_large_image\" \/>\n<meta name=\"twitter:label1\" content=\"Tiempo de lectura\" \/>\n\t<meta name=\"twitter:data1\" content=\"1 minuto\" \/>\n<script type=\"application\/ld+json\" class=\"yoast-schema-graph\">{\"@context\":\"https:\\\/\\\/schema.org\",\"@graph\":[{\"@type\":\"WebPage\",\"@id\":\"https:\\\/\\\/decomat.com\\\/es\\\/comunidades\\\/barandilla-para-rampa-comunidad-de-vecinos\\\/\",\"url\":\"https:\\\/\\\/decomat.com\\\/es\\\/comunidades\\\/barandilla-para-rampa-comunidad-de-vecinos\\\/\",\"name\":\"Barandillas para rampas de comunidad de vecinos - decomat\",\"isPartOf\":{\"@id\":\"https:\\\/\\\/decomat.com\\\/ca\\\/#website\"},\"datePublished\":\"2012-06-08T10:48:30+00:00\",\"dateModified\":\"2016-09-20T15:43:37+00:00\",\"breadcrumb\":{\"@id\":\"https:\\\/\\\/decomat.com\\\/es\\\/comunidades\\\/barandilla-para-rampa-comunidad-de-vecinos\\\/#breadcrumb\"},\"inLanguage\":\"es\",\"potentialAction\":[{\"@type\":\"ReadAction\",\"target\":[\"https:\\\/\\\/decomat.com\\\/es\\\/comunidades\\\/barandilla-para-rampa-comunidad-de-vecinos\\\/\"]}]},{\"@type\":\"BreadcrumbList\",\"@id\":\"https:\\\/\\\/decomat.com\\\/es\\\/comunidades\\\/barandilla-para-rampa-comunidad-de-vecinos\\\/#breadcrumb\",\"itemListElement\":[{\"@type\":\"ListItem\",\"position\":1,\"name\":\"Portada\",\"item\":\"https:\\\/\\\/decomat.com\\\/ca\\\/\"},{\"@type\":\"ListItem\",\"position\":2,\"name\":\"Comunidades\",\"item\":\"https:\\\/\\\/decomat.com\\\/es\\\/comunidades\\\/\"},{\"@type\":\"ListItem\",\"position\":3,\"name\":\"Barandillas para rampas de comunidad de vecinos\"}]},{\"@type\":\"WebSite\",\"@id\":\"https:\\\/\\\/decomat.com\\\/ca\\\/#website\",\"url\":\"https:\\\/\\\/decomat.com\\\/ca\\\/\",\"name\":\"decomat\",\"description\":\"Material decoraci\u00f3n\",\"potentialAction\":[{\"@type\":\"SearchAction\",\"target\":{\"@type\":\"EntryPoint\",\"urlTemplate\":\"https:\\\/\\\/decomat.com\\\/ca\\\/?s={search_term_string}\"},\"query-input\":{\"@type\":\"PropertyValueSpecification\",\"valueRequired\":true,\"valueName\":\"search_term_string\"}}],\"inLanguage\":\"es\"}]}<\/script>\n<!-- \/ Yoast SEO plugin. -->","yoast_head_json":{"title":"Barandillas para rampas de comunidad de vecinos - decomat","robots":{"index":"index","follow":"follow","max-snippet":"max-snippet:-1","max-image-preview":"max-image-preview:large","max-video-preview":"max-video-preview:-1"},"canonical":"https:\/\/decomat.com\/es\/comunidades\/barandilla-para-rampa-comunidad-de-vecinos\/","og_locale":"es_ES","og_type":"article","og_title":"Barandillas para rampas de comunidad de vecinos - decomat","og_description":"Barandillas para rampas de comunidad de vecinos Tanto barandillas realizadas a medida com sistemas modulares de barandillas para rampas de comunidad de vecinos y barandilas para escaleras. El sistema modular consiste en m\u00f3dulos de columnas y barrotes unidos entre si por un tubo pasante de acero galvanitzado. Este sistema BestBalus de barandilla no requiere de [&hellip;]","og_url":"https:\/\/decomat.com\/es\/comunidades\/barandilla-para-rampa-comunidad-de-vecinos\/","og_site_name":"decomat","article_modified_time":"2016-09-20T15:43:37+00:00","twitter_card":"summary_large_image","twitter_misc":{"Tiempo de lectura":"1 minuto"},"schema":{"@context":"https:\/\/schema.org","@graph":[{"@type":"WebPage","@id":"https:\/\/decomat.com\/es\/comunidades\/barandilla-para-rampa-comunidad-de-vecinos\/","url":"https:\/\/decomat.com\/es\/comunidades\/barandilla-para-rampa-comunidad-de-vecinos\/","name":"Barandillas para rampas de comunidad de vecinos - decomat","isPartOf":{"@id":"https:\/\/decomat.com\/ca\/#website"},"datePublished":"2012-06-08T10:48:30+00:00","dateModified":"2016-09-20T15:43:37+00:00","breadcrumb":{"@id":"https:\/\/decomat.com\/es\/comunidades\/barandilla-para-rampa-comunidad-de-vecinos\/#breadcrumb"},"inLanguage":"es","potentialAction":[{"@type":"ReadAction","target":["https:\/\/decomat.com\/es\/comunidades\/barandilla-para-rampa-comunidad-de-vecinos\/"]}]},{"@type":"BreadcrumbList","@id":"https:\/\/decomat.com\/es\/comunidades\/barandilla-para-rampa-comunidad-de-vecinos\/#breadcrumb","itemListElement":[{"@type":"ListItem","position":1,"name":"Portada","item":"https:\/\/decomat.com\/ca\/"},{"@type":"ListItem","position":2,"name":"Comunidades","item":"https:\/\/decomat.com\/es\/comunidades\/"},{"@type":"ListItem","position":3,"name":"Barandillas para rampas de comunidad de vecinos"}]},{"@type":"WebSite","@id":"https:\/\/decomat.com\/ca\/#website","url":"https:\/\/decomat.com\/ca\/","name":"decomat","description":"Material decoraci\u00f3n","potentialAction":[{"@type":"SearchAction","target":{"@type":"EntryPoint","urlTemplate":"https:\/\/decomat.com\/ca\/?s={search_term_string}"},"query-input":{"@type":"PropertyValueSpecification","valueRequired":true,"valueName":"search_term_string"}}],"inLanguage":"es"}]}},"_links":{"self":[{"href":"https:\/\/decomat.com\/es\/wp-json\/wp\/v2\/pages\/3209","targetHints":{"allow":["GET"]}}],"collection":[{"href":"https:\/\/decomat.com\/es\/wp-json\/wp\/v2\/pages"}],"about":[{"href":"https:\/\/decomat.com\/es\/wp-json\/wp\/v2\/types\/page"}],"author":[{"embeddable":true,"href":"https:\/\/decomat.com\/es\/wp-json\/wp\/v2\/users\/8979"}],"replies":[{"embeddable":true,"href":"https:\/\/decomat.com\/es\/wp-json\/wp\/v2\/comments?post=3209"}],"version-history":[{"count":9,"href":"https:\/\/decomat.com\/es\/wp-json\/wp\/v2\/pages\/3209\/revisions"}],"predecessor-version":[{"id":6183,"href":"https:\/\/decomat.com\/es\/wp-json\/wp\/v2\/pages\/3209\/revisions\/6183"}],"up":[{"embeddable":true,"href":"https:\/\/decomat.com\/es\/wp-json\/wp\/v2\/pages\/712"}],"wp:attachment":[{"href":"https:\/\/decomat.com\/es\/wp-json\/wp\/v2\/media?parent=3209"}],"curies":[{"name":"wp","href":"https:\/\/api.w.org\/{rel}","templated":true}]}}