{"id":3578,"date":"2012-07-31T15:43:24","date_gmt":"2012-07-31T13:43:24","guid":{"rendered":"http:\/\/www.decomat.com\/?page_id=3578"},"modified":"2017-06-14T13:20:47","modified_gmt":"2017-06-14T11:20:47","slug":"cerramientos-carpinteria-alumini-sabadell","status":"publish","type":"page","link":"https:\/\/decomat.com\/es\/ofertas\/aluminio-sabadell\/cerramientos-carpinteria-alumini-sabadell\/","title":{"rendered":"Cerramientos carpinter\u00eda aluminio Sabadell"},"content":{"rendered":"<h1>Cerramientos carpinter\u00eda aluminio Sabadell<\/h1>\n<p>Todo tipo de cerramientos en carpinter\u00eda de aluminio a Sabadell como:<br \/>\nVentanas correderas y practicables<br \/>\nGalerias<br \/>\nAluminio rutura de puente t\u00e9rmico<br \/>\nMallorquinas<br \/>\nPersianas<br \/>\nMamparas<br \/>\nMosquiteras<br \/>\nRejas<br \/>\nCristales de seguridad<br \/>\nCristales de c\u00e0mara<br \/>","protected":false},"excerpt":{"rendered":"<p>Cerramientos carpinter\u00eda aluminio Sabadell Todo tipo de cerramientos en carpinter\u00eda de aluminio a Sabadell como: Ventanas correderas y practicables Galerias Aluminio rutura de puente t\u00e9rmico Mallorquinas Persianas Mamparas Mosquiteras Rejas Cristales de seguridad Cristales de c\u00e0mara<\/p>\n","protected":false},"author":8979,"featured_media":0,"parent":6417,"menu_order":0,"comment_status":"open","ping_status":"closed","template":"","meta":{"_monsterinsights_skip_tracking":false,"_monsterinsights_sitenote_active":false,"_monsterinsights_sitenote_note":"","_monsterinsights_sitenote_category":0,"ngg_post_thumbnail":0,"footnotes":""},"class_list":["post-3578","page","type-page","status-publish","hentry"],"yoast_head":"<!-- This site is optimized with the Yoast SEO plugin v27.4 - https:\/\/yoast.com\/product\/yoast-seo-wordpress\/ -->\n<title>Cerramientos carpinter\u00eda aluminio Sabadell - decomat<\/title>\n<meta name=\"robots\" content=\"index, follow, max-snippet:-1, max-image-preview:large, max-video-preview:-1\" \/>\n<link rel=\"canonical\" href=\"https:\/\/decomat.com\/en\/ofertas\/aluminio-sabadell\/cerramientos-carpinteria-alumini-sabadell\/\" \/>\n<meta property=\"og:locale\" content=\"es_ES\" \/>\n<meta property=\"og:type\" content=\"article\" \/>\n<meta property=\"og:title\" content=\"Cerramientos carpinter\u00eda aluminio Sabadell - decomat\" \/>\n<meta property=\"og:description\" content=\"Cerramientos carpinter\u00eda aluminio Sabadell Todo tipo de cerramientos en carpinter\u00eda de aluminio a Sabadell como: Ventanas correderas y practicables Galerias Aluminio rutura de puente t\u00e9rmico Mallorquinas Persianas Mamparas Mosquiteras Rejas Cristales de seguridad Cristales de c\u00e0mara\" \/>\n<meta property=\"og:url\" content=\"https:\/\/decomat.com\/en\/ofertas\/aluminio-sabadell\/cerramientos-carpinteria-alumini-sabadell\/\" \/>\n<meta property=\"og:site_name\" content=\"decomat\" \/>\n<meta property=\"article:modified_time\" content=\"2017-06-14T11:20:47+00:00\" \/>\n<meta name=\"twitter:card\" content=\"summary_large_image\" \/>\n<script type=\"application\/ld+json\" class=\"yoast-schema-graph\">{\"@context\":\"https:\\\/\\\/schema.org\",\"@graph\":[{\"@type\":\"WebPage\",\"@id\":\"https:\\\/\\\/decomat.com\\\/en\\\/ofertas\\\/aluminio-sabadell\\\/cerramientos-carpinteria-alumini-sabadell\\\/\",\"url\":\"https:\\\/\\\/decomat.com\\\/en\\\/ofertas\\\/aluminio-sabadell\\\/cerramientos-carpinteria-alumini-sabadell\\\/\",\"name\":\"Cerramientos carpinter\u00eda aluminio Sabadell - decomat\",\"isPartOf\":{\"@id\":\"https:\\\/\\\/decomat.com\\\/ca\\\/#website\"},\"datePublished\":\"2012-07-31T13:43:24+00:00\",\"dateModified\":\"2017-06-14T11:20:47+00:00\",\"breadcrumb\":{\"@id\":\"https:\\\/\\\/decomat.com\\\/en\\\/ofertas\\\/aluminio-sabadell\\\/cerramientos-carpinteria-alumini-sabadell\\\/#breadcrumb\"},\"inLanguage\":\"es\",\"potentialAction\":[{\"@type\":\"ReadAction\",\"target\":[\"https:\\\/\\\/decomat.com\\\/en\\\/ofertas\\\/aluminio-sabadell\\\/cerramientos-carpinteria-alumini-sabadell\\\/\"]}]},{\"@type\":\"BreadcrumbList\",\"@id\":\"https:\\\/\\\/decomat.com\\\/en\\\/ofertas\\\/aluminio-sabadell\\\/cerramientos-carpinteria-alumini-sabadell\\\/#breadcrumb\",\"itemListElement\":[{\"@type\":\"ListItem\",\"position\":1,\"name\":\"Portada\",\"item\":\"https:\\\/\\\/decomat.com\\\/ca\\\/\"},{\"@type\":\"ListItem\",\"position\":2,\"name\":\"Offers\",\"item\":\"https:\\\/\\\/decomat.com\\\/en\\\/ofertas\\\/\"},{\"@type\":\"ListItem\",\"position\":3,\"name\":\"Aluminium Sabadell\",\"item\":\"https:\\\/\\\/decomat.com\\\/en\\\/ofertas\\\/aluminio-sabadell\\\/\"},{\"@type\":\"ListItem\",\"position\":4,\"name\":\"Aluminum joinery closures Sabadell\"}]},{\"@type\":\"WebSite\",\"@id\":\"https:\\\/\\\/decomat.com\\\/ca\\\/#website\",\"url\":\"https:\\\/\\\/decomat.com\\\/ca\\\/\",\"name\":\"decomat\",\"description\":\"Material decoraci\u00f3n\",\"potentialAction\":[{\"@type\":\"SearchAction\",\"target\":{\"@type\":\"EntryPoint\",\"urlTemplate\":\"https:\\\/\\\/decomat.com\\\/ca\\\/?s={search_term_string}\"},\"query-input\":{\"@type\":\"PropertyValueSpecification\",\"valueRequired\":true,\"valueName\":\"search_term_string\"}}],\"inLanguage\":\"es\"}]}<\/script>\n<!-- \/ Yoast SEO plugin. -->","yoast_head_json":{"title":"Cerramientos carpinter\u00eda aluminio Sabadell - decomat","robots":{"index":"index","follow":"follow","max-snippet":"max-snippet:-1","max-image-preview":"max-image-preview:large","max-video-preview":"max-video-preview:-1"},"canonical":"https:\/\/decomat.com\/en\/ofertas\/aluminio-sabadell\/cerramientos-carpinteria-alumini-sabadell\/","og_locale":"es_ES","og_type":"article","og_title":"Cerramientos carpinter\u00eda aluminio Sabadell - decomat","og_description":"Cerramientos carpinter\u00eda aluminio Sabadell Todo tipo de cerramientos en carpinter\u00eda de aluminio a Sabadell como: Ventanas correderas y practicables Galerias Aluminio rutura de puente t\u00e9rmico Mallorquinas Persianas Mamparas Mosquiteras Rejas Cristales de seguridad Cristales de c\u00e0mara","og_url":"https:\/\/decomat.com\/en\/ofertas\/aluminio-sabadell\/cerramientos-carpinteria-alumini-sabadell\/","og_site_name":"decomat","article_modified_time":"2017-06-14T11:20:47+00:00","twitter_card":"summary_large_image","schema":{"@context":"https:\/\/schema.org","@graph":[{"@type":"WebPage","@id":"https:\/\/decomat.com\/en\/ofertas\/aluminio-sabadell\/cerramientos-carpinteria-alumini-sabadell\/","url":"https:\/\/decomat.com\/en\/ofertas\/aluminio-sabadell\/cerramientos-carpinteria-alumini-sabadell\/","name":"Cerramientos carpinter\u00eda aluminio Sabadell - decomat","isPartOf":{"@id":"https:\/\/decomat.com\/ca\/#website"},"datePublished":"2012-07-31T13:43:24+00:00","dateModified":"2017-06-14T11:20:47+00:00","breadcrumb":{"@id":"https:\/\/decomat.com\/en\/ofertas\/aluminio-sabadell\/cerramientos-carpinteria-alumini-sabadell\/#breadcrumb"},"inLanguage":"es","potentialAction":[{"@type":"ReadAction","target":["https:\/\/decomat.com\/en\/ofertas\/aluminio-sabadell\/cerramientos-carpinteria-alumini-sabadell\/"]}]},{"@type":"BreadcrumbList","@id":"https:\/\/decomat.com\/en\/ofertas\/aluminio-sabadell\/cerramientos-carpinteria-alumini-sabadell\/#breadcrumb","itemListElement":[{"@type":"ListItem","position":1,"name":"Portada","item":"https:\/\/decomat.com\/ca\/"},{"@type":"ListItem","position":2,"name":"Offers","item":"https:\/\/decomat.com\/en\/ofertas\/"},{"@type":"ListItem","position":3,"name":"Aluminium Sabadell","item":"https:\/\/decomat.com\/en\/ofertas\/aluminio-sabadell\/"},{"@type":"ListItem","position":4,"name":"Aluminum joinery closures Sabadell"}]},{"@type":"WebSite","@id":"https:\/\/decomat.com\/ca\/#website","url":"https:\/\/decomat.com\/ca\/","name":"decomat","description":"Material decoraci\u00f3n","potentialAction":[{"@type":"SearchAction","target":{"@type":"EntryPoint","urlTemplate":"https:\/\/decomat.com\/ca\/?s={search_term_string}"},"query-input":{"@type":"PropertyValueSpecification","valueRequired":true,"valueName":"search_term_string"}}],"inLanguage":"es"}]}},"_links":{"self":[{"href":"https:\/\/decomat.com\/es\/wp-json\/wp\/v2\/pages\/3578","targetHints":{"allow":["GET"]}}],"collection":[{"href":"https:\/\/decomat.com\/es\/wp-json\/wp\/v2\/pages"}],"about":[{"href":"https:\/\/decomat.com\/es\/wp-json\/wp\/v2\/types\/page"}],"author":[{"embeddable":true,"href":"https:\/\/decomat.com\/es\/wp-json\/wp\/v2\/users\/8979"}],"replies":[{"embeddable":true,"href":"https:\/\/decomat.com\/es\/wp-json\/wp\/v2\/comments?post=3578"}],"version-history":[{"count":5,"href":"https:\/\/decomat.com\/es\/wp-json\/wp\/v2\/pages\/3578\/revisions"}],"predecessor-version":[{"id":6613,"href":"https:\/\/decomat.com\/es\/wp-json\/wp\/v2\/pages\/3578\/revisions\/6613"}],"up":[{"embeddable":true,"href":"https:\/\/decomat.com\/es\/wp-json\/wp\/v2\/pages\/6417"}],"wp:attachment":[{"href":"https:\/\/decomat.com\/es\/wp-json\/wp\/v2\/media?parent=3578"}],"curies":[{"name":"wp","href":"https:\/\/api.w.org\/{rel}","templated":true}]}}