{"id":3785,"date":"2012-09-23T19:26:16","date_gmt":"2012-09-23T17:26:16","guid":{"rendered":"http:\/\/www.decomat.com\/?page_id=3785"},"modified":"2012-09-23T19:32:35","modified_gmt":"2012-09-23T17:32:35","slug":"muebles-ikea-sabadell","status":"publish","type":"page","link":"https:\/\/decomat.com\/es\/ofertas\/mobiliari-sabadell\/muebles-ikea-sabadell\/","title":{"rendered":"Muebles ikea Sabadell"},"content":{"rendered":"<p><\/p>\n<h1>Muebles ikea Sabadell<\/h1>\n<p>&nbsp;<\/p>\n<p>El peque\u00f1o comercio es parte del n\u00facleo esencial de un modelo de sociedad, de civilizaci\u00f3n, de cohesi\u00f3n y de tejido urbano en contraposici\u00f3n al big box (gran superficie) Ikea Sabadell.<\/p>\n<p>Primero su gran poder de compra les permiti\u00f3 obtener unos precios m\u00e1s favorables por parte de sus proveedores.<\/p>\n<p>En una segunda fase el negocio comercial se desplaz\u00f3 hacia el terreno financiero. Vender al contado rabioso y pagar a tres o seis meses en \u00e9poca de dinero caro les era un negocio redondo en el mercado del interbancario.<\/p>\n<p>Un tercer estadio de evoluci\u00f3n fue consecuencia de la ca\u00edda de los tipos de inter\u00e9s, que provoc\u00f3 la inclinaci\u00f3n hacia el negocio inmobiliario. Los centros comerciales vend\u00edan o alquilaban tiendas.<\/p>\n<p>Ahora se trata de ofrecer una pantalla aparente de centro comercial por explotar en realidad boleras, restaurantes, pistas de karts, espect\u00e1culos, cines, etc. Con el objetivo de conseguir aglomeraci\u00f3n de visitantes.<\/p>\n<p>As\u00ed pues se trata de maximizar ganancias por el procedimiento que sea, colonizando y convirtiendo al pa\u00eds en una industria extractiva que permita repatriar a sus beneficios &#8230;. no importa el modelo de sociedad, de civilizaci\u00f3n, de cohesi\u00f3n y de tejido urbano.<\/p>\n<p>Ikea Sabadell<\/p>\n<p>&nbsp;<\/p>","protected":false},"excerpt":{"rendered":"<p>Muebles ikea Sabadell &nbsp; El peque\u00f1o comercio es parte del n\u00facleo esencial de un modelo de sociedad, de civilizaci\u00f3n, de cohesi\u00f3n y de tejido urbano en contraposici\u00f3n al big box (gran superficie) Ikea Sabadell. Primero su gran poder de compra les permiti\u00f3 obtener unos precios m\u00e1s favorables por parte de sus proveedores. En una segunda [&hellip;]<\/p>\n","protected":false},"author":8979,"featured_media":0,"parent":3654,"menu_order":0,"comment_status":"open","ping_status":"closed","template":"","meta":{"_monsterinsights_skip_tracking":false,"_monsterinsights_sitenote_active":false,"_monsterinsights_sitenote_note":"","_monsterinsights_sitenote_category":0,"ngg_post_thumbnail":0,"footnotes":""},"class_list":["post-3785","page","type-page","status-publish","hentry"],"yoast_head":"<!-- This site is optimized with the Yoast SEO plugin v27.5 - https:\/\/yoast.com\/product\/yoast-seo-wordpress\/ -->\n<title>Muebles ikea Sabadell - decomat<\/title>\n<meta name=\"robots\" content=\"index, follow, max-snippet:-1, max-image-preview:large, max-video-preview:-1\" \/>\n<link rel=\"canonical\" href=\"https:\/\/decomat.com\/en\/ofertas\/mobiliari-sabadell\/muebles-ikea-sabadell\/\" \/>\n<meta property=\"og:locale\" content=\"es_ES\" \/>\n<meta property=\"og:type\" content=\"article\" \/>\n<meta property=\"og:title\" content=\"Muebles ikea Sabadell - decomat\" \/>\n<meta property=\"og:description\" content=\"Muebles ikea Sabadell &nbsp; El peque\u00f1o comercio es parte del n\u00facleo esencial de un modelo de sociedad, de civilizaci\u00f3n, de cohesi\u00f3n y de tejido urbano en contraposici\u00f3n al big box (gran superficie) Ikea Sabadell. Primero su gran poder de compra les permiti\u00f3 obtener unos precios m\u00e1s favorables por parte de sus proveedores. En una segunda [&hellip;]\" \/>\n<meta property=\"og:url\" content=\"https:\/\/decomat.com\/en\/ofertas\/mobiliari-sabadell\/muebles-ikea-sabadell\/\" \/>\n<meta property=\"og:site_name\" content=\"decomat\" \/>\n<meta property=\"article:modified_time\" content=\"2012-09-23T17:32:35+00:00\" \/>\n<meta name=\"twitter:card\" content=\"summary_large_image\" \/>\n<meta name=\"twitter:label1\" content=\"Tiempo de lectura\" \/>\n\t<meta name=\"twitter:data1\" content=\"4 minutos\" \/>\n<script type=\"application\/ld+json\" class=\"yoast-schema-graph\">{\"@context\":\"https:\\\/\\\/schema.org\",\"@graph\":[{\"@type\":\"WebPage\",\"@id\":\"https:\\\/\\\/decomat.com\\\/en\\\/ofertas\\\/mobiliari-sabadell\\\/muebles-ikea-sabadell\\\/\",\"url\":\"https:\\\/\\\/decomat.com\\\/en\\\/ofertas\\\/mobiliari-sabadell\\\/muebles-ikea-sabadell\\\/\",\"name\":\"Muebles ikea Sabadell - decomat\",\"isPartOf\":{\"@id\":\"https:\\\/\\\/decomat.com\\\/ca\\\/#website\"},\"datePublished\":\"2012-09-23T17:26:16+00:00\",\"dateModified\":\"2012-09-23T17:32:35+00:00\",\"breadcrumb\":{\"@id\":\"https:\\\/\\\/decomat.com\\\/en\\\/ofertas\\\/mobiliari-sabadell\\\/muebles-ikea-sabadell\\\/#breadcrumb\"},\"inLanguage\":\"es\",\"potentialAction\":[{\"@type\":\"ReadAction\",\"target\":[\"https:\\\/\\\/decomat.com\\\/en\\\/ofertas\\\/mobiliari-sabadell\\\/muebles-ikea-sabadell\\\/\"]}]},{\"@type\":\"BreadcrumbList\",\"@id\":\"https:\\\/\\\/decomat.com\\\/en\\\/ofertas\\\/mobiliari-sabadell\\\/muebles-ikea-sabadell\\\/#breadcrumb\",\"itemListElement\":[{\"@type\":\"ListItem\",\"position\":1,\"name\":\"Portada\",\"item\":\"https:\\\/\\\/decomat.com\\\/ca\\\/\"},{\"@type\":\"ListItem\",\"position\":2,\"name\":\"Offers\",\"item\":\"https:\\\/\\\/decomat.com\\\/en\\\/ofertas\\\/\"},{\"@type\":\"ListItem\",\"position\":3,\"name\":\"Furniture Sabadell\",\"item\":\"https:\\\/\\\/decomat.com\\\/en\\\/ofertas\\\/mobiliari-sabadell\\\/\"},{\"@type\":\"ListItem\",\"position\":4,\"name\":\"Furniture ikea Sabadell\"}]},{\"@type\":\"WebSite\",\"@id\":\"https:\\\/\\\/decomat.com\\\/ca\\\/#website\",\"url\":\"https:\\\/\\\/decomat.com\\\/ca\\\/\",\"name\":\"decomat\",\"description\":\"Material decoraci\u00f3n\",\"potentialAction\":[{\"@type\":\"SearchAction\",\"target\":{\"@type\":\"EntryPoint\",\"urlTemplate\":\"https:\\\/\\\/decomat.com\\\/ca\\\/?s={search_term_string}\"},\"query-input\":{\"@type\":\"PropertyValueSpecification\",\"valueRequired\":true,\"valueName\":\"search_term_string\"}}],\"inLanguage\":\"es\"}]}<\/script>\n<!-- \/ Yoast SEO plugin. -->","yoast_head_json":{"title":"Muebles ikea Sabadell - decomat","robots":{"index":"index","follow":"follow","max-snippet":"max-snippet:-1","max-image-preview":"max-image-preview:large","max-video-preview":"max-video-preview:-1"},"canonical":"https:\/\/decomat.com\/en\/ofertas\/mobiliari-sabadell\/muebles-ikea-sabadell\/","og_locale":"es_ES","og_type":"article","og_title":"Muebles ikea Sabadell - decomat","og_description":"Muebles ikea Sabadell &nbsp; El peque\u00f1o comercio es parte del n\u00facleo esencial de un modelo de sociedad, de civilizaci\u00f3n, de cohesi\u00f3n y de tejido urbano en contraposici\u00f3n al big box (gran superficie) Ikea Sabadell. Primero su gran poder de compra les permiti\u00f3 obtener unos precios m\u00e1s favorables por parte de sus proveedores. En una segunda [&hellip;]","og_url":"https:\/\/decomat.com\/en\/ofertas\/mobiliari-sabadell\/muebles-ikea-sabadell\/","og_site_name":"decomat","article_modified_time":"2012-09-23T17:32:35+00:00","twitter_card":"summary_large_image","twitter_misc":{"Tiempo de lectura":"4 minutos"},"schema":{"@context":"https:\/\/schema.org","@graph":[{"@type":"WebPage","@id":"https:\/\/decomat.com\/en\/ofertas\/mobiliari-sabadell\/muebles-ikea-sabadell\/","url":"https:\/\/decomat.com\/en\/ofertas\/mobiliari-sabadell\/muebles-ikea-sabadell\/","name":"Muebles ikea Sabadell - decomat","isPartOf":{"@id":"https:\/\/decomat.com\/ca\/#website"},"datePublished":"2012-09-23T17:26:16+00:00","dateModified":"2012-09-23T17:32:35+00:00","breadcrumb":{"@id":"https:\/\/decomat.com\/en\/ofertas\/mobiliari-sabadell\/muebles-ikea-sabadell\/#breadcrumb"},"inLanguage":"es","potentialAction":[{"@type":"ReadAction","target":["https:\/\/decomat.com\/en\/ofertas\/mobiliari-sabadell\/muebles-ikea-sabadell\/"]}]},{"@type":"BreadcrumbList","@id":"https:\/\/decomat.com\/en\/ofertas\/mobiliari-sabadell\/muebles-ikea-sabadell\/#breadcrumb","itemListElement":[{"@type":"ListItem","position":1,"name":"Portada","item":"https:\/\/decomat.com\/ca\/"},{"@type":"ListItem","position":2,"name":"Offers","item":"https:\/\/decomat.com\/en\/ofertas\/"},{"@type":"ListItem","position":3,"name":"Furniture Sabadell","item":"https:\/\/decomat.com\/en\/ofertas\/mobiliari-sabadell\/"},{"@type":"ListItem","position":4,"name":"Furniture ikea Sabadell"}]},{"@type":"WebSite","@id":"https:\/\/decomat.com\/ca\/#website","url":"https:\/\/decomat.com\/ca\/","name":"decomat","description":"Material decoraci\u00f3n","potentialAction":[{"@type":"SearchAction","target":{"@type":"EntryPoint","urlTemplate":"https:\/\/decomat.com\/ca\/?s={search_term_string}"},"query-input":{"@type":"PropertyValueSpecification","valueRequired":true,"valueName":"search_term_string"}}],"inLanguage":"es"}]}},"_links":{"self":[{"href":"https:\/\/decomat.com\/es\/wp-json\/wp\/v2\/pages\/3785","targetHints":{"allow":["GET"]}}],"collection":[{"href":"https:\/\/decomat.com\/es\/wp-json\/wp\/v2\/pages"}],"about":[{"href":"https:\/\/decomat.com\/es\/wp-json\/wp\/v2\/types\/page"}],"author":[{"embeddable":true,"href":"https:\/\/decomat.com\/es\/wp-json\/wp\/v2\/users\/8979"}],"replies":[{"embeddable":true,"href":"https:\/\/decomat.com\/es\/wp-json\/wp\/v2\/comments?post=3785"}],"version-history":[{"count":4,"href":"https:\/\/decomat.com\/es\/wp-json\/wp\/v2\/pages\/3785\/revisions"}],"predecessor-version":[{"id":3789,"href":"https:\/\/decomat.com\/es\/wp-json\/wp\/v2\/pages\/3785\/revisions\/3789"}],"up":[{"embeddable":true,"href":"https:\/\/decomat.com\/es\/wp-json\/wp\/v2\/pages\/3654"}],"wp:attachment":[{"href":"https:\/\/decomat.com\/es\/wp-json\/wp\/v2\/media?parent=3785"}],"curies":[{"name":"wp","href":"https:\/\/api.w.org\/{rel}","templated":true}]}}