{"id":4065,"date":"2012-09-30T18:56:26","date_gmt":"2012-09-30T16:56:26","guid":{"rendered":"http:\/\/www.decomat.com\/?page_id=4065"},"modified":"2014-06-28T11:56:05","modified_gmt":"2014-06-28T09:56:05","slug":"suelos-para-el-hogar","status":"publish","type":"page","link":"https:\/\/decomat.com\/es\/hogar\/suelos-para-el-hogar\/","title":{"rendered":"Suelos para el hogar"},"content":{"rendered":"<p><\/p>\n<h1>Suelos para el hogar<\/h1>\n<p>Distribuci\u00f3n, comercialitzaci\u00f3n, reparaci\u00f3n, instalaci\u00f3n y colocaci\u00f3n de todo tipo de suelos para el hogar, pavimentos y revestimientos aptos\u00a0para superficies a renovar:<\/p>\n<ul>\n<li>\u00a0<a href=\"https:\/\/www.decomat.com\/materiales\/pavimento-suelo\/parque\/\">Parquets de madera y laminados.<\/a><\/li>\n<li><a href=\"https:\/\/www.decomat.com\/materiales\/pavimento-suelo\/parque\/\">Tarimas mazizas de exterior y interior.<\/a><\/li>\n<li>\u00a0<a href=\"https:\/\/www.decomat.com\/materiales\/revestimiento\/pavimento-suelo\/parque\/\">Tarimas de exterior tecnol\u00f3gicas y sint\u00e9ticas.<\/a><\/li>\n<li>\u00a0<a href=\"https:\/\/www.decomat.com\/materiales\/pavimento-suelo\/parque\/\">Barnizados de tarimas y parquets.<\/a><\/li>\n<li>\u00a0<a href=\"https:\/\/www.decomat.com\/materiales\/pavimento-suelo\/suelos-tecnicos-elevados\/\">Pavimentos t\u00e9cnicos, elevados.<\/a><\/li>\n<li>\u00a0<a href=\"https:\/\/www.decomat.com\/materiales\/pavimento-suelo\/pvc-para-suelos\/\">Pavimentos de PVC.<\/a><\/li>\n<li>\u00a0<a href=\"https:\/\/www.decomat.com\/materiales\/pavimento-suelo\/corcho-para-suelo\/\">Pavimentos de corcho decorativo.<\/a><\/li>\n<li>Pavimentos de caucho.<\/li>\n<li>\u00a0<a href=\"https:\/\/www.decomat.com\/materiales\/pavimento-suelo\/linoleo\/\">Lin\u00f3leums.<\/a><\/li>\n<li>\u00a0<a href=\"https:\/\/www.decomat.com\/materiales\/pavimento-suelo\/cesped-artificial\/\">Cesped artificial de calidad para uso dom\u00e9stico.<\/a><\/li>\n<li>\u00a0<a href=\"https:\/\/www.decomat.com\/materiales\/pavimento-suelo\/moqueta-para-suelo\/\">Moqueta de rollos y modulares en losetas para uso dom\u00e9stico<\/a><\/li>\n<li>\u00a0<a href=\"https:\/\/www.decomat.com\/materiales\/pavimento-suelo\/moqueta-para-suelo\/\">Moquetas de dise\u00f1o.<\/a><\/li>\n<li>\u00a0<a href=\"https:\/\/www.decomat.com\/materiales\/pavimento-suelo\/moqueta-para-suelo\/\">Moquetas de fibras naturales.<\/a><\/li>\n<li>\u00a0Felpudos de tr\u00e1nsito intenso.<\/li>\n<li>\u00a0Losetas de caucho granulado.<\/li>\n<\/ul>\n<p>Aconsejamos de que tipo de pavimento es el que mejor se ajusta a les caracter\u00edsticas de su hogar.<\/p>\n<h2><\/h2>\n<h2>Reparaci\u00f3n de suelos para el hogar:<\/h2>\n<p>Tenga en cuenta que no siempre cambiar totalmente el pavimento (parquet, moqueta, corcho&#8230;) es la mejor soluci\u00f3n ni la mas econ\u00f3mica.<\/p>\n<p>En el caso del parquet, la mayoria de\u00a0parquets de madera maziza, tanto los flotantes como los encolados (habituales a\u00f1os atras), pueden ser pulidos varias\u00a0veces al largo de su vida \u00fatil. \u00a0De tal manera que le devuelven al parquet\u00a0la apariencia de un parquet totalmente nuevo.<\/p>\n<p>La opci\u00f3n de reparaci\u00f3n es casi siempre una opci\u00f3n mas econ\u00f3mica que instalarlo todo nuevo, aunque se debe estudiar cada caso.<\/p>","protected":false},"excerpt":{"rendered":"<p>Suelos para el hogar Distribuci\u00f3n, comercialitzaci\u00f3n, reparaci\u00f3n, instalaci\u00f3n y colocaci\u00f3n de todo tipo de suelos para el hogar, pavimentos y revestimientos aptos\u00a0para superficies a renovar: \u00a0Parquets de madera y laminados. Tarimas mazizas de exterior y interior. \u00a0Tarimas de exterior tecnol\u00f3gicas y sint\u00e9ticas. \u00a0Barnizados de tarimas y parquets. \u00a0Pavimentos t\u00e9cnicos, elevados. \u00a0Pavimentos de PVC. \u00a0Pavimentos de [&hellip;]<\/p>\n","protected":false},"author":8979,"featured_media":0,"parent":715,"menu_order":2,"comment_status":"open","ping_status":"closed","template":"","meta":{"_monsterinsights_skip_tracking":false,"_monsterinsights_sitenote_active":false,"_monsterinsights_sitenote_note":"","_monsterinsights_sitenote_category":0,"ngg_post_thumbnail":0,"footnotes":""},"class_list":["post-4065","page","type-page","status-publish","hentry"],"yoast_head":"<!-- This site is optimized with the Yoast SEO plugin v27.3 - https:\/\/yoast.com\/product\/yoast-seo-wordpress\/ -->\n<title>Suelos para el hogar - decomat<\/title>\n<meta name=\"robots\" content=\"index, follow, max-snippet:-1, max-image-preview:large, max-video-preview:-1\" \/>\n<link rel=\"canonical\" href=\"https:\/\/decomat.com\/es\/hogar\/suelos-para-el-hogar\/\" \/>\n<meta property=\"og:locale\" content=\"es_ES\" \/>\n<meta property=\"og:type\" content=\"article\" \/>\n<meta property=\"og:title\" content=\"Suelos para el hogar - decomat\" \/>\n<meta property=\"og:description\" content=\"Suelos para el hogar Distribuci\u00f3n, comercialitzaci\u00f3n, reparaci\u00f3n, instalaci\u00f3n y colocaci\u00f3n de todo tipo de suelos para el hogar, pavimentos y revestimientos aptos\u00a0para superficies a renovar: \u00a0Parquets de madera y laminados. Tarimas mazizas de exterior y interior. \u00a0Tarimas de exterior tecnol\u00f3gicas y sint\u00e9ticas. \u00a0Barnizados de tarimas y parquets. \u00a0Pavimentos t\u00e9cnicos, elevados. \u00a0Pavimentos de PVC. \u00a0Pavimentos de [&hellip;]\" \/>\n<meta property=\"og:url\" content=\"https:\/\/decomat.com\/es\/hogar\/suelos-para-el-hogar\/\" \/>\n<meta property=\"og:site_name\" content=\"decomat\" \/>\n<meta property=\"article:modified_time\" content=\"2014-06-28T09:56:05+00:00\" \/>\n<meta name=\"twitter:card\" content=\"summary_large_image\" \/>\n<meta name=\"twitter:label1\" content=\"Tiempo de lectura\" \/>\n\t<meta name=\"twitter:data1\" content=\"2 minutos\" \/>\n<script type=\"application\/ld+json\" class=\"yoast-schema-graph\">{\"@context\":\"https:\\\/\\\/schema.org\",\"@graph\":[{\"@type\":\"WebPage\",\"@id\":\"https:\\\/\\\/decomat.com\\\/es\\\/hogar\\\/suelos-para-el-hogar\\\/\",\"url\":\"https:\\\/\\\/decomat.com\\\/es\\\/hogar\\\/suelos-para-el-hogar\\\/\",\"name\":\"Suelos para el hogar - decomat\",\"isPartOf\":{\"@id\":\"https:\\\/\\\/decomat.com\\\/ca\\\/#website\"},\"datePublished\":\"2012-09-30T16:56:26+00:00\",\"dateModified\":\"2014-06-28T09:56:05+00:00\",\"breadcrumb\":{\"@id\":\"https:\\\/\\\/decomat.com\\\/es\\\/hogar\\\/suelos-para-el-hogar\\\/#breadcrumb\"},\"inLanguage\":\"es\",\"potentialAction\":[{\"@type\":\"ReadAction\",\"target\":[\"https:\\\/\\\/decomat.com\\\/es\\\/hogar\\\/suelos-para-el-hogar\\\/\"]}]},{\"@type\":\"BreadcrumbList\",\"@id\":\"https:\\\/\\\/decomat.com\\\/es\\\/hogar\\\/suelos-para-el-hogar\\\/#breadcrumb\",\"itemListElement\":[{\"@type\":\"ListItem\",\"position\":1,\"name\":\"Portada\",\"item\":\"https:\\\/\\\/decomat.com\\\/ca\\\/\"},{\"@type\":\"ListItem\",\"position\":2,\"name\":\"Hogar\",\"item\":\"https:\\\/\\\/decomat.com\\\/es\\\/hogar\\\/\"},{\"@type\":\"ListItem\",\"position\":3,\"name\":\"Suelos para el hogar\"}]},{\"@type\":\"WebSite\",\"@id\":\"https:\\\/\\\/decomat.com\\\/ca\\\/#website\",\"url\":\"https:\\\/\\\/decomat.com\\\/ca\\\/\",\"name\":\"decomat\",\"description\":\"Material decoraci\u00f3n\",\"potentialAction\":[{\"@type\":\"SearchAction\",\"target\":{\"@type\":\"EntryPoint\",\"urlTemplate\":\"https:\\\/\\\/decomat.com\\\/ca\\\/?s={search_term_string}\"},\"query-input\":{\"@type\":\"PropertyValueSpecification\",\"valueRequired\":true,\"valueName\":\"search_term_string\"}}],\"inLanguage\":\"es\"}]}<\/script>\n<!-- \/ Yoast SEO plugin. -->","yoast_head_json":{"title":"Suelos para el hogar - decomat","robots":{"index":"index","follow":"follow","max-snippet":"max-snippet:-1","max-image-preview":"max-image-preview:large","max-video-preview":"max-video-preview:-1"},"canonical":"https:\/\/decomat.com\/es\/hogar\/suelos-para-el-hogar\/","og_locale":"es_ES","og_type":"article","og_title":"Suelos para el hogar - decomat","og_description":"Suelos para el hogar Distribuci\u00f3n, comercialitzaci\u00f3n, reparaci\u00f3n, instalaci\u00f3n y colocaci\u00f3n de todo tipo de suelos para el hogar, pavimentos y revestimientos aptos\u00a0para superficies a renovar: \u00a0Parquets de madera y laminados. Tarimas mazizas de exterior y interior. \u00a0Tarimas de exterior tecnol\u00f3gicas y sint\u00e9ticas. \u00a0Barnizados de tarimas y parquets. \u00a0Pavimentos t\u00e9cnicos, elevados. \u00a0Pavimentos de PVC. \u00a0Pavimentos de [&hellip;]","og_url":"https:\/\/decomat.com\/es\/hogar\/suelos-para-el-hogar\/","og_site_name":"decomat","article_modified_time":"2014-06-28T09:56:05+00:00","twitter_card":"summary_large_image","twitter_misc":{"Tiempo de lectura":"2 minutos"},"schema":{"@context":"https:\/\/schema.org","@graph":[{"@type":"WebPage","@id":"https:\/\/decomat.com\/es\/hogar\/suelos-para-el-hogar\/","url":"https:\/\/decomat.com\/es\/hogar\/suelos-para-el-hogar\/","name":"Suelos para el hogar - decomat","isPartOf":{"@id":"https:\/\/decomat.com\/ca\/#website"},"datePublished":"2012-09-30T16:56:26+00:00","dateModified":"2014-06-28T09:56:05+00:00","breadcrumb":{"@id":"https:\/\/decomat.com\/es\/hogar\/suelos-para-el-hogar\/#breadcrumb"},"inLanguage":"es","potentialAction":[{"@type":"ReadAction","target":["https:\/\/decomat.com\/es\/hogar\/suelos-para-el-hogar\/"]}]},{"@type":"BreadcrumbList","@id":"https:\/\/decomat.com\/es\/hogar\/suelos-para-el-hogar\/#breadcrumb","itemListElement":[{"@type":"ListItem","position":1,"name":"Portada","item":"https:\/\/decomat.com\/ca\/"},{"@type":"ListItem","position":2,"name":"Hogar","item":"https:\/\/decomat.com\/es\/hogar\/"},{"@type":"ListItem","position":3,"name":"Suelos para el hogar"}]},{"@type":"WebSite","@id":"https:\/\/decomat.com\/ca\/#website","url":"https:\/\/decomat.com\/ca\/","name":"decomat","description":"Material decoraci\u00f3n","potentialAction":[{"@type":"SearchAction","target":{"@type":"EntryPoint","urlTemplate":"https:\/\/decomat.com\/ca\/?s={search_term_string}"},"query-input":{"@type":"PropertyValueSpecification","valueRequired":true,"valueName":"search_term_string"}}],"inLanguage":"es"}]}},"_links":{"self":[{"href":"https:\/\/decomat.com\/es\/wp-json\/wp\/v2\/pages\/4065","targetHints":{"allow":["GET"]}}],"collection":[{"href":"https:\/\/decomat.com\/es\/wp-json\/wp\/v2\/pages"}],"about":[{"href":"https:\/\/decomat.com\/es\/wp-json\/wp\/v2\/types\/page"}],"author":[{"embeddable":true,"href":"https:\/\/decomat.com\/es\/wp-json\/wp\/v2\/users\/8979"}],"replies":[{"embeddable":true,"href":"https:\/\/decomat.com\/es\/wp-json\/wp\/v2\/comments?post=4065"}],"version-history":[{"count":19,"href":"https:\/\/decomat.com\/es\/wp-json\/wp\/v2\/pages\/4065\/revisions"}],"predecessor-version":[{"id":5706,"href":"https:\/\/decomat.com\/es\/wp-json\/wp\/v2\/pages\/4065\/revisions\/5706"}],"up":[{"embeddable":true,"href":"https:\/\/decomat.com\/es\/wp-json\/wp\/v2\/pages\/715"}],"wp:attachment":[{"href":"https:\/\/decomat.com\/es\/wp-json\/wp\/v2\/media?parent=4065"}],"curies":[{"name":"wp","href":"https:\/\/api.w.org\/{rel}","templated":true}]}}