{"id":4131,"date":"2012-10-01T17:36:37","date_gmt":"2012-10-01T15:36:37","guid":{"rendered":"http:\/\/www.decomat.com\/?page_id=4131"},"modified":"2014-06-28T12:36:22","modified_gmt":"2014-06-28T10:36:22","slug":"proyectos-interiorismo-para-el-hogar","status":"publish","type":"page","link":"https:\/\/decomat.com\/es\/hogar\/proyectos-interiorismo-para-el-hogar\/","title":{"rendered":"Proyectos interiorismo para el hogar"},"content":{"rendered":"<p><\/p>\n<h1>Proyectos interiorismo para el hogar<\/h1>\n<p>Elaboramos proyectos integrales de interiorismo para el hogar.<\/p>\n<p>El punto de partida es un asesoramiento para analizar las necesidades y inquietudes de cada cliente y dar respuesta est\u00e9tica y de dise\u00f1o a su proyecto.<\/p>\n<p>Para encontrar la soluci\u00f3n mas adecuada y adaptarla a las necesidades del proyecto interiorismo para el hogar, asesoramos en:<\/p>\n<ul>\n<li>opciones de estilo (\u00faltimas novedades y tendencias: Feng Shui, Zen, Minimalismo, etc&#8230;) que permitan una vivienda saludable y una distribuci\u00f3n y arquitectura interior adecuadas.<\/li>\n<li>\u00a0iluminaci\u00f3n de los espacios a decorar (efectuando un estudio de iluminaci\u00f3n que incorpora fuentes de luz, intensidad, y temperatura de color que juntamente con la dom\u00f3tica nos ayudara a conseguir el ambiente mas acertado)<\/li>\n<li>funcionalidad.<\/li>\n<\/ul>\n<p>Esta fusi\u00f3n del dise\u00f1o y iluminaci\u00f3n con la funcionalidad, es la clave que garantiza el exito de todos nuestros proyectos de interiorismo para el hogar.<\/p>\n<p>Con esta intenci\u00f3n ofrecemos servicio de:<\/p>\n<ul>\n<li>asesoramiento en interiorismo (definici\u00f3n del proyecto)<\/li>\n<li>elaboraci\u00f3n de proyecto de interiorismo, desarrollando t\u00e9cnicamente mediante planos, mem\u00f3rias y presupuestos<\/li>\n<li>valoramos las diferentes ideas y soluciones<\/li>\n<li>direcci\u00f3n de obra<\/li>\n<\/ul>\n<p><\/p>","protected":false},"excerpt":{"rendered":"<p>Proyectos interiorismo para el hogar Elaboramos proyectos integrales de interiorismo para el hogar. El punto de partida es un asesoramiento para analizar las necesidades y inquietudes de cada cliente y dar respuesta est\u00e9tica y de dise\u00f1o a su proyecto. Para encontrar la soluci\u00f3n mas adecuada y adaptarla a las necesidades del proyecto interiorismo para el [&hellip;]<\/p>\n","protected":false},"author":8979,"featured_media":0,"parent":715,"menu_order":2,"comment_status":"open","ping_status":"closed","template":"","meta":{"_monsterinsights_skip_tracking":false,"_monsterinsights_sitenote_active":false,"_monsterinsights_sitenote_note":"","_monsterinsights_sitenote_category":0,"ngg_post_thumbnail":0,"footnotes":""},"class_list":["post-4131","page","type-page","status-publish","hentry"],"yoast_head":"<!-- This site is optimized with the Yoast SEO plugin v27.3 - https:\/\/yoast.com\/product\/yoast-seo-wordpress\/ -->\n<title>Proyectos interiorismo para el hogar - decomat<\/title>\n<meta name=\"robots\" content=\"index, follow, max-snippet:-1, max-image-preview:large, max-video-preview:-1\" \/>\n<link rel=\"canonical\" href=\"https:\/\/decomat.com\/es\/hogar\/proyectos-interiorismo-para-el-hogar\/\" \/>\n<meta property=\"og:locale\" content=\"es_ES\" \/>\n<meta property=\"og:type\" content=\"article\" \/>\n<meta property=\"og:title\" content=\"Proyectos interiorismo para el hogar - decomat\" \/>\n<meta property=\"og:description\" content=\"Proyectos interiorismo para el hogar Elaboramos proyectos integrales de interiorismo para el hogar. El punto de partida es un asesoramiento para analizar las necesidades y inquietudes de cada cliente y dar respuesta est\u00e9tica y de dise\u00f1o a su proyecto. Para encontrar la soluci\u00f3n mas adecuada y adaptarla a las necesidades del proyecto interiorismo para el [&hellip;]\" \/>\n<meta property=\"og:url\" content=\"https:\/\/decomat.com\/es\/hogar\/proyectos-interiorismo-para-el-hogar\/\" \/>\n<meta property=\"og:site_name\" content=\"decomat\" \/>\n<meta property=\"article:modified_time\" content=\"2014-06-28T10:36:22+00:00\" \/>\n<meta name=\"twitter:card\" content=\"summary_large_image\" \/>\n<meta name=\"twitter:label1\" content=\"Tiempo de lectura\" \/>\n\t<meta name=\"twitter:data1\" content=\"2 minutos\" \/>\n<script type=\"application\/ld+json\" class=\"yoast-schema-graph\">{\"@context\":\"https:\\\/\\\/schema.org\",\"@graph\":[{\"@type\":\"WebPage\",\"@id\":\"https:\\\/\\\/decomat.com\\\/es\\\/hogar\\\/proyectos-interiorismo-para-el-hogar\\\/\",\"url\":\"https:\\\/\\\/decomat.com\\\/es\\\/hogar\\\/proyectos-interiorismo-para-el-hogar\\\/\",\"name\":\"Proyectos interiorismo para el hogar - decomat\",\"isPartOf\":{\"@id\":\"https:\\\/\\\/decomat.com\\\/ca\\\/#website\"},\"datePublished\":\"2012-10-01T15:36:37+00:00\",\"dateModified\":\"2014-06-28T10:36:22+00:00\",\"breadcrumb\":{\"@id\":\"https:\\\/\\\/decomat.com\\\/es\\\/hogar\\\/proyectos-interiorismo-para-el-hogar\\\/#breadcrumb\"},\"inLanguage\":\"es\",\"potentialAction\":[{\"@type\":\"ReadAction\",\"target\":[\"https:\\\/\\\/decomat.com\\\/es\\\/hogar\\\/proyectos-interiorismo-para-el-hogar\\\/\"]}]},{\"@type\":\"BreadcrumbList\",\"@id\":\"https:\\\/\\\/decomat.com\\\/es\\\/hogar\\\/proyectos-interiorismo-para-el-hogar\\\/#breadcrumb\",\"itemListElement\":[{\"@type\":\"ListItem\",\"position\":1,\"name\":\"Portada\",\"item\":\"https:\\\/\\\/decomat.com\\\/ca\\\/\"},{\"@type\":\"ListItem\",\"position\":2,\"name\":\"Hogar\",\"item\":\"https:\\\/\\\/decomat.com\\\/es\\\/hogar\\\/\"},{\"@type\":\"ListItem\",\"position\":3,\"name\":\"Proyectos interiorismo para el hogar\"}]},{\"@type\":\"WebSite\",\"@id\":\"https:\\\/\\\/decomat.com\\\/ca\\\/#website\",\"url\":\"https:\\\/\\\/decomat.com\\\/ca\\\/\",\"name\":\"decomat\",\"description\":\"Material decoraci\u00f3n\",\"potentialAction\":[{\"@type\":\"SearchAction\",\"target\":{\"@type\":\"EntryPoint\",\"urlTemplate\":\"https:\\\/\\\/decomat.com\\\/ca\\\/?s={search_term_string}\"},\"query-input\":{\"@type\":\"PropertyValueSpecification\",\"valueRequired\":true,\"valueName\":\"search_term_string\"}}],\"inLanguage\":\"es\"}]}<\/script>\n<!-- \/ Yoast SEO plugin. -->","yoast_head_json":{"title":"Proyectos interiorismo para el hogar - decomat","robots":{"index":"index","follow":"follow","max-snippet":"max-snippet:-1","max-image-preview":"max-image-preview:large","max-video-preview":"max-video-preview:-1"},"canonical":"https:\/\/decomat.com\/es\/hogar\/proyectos-interiorismo-para-el-hogar\/","og_locale":"es_ES","og_type":"article","og_title":"Proyectos interiorismo para el hogar - decomat","og_description":"Proyectos interiorismo para el hogar Elaboramos proyectos integrales de interiorismo para el hogar. El punto de partida es un asesoramiento para analizar las necesidades y inquietudes de cada cliente y dar respuesta est\u00e9tica y de dise\u00f1o a su proyecto. Para encontrar la soluci\u00f3n mas adecuada y adaptarla a las necesidades del proyecto interiorismo para el [&hellip;]","og_url":"https:\/\/decomat.com\/es\/hogar\/proyectos-interiorismo-para-el-hogar\/","og_site_name":"decomat","article_modified_time":"2014-06-28T10:36:22+00:00","twitter_card":"summary_large_image","twitter_misc":{"Tiempo de lectura":"2 minutos"},"schema":{"@context":"https:\/\/schema.org","@graph":[{"@type":"WebPage","@id":"https:\/\/decomat.com\/es\/hogar\/proyectos-interiorismo-para-el-hogar\/","url":"https:\/\/decomat.com\/es\/hogar\/proyectos-interiorismo-para-el-hogar\/","name":"Proyectos interiorismo para el hogar - decomat","isPartOf":{"@id":"https:\/\/decomat.com\/ca\/#website"},"datePublished":"2012-10-01T15:36:37+00:00","dateModified":"2014-06-28T10:36:22+00:00","breadcrumb":{"@id":"https:\/\/decomat.com\/es\/hogar\/proyectos-interiorismo-para-el-hogar\/#breadcrumb"},"inLanguage":"es","potentialAction":[{"@type":"ReadAction","target":["https:\/\/decomat.com\/es\/hogar\/proyectos-interiorismo-para-el-hogar\/"]}]},{"@type":"BreadcrumbList","@id":"https:\/\/decomat.com\/es\/hogar\/proyectos-interiorismo-para-el-hogar\/#breadcrumb","itemListElement":[{"@type":"ListItem","position":1,"name":"Portada","item":"https:\/\/decomat.com\/ca\/"},{"@type":"ListItem","position":2,"name":"Hogar","item":"https:\/\/decomat.com\/es\/hogar\/"},{"@type":"ListItem","position":3,"name":"Proyectos interiorismo para el hogar"}]},{"@type":"WebSite","@id":"https:\/\/decomat.com\/ca\/#website","url":"https:\/\/decomat.com\/ca\/","name":"decomat","description":"Material decoraci\u00f3n","potentialAction":[{"@type":"SearchAction","target":{"@type":"EntryPoint","urlTemplate":"https:\/\/decomat.com\/ca\/?s={search_term_string}"},"query-input":{"@type":"PropertyValueSpecification","valueRequired":true,"valueName":"search_term_string"}}],"inLanguage":"es"}]}},"_links":{"self":[{"href":"https:\/\/decomat.com\/es\/wp-json\/wp\/v2\/pages\/4131","targetHints":{"allow":["GET"]}}],"collection":[{"href":"https:\/\/decomat.com\/es\/wp-json\/wp\/v2\/pages"}],"about":[{"href":"https:\/\/decomat.com\/es\/wp-json\/wp\/v2\/types\/page"}],"author":[{"embeddable":true,"href":"https:\/\/decomat.com\/es\/wp-json\/wp\/v2\/users\/8979"}],"replies":[{"embeddable":true,"href":"https:\/\/decomat.com\/es\/wp-json\/wp\/v2\/comments?post=4131"}],"version-history":[{"count":15,"href":"https:\/\/decomat.com\/es\/wp-json\/wp\/v2\/pages\/4131\/revisions"}],"predecessor-version":[{"id":5713,"href":"https:\/\/decomat.com\/es\/wp-json\/wp\/v2\/pages\/4131\/revisions\/5713"}],"up":[{"embeddable":true,"href":"https:\/\/decomat.com\/es\/wp-json\/wp\/v2\/pages\/715"}],"wp:attachment":[{"href":"https:\/\/decomat.com\/es\/wp-json\/wp\/v2\/media?parent=4131"}],"curies":[{"name":"wp","href":"https:\/\/api.w.org\/{rel}","templated":true}]}}