{"id":4134,"date":"2012-10-01T17:40:20","date_gmt":"2012-10-01T15:40:20","guid":{"rendered":"http:\/\/www.decomat.com\/?page_id=4134"},"modified":"2017-08-16T18:45:53","modified_gmt":"2017-08-16T16:45:53","slug":"reformas-cocina-y-bano-para-el-hogar","status":"publish","type":"page","link":"https:\/\/decomat.com\/es\/hogar\/reformas-cocina-y-bano-para-el-hogar\/","title":{"rendered":"Reformas cocina y ba\u00f1o para el hogar"},"content":{"rendered":"<h1>Reformas cocina y ba\u00f1o para el hogar<\/h1>\n<p>La&nbsp;<strong>reforma cocina y ba\u00f1o para el hogar,<\/strong>&nbsp;es el resultado del an\u00e1lisis de sus necesidades y del dise\u00f1o, con la aportaci\u00f3n t\u00e9cnica y est\u00e9tica de nuestro equipo de especialistas en interiorismo y reformas de ba\u00f1os y cocinas, de su proyecto para su ba\u00f1o o cocina.<\/p>\n<p>Cuando disponemos del proyecto para las reformas cocina y\/o ba\u00f1o para el hogar, le valoramos todos los&nbsp;<strong>materiales<\/strong>&nbsp;necesarios para su realizaci\u00f3n &nbsp;(baldosas, pintura, revestimientos, pavimentos, mobiliario de <a href=\"https:\/\/www.decomat.com\/wp-content\/uploads\/2012\/10\/live62847_008.jpg\"><img loading=\"lazy\" decoding=\"async\" class=\"size-medium wp-image-6779 alignleft\" src=\"https:\/\/www.decomat.com\/wp-content\/uploads\/2012\/10\/live62847_008-300x63.jpg\" alt=\"\" width=\"300\" height=\"63\" srcset=\"https:\/\/decomat.com\/wp-content\/uploads\/2012\/10\/live62847_008-300x63.jpg 300w, https:\/\/decomat.com\/wp-content\/uploads\/2012\/10\/live62847_008-768x160.jpg 768w, https:\/\/decomat.com\/wp-content\/uploads\/2012\/10\/live62847_008-330x69.jpg 330w, https:\/\/decomat.com\/wp-content\/uploads\/2012\/10\/live62847_008-736x153.jpg 736w, https:\/\/decomat.com\/wp-content\/uploads\/2012\/10\/live62847_008-414x86.jpg 414w, https:\/\/decomat.com\/wp-content\/uploads\/2012\/10\/live62847_008.jpg 960w\" sizes=\"auto, (max-width: 300px) 100vw, 300px\" \/><\/a>cocina, mesas cocina, complementos de cocina, sillas cocina, mobiliario de ba\u00f1o,&nbsp; griferias,&nbsp; complementos ba\u00f1o, sanitarios,&nbsp; mamparas de ba\u00f1o, &nbsp; carpinteria pr\u00f2pia,&nbsp; muebles a medida en general) y le entregamos un presupuesto detallado de: paleta, lampista, electricista, carpintero, montaje de mobiliario de&nbsp;ba\u00f1o o&nbsp; cocina y instalador de mamparas de ba\u00f1o.<\/p>\n<p>Reformas cocinas y ba\u00f1os en Barcelona, Reformas integrales y Rehabilitaci\u00f3n pisos as\u00ed como Presupuesto reformas Barcelona, Badalona, Castelldefels, Cornella, El Prat, Esplugues, Gava, Granollers, L\u00b4Hospitalet, Martorell, Mataro, Sabadell, Sant Adria del Besos, Sant Boi, Sant Cugat, Sant Feliu, Sant Joan Despi, Santa Coloma de Gramanet, Sitges, Teia, Terrassa, Sant Just Desvern","protected":false},"excerpt":{"rendered":"<p>Reformas cocina y ba\u00f1o para el hogar La&nbsp;reforma cocina y ba\u00f1o para el hogar,&nbsp;es el resultado del an\u00e1lisis de sus necesidades y del dise\u00f1o, con la aportaci\u00f3n t\u00e9cnica y est\u00e9tica de nuestro equipo de especialistas en interiorismo y reformas de ba\u00f1os y cocinas, de su proyecto para su ba\u00f1o o cocina. Cuando disponemos del proyecto [&hellip;]<\/p>\n","protected":false},"author":8979,"featured_media":0,"parent":715,"menu_order":2,"comment_status":"open","ping_status":"closed","template":"","meta":{"_monsterinsights_skip_tracking":false,"_monsterinsights_sitenote_active":false,"_monsterinsights_sitenote_note":"","_monsterinsights_sitenote_category":0,"ngg_post_thumbnail":0,"footnotes":""},"class_list":["post-4134","page","type-page","status-publish","hentry"],"yoast_head":"<!-- This site is optimized with the Yoast SEO plugin v27.3 - https:\/\/yoast.com\/product\/yoast-seo-wordpress\/ -->\n<title>Reformas cocina y ba\u00f1o para el hogar - decomat<\/title>\n<meta name=\"robots\" content=\"index, follow, max-snippet:-1, max-image-preview:large, max-video-preview:-1\" \/>\n<link rel=\"canonical\" href=\"https:\/\/decomat.com\/es\/hogar\/reformas-cocina-y-bano-para-el-hogar\/\" \/>\n<meta property=\"og:locale\" content=\"es_ES\" \/>\n<meta property=\"og:type\" content=\"article\" \/>\n<meta property=\"og:title\" content=\"Reformas cocina y ba\u00f1o para el hogar - decomat\" \/>\n<meta property=\"og:description\" content=\"Reformas cocina y ba\u00f1o para el hogar La&nbsp;reforma cocina y ba\u00f1o para el hogar,&nbsp;es el resultado del an\u00e1lisis de sus necesidades y del dise\u00f1o, con la aportaci\u00f3n t\u00e9cnica y est\u00e9tica de nuestro equipo de especialistas en interiorismo y reformas de ba\u00f1os y cocinas, de su proyecto para su ba\u00f1o o cocina. Cuando disponemos del proyecto [&hellip;]\" \/>\n<meta property=\"og:url\" content=\"https:\/\/decomat.com\/es\/hogar\/reformas-cocina-y-bano-para-el-hogar\/\" \/>\n<meta property=\"og:site_name\" content=\"decomat\" \/>\n<meta property=\"article:modified_time\" content=\"2017-08-16T16:45:53+00:00\" \/>\n<meta property=\"og:image\" content=\"https:\/\/www.decomat.com\/wp-content\/uploads\/2012\/10\/live62847_008-300x63.jpg\" \/>\n<meta name=\"twitter:card\" content=\"summary_large_image\" \/>\n<meta name=\"twitter:label1\" content=\"Tiempo de lectura\" \/>\n\t<meta name=\"twitter:data1\" content=\"2 minutos\" \/>\n<script type=\"application\/ld+json\" class=\"yoast-schema-graph\">{\"@context\":\"https:\\\/\\\/schema.org\",\"@graph\":[{\"@type\":\"WebPage\",\"@id\":\"https:\\\/\\\/decomat.com\\\/es\\\/hogar\\\/reformas-cocina-y-bano-para-el-hogar\\\/\",\"url\":\"https:\\\/\\\/decomat.com\\\/es\\\/hogar\\\/reformas-cocina-y-bano-para-el-hogar\\\/\",\"name\":\"Reformas cocina y ba\u00f1o para el hogar - decomat\",\"isPartOf\":{\"@id\":\"https:\\\/\\\/decomat.com\\\/ca\\\/#website\"},\"primaryImageOfPage\":{\"@id\":\"https:\\\/\\\/decomat.com\\\/es\\\/hogar\\\/reformas-cocina-y-bano-para-el-hogar\\\/#primaryimage\"},\"image\":{\"@id\":\"https:\\\/\\\/decomat.com\\\/es\\\/hogar\\\/reformas-cocina-y-bano-para-el-hogar\\\/#primaryimage\"},\"thumbnailUrl\":\"https:\\\/\\\/www.decomat.com\\\/wp-content\\\/uploads\\\/2012\\\/10\\\/live62847_008-300x63.jpg\",\"datePublished\":\"2012-10-01T15:40:20+00:00\",\"dateModified\":\"2017-08-16T16:45:53+00:00\",\"breadcrumb\":{\"@id\":\"https:\\\/\\\/decomat.com\\\/es\\\/hogar\\\/reformas-cocina-y-bano-para-el-hogar\\\/#breadcrumb\"},\"inLanguage\":\"es\",\"potentialAction\":[{\"@type\":\"ReadAction\",\"target\":[\"https:\\\/\\\/decomat.com\\\/es\\\/hogar\\\/reformas-cocina-y-bano-para-el-hogar\\\/\"]}]},{\"@type\":\"ImageObject\",\"inLanguage\":\"es\",\"@id\":\"https:\\\/\\\/decomat.com\\\/es\\\/hogar\\\/reformas-cocina-y-bano-para-el-hogar\\\/#primaryimage\",\"url\":\"https:\\\/\\\/www.decomat.com\\\/wp-content\\\/uploads\\\/2012\\\/10\\\/live62847_008-300x63.jpg\",\"contentUrl\":\"https:\\\/\\\/www.decomat.com\\\/wp-content\\\/uploads\\\/2012\\\/10\\\/live62847_008-300x63.jpg\"},{\"@type\":\"BreadcrumbList\",\"@id\":\"https:\\\/\\\/decomat.com\\\/es\\\/hogar\\\/reformas-cocina-y-bano-para-el-hogar\\\/#breadcrumb\",\"itemListElement\":[{\"@type\":\"ListItem\",\"position\":1,\"name\":\"Portada\",\"item\":\"https:\\\/\\\/decomat.com\\\/ca\\\/\"},{\"@type\":\"ListItem\",\"position\":2,\"name\":\"Hogar\",\"item\":\"https:\\\/\\\/decomat.com\\\/es\\\/hogar\\\/\"},{\"@type\":\"ListItem\",\"position\":3,\"name\":\"Reformas cocina y ba\u00f1o para el hogar\"}]},{\"@type\":\"WebSite\",\"@id\":\"https:\\\/\\\/decomat.com\\\/ca\\\/#website\",\"url\":\"https:\\\/\\\/decomat.com\\\/ca\\\/\",\"name\":\"decomat\",\"description\":\"Material decoraci\u00f3n\",\"potentialAction\":[{\"@type\":\"SearchAction\",\"target\":{\"@type\":\"EntryPoint\",\"urlTemplate\":\"https:\\\/\\\/decomat.com\\\/ca\\\/?s={search_term_string}\"},\"query-input\":{\"@type\":\"PropertyValueSpecification\",\"valueRequired\":true,\"valueName\":\"search_term_string\"}}],\"inLanguage\":\"es\"}]}<\/script>\n<!-- \/ Yoast SEO plugin. -->","yoast_head_json":{"title":"Reformas cocina y ba\u00f1o para el hogar - decomat","robots":{"index":"index","follow":"follow","max-snippet":"max-snippet:-1","max-image-preview":"max-image-preview:large","max-video-preview":"max-video-preview:-1"},"canonical":"https:\/\/decomat.com\/es\/hogar\/reformas-cocina-y-bano-para-el-hogar\/","og_locale":"es_ES","og_type":"article","og_title":"Reformas cocina y ba\u00f1o para el hogar - decomat","og_description":"Reformas cocina y ba\u00f1o para el hogar La&nbsp;reforma cocina y ba\u00f1o para el hogar,&nbsp;es el resultado del an\u00e1lisis de sus necesidades y del dise\u00f1o, con la aportaci\u00f3n t\u00e9cnica y est\u00e9tica de nuestro equipo de especialistas en interiorismo y reformas de ba\u00f1os y cocinas, de su proyecto para su ba\u00f1o o cocina. Cuando disponemos del proyecto [&hellip;]","og_url":"https:\/\/decomat.com\/es\/hogar\/reformas-cocina-y-bano-para-el-hogar\/","og_site_name":"decomat","article_modified_time":"2017-08-16T16:45:53+00:00","og_image":[{"url":"https:\/\/www.decomat.com\/wp-content\/uploads\/2012\/10\/live62847_008-300x63.jpg","type":"","width":"","height":""}],"twitter_card":"summary_large_image","twitter_misc":{"Tiempo de lectura":"2 minutos"},"schema":{"@context":"https:\/\/schema.org","@graph":[{"@type":"WebPage","@id":"https:\/\/decomat.com\/es\/hogar\/reformas-cocina-y-bano-para-el-hogar\/","url":"https:\/\/decomat.com\/es\/hogar\/reformas-cocina-y-bano-para-el-hogar\/","name":"Reformas cocina y ba\u00f1o para el hogar - decomat","isPartOf":{"@id":"https:\/\/decomat.com\/ca\/#website"},"primaryImageOfPage":{"@id":"https:\/\/decomat.com\/es\/hogar\/reformas-cocina-y-bano-para-el-hogar\/#primaryimage"},"image":{"@id":"https:\/\/decomat.com\/es\/hogar\/reformas-cocina-y-bano-para-el-hogar\/#primaryimage"},"thumbnailUrl":"https:\/\/www.decomat.com\/wp-content\/uploads\/2012\/10\/live62847_008-300x63.jpg","datePublished":"2012-10-01T15:40:20+00:00","dateModified":"2017-08-16T16:45:53+00:00","breadcrumb":{"@id":"https:\/\/decomat.com\/es\/hogar\/reformas-cocina-y-bano-para-el-hogar\/#breadcrumb"},"inLanguage":"es","potentialAction":[{"@type":"ReadAction","target":["https:\/\/decomat.com\/es\/hogar\/reformas-cocina-y-bano-para-el-hogar\/"]}]},{"@type":"ImageObject","inLanguage":"es","@id":"https:\/\/decomat.com\/es\/hogar\/reformas-cocina-y-bano-para-el-hogar\/#primaryimage","url":"https:\/\/www.decomat.com\/wp-content\/uploads\/2012\/10\/live62847_008-300x63.jpg","contentUrl":"https:\/\/www.decomat.com\/wp-content\/uploads\/2012\/10\/live62847_008-300x63.jpg"},{"@type":"BreadcrumbList","@id":"https:\/\/decomat.com\/es\/hogar\/reformas-cocina-y-bano-para-el-hogar\/#breadcrumb","itemListElement":[{"@type":"ListItem","position":1,"name":"Portada","item":"https:\/\/decomat.com\/ca\/"},{"@type":"ListItem","position":2,"name":"Hogar","item":"https:\/\/decomat.com\/es\/hogar\/"},{"@type":"ListItem","position":3,"name":"Reformas cocina y ba\u00f1o para el hogar"}]},{"@type":"WebSite","@id":"https:\/\/decomat.com\/ca\/#website","url":"https:\/\/decomat.com\/ca\/","name":"decomat","description":"Material decoraci\u00f3n","potentialAction":[{"@type":"SearchAction","target":{"@type":"EntryPoint","urlTemplate":"https:\/\/decomat.com\/ca\/?s={search_term_string}"},"query-input":{"@type":"PropertyValueSpecification","valueRequired":true,"valueName":"search_term_string"}}],"inLanguage":"es"}]}},"_links":{"self":[{"href":"https:\/\/decomat.com\/es\/wp-json\/wp\/v2\/pages\/4134","targetHints":{"allow":["GET"]}}],"collection":[{"href":"https:\/\/decomat.com\/es\/wp-json\/wp\/v2\/pages"}],"about":[{"href":"https:\/\/decomat.com\/es\/wp-json\/wp\/v2\/types\/page"}],"author":[{"embeddable":true,"href":"https:\/\/decomat.com\/es\/wp-json\/wp\/v2\/users\/8979"}],"replies":[{"embeddable":true,"href":"https:\/\/decomat.com\/es\/wp-json\/wp\/v2\/comments?post=4134"}],"version-history":[{"count":13,"href":"https:\/\/decomat.com\/es\/wp-json\/wp\/v2\/pages\/4134\/revisions"}],"predecessor-version":[{"id":6781,"href":"https:\/\/decomat.com\/es\/wp-json\/wp\/v2\/pages\/4134\/revisions\/6781"}],"up":[{"embeddable":true,"href":"https:\/\/decomat.com\/es\/wp-json\/wp\/v2\/pages\/715"}],"wp:attachment":[{"href":"https:\/\/decomat.com\/es\/wp-json\/wp\/v2\/media?parent=4134"}],"curies":[{"name":"wp","href":"https:\/\/api.w.org\/{rel}","templated":true}]}}