{"id":4415,"date":"2012-10-13T23:17:58","date_gmt":"2012-10-13T21:17:58","guid":{"rendered":"http:\/\/www.decomat.com\/?page_id=4415"},"modified":"2014-07-01T00:15:26","modified_gmt":"2014-06-30T22:15:26","slug":"ascensor","status":"publish","type":"page","link":"https:\/\/decomat.com\/es\/materiales\/ascensor\/","title":{"rendered":"Ascensor"},"content":{"rendered":"<p><\/p>\n<h1>Ascensor<\/h1>\n<p>\u00c0mplia gama de ascensores, tanto \u00a0para comunidad de vecinos como para casas unifamiliares.<\/p>\n<p>Dise\u00f1amos y suministramos ascensores completos.<\/p>\n<p>En caso que su escalera no disponga de ascensor, le podemos instalar de nuevo ascensores en el agujero de su edificio aprovechando al m\u00e1ximo el espacio disponible del ascensor. Tambi\u00e9n realizamos modernizaciones, decoraci\u00f3n interiores y substituciones de ascensores existentes.<\/p>\n<p>Ascensores el\u00e9ctricos, hidr\u00e1ulicos, salvaescaleras, etc que estan construidos y dise\u00f1ados conforme a las normas ISO 9001. Cabe destacar los ascensores sin cuarto de m\u00e1quinas, pensados para satisfacer las necesidades de ahorro de espacio y energia.<\/p>\n<p>Realizamos estudios de implantaci\u00f3n y\/o viabilidad de la Instalaci\u00f3n de ascensores.<\/p>\n<p>De los diferentes componentes de un ascensor podemos destacar:<\/p>\n<h2>Cabina ascensor:<\/h2>\n<p>La cabina es la parte donde se coloca todo aquello que se debe transportar \u00a0(objetos, animales, personas, etc)<\/p>\n<p>En los sistemas de transporte vertical o ascensores la principal caracter\u00edstica est\u00e9tica y funcional de la cabina viene definida por el panel de mando con diferentes tipos de botoneras o pulsadores. El revestimiento de las paredes y techos, pavimentos del suelo, pasamanos, espejos y puertas de cabina, permiten diferentes alternativas que acaban dando senzillez y eleg\u00e1ncia al conjunto de la cabina del ascensor y proporcionan al pasajero un ambiente relaxado, c\u00f3modo y seguro.<\/p>\n<h2>Motor:<\/h2>\n<p>El motor del ascensor es el encargado de haces la fuerza suficiente para desplazar la cabina.<br \/>\nSi no hay carga casi no tiene que hacer fuerza ya que hay el contrap\u00e9so que se encarga de que la fuerza sea menor pero igualmente actuan las fuerzas de fricci\u00f3n y in\u00e9rcia. En el caso de que el ascensor vaya cargado, el motor es el encargado de que suba y baje ya que el contrapeso ya no es suficiente.<br \/>\n&nbsp;<\/p>\n<h2>La estructura<\/h2>\n<p>:<br \/>\n\u00c9s la encargada de sujetar el ascensor.<\/p>\n<h2>La cuerda<\/h2>\n<p>Esta es la encargada de sujetar el ascensor en el aire y debe de ser suficientemente resistente como para aguantar el peso de la cabina y el del contrapeso. Hay muchos tipos de cuerdas pero las mas utilizadas son las de hierro.<br \/>\nActualmente ya hay ascensores mas modernos, hidr\u00e1ulicos que funcionan sine cuerda ya que debajo de la cabina tiene un sistema hidr\u00e1ulico que aguanta su peso.<\/p>\n<h2>mandos<\/h2>\n<p>Son los que te permiten transmitir al ordenador el piso al cual se quiere ir. Hay de muchos tipos, des de ascensores de seguridad que van con llaves hasta ascensores que son t\u00e1ctiles.<\/p>\n<h2>Polea ascensor:<\/h2>\n<p>El mecanismo de la polea, canvia la direcci\u00f3n en la fuerza que hace el contrapeso.<\/p>\n<h2>Contrapeso ascensor:<\/h2>\n<p>Pesa un poco mas que el ascensor con tal de compensar el peso de los pasajeros.<\/p>\n<h2>Amortiguadores ascensor:<\/h2>\n<p>Los amortiguadores ayudan a frenar la caida de la cabina en el caso poco problable que fallara el cable.<\/p>","protected":false},"excerpt":{"rendered":"<p>Ascensor \u00c0mplia gama de ascensores, tanto \u00a0para comunidad de vecinos como para casas unifamiliares. Dise\u00f1amos y suministramos ascensores completos. En caso que su escalera no disponga de ascensor, le podemos instalar de nuevo ascensores en el agujero de su edificio aprovechando al m\u00e1ximo el espacio disponible del ascensor. Tambi\u00e9n realizamos modernizaciones, decoraci\u00f3n interiores y substituciones [&hellip;]<\/p>\n","protected":false},"author":8979,"featured_media":0,"parent":709,"menu_order":14,"comment_status":"open","ping_status":"closed","template":"","meta":{"_monsterinsights_skip_tracking":false,"_monsterinsights_sitenote_active":false,"_monsterinsights_sitenote_note":"","_monsterinsights_sitenote_category":0,"ngg_post_thumbnail":0,"footnotes":""},"class_list":["post-4415","page","type-page","status-publish","hentry"],"yoast_head":"<!-- This site is optimized with the Yoast SEO plugin v27.4 - https:\/\/yoast.com\/product\/yoast-seo-wordpress\/ -->\n<title>Ascensor - decomat<\/title>\n<meta name=\"robots\" content=\"index, follow, max-snippet:-1, max-image-preview:large, max-video-preview:-1\" \/>\n<link rel=\"canonical\" href=\"https:\/\/decomat.com\/en\/materiales\/ascensor\/\" \/>\n<meta property=\"og:locale\" content=\"es_ES\" \/>\n<meta property=\"og:type\" content=\"article\" \/>\n<meta property=\"og:title\" content=\"Ascensor - decomat\" \/>\n<meta property=\"og:description\" content=\"Ascensor \u00c0mplia gama de ascensores, tanto \u00a0para comunidad de vecinos como para casas unifamiliares. Dise\u00f1amos y suministramos ascensores completos. En caso que su escalera no disponga de ascensor, le podemos instalar de nuevo ascensores en el agujero de su edificio aprovechando al m\u00e1ximo el espacio disponible del ascensor. Tambi\u00e9n realizamos modernizaciones, decoraci\u00f3n interiores y substituciones [&hellip;]\" \/>\n<meta property=\"og:url\" content=\"https:\/\/decomat.com\/en\/materiales\/ascensor\/\" \/>\n<meta property=\"og:site_name\" content=\"decomat\" \/>\n<meta property=\"article:modified_time\" content=\"2014-06-30T22:15:26+00:00\" \/>\n<meta name=\"twitter:card\" content=\"summary_large_image\" \/>\n<meta name=\"twitter:label1\" content=\"Tiempo de lectura\" \/>\n\t<meta name=\"twitter:data1\" content=\"5 minutos\" \/>\n<script type=\"application\/ld+json\" class=\"yoast-schema-graph\">{\"@context\":\"https:\\\/\\\/schema.org\",\"@graph\":[{\"@type\":\"WebPage\",\"@id\":\"https:\\\/\\\/decomat.com\\\/en\\\/materiales\\\/ascensor\\\/\",\"url\":\"https:\\\/\\\/decomat.com\\\/en\\\/materiales\\\/ascensor\\\/\",\"name\":\"Ascensor - decomat\",\"isPartOf\":{\"@id\":\"https:\\\/\\\/decomat.com\\\/ca\\\/#website\"},\"datePublished\":\"2012-10-13T21:17:58+00:00\",\"dateModified\":\"2014-06-30T22:15:26+00:00\",\"breadcrumb\":{\"@id\":\"https:\\\/\\\/decomat.com\\\/en\\\/materiales\\\/ascensor\\\/#breadcrumb\"},\"inLanguage\":\"es\",\"potentialAction\":[{\"@type\":\"ReadAction\",\"target\":[\"https:\\\/\\\/decomat.com\\\/en\\\/materiales\\\/ascensor\\\/\"]}]},{\"@type\":\"BreadcrumbList\",\"@id\":\"https:\\\/\\\/decomat.com\\\/en\\\/materiales\\\/ascensor\\\/#breadcrumb\",\"itemListElement\":[{\"@type\":\"ListItem\",\"position\":1,\"name\":\"Portada\",\"item\":\"https:\\\/\\\/decomat.com\\\/ca\\\/\"},{\"@type\":\"ListItem\",\"position\":2,\"name\":\"Materials\",\"item\":\"https:\\\/\\\/decomat.com\\\/ca\\\/materiales\\\/\"},{\"@type\":\"ListItem\",\"position\":3,\"name\":\"Lift \\\/ elevator\"}]},{\"@type\":\"WebSite\",\"@id\":\"https:\\\/\\\/decomat.com\\\/ca\\\/#website\",\"url\":\"https:\\\/\\\/decomat.com\\\/ca\\\/\",\"name\":\"decomat\",\"description\":\"Material decoraci\u00f3n\",\"potentialAction\":[{\"@type\":\"SearchAction\",\"target\":{\"@type\":\"EntryPoint\",\"urlTemplate\":\"https:\\\/\\\/decomat.com\\\/ca\\\/?s={search_term_string}\"},\"query-input\":{\"@type\":\"PropertyValueSpecification\",\"valueRequired\":true,\"valueName\":\"search_term_string\"}}],\"inLanguage\":\"es\"}]}<\/script>\n<!-- \/ Yoast SEO plugin. -->","yoast_head_json":{"title":"Ascensor - decomat","robots":{"index":"index","follow":"follow","max-snippet":"max-snippet:-1","max-image-preview":"max-image-preview:large","max-video-preview":"max-video-preview:-1"},"canonical":"https:\/\/decomat.com\/en\/materiales\/ascensor\/","og_locale":"es_ES","og_type":"article","og_title":"Ascensor - decomat","og_description":"Ascensor \u00c0mplia gama de ascensores, tanto \u00a0para comunidad de vecinos como para casas unifamiliares. Dise\u00f1amos y suministramos ascensores completos. En caso que su escalera no disponga de ascensor, le podemos instalar de nuevo ascensores en el agujero de su edificio aprovechando al m\u00e1ximo el espacio disponible del ascensor. Tambi\u00e9n realizamos modernizaciones, decoraci\u00f3n interiores y substituciones [&hellip;]","og_url":"https:\/\/decomat.com\/en\/materiales\/ascensor\/","og_site_name":"decomat","article_modified_time":"2014-06-30T22:15:26+00:00","twitter_card":"summary_large_image","twitter_misc":{"Tiempo de lectura":"5 minutos"},"schema":{"@context":"https:\/\/schema.org","@graph":[{"@type":"WebPage","@id":"https:\/\/decomat.com\/en\/materiales\/ascensor\/","url":"https:\/\/decomat.com\/en\/materiales\/ascensor\/","name":"Ascensor - decomat","isPartOf":{"@id":"https:\/\/decomat.com\/ca\/#website"},"datePublished":"2012-10-13T21:17:58+00:00","dateModified":"2014-06-30T22:15:26+00:00","breadcrumb":{"@id":"https:\/\/decomat.com\/en\/materiales\/ascensor\/#breadcrumb"},"inLanguage":"es","potentialAction":[{"@type":"ReadAction","target":["https:\/\/decomat.com\/en\/materiales\/ascensor\/"]}]},{"@type":"BreadcrumbList","@id":"https:\/\/decomat.com\/en\/materiales\/ascensor\/#breadcrumb","itemListElement":[{"@type":"ListItem","position":1,"name":"Portada","item":"https:\/\/decomat.com\/ca\/"},{"@type":"ListItem","position":2,"name":"Materials","item":"https:\/\/decomat.com\/ca\/materiales\/"},{"@type":"ListItem","position":3,"name":"Lift \/ elevator"}]},{"@type":"WebSite","@id":"https:\/\/decomat.com\/ca\/#website","url":"https:\/\/decomat.com\/ca\/","name":"decomat","description":"Material decoraci\u00f3n","potentialAction":[{"@type":"SearchAction","target":{"@type":"EntryPoint","urlTemplate":"https:\/\/decomat.com\/ca\/?s={search_term_string}"},"query-input":{"@type":"PropertyValueSpecification","valueRequired":true,"valueName":"search_term_string"}}],"inLanguage":"es"}]}},"_links":{"self":[{"href":"https:\/\/decomat.com\/es\/wp-json\/wp\/v2\/pages\/4415","targetHints":{"allow":["GET"]}}],"collection":[{"href":"https:\/\/decomat.com\/es\/wp-json\/wp\/v2\/pages"}],"about":[{"href":"https:\/\/decomat.com\/es\/wp-json\/wp\/v2\/types\/page"}],"author":[{"embeddable":true,"href":"https:\/\/decomat.com\/es\/wp-json\/wp\/v2\/users\/8979"}],"replies":[{"embeddable":true,"href":"https:\/\/decomat.com\/es\/wp-json\/wp\/v2\/comments?post=4415"}],"version-history":[{"count":9,"href":"https:\/\/decomat.com\/es\/wp-json\/wp\/v2\/pages\/4415\/revisions"}],"predecessor-version":[{"id":5762,"href":"https:\/\/decomat.com\/es\/wp-json\/wp\/v2\/pages\/4415\/revisions\/5762"}],"up":[{"embeddable":true,"href":"https:\/\/decomat.com\/es\/wp-json\/wp\/v2\/pages\/709"}],"wp:attachment":[{"href":"https:\/\/decomat.com\/es\/wp-json\/wp\/v2\/media?parent=4415"}],"curies":[{"name":"wp","href":"https:\/\/api.w.org\/{rel}","templated":true}]}}