{"id":4854,"date":"2012-11-06T13:50:56","date_gmt":"2012-11-06T11:50:56","guid":{"rendered":"http:\/\/www.decomat.com\/?page_id=4854"},"modified":"2017-04-08T18:54:25","modified_gmt":"2017-04-08T16:54:25","slug":"enchufes-para-cargar-coche-electrico-en-gestion-parking-comunitario","status":"publish","type":"page","link":"https:\/\/decomat.com\/es\/comunidades\/enchufes-para-cargar-coche-electrico-en-gestion-parking-comunitario\/","title":{"rendered":"Enchufes para carga coche el\u00e9ctrico en gesti\u00f3n parking comunitario"},"content":{"rendered":"<h1>Enchufes para carga coche el\u00e9ctrico en gesti\u00f3n parking comunitario<\/h1>\n<p>El sector de la mobilidad y el transporte con vehiculos el\u00e9ctricos, ha desarrollado una soluci\u00f3n global de sistemas de recarga de coches el\u00e9ctricos.<\/p>\n<p>El tiempo que los vehiculos el\u00e9ctricos pasan estacionados se puede aprovechar para recargar sus baterias.<\/p>\n<p>Hay &nbsp;un abanico de equipos diferentes para cargar el coche el\u00e9ctrico, en funci\u00f3n de:<\/p>\n<p>1)&nbsp;lugares donde hay aparcamiento:&nbsp;via&nbsp;p\u00fablica,&nbsp;p\u00e1rquings p\u00fablicos,&nbsp;p\u00e1rquings privados comunitarios o<\/p>\n<p>p\u00e1rquings privados individuales.<\/p>\n<p>2) como es el punto de recarga:&nbsp;cajas, postes o estaciones.<\/p>\n<p>3) que usuarios lo acostuman a &nbsp;utilizar:&nbsp;privados o p\u00fablicos.<\/p>\n<p>4) cuantos usuarios lo acostuman a utilizar:&nbsp;individual (unifamiliar, p\u00e0rquings privados individuales),<\/p>\n<p>multiusuario &nbsp;(grandes superf\u00edcies, p\u00e1rquings privados comunitarios, &nbsp;p\u00e1rquings p\u00fablicos, v\u00eda p\u00fablica,<\/p>\n<p>flotas).<\/p>\n<p>5) tiempo que tarda a cargar:&nbsp;r\u00e0pidos o lentos.<\/p>\n<p>6)&nbsp;como es el enchufe, modos de salida:&nbsp;monof\u00e1sicos, trif\u00e1sicos o voltage.<\/p>\n<p>&nbsp;<\/p>\n<p>para mas informaci\u00f3n&nbsp;<a href=\"http:\/\/www.bioconstrumat.com\/ca\/productos-construccion-sostenibles\/energia-equipos-sostenibles\/enchufes-para-cargar-el-coche-electrico\/\">clicar aqu\u00ed<\/a>","protected":false},"excerpt":{"rendered":"<p>Enchufes para carga coche el\u00e9ctrico en gesti\u00f3n parking comunitario El sector de la mobilidad y el transporte con vehiculos el\u00e9ctricos, ha desarrollado una soluci\u00f3n global de sistemas de recarga de coches el\u00e9ctricos. El tiempo que los vehiculos el\u00e9ctricos pasan estacionados se puede aprovechar para recargar sus baterias. Hay &nbsp;un abanico de equipos diferentes para cargar [&hellip;]<\/p>\n","protected":false},"author":8979,"featured_media":0,"parent":712,"menu_order":0,"comment_status":"open","ping_status":"closed","template":"","meta":{"_monsterinsights_skip_tracking":false,"_monsterinsights_sitenote_active":false,"_monsterinsights_sitenote_note":"","_monsterinsights_sitenote_category":0,"ngg_post_thumbnail":0,"footnotes":""},"class_list":["post-4854","page","type-page","status-publish","hentry"],"yoast_head":"<!-- This site is optimized with the Yoast SEO plugin v27.4 - https:\/\/yoast.com\/product\/yoast-seo-wordpress\/ -->\n<title>Enchufes para carga coche el\u00e9ctrico en gesti\u00f3n parking comunitario - decomat<\/title>\n<meta name=\"robots\" content=\"index, follow, max-snippet:-1, max-image-preview:large, max-video-preview:-1\" \/>\n<link rel=\"canonical\" href=\"https:\/\/decomat.com\/es\/comunidades\/enchufes-para-cargar-coche-electrico-en-gestion-parking-comunitario\/\" \/>\n<meta property=\"og:locale\" content=\"es_ES\" \/>\n<meta property=\"og:type\" content=\"article\" \/>\n<meta property=\"og:title\" content=\"Enchufes para carga coche el\u00e9ctrico en gesti\u00f3n parking comunitario - decomat\" \/>\n<meta property=\"og:description\" content=\"Enchufes para carga coche el\u00e9ctrico en gesti\u00f3n parking comunitario El sector de la mobilidad y el transporte con vehiculos el\u00e9ctricos, ha desarrollado una soluci\u00f3n global de sistemas de recarga de coches el\u00e9ctricos. El tiempo que los vehiculos el\u00e9ctricos pasan estacionados se puede aprovechar para recargar sus baterias. Hay &nbsp;un abanico de equipos diferentes para cargar [&hellip;]\" \/>\n<meta property=\"og:url\" content=\"https:\/\/decomat.com\/es\/comunidades\/enchufes-para-cargar-coche-electrico-en-gestion-parking-comunitario\/\" \/>\n<meta property=\"og:site_name\" content=\"decomat\" \/>\n<meta property=\"article:modified_time\" content=\"2017-04-08T16:54:25+00:00\" \/>\n<meta name=\"twitter:card\" content=\"summary_large_image\" \/>\n<meta name=\"twitter:label1\" content=\"Tiempo de lectura\" \/>\n\t<meta name=\"twitter:data1\" content=\"2 minutos\" \/>\n<script type=\"application\/ld+json\" class=\"yoast-schema-graph\">{\"@context\":\"https:\\\/\\\/schema.org\",\"@graph\":[{\"@type\":\"WebPage\",\"@id\":\"https:\\\/\\\/decomat.com\\\/es\\\/comunidades\\\/enchufes-para-cargar-coche-electrico-en-gestion-parking-comunitario\\\/\",\"url\":\"https:\\\/\\\/decomat.com\\\/es\\\/comunidades\\\/enchufes-para-cargar-coche-electrico-en-gestion-parking-comunitario\\\/\",\"name\":\"Enchufes para carga coche el\u00e9ctrico en gesti\u00f3n parking comunitario - decomat\",\"isPartOf\":{\"@id\":\"https:\\\/\\\/decomat.com\\\/ca\\\/#website\"},\"datePublished\":\"2012-11-06T11:50:56+00:00\",\"dateModified\":\"2017-04-08T16:54:25+00:00\",\"breadcrumb\":{\"@id\":\"https:\\\/\\\/decomat.com\\\/es\\\/comunidades\\\/enchufes-para-cargar-coche-electrico-en-gestion-parking-comunitario\\\/#breadcrumb\"},\"inLanguage\":\"es\",\"potentialAction\":[{\"@type\":\"ReadAction\",\"target\":[\"https:\\\/\\\/decomat.com\\\/es\\\/comunidades\\\/enchufes-para-cargar-coche-electrico-en-gestion-parking-comunitario\\\/\"]}]},{\"@type\":\"BreadcrumbList\",\"@id\":\"https:\\\/\\\/decomat.com\\\/es\\\/comunidades\\\/enchufes-para-cargar-coche-electrico-en-gestion-parking-comunitario\\\/#breadcrumb\",\"itemListElement\":[{\"@type\":\"ListItem\",\"position\":1,\"name\":\"Portada\",\"item\":\"https:\\\/\\\/decomat.com\\\/ca\\\/\"},{\"@type\":\"ListItem\",\"position\":2,\"name\":\"Comunidades\",\"item\":\"https:\\\/\\\/decomat.com\\\/es\\\/comunidades\\\/\"},{\"@type\":\"ListItem\",\"position\":3,\"name\":\"Enchufes para carga coche el\u00e9ctrico en gesti\u00f3n parking comunitario\"}]},{\"@type\":\"WebSite\",\"@id\":\"https:\\\/\\\/decomat.com\\\/ca\\\/#website\",\"url\":\"https:\\\/\\\/decomat.com\\\/ca\\\/\",\"name\":\"decomat\",\"description\":\"Material decoraci\u00f3n\",\"potentialAction\":[{\"@type\":\"SearchAction\",\"target\":{\"@type\":\"EntryPoint\",\"urlTemplate\":\"https:\\\/\\\/decomat.com\\\/ca\\\/?s={search_term_string}\"},\"query-input\":{\"@type\":\"PropertyValueSpecification\",\"valueRequired\":true,\"valueName\":\"search_term_string\"}}],\"inLanguage\":\"es\"}]}<\/script>\n<!-- \/ Yoast SEO plugin. -->","yoast_head_json":{"title":"Enchufes para carga coche el\u00e9ctrico en gesti\u00f3n parking comunitario - decomat","robots":{"index":"index","follow":"follow","max-snippet":"max-snippet:-1","max-image-preview":"max-image-preview:large","max-video-preview":"max-video-preview:-1"},"canonical":"https:\/\/decomat.com\/es\/comunidades\/enchufes-para-cargar-coche-electrico-en-gestion-parking-comunitario\/","og_locale":"es_ES","og_type":"article","og_title":"Enchufes para carga coche el\u00e9ctrico en gesti\u00f3n parking comunitario - decomat","og_description":"Enchufes para carga coche el\u00e9ctrico en gesti\u00f3n parking comunitario El sector de la mobilidad y el transporte con vehiculos el\u00e9ctricos, ha desarrollado una soluci\u00f3n global de sistemas de recarga de coches el\u00e9ctricos. El tiempo que los vehiculos el\u00e9ctricos pasan estacionados se puede aprovechar para recargar sus baterias. Hay &nbsp;un abanico de equipos diferentes para cargar [&hellip;]","og_url":"https:\/\/decomat.com\/es\/comunidades\/enchufes-para-cargar-coche-electrico-en-gestion-parking-comunitario\/","og_site_name":"decomat","article_modified_time":"2017-04-08T16:54:25+00:00","twitter_card":"summary_large_image","twitter_misc":{"Tiempo de lectura":"2 minutos"},"schema":{"@context":"https:\/\/schema.org","@graph":[{"@type":"WebPage","@id":"https:\/\/decomat.com\/es\/comunidades\/enchufes-para-cargar-coche-electrico-en-gestion-parking-comunitario\/","url":"https:\/\/decomat.com\/es\/comunidades\/enchufes-para-cargar-coche-electrico-en-gestion-parking-comunitario\/","name":"Enchufes para carga coche el\u00e9ctrico en gesti\u00f3n parking comunitario - decomat","isPartOf":{"@id":"https:\/\/decomat.com\/ca\/#website"},"datePublished":"2012-11-06T11:50:56+00:00","dateModified":"2017-04-08T16:54:25+00:00","breadcrumb":{"@id":"https:\/\/decomat.com\/es\/comunidades\/enchufes-para-cargar-coche-electrico-en-gestion-parking-comunitario\/#breadcrumb"},"inLanguage":"es","potentialAction":[{"@type":"ReadAction","target":["https:\/\/decomat.com\/es\/comunidades\/enchufes-para-cargar-coche-electrico-en-gestion-parking-comunitario\/"]}]},{"@type":"BreadcrumbList","@id":"https:\/\/decomat.com\/es\/comunidades\/enchufes-para-cargar-coche-electrico-en-gestion-parking-comunitario\/#breadcrumb","itemListElement":[{"@type":"ListItem","position":1,"name":"Portada","item":"https:\/\/decomat.com\/ca\/"},{"@type":"ListItem","position":2,"name":"Comunidades","item":"https:\/\/decomat.com\/es\/comunidades\/"},{"@type":"ListItem","position":3,"name":"Enchufes para carga coche el\u00e9ctrico en gesti\u00f3n parking comunitario"}]},{"@type":"WebSite","@id":"https:\/\/decomat.com\/ca\/#website","url":"https:\/\/decomat.com\/ca\/","name":"decomat","description":"Material decoraci\u00f3n","potentialAction":[{"@type":"SearchAction","target":{"@type":"EntryPoint","urlTemplate":"https:\/\/decomat.com\/ca\/?s={search_term_string}"},"query-input":{"@type":"PropertyValueSpecification","valueRequired":true,"valueName":"search_term_string"}}],"inLanguage":"es"}]}},"_links":{"self":[{"href":"https:\/\/decomat.com\/es\/wp-json\/wp\/v2\/pages\/4854","targetHints":{"allow":["GET"]}}],"collection":[{"href":"https:\/\/decomat.com\/es\/wp-json\/wp\/v2\/pages"}],"about":[{"href":"https:\/\/decomat.com\/es\/wp-json\/wp\/v2\/types\/page"}],"author":[{"embeddable":true,"href":"https:\/\/decomat.com\/es\/wp-json\/wp\/v2\/users\/8979"}],"replies":[{"embeddable":true,"href":"https:\/\/decomat.com\/es\/wp-json\/wp\/v2\/comments?post=4854"}],"version-history":[{"count":8,"href":"https:\/\/decomat.com\/es\/wp-json\/wp\/v2\/pages\/4854\/revisions"}],"predecessor-version":[{"id":6783,"href":"https:\/\/decomat.com\/es\/wp-json\/wp\/v2\/pages\/4854\/revisions\/6783"}],"up":[{"embeddable":true,"href":"https:\/\/decomat.com\/es\/wp-json\/wp\/v2\/pages\/712"}],"wp:attachment":[{"href":"https:\/\/decomat.com\/es\/wp-json\/wp\/v2\/media?parent=4854"}],"curies":[{"name":"wp","href":"https:\/\/api.w.org\/{rel}","templated":true}]}}