{"id":5767,"date":"2014-10-11T13:30:28","date_gmt":"2014-10-11T11:30:28","guid":{"rendered":"http:\/\/www.decomat.com\/?page_id=5767"},"modified":"2017-08-16T21:21:07","modified_gmt":"2017-08-16T19:21:07","slug":"carrer-del-pare-sallares","status":"publish","type":"page","link":"https:\/\/decomat.com\/es\/conocenos\/localizacion\/carrer-del-pare-sallares\/","title":{"rendered":"Calle del Pare Sallar\u00e8s"},"content":{"rendered":"<h1><strong>Calle del Pare Sallar\u00e8s<\/strong><\/h1>\n<h1><\/h1>\n<p><iframe loading=\"lazy\" src=\"https:\/\/www.google.com\/maps\/embed?pb=!1m14!1m8!1m3!1d2985.939923510226!2d2.10592!3d41.548898!3m2!1i1024!2i768!4f13.1!3m3!1m2!1s0x12a494fd8842aa1b%3A0x41f685a98fe62acb!2sDecomat!5e0!3m2!1sca!2ses!4v1421326897556\" width=\"600\" height=\"450\" frameborder=\"0\" style=\"border:0\"><\/iframe><\/p>\n<p><small><a href=\"https:\/\/www.google.com\/maps\/d\/embed?mid=zRgDMSnjxA6E.kPOV5aCLEznw\" style=\"color:#0000FF;text-align:left\">Ver mapa mas grande<\/a><\/small><\/p>\n<p>Tel. 93.725.85.05<\/p>\n<p>Calle Pare Sallar\u00e8s, 4 local C<br \/>\n08201 SABADELL","protected":false},"excerpt":{"rendered":"<p>Calle del Pare Sallar\u00e8s Ver mapa mas grande Tel. 93.725.85.05 Calle Pare Sallar\u00e8s, 4 local C 08201 SABADELL<\/p>\n","protected":false},"author":8979,"featured_media":0,"parent":873,"menu_order":0,"comment_status":"open","ping_status":"closed","template":"","meta":{"_monsterinsights_skip_tracking":false,"_monsterinsights_sitenote_active":false,"_monsterinsights_sitenote_note":"","_monsterinsights_sitenote_category":0,"ngg_post_thumbnail":0,"footnotes":""},"class_list":["post-5767","page","type-page","status-publish","hentry"],"yoast_head":"<!-- This site is optimized with the Yoast SEO plugin v27.3 - https:\/\/yoast.com\/product\/yoast-seo-wordpress\/ -->\n<title>Calle del Pare Sallar\u00e8s - decomat<\/title>\n<meta name=\"robots\" content=\"index, follow, max-snippet:-1, max-image-preview:large, max-video-preview:-1\" \/>\n<link rel=\"canonical\" href=\"https:\/\/decomat.com\/en\/conocenos\/localizacion\/carrer-del-pare-sallares\/\" \/>\n<meta property=\"og:locale\" content=\"es_ES\" \/>\n<meta property=\"og:type\" content=\"article\" \/>\n<meta property=\"og:title\" content=\"Calle del Pare Sallar\u00e8s - decomat\" \/>\n<meta property=\"og:description\" content=\"Calle del Pare Sallar\u00e8s Ver mapa mas grande Tel. 93.725.85.05 Calle Pare Sallar\u00e8s, 4 local C 08201 SABADELL\" \/>\n<meta property=\"og:url\" content=\"https:\/\/decomat.com\/en\/conocenos\/localizacion\/carrer-del-pare-sallares\/\" \/>\n<meta property=\"og:site_name\" content=\"decomat\" \/>\n<meta property=\"article:modified_time\" content=\"2017-08-16T19:21:07+00:00\" \/>\n<meta name=\"twitter:card\" content=\"summary_large_image\" \/>\n<script type=\"application\/ld+json\" class=\"yoast-schema-graph\">{\"@context\":\"https:\\\/\\\/schema.org\",\"@graph\":[{\"@type\":\"WebPage\",\"@id\":\"https:\\\/\\\/decomat.com\\\/en\\\/conocenos\\\/localizacion\\\/carrer-del-pare-sallares\\\/\",\"url\":\"https:\\\/\\\/decomat.com\\\/en\\\/conocenos\\\/localizacion\\\/carrer-del-pare-sallares\\\/\",\"name\":\"Calle del Pare Sallar\u00e8s - decomat\",\"isPartOf\":{\"@id\":\"https:\\\/\\\/decomat.com\\\/ca\\\/#website\"},\"datePublished\":\"2014-10-11T11:30:28+00:00\",\"dateModified\":\"2017-08-16T19:21:07+00:00\",\"breadcrumb\":{\"@id\":\"https:\\\/\\\/decomat.com\\\/en\\\/conocenos\\\/localizacion\\\/carrer-del-pare-sallares\\\/#breadcrumb\"},\"inLanguage\":\"es\",\"potentialAction\":[{\"@type\":\"ReadAction\",\"target\":[\"https:\\\/\\\/decomat.com\\\/en\\\/conocenos\\\/localizacion\\\/carrer-del-pare-sallares\\\/\"]}]},{\"@type\":\"BreadcrumbList\",\"@id\":\"https:\\\/\\\/decomat.com\\\/en\\\/conocenos\\\/localizacion\\\/carrer-del-pare-sallares\\\/#breadcrumb\",\"itemListElement\":[{\"@type\":\"ListItem\",\"position\":1,\"name\":\"Portada\",\"item\":\"https:\\\/\\\/decomat.com\\\/ca\\\/\"},{\"@type\":\"ListItem\",\"position\":2,\"name\":\"Abaut us\",\"item\":\"https:\\\/\\\/decomat.com\\\/en\\\/conocenos\\\/\"},{\"@type\":\"ListItem\",\"position\":3,\"name\":\"Where we are \\\/ Location\",\"item\":\"https:\\\/\\\/decomat.com\\\/en\\\/conocenos\\\/localizacion\\\/\"},{\"@type\":\"ListItem\",\"position\":4,\"name\":\"Del Pare Sallar\u00e8s Street\"}]},{\"@type\":\"WebSite\",\"@id\":\"https:\\\/\\\/decomat.com\\\/ca\\\/#website\",\"url\":\"https:\\\/\\\/decomat.com\\\/ca\\\/\",\"name\":\"decomat\",\"description\":\"Material decoraci\u00f3n\",\"potentialAction\":[{\"@type\":\"SearchAction\",\"target\":{\"@type\":\"EntryPoint\",\"urlTemplate\":\"https:\\\/\\\/decomat.com\\\/ca\\\/?s={search_term_string}\"},\"query-input\":{\"@type\":\"PropertyValueSpecification\",\"valueRequired\":true,\"valueName\":\"search_term_string\"}}],\"inLanguage\":\"es\"}]}<\/script>\n<!-- \/ Yoast SEO plugin. -->","yoast_head_json":{"title":"Calle del Pare Sallar\u00e8s - decomat","robots":{"index":"index","follow":"follow","max-snippet":"max-snippet:-1","max-image-preview":"max-image-preview:large","max-video-preview":"max-video-preview:-1"},"canonical":"https:\/\/decomat.com\/en\/conocenos\/localizacion\/carrer-del-pare-sallares\/","og_locale":"es_ES","og_type":"article","og_title":"Calle del Pare Sallar\u00e8s - decomat","og_description":"Calle del Pare Sallar\u00e8s Ver mapa mas grande Tel. 93.725.85.05 Calle Pare Sallar\u00e8s, 4 local C 08201 SABADELL","og_url":"https:\/\/decomat.com\/en\/conocenos\/localizacion\/carrer-del-pare-sallares\/","og_site_name":"decomat","article_modified_time":"2017-08-16T19:21:07+00:00","twitter_card":"summary_large_image","schema":{"@context":"https:\/\/schema.org","@graph":[{"@type":"WebPage","@id":"https:\/\/decomat.com\/en\/conocenos\/localizacion\/carrer-del-pare-sallares\/","url":"https:\/\/decomat.com\/en\/conocenos\/localizacion\/carrer-del-pare-sallares\/","name":"Calle del Pare Sallar\u00e8s - decomat","isPartOf":{"@id":"https:\/\/decomat.com\/ca\/#website"},"datePublished":"2014-10-11T11:30:28+00:00","dateModified":"2017-08-16T19:21:07+00:00","breadcrumb":{"@id":"https:\/\/decomat.com\/en\/conocenos\/localizacion\/carrer-del-pare-sallares\/#breadcrumb"},"inLanguage":"es","potentialAction":[{"@type":"ReadAction","target":["https:\/\/decomat.com\/en\/conocenos\/localizacion\/carrer-del-pare-sallares\/"]}]},{"@type":"BreadcrumbList","@id":"https:\/\/decomat.com\/en\/conocenos\/localizacion\/carrer-del-pare-sallares\/#breadcrumb","itemListElement":[{"@type":"ListItem","position":1,"name":"Portada","item":"https:\/\/decomat.com\/ca\/"},{"@type":"ListItem","position":2,"name":"Abaut us","item":"https:\/\/decomat.com\/en\/conocenos\/"},{"@type":"ListItem","position":3,"name":"Where we are \/ Location","item":"https:\/\/decomat.com\/en\/conocenos\/localizacion\/"},{"@type":"ListItem","position":4,"name":"Del Pare Sallar\u00e8s Street"}]},{"@type":"WebSite","@id":"https:\/\/decomat.com\/ca\/#website","url":"https:\/\/decomat.com\/ca\/","name":"decomat","description":"Material decoraci\u00f3n","potentialAction":[{"@type":"SearchAction","target":{"@type":"EntryPoint","urlTemplate":"https:\/\/decomat.com\/ca\/?s={search_term_string}"},"query-input":{"@type":"PropertyValueSpecification","valueRequired":true,"valueName":"search_term_string"}}],"inLanguage":"es"}]}},"_links":{"self":[{"href":"https:\/\/decomat.com\/es\/wp-json\/wp\/v2\/pages\/5767","targetHints":{"allow":["GET"]}}],"collection":[{"href":"https:\/\/decomat.com\/es\/wp-json\/wp\/v2\/pages"}],"about":[{"href":"https:\/\/decomat.com\/es\/wp-json\/wp\/v2\/types\/page"}],"author":[{"embeddable":true,"href":"https:\/\/decomat.com\/es\/wp-json\/wp\/v2\/users\/8979"}],"replies":[{"embeddable":true,"href":"https:\/\/decomat.com\/es\/wp-json\/wp\/v2\/comments?post=5767"}],"version-history":[{"count":5,"href":"https:\/\/decomat.com\/es\/wp-json\/wp\/v2\/pages\/5767\/revisions"}],"predecessor-version":[{"id":7588,"href":"https:\/\/decomat.com\/es\/wp-json\/wp\/v2\/pages\/5767\/revisions\/7588"}],"up":[{"embeddable":true,"href":"https:\/\/decomat.com\/es\/wp-json\/wp\/v2\/pages\/873"}],"wp:attachment":[{"href":"https:\/\/decomat.com\/es\/wp-json\/wp\/v2\/media?parent=5767"}],"curies":[{"name":"wp","href":"https:\/\/api.w.org\/{rel}","templated":true}]}}