{"id":5860,"date":"2015-09-15T20:57:47","date_gmt":"2015-09-15T18:57:47","guid":{"rendered":"http:\/\/www.decomat.com\/?page_id=5860"},"modified":"2017-07-07T17:05:13","modified_gmt":"2017-07-07T15:05:13","slug":"el-vostre-proveidor-de-materials-de-decoracio-benvinguts-a-decomat","status":"publish","type":"page","link":"https:\/\/decomat.com\/es\/","title":{"rendered":"Decomat su proveedor de materiales de decoraci\u00f3n."},"content":{"rendered":"[vc_row][vc_column][vc_column_text]Contribuimos a la satisfacci\u00f3n de nuestros clientes con gran variedad de materiales de construcci\u00f3n y decoraci\u00f3n[\/vc_column_text][\/vc_column][\/vc_row][vc_row][vc_column][mk_edge_slider swiper_bg=\u00bb#000000&#8243;][\/vc_column][\/vc_row][mk_page_section bg_color=\u00bb#adadad\u00bb bg_gradient=\u00bbvertical\u00bb video_color_mask=\u00bb#ededed\u00bb gr_end=\u00bb#939393&#8243; sidebar=\u00bbsidebar-1&#8243;][vc_column][vc_column_text]<strong><span style=\"color: white;\"><a href=\"https:\/\/www.decomat.com\/es\/conocenos\/presentacion\/historia\/\" target=\"_blank\" rel=\"noopener noreferrer\">Mas de 65 a\u00f1os<\/a> al servicio de nuestros clientes avalan nuestra profesionalidad y definen nuestro compromiso con el trabajo de calidad.<\/span><\/strong>[\/vc_column_text][\/vc_column][\/mk_page_section][vc_row][vc_column][vc_column_text]\n<div class=\"one_fourth\">\n<h4>&nbsp;&nbsp;&nbsp;<a href=\"https:\/\/www.decomat.com\/wp-content\/uploads\/2015\/09\/pencil32.png\"><img loading=\"lazy\" decoding=\"async\" class=\"alignnone wp-image-6924\" src=\"https:\/\/www.decomat.com\/wp-content\/uploads\/2015\/09\/pencil32.png\" alt=\"\" width=\"22\" height=\"22\" srcset=\"https:\/\/decomat.com\/wp-content\/uploads\/2015\/09\/pencil32.png 32w, https:\/\/decomat.com\/wp-content\/uploads\/2015\/09\/pencil32-1024x1024.png 1024w\" sizes=\"auto, (max-width: 22px) 100vw, 22px\" \/><\/a>&nbsp; &nbsp;<strong>CERTIFICADOS CON LA NORMA UNE<\/strong><\/h4>\n<p><a href=\"https:\/\/www.decomat.com\/conocenos\/presentacion\/servicios-y-garantias\/acreditaciones-de-calidad\/\">Todos &nbsp;nuestros servicios estan certificados seg\u00fan los criterios de la normativa de calidad UNE<\/a><\/p>\n<p>&nbsp;<\/p>\n<p><a href=\"https:\/\/www.decomat.com\/wp-content\/uploads\/2015\/09\/mouse32.png\"><img loading=\"lazy\" decoding=\"async\" class=\"alignnone wp-image-6925\" src=\"https:\/\/www.decomat.com\/wp-content\/uploads\/2015\/09\/mouse32.png\" alt=\"\" width=\"22\" height=\"22\"\/><\/a>&nbsp; <strong>CERTIFICADOS CON LA ISO 9001:2008<\/strong><\/p>\n<\/div>\n<div class=\"one_fourth\">\n<p><a href=\"https:\/\/www.decomat.com\/conocenos\/presentacion\/servicios-y-garantias\/?lang=ca\">Implica la mejora cont\u00ednua de todos los nuestros procesos, dentro de un entorno competitivo y canviante, manteniendo el nivel de exigencia.<\/a><\/p>\n<\/div>\n<div class=\"one_fourth\">\n<h4>&nbsp;<\/h4>\n<h4><a href=\"https:\/\/www.decomat.com\/wp-content\/uploads\/2015\/09\/lightbulb32.png\"><img loading=\"lazy\" decoding=\"async\" class=\"alignnone wp-image-6926\" src=\"https:\/\/www.decomat.com\/wp-content\/uploads\/2015\/09\/lightbulb32.png\" alt=\"\" width=\"22\" height=\"22\"\/><\/a>&nbsp; &nbsp;<a href=\"http:\/\/www.domoti.com\" target=\"_blank\" rel=\"noopener\"><strong>DOMOTICA<\/strong><\/a><\/h4>\n<p>Nuestro amplio abanico de soluciones y nuestra experiencia en el dise\u00f1o de soluciones tecnicas le garantizan un uso plenamente satisfactorio y durable<a href=\"https:\/\/www.decomat.com\/profesionales\/domotica\/\"> de dispositivos automaticos sostenibles, tanto dentro del entorno del hogar como de la comunidad de vecinos.<\/a><\/p>\n<p>&nbsp;<\/p>\n<\/div>\n<div class=\"one_fourth last_column\">\n<h4><a href=\"https:\/\/www.decomat.com\/wp-content\/uploads\/2015\/09\/linedpapercheck32.png\"><img loading=\"lazy\" decoding=\"async\" class=\"alignnone wp-image-6927\" src=\"https:\/\/www.decomat.com\/wp-content\/uploads\/2015\/09\/linedpapercheck32.png\" alt=\"\" width=\"22\" height=\"22\"\/><\/a>&nbsp; &nbsp;&nbsp;<strong>VEN Y CONOCENOS DE CERCA!<\/strong><\/h4>\n<p><a href=\"https:\/\/www.decomat.com\/es\/conocenos\/localizacion\/\">Puedes venir a vernos nuestra direcci\u00f3n comercial, ver muestras de nuestros materiales, texturas y soluciones o tambi\u00e9n puedest contactar con nosotrosa con el formulario. <\/a><\/p>\n<\/div>\n[\/vc_column_text][\/vc_column][\/vc_row]","protected":false},"excerpt":{"rendered":"<p>[vc_row][vc_column][vc_column_text]Contribuimos a la satisfacci\u00f3n de nuestros clientes con gran variedad de materiales de construcci\u00f3n y decoraci\u00f3n[\/vc_column_text][\/vc_column][\/vc_row][vc_row][vc_column][mk_edge_slider swiper_bg=\u00bb#000000&#8243;][\/vc_column][\/vc_row][mk_page_section bg_color=\u00bb#adadad\u00bb bg_gradient=\u00bbvertical\u00bb video_color_mask=\u00bb#ededed\u00bb gr_end=\u00bb#939393&#8243; sidebar=\u00bbsidebar-1&#8243;][vc_column][vc_column_text]Mas de 65 a\u00f1os al servicio de nuestros clientes avalan nuestra profesionalidad y definen nuestro compromiso con el trabajo de calidad.[\/vc_column_text][\/vc_column][\/mk_page_section][vc_row][vc_column][vc_column_text] &nbsp;&nbsp;&nbsp;&nbsp; &nbsp;CERTIFICADOS CON LA NORMA UNE Todos &nbsp;nuestros servicios estan certificados seg\u00fan los [&hellip;]<\/p>\n","protected":false},"author":8979,"featured_media":0,"parent":0,"menu_order":0,"comment_status":"closed","ping_status":"closed","template":"","meta":{"_monsterinsights_skip_tracking":false,"_monsterinsights_sitenote_active":false,"_monsterinsights_sitenote_note":"","_monsterinsights_sitenote_category":0,"ngg_post_thumbnail":0,"footnotes":""},"class_list":["post-5860","page","type-page","status-publish","hentry"],"yoast_head":"<!-- This site is optimized with the Yoast SEO plugin v27.3 - https:\/\/yoast.com\/product\/yoast-seo-wordpress\/ -->\n<title>Decomat su proveedor de materiales de decoraci\u00f3n. - decomat<\/title>\n<meta name=\"robots\" content=\"index, follow, max-snippet:-1, max-image-preview:large, max-video-preview:-1\" \/>\n<link rel=\"canonical\" href=\"https:\/\/decomat.com\/ca\/\" \/>\n<meta property=\"og:locale\" content=\"es_ES\" \/>\n<meta property=\"og:type\" content=\"article\" \/>\n<meta property=\"og:title\" content=\"Decomat su proveedor de materiales de decoraci\u00f3n. - decomat\" \/>\n<meta property=\"og:description\" content=\"[vc_row][vc_column][vc_column_text]Contribuimos a la satisfacci\u00f3n de nuestros clientes con gran variedad de materiales de construcci\u00f3n y decoraci\u00f3n[\/vc_column_text][\/vc_column][\/vc_row][vc_row][vc_column][mk_edge_slider swiper_bg=\u00bb#000000&#8243;][\/vc_column][\/vc_row][mk_page_section bg_color=\u00bb#adadad\u00bb bg_gradient=\u00bbvertical\u00bb video_color_mask=\u00bb#ededed\u00bb gr_end=\u00bb#939393&#8243; sidebar=\u00bbsidebar-1&#8243;][vc_column][vc_column_text]Mas de 65 a\u00f1os al servicio de nuestros clientes avalan nuestra profesionalidad y definen nuestro compromiso con el trabajo de calidad.[\/vc_column_text][\/vc_column][\/mk_page_section][vc_row][vc_column][vc_column_text] &nbsp;&nbsp;&nbsp;&nbsp; &nbsp;CERTIFICADOS CON LA NORMA UNE Todos &nbsp;nuestros servicios estan certificados seg\u00fan los [&hellip;]\" \/>\n<meta property=\"og:url\" content=\"https:\/\/decomat.com\/ca\/\" \/>\n<meta property=\"og:site_name\" content=\"decomat\" \/>\n<meta property=\"article:modified_time\" content=\"2017-07-07T15:05:13+00:00\" \/>\n<meta property=\"og:image\" content=\"https:\/\/decomat.com\/wp-content\/uploads\/2015\/09\/pencil32.png\" \/>\n\t<meta property=\"og:image:width\" content=\"32\" \/>\n\t<meta property=\"og:image:height\" content=\"32\" \/>\n\t<meta property=\"og:image:type\" content=\"image\/png\" \/>\n<meta name=\"twitter:card\" content=\"summary_large_image\" \/>\n<meta name=\"twitter:label1\" content=\"Tiempo de lectura\" \/>\n\t<meta name=\"twitter:data1\" content=\"5 minutos\" \/>\n<script type=\"application\/ld+json\" class=\"yoast-schema-graph\">{\"@context\":\"https:\\\/\\\/schema.org\",\"@graph\":[{\"@type\":\"WebPage\",\"@id\":\"https:\\\/\\\/decomat.com\\\/ca\\\/\",\"url\":\"https:\\\/\\\/decomat.com\\\/ca\\\/\",\"name\":\"Decomat su proveedor de materiales de decoraci\u00f3n. - decomat\",\"isPartOf\":{\"@id\":\"https:\\\/\\\/decomat.com\\\/ca\\\/#website\"},\"primaryImageOfPage\":{\"@id\":\"https:\\\/\\\/decomat.com\\\/ca\\\/#primaryimage\"},\"image\":{\"@id\":\"https:\\\/\\\/decomat.com\\\/ca\\\/#primaryimage\"},\"thumbnailUrl\":\"https:\\\/\\\/www.decomat.com\\\/wp-content\\\/uploads\\\/2015\\\/09\\\/pencil32.png\",\"datePublished\":\"2015-09-15T18:57:47+00:00\",\"dateModified\":\"2017-07-07T15:05:13+00:00\",\"breadcrumb\":{\"@id\":\"https:\\\/\\\/decomat.com\\\/ca\\\/#breadcrumb\"},\"inLanguage\":\"es\",\"potentialAction\":[{\"@type\":\"ReadAction\",\"target\":[\"https:\\\/\\\/decomat.com\\\/ca\\\/\"]}]},{\"@type\":\"ImageObject\",\"inLanguage\":\"es\",\"@id\":\"https:\\\/\\\/decomat.com\\\/ca\\\/#primaryimage\",\"url\":\"https:\\\/\\\/www.decomat.com\\\/wp-content\\\/uploads\\\/2015\\\/09\\\/pencil32.png\",\"contentUrl\":\"https:\\\/\\\/www.decomat.com\\\/wp-content\\\/uploads\\\/2015\\\/09\\\/pencil32.png\"},{\"@type\":\"BreadcrumbList\",\"@id\":\"https:\\\/\\\/decomat.com\\\/ca\\\/#breadcrumb\",\"itemListElement\":[{\"@type\":\"ListItem\",\"position\":1,\"name\":\"Portada\",\"item\":\"https:\\\/\\\/decomat.com\\\/ca\\\/\"},{\"@type\":\"ListItem\",\"position\":2,\"name\":\"Decomat el vostre prove\u00efdor de materials de decoraci\u00f3.\"}]},{\"@type\":\"WebSite\",\"@id\":\"https:\\\/\\\/decomat.com\\\/ca\\\/#website\",\"url\":\"https:\\\/\\\/decomat.com\\\/ca\\\/\",\"name\":\"decomat\",\"description\":\"Material decoraci\u00f3n\",\"potentialAction\":[{\"@type\":\"SearchAction\",\"target\":{\"@type\":\"EntryPoint\",\"urlTemplate\":\"https:\\\/\\\/decomat.com\\\/ca\\\/?s={search_term_string}\"},\"query-input\":{\"@type\":\"PropertyValueSpecification\",\"valueRequired\":true,\"valueName\":\"search_term_string\"}}],\"inLanguage\":\"es\"}]}<\/script>\n<!-- \/ Yoast SEO plugin. -->","yoast_head_json":{"title":"Decomat su proveedor de materiales de decoraci\u00f3n. - decomat","robots":{"index":"index","follow":"follow","max-snippet":"max-snippet:-1","max-image-preview":"max-image-preview:large","max-video-preview":"max-video-preview:-1"},"canonical":"https:\/\/decomat.com\/ca\/","og_locale":"es_ES","og_type":"article","og_title":"Decomat su proveedor de materiales de decoraci\u00f3n. - decomat","og_description":"[vc_row][vc_column][vc_column_text]Contribuimos a la satisfacci\u00f3n de nuestros clientes con gran variedad de materiales de construcci\u00f3n y decoraci\u00f3n[\/vc_column_text][\/vc_column][\/vc_row][vc_row][vc_column][mk_edge_slider swiper_bg=\u00bb#000000&#8243;][\/vc_column][\/vc_row][mk_page_section bg_color=\u00bb#adadad\u00bb bg_gradient=\u00bbvertical\u00bb video_color_mask=\u00bb#ededed\u00bb gr_end=\u00bb#939393&#8243; sidebar=\u00bbsidebar-1&#8243;][vc_column][vc_column_text]Mas de 65 a\u00f1os al servicio de nuestros clientes avalan nuestra profesionalidad y definen nuestro compromiso con el trabajo de calidad.[\/vc_column_text][\/vc_column][\/mk_page_section][vc_row][vc_column][vc_column_text] &nbsp;&nbsp;&nbsp;&nbsp; &nbsp;CERTIFICADOS CON LA NORMA UNE Todos &nbsp;nuestros servicios estan certificados seg\u00fan los [&hellip;]","og_url":"https:\/\/decomat.com\/ca\/","og_site_name":"decomat","article_modified_time":"2017-07-07T15:05:13+00:00","og_image":[{"width":32,"height":32,"url":"https:\/\/decomat.com\/wp-content\/uploads\/2015\/09\/pencil32.png","type":"image\/png"}],"twitter_card":"summary_large_image","twitter_misc":{"Tiempo de lectura":"5 minutos"},"schema":{"@context":"https:\/\/schema.org","@graph":[{"@type":"WebPage","@id":"https:\/\/decomat.com\/ca\/","url":"https:\/\/decomat.com\/ca\/","name":"Decomat su proveedor de materiales de decoraci\u00f3n. - decomat","isPartOf":{"@id":"https:\/\/decomat.com\/ca\/#website"},"primaryImageOfPage":{"@id":"https:\/\/decomat.com\/ca\/#primaryimage"},"image":{"@id":"https:\/\/decomat.com\/ca\/#primaryimage"},"thumbnailUrl":"https:\/\/www.decomat.com\/wp-content\/uploads\/2015\/09\/pencil32.png","datePublished":"2015-09-15T18:57:47+00:00","dateModified":"2017-07-07T15:05:13+00:00","breadcrumb":{"@id":"https:\/\/decomat.com\/ca\/#breadcrumb"},"inLanguage":"es","potentialAction":[{"@type":"ReadAction","target":["https:\/\/decomat.com\/ca\/"]}]},{"@type":"ImageObject","inLanguage":"es","@id":"https:\/\/decomat.com\/ca\/#primaryimage","url":"https:\/\/www.decomat.com\/wp-content\/uploads\/2015\/09\/pencil32.png","contentUrl":"https:\/\/www.decomat.com\/wp-content\/uploads\/2015\/09\/pencil32.png"},{"@type":"BreadcrumbList","@id":"https:\/\/decomat.com\/ca\/#breadcrumb","itemListElement":[{"@type":"ListItem","position":1,"name":"Portada","item":"https:\/\/decomat.com\/ca\/"},{"@type":"ListItem","position":2,"name":"Decomat el vostre prove\u00efdor de materials de decoraci\u00f3."}]},{"@type":"WebSite","@id":"https:\/\/decomat.com\/ca\/#website","url":"https:\/\/decomat.com\/ca\/","name":"decomat","description":"Material decoraci\u00f3n","potentialAction":[{"@type":"SearchAction","target":{"@type":"EntryPoint","urlTemplate":"https:\/\/decomat.com\/ca\/?s={search_term_string}"},"query-input":{"@type":"PropertyValueSpecification","valueRequired":true,"valueName":"search_term_string"}}],"inLanguage":"es"}]}},"_links":{"self":[{"href":"https:\/\/decomat.com\/es\/wp-json\/wp\/v2\/pages\/5860","targetHints":{"allow":["GET"]}}],"collection":[{"href":"https:\/\/decomat.com\/es\/wp-json\/wp\/v2\/pages"}],"about":[{"href":"https:\/\/decomat.com\/es\/wp-json\/wp\/v2\/types\/page"}],"author":[{"embeddable":true,"href":"https:\/\/decomat.com\/es\/wp-json\/wp\/v2\/users\/8979"}],"replies":[{"embeddable":true,"href":"https:\/\/decomat.com\/es\/wp-json\/wp\/v2\/comments?post=5860"}],"version-history":[{"count":102,"href":"https:\/\/decomat.com\/es\/wp-json\/wp\/v2\/pages\/5860\/revisions"}],"predecessor-version":[{"id":7471,"href":"https:\/\/decomat.com\/es\/wp-json\/wp\/v2\/pages\/5860\/revisions\/7471"}],"wp:attachment":[{"href":"https:\/\/decomat.com\/es\/wp-json\/wp\/v2\/media?parent=5860"}],"curies":[{"name":"wp","href":"https:\/\/api.w.org\/{rel}","templated":true}]}}