{"id":6044,"date":"2016-03-05T13:31:01","date_gmt":"2016-03-05T11:31:01","guid":{"rendered":"http:\/\/www.decomat.com\/?page_id=6044"},"modified":"2017-08-16T18:35:25","modified_gmt":"2017-08-16T16:35:25","slug":"certificado-de-eficiencia-energetica-edificios","status":"publish","type":"page","link":"https:\/\/decomat.com\/es\/hogar\/certificado-de-eficiencia-energetica-edificios\/","title":{"rendered":"Certificado de eficiencia energ\u00e9tica de edificios"},"content":{"rendered":"<strong>Certificado de efici\u00e9ncia energ\u00e9tica de edificios<\/strong><\/p>\n<p>Realizamos la certificaci\u00f3n de efici\u00e9ncia energ\u00e9tica de edificios en Sabadell i toda su \u00e0rea metropolitana con los certificados de efici\u00e9ncia energ\u00e9tica y c\u00e9dulas de habitabilidad tanto conjuntamente como separadamente puedes cumplir con la normativa vigente.(*)<\/p>\n<p>&nbsp;<\/p>\n<p><strong>Que se mide con el certificado de efici\u00e9ncia energ\u00e9tica?<\/strong><\/p>\n<p>El certificado energ\u00e9tico mide dos parametros:<\/p>\n<ul>\n<li>las emisiones de dioxido de carbono<\/li>\n<li>el consumo de energia primaria<\/li>\n<li>Per tal de mesurar aquests par\u00e0metres es comprova:<\/li>\n<\/ul>\n<p>Para medir estos parametros se comprueba:<\/p>\n<ul>\n<li>la forma de calentar el agua calienta.<\/li>\n<li>la forma de calentar la vivienda.<\/li>\n<li>como se ha edificado o de que forma esta la vivenda aislada respecto al exterior, ya sean ventanas o paredes.<\/li>\n<li>como afectan las sombras del resto de edificaciones en la vivienda a certificar.<\/li>\n<\/ul>\n<p>&nbsp;<\/p>\n<p><strong>Que pasos se realizan para obtener el certificado de efici\u00e9ncia energ\u00e9tica?<\/strong><\/p>\n<p>Para tramitar un certificado de efici\u00e9ncia energ\u00e9tica en Sabadell:<\/p>\n<p>primero quedariamos a una hora convenida en la vivienda a certificar para realizar la inspecci\u00f3n visual de la misma.<\/p>\n<p>posteriormente realizariamos un informe con los programes informaticos homologados para enviarlo a visar al colegio de arquitectos<\/p>\n<p>una vez visado enviamos el informe al Institut Catal\u00e0 d\u2019Energia (ICAEN) de la Generalitat de Catalunya para que emita el correspondiente certificado de efici\u00e9ncia energ\u00e9tica. El cual le enviaremos a usted en formato pdf por email.<\/p>\n<p>&nbsp;<\/p>\n<p><strong>Para que nos sirve el certificado de efici\u00e9ncia energ\u00e9tica?<\/strong><\/p>\n<p>La certificaci\u00f3n energ\u00e9tica nos sera \u00fatil cuando nos vendan o alquilenll una vivienda o local. La informaci\u00f3n aportada del gasto en energia y su catalogaci\u00f3n, nos permitira ahorros en el consumo que a la larga repercutiran en las facturas de la electricidad o el gas, reduciendo el gasto en electricidad y en gas. Como los criterios son similares en toda Europa, la comparaci\u00f3n tambi\u00e9n la podremos realitzar con una vivienda de Sabadell respecte un de otra ciudad Europea.<\/p>\n<p>Independientemente de la calificaci\u00f3n obtenida por la vivienda o local en Sabadell o el resto de municipios ( Castellar del Vall\u00e8s, Cerdanyola del Vall\u00e8s, Barber\u00e0 del Vall\u00e8s, Sant Quirze del Vall\u00e8s, Poliny\u00e0, Santa Perpetua de Mogoda, Sentmenat, Caldes de Montbu\u00ed, Terrassa, Badia del Vall\u00e8s, Sant Cugat del Vall\u00e8s, Rub\u00ed ) no comporta ninguna obligaci\u00f3n de realizaci\u00f3n de obras de reforma, siendo el certificado una manera de comparaci\u00f3n de consumos energ\u00e9ticos del parque de viviendas y locales.<\/p>\n<p>&nbsp;<\/p>\n<p><strong>Normativa vigente certificado efici\u00e9ncia energ\u00e9tica:<\/strong>(*)<\/p>\n<p>El certificado de efici\u00e9ncia energ\u00e9tica en Sabadell como en el resto del territorio es obligatorio por la transposici\u00f3n de la Directiva de la Uni\u00f3n Europea 2002\/91\/CE,que en posterioridad, fue modificada por la Directiva 2010\/31\/UE al ordenamiento juridico espa\u00f1ol.<\/p>\n<p>En esta direcci\u00f3n el 5 de abril de 2013 el Govierno central \u00a0public\u00f3 el \u201cPlan Estatal de Fomento del Alquiler de Viviendas, Rehabilitaci\u00f3n, Regeneraci\u00f3n y Renovaci\u00f3n Urbana (2013-2016)\u201d. As\u00ed mismo, el 13 de abril de 2013 se public\u00f3 en el BOE el Real Decreto 235\/2013 por el cual se aprueba el procedimiento basico para la certificaci\u00f3n de la efici\u00e9ncia energ\u00e9tica de los edificios.<\/p>\n<p>El Real Decreto fija el 1 de junio de 2013 como fecha a partir de la cual es obligatorio disponer del certificado energ\u00e9tico para los edificios de viviendas y de uso terciario nuevos y para las transacciones de compraventa o dealquiler de edificiso ya existentes y para edificios p\u00fablicos de mas de 500 m2.","protected":false},"excerpt":{"rendered":"<p>Certificado de efici\u00e9ncia energ\u00e9tica de edificios Realizamos la certificaci\u00f3n de efici\u00e9ncia energ\u00e9tica de edificios en Sabadell i toda su \u00e0rea metropolitana con los certificados de efici\u00e9ncia energ\u00e9tica y c\u00e9dulas de habitabilidad tanto conjuntamente como separadamente puedes cumplir con la normativa vigente.(*) &nbsp; Que se mide con el certificado de efici\u00e9ncia energ\u00e9tica? El certificado energ\u00e9tico mide [&hellip;]<\/p>\n","protected":false},"author":8979,"featured_media":0,"parent":715,"menu_order":0,"comment_status":"closed","ping_status":"closed","template":"","meta":{"_monsterinsights_skip_tracking":false,"_monsterinsights_sitenote_active":false,"_monsterinsights_sitenote_note":"","_monsterinsights_sitenote_category":0,"ngg_post_thumbnail":0,"footnotes":""},"class_list":["post-6044","page","type-page","status-publish","hentry"],"yoast_head":"<!-- This site is optimized with the Yoast SEO plugin v27.3 - https:\/\/yoast.com\/product\/yoast-seo-wordpress\/ -->\n<title>Certificado de eficiencia energ\u00e9tica de edificios - decomat<\/title>\n<meta name=\"robots\" content=\"index, follow, max-snippet:-1, max-image-preview:large, max-video-preview:-1\" \/>\n<link rel=\"canonical\" href=\"https:\/\/decomat.com\/es\/hogar\/certificado-de-eficiencia-energetica-edificios\/\" \/>\n<meta property=\"og:locale\" content=\"es_ES\" \/>\n<meta property=\"og:type\" content=\"article\" \/>\n<meta property=\"og:title\" content=\"Certificado de eficiencia energ\u00e9tica de edificios - decomat\" \/>\n<meta property=\"og:description\" content=\"Certificado de efici\u00e9ncia energ\u00e9tica de edificios Realizamos la certificaci\u00f3n de efici\u00e9ncia energ\u00e9tica de edificios en Sabadell i toda su \u00e0rea metropolitana con los certificados de efici\u00e9ncia energ\u00e9tica y c\u00e9dulas de habitabilidad tanto conjuntamente como separadamente puedes cumplir con la normativa vigente.(*) &nbsp; Que se mide con el certificado de efici\u00e9ncia energ\u00e9tica? El certificado energ\u00e9tico mide [&hellip;]\" \/>\n<meta property=\"og:url\" content=\"https:\/\/decomat.com\/es\/hogar\/certificado-de-eficiencia-energetica-edificios\/\" \/>\n<meta property=\"og:site_name\" content=\"decomat\" \/>\n<meta property=\"article:modified_time\" content=\"2017-08-16T16:35:25+00:00\" \/>\n<meta name=\"twitter:card\" content=\"summary_large_image\" \/>\n<meta name=\"twitter:label1\" content=\"Tiempo de lectura\" \/>\n\t<meta name=\"twitter:data1\" content=\"6 minutos\" \/>\n<script type=\"application\/ld+json\" class=\"yoast-schema-graph\">{\"@context\":\"https:\\\/\\\/schema.org\",\"@graph\":[{\"@type\":\"WebPage\",\"@id\":\"https:\\\/\\\/decomat.com\\\/es\\\/hogar\\\/certificado-de-eficiencia-energetica-edificios\\\/\",\"url\":\"https:\\\/\\\/decomat.com\\\/es\\\/hogar\\\/certificado-de-eficiencia-energetica-edificios\\\/\",\"name\":\"Certificado de eficiencia energ\u00e9tica de edificios - decomat\",\"isPartOf\":{\"@id\":\"https:\\\/\\\/decomat.com\\\/ca\\\/#website\"},\"datePublished\":\"2016-03-05T11:31:01+00:00\",\"dateModified\":\"2017-08-16T16:35:25+00:00\",\"breadcrumb\":{\"@id\":\"https:\\\/\\\/decomat.com\\\/es\\\/hogar\\\/certificado-de-eficiencia-energetica-edificios\\\/#breadcrumb\"},\"inLanguage\":\"es\",\"potentialAction\":[{\"@type\":\"ReadAction\",\"target\":[\"https:\\\/\\\/decomat.com\\\/es\\\/hogar\\\/certificado-de-eficiencia-energetica-edificios\\\/\"]}]},{\"@type\":\"BreadcrumbList\",\"@id\":\"https:\\\/\\\/decomat.com\\\/es\\\/hogar\\\/certificado-de-eficiencia-energetica-edificios\\\/#breadcrumb\",\"itemListElement\":[{\"@type\":\"ListItem\",\"position\":1,\"name\":\"Portada\",\"item\":\"https:\\\/\\\/decomat.com\\\/ca\\\/\"},{\"@type\":\"ListItem\",\"position\":2,\"name\":\"Hogar\",\"item\":\"https:\\\/\\\/decomat.com\\\/es\\\/hogar\\\/\"},{\"@type\":\"ListItem\",\"position\":3,\"name\":\"Certificado de eficiencia energ\u00e9tica de edificios\"}]},{\"@type\":\"WebSite\",\"@id\":\"https:\\\/\\\/decomat.com\\\/ca\\\/#website\",\"url\":\"https:\\\/\\\/decomat.com\\\/ca\\\/\",\"name\":\"decomat\",\"description\":\"Material decoraci\u00f3n\",\"potentialAction\":[{\"@type\":\"SearchAction\",\"target\":{\"@type\":\"EntryPoint\",\"urlTemplate\":\"https:\\\/\\\/decomat.com\\\/ca\\\/?s={search_term_string}\"},\"query-input\":{\"@type\":\"PropertyValueSpecification\",\"valueRequired\":true,\"valueName\":\"search_term_string\"}}],\"inLanguage\":\"es\"}]}<\/script>\n<!-- \/ Yoast SEO plugin. -->","yoast_head_json":{"title":"Certificado de eficiencia energ\u00e9tica de edificios - decomat","robots":{"index":"index","follow":"follow","max-snippet":"max-snippet:-1","max-image-preview":"max-image-preview:large","max-video-preview":"max-video-preview:-1"},"canonical":"https:\/\/decomat.com\/es\/hogar\/certificado-de-eficiencia-energetica-edificios\/","og_locale":"es_ES","og_type":"article","og_title":"Certificado de eficiencia energ\u00e9tica de edificios - decomat","og_description":"Certificado de efici\u00e9ncia energ\u00e9tica de edificios Realizamos la certificaci\u00f3n de efici\u00e9ncia energ\u00e9tica de edificios en Sabadell i toda su \u00e0rea metropolitana con los certificados de efici\u00e9ncia energ\u00e9tica y c\u00e9dulas de habitabilidad tanto conjuntamente como separadamente puedes cumplir con la normativa vigente.(*) &nbsp; Que se mide con el certificado de efici\u00e9ncia energ\u00e9tica? El certificado energ\u00e9tico mide [&hellip;]","og_url":"https:\/\/decomat.com\/es\/hogar\/certificado-de-eficiencia-energetica-edificios\/","og_site_name":"decomat","article_modified_time":"2017-08-16T16:35:25+00:00","twitter_card":"summary_large_image","twitter_misc":{"Tiempo de lectura":"6 minutos"},"schema":{"@context":"https:\/\/schema.org","@graph":[{"@type":"WebPage","@id":"https:\/\/decomat.com\/es\/hogar\/certificado-de-eficiencia-energetica-edificios\/","url":"https:\/\/decomat.com\/es\/hogar\/certificado-de-eficiencia-energetica-edificios\/","name":"Certificado de eficiencia energ\u00e9tica de edificios - decomat","isPartOf":{"@id":"https:\/\/decomat.com\/ca\/#website"},"datePublished":"2016-03-05T11:31:01+00:00","dateModified":"2017-08-16T16:35:25+00:00","breadcrumb":{"@id":"https:\/\/decomat.com\/es\/hogar\/certificado-de-eficiencia-energetica-edificios\/#breadcrumb"},"inLanguage":"es","potentialAction":[{"@type":"ReadAction","target":["https:\/\/decomat.com\/es\/hogar\/certificado-de-eficiencia-energetica-edificios\/"]}]},{"@type":"BreadcrumbList","@id":"https:\/\/decomat.com\/es\/hogar\/certificado-de-eficiencia-energetica-edificios\/#breadcrumb","itemListElement":[{"@type":"ListItem","position":1,"name":"Portada","item":"https:\/\/decomat.com\/ca\/"},{"@type":"ListItem","position":2,"name":"Hogar","item":"https:\/\/decomat.com\/es\/hogar\/"},{"@type":"ListItem","position":3,"name":"Certificado de eficiencia energ\u00e9tica de edificios"}]},{"@type":"WebSite","@id":"https:\/\/decomat.com\/ca\/#website","url":"https:\/\/decomat.com\/ca\/","name":"decomat","description":"Material decoraci\u00f3n","potentialAction":[{"@type":"SearchAction","target":{"@type":"EntryPoint","urlTemplate":"https:\/\/decomat.com\/ca\/?s={search_term_string}"},"query-input":{"@type":"PropertyValueSpecification","valueRequired":true,"valueName":"search_term_string"}}],"inLanguage":"es"}]}},"_links":{"self":[{"href":"https:\/\/decomat.com\/es\/wp-json\/wp\/v2\/pages\/6044","targetHints":{"allow":["GET"]}}],"collection":[{"href":"https:\/\/decomat.com\/es\/wp-json\/wp\/v2\/pages"}],"about":[{"href":"https:\/\/decomat.com\/es\/wp-json\/wp\/v2\/types\/page"}],"author":[{"embeddable":true,"href":"https:\/\/decomat.com\/es\/wp-json\/wp\/v2\/users\/8979"}],"replies":[{"embeddable":true,"href":"https:\/\/decomat.com\/es\/wp-json\/wp\/v2\/comments?post=6044"}],"version-history":[{"count":9,"href":"https:\/\/decomat.com\/es\/wp-json\/wp\/v2\/pages\/6044\/revisions"}],"predecessor-version":[{"id":7484,"href":"https:\/\/decomat.com\/es\/wp-json\/wp\/v2\/pages\/6044\/revisions\/7484"}],"up":[{"embeddable":true,"href":"https:\/\/decomat.com\/es\/wp-json\/wp\/v2\/pages\/715"}],"wp:attachment":[{"href":"https:\/\/decomat.com\/es\/wp-json\/wp\/v2\/media?parent=6044"}],"curies":[{"name":"wp","href":"https:\/\/api.w.org\/{rel}","templated":true}]}}