{"id":654,"date":"2012-04-04T16:25:16","date_gmt":"2012-04-04T16:25:16","guid":{"rendered":"http:\/\/www.decomat.com\/?page_id=654"},"modified":"2014-04-01T17:23:36","modified_gmt":"2014-04-01T15:23:36","slug":"aislante","status":"publish","type":"page","link":"https:\/\/decomat.com\/es\/materiales\/aislante\/","title":{"rendered":"Aislante"},"content":{"rendered":"<p><\/p>\n<h1>Aislantes<\/h1>\n<p>El aislamiento es b\u00e1sico para garantizar un confort independiente de la temperatura y la humedad exterior.<\/p>\n<p>El aislamiento a\u00fana confort, respeto por el medio ambiente y ahorro.<\/p>\n<p>M\u00e1s all\u00e1 del confort, el aislamiento nos puede reportar un importante ahorro energ\u00e9tico que se notar\u00e1 mensualmente en nuestra factura de gas y electricidad.<\/p>\n<p>Consulte nuestra lista de materiales sostenibles para el aislamiento de su hogar o su comunidad de vecinos.<\/p>\n<p>\u00bfCon que finalidades se utilizan los materiales aislantes en la construcci\u00f3n?<br \/>\nLos materiales aislantes se utilizan en construcci\u00f3n con la finalidad de la protecci\u00f3n de la vivenda contra:<br \/>\nla humedad ( el agua)<br \/>\nel incendio (el fuego)<br \/>\nla calor y el frio (el aire)<br \/>\nel ruido<\/p>\n<p>Las funciones de los materiales aislantes son pues, hidrofugas, antitermicas, antisonicas y ignifugas.<\/p>\n<p>&nbsp;<\/p>\n<p>Aislamiento para mejorar el confort Mejorando la eficiencia de calefaccion y aire acondicionado y reduciendo las factura de energia.<\/p>\n<p>Aislamiento para protejerse del ruido<br \/>\nAbsorbiendo sonidos, reduciendo su propagaci\u00f3n para obtener la protevci\u00f3n acustica optima.<\/p>\n<p>Aislamiento para la proteccion contra el fuego<br \/>\nLanas minerales son incombustibles por naturaleza, no son hidrofilicas y no tienen accion capilar. No expulsan humos toxicos.<\/p>\n<p>Conservando los recursos naturales<br \/>\nProductos hechos materias primas que se encuentran en grandes cantidades en la naturaleza. Plants are committed to a strict policy regarding the disposal of liquid waste products, removing impurities from smoke, and treating solid wastes.<\/p>\n<p>Consideration for future generations<br \/>\nEl aislamiento eficiente reduce las emisiones de dioxido de carbono (CO\u00b2) y de dioxido de sofre a la atmosfera en mas de un 50 %, responsables del efecto hivernadero i de la lluvia acida.<\/p>\n<p>&nbsp;<\/p>\n<p>&nbsp;<\/p>\n<p>&nbsp;<\/p>\n<p>&nbsp;<\/p>\n<p>&nbsp;<\/p>","protected":false},"excerpt":{"rendered":"<p>Aislantes El aislamiento es b\u00e1sico para garantizar un confort independiente de la temperatura y la humedad exterior. El aislamiento a\u00fana confort, respeto por el medio ambiente y ahorro. M\u00e1s all\u00e1 del confort, el aislamiento nos puede reportar un importante ahorro energ\u00e9tico que se notar\u00e1 mensualmente en nuestra factura de gas y electricidad. Consulte nuestra lista [&hellip;]<\/p>\n","protected":false},"author":8979,"featured_media":0,"parent":709,"menu_order":11,"comment_status":"open","ping_status":"closed","template":"","meta":{"_monsterinsights_skip_tracking":false,"_monsterinsights_sitenote_active":false,"_monsterinsights_sitenote_note":"","_monsterinsights_sitenote_category":0,"ngg_post_thumbnail":0,"footnotes":""},"class_list":["post-654","page","type-page","status-publish","hentry"],"yoast_head":"<!-- This site is optimized with the Yoast SEO plugin v27.3 - https:\/\/yoast.com\/product\/yoast-seo-wordpress\/ -->\n<title>Aislante - decomat<\/title>\n<meta name=\"robots\" content=\"index, follow, max-snippet:-1, max-image-preview:large, max-video-preview:-1\" \/>\n<link rel=\"canonical\" href=\"https:\/\/decomat.com\/en\/materiales\/aislante\/\" \/>\n<meta property=\"og:locale\" content=\"es_ES\" \/>\n<meta property=\"og:type\" content=\"article\" \/>\n<meta property=\"og:title\" content=\"Aislante - decomat\" \/>\n<meta property=\"og:description\" content=\"Aislantes El aislamiento es b\u00e1sico para garantizar un confort independiente de la temperatura y la humedad exterior. El aislamiento a\u00fana confort, respeto por el medio ambiente y ahorro. M\u00e1s all\u00e1 del confort, el aislamiento nos puede reportar un importante ahorro energ\u00e9tico que se notar\u00e1 mensualmente en nuestra factura de gas y electricidad. Consulte nuestra lista [&hellip;]\" \/>\n<meta property=\"og:url\" content=\"https:\/\/decomat.com\/en\/materiales\/aislante\/\" \/>\n<meta property=\"og:site_name\" content=\"decomat\" \/>\n<meta property=\"article:modified_time\" content=\"2014-04-01T15:23:36+00:00\" \/>\n<meta property=\"og:image\" content=\"https:\/\/www.decomat.com\/imatges\/decomat\/materials\/aillament\/rockwool\/cat\/desertglacera.jpg\" \/>\n<meta name=\"twitter:card\" content=\"summary_large_image\" \/>\n<meta name=\"twitter:label1\" content=\"Tiempo de lectura\" \/>\n\t<meta name=\"twitter:data1\" content=\"6 minutos\" \/>\n<script type=\"application\/ld+json\" class=\"yoast-schema-graph\">{\"@context\":\"https:\\\/\\\/schema.org\",\"@graph\":[{\"@type\":\"WebPage\",\"@id\":\"https:\\\/\\\/decomat.com\\\/en\\\/materiales\\\/aislante\\\/\",\"url\":\"https:\\\/\\\/decomat.com\\\/en\\\/materiales\\\/aislante\\\/\",\"name\":\"Aislante - decomat\",\"isPartOf\":{\"@id\":\"https:\\\/\\\/decomat.com\\\/ca\\\/#website\"},\"primaryImageOfPage\":{\"@id\":\"https:\\\/\\\/decomat.com\\\/en\\\/materiales\\\/aislante\\\/#primaryimage\"},\"image\":{\"@id\":\"https:\\\/\\\/decomat.com\\\/en\\\/materiales\\\/aislante\\\/#primaryimage\"},\"thumbnailUrl\":\"https:\\\/\\\/www.decomat.com\\\/imatges\\\/decomat\\\/materials\\\/aillament\\\/rockwool\\\/cat\\\/desertglacera.jpg\",\"datePublished\":\"2012-04-04T16:25:16+00:00\",\"dateModified\":\"2014-04-01T15:23:36+00:00\",\"breadcrumb\":{\"@id\":\"https:\\\/\\\/decomat.com\\\/en\\\/materiales\\\/aislante\\\/#breadcrumb\"},\"inLanguage\":\"es\",\"potentialAction\":[{\"@type\":\"ReadAction\",\"target\":[\"https:\\\/\\\/decomat.com\\\/en\\\/materiales\\\/aislante\\\/\"]}]},{\"@type\":\"ImageObject\",\"inLanguage\":\"es\",\"@id\":\"https:\\\/\\\/decomat.com\\\/en\\\/materiales\\\/aislante\\\/#primaryimage\",\"url\":\"https:\\\/\\\/www.decomat.com\\\/imatges\\\/decomat\\\/materials\\\/aillament\\\/rockwool\\\/cat\\\/desertglacera.jpg\",\"contentUrl\":\"https:\\\/\\\/www.decomat.com\\\/imatges\\\/decomat\\\/materials\\\/aillament\\\/rockwool\\\/cat\\\/desertglacera.jpg\"},{\"@type\":\"BreadcrumbList\",\"@id\":\"https:\\\/\\\/decomat.com\\\/en\\\/materiales\\\/aislante\\\/#breadcrumb\",\"itemListElement\":[{\"@type\":\"ListItem\",\"position\":1,\"name\":\"Portada\",\"item\":\"https:\\\/\\\/decomat.com\\\/ca\\\/\"},{\"@type\":\"ListItem\",\"position\":2,\"name\":\"Materials\",\"item\":\"https:\\\/\\\/decomat.com\\\/ca\\\/materiales\\\/\"},{\"@type\":\"ListItem\",\"position\":3,\"name\":\"Isolator\"}]},{\"@type\":\"WebSite\",\"@id\":\"https:\\\/\\\/decomat.com\\\/ca\\\/#website\",\"url\":\"https:\\\/\\\/decomat.com\\\/ca\\\/\",\"name\":\"decomat\",\"description\":\"Material decoraci\u00f3n\",\"potentialAction\":[{\"@type\":\"SearchAction\",\"target\":{\"@type\":\"EntryPoint\",\"urlTemplate\":\"https:\\\/\\\/decomat.com\\\/ca\\\/?s={search_term_string}\"},\"query-input\":{\"@type\":\"PropertyValueSpecification\",\"valueRequired\":true,\"valueName\":\"search_term_string\"}}],\"inLanguage\":\"es\"}]}<\/script>\n<!-- \/ Yoast SEO plugin. -->","yoast_head_json":{"title":"Aislante - decomat","robots":{"index":"index","follow":"follow","max-snippet":"max-snippet:-1","max-image-preview":"max-image-preview:large","max-video-preview":"max-video-preview:-1"},"canonical":"https:\/\/decomat.com\/en\/materiales\/aislante\/","og_locale":"es_ES","og_type":"article","og_title":"Aislante - decomat","og_description":"Aislantes El aislamiento es b\u00e1sico para garantizar un confort independiente de la temperatura y la humedad exterior. El aislamiento a\u00fana confort, respeto por el medio ambiente y ahorro. M\u00e1s all\u00e1 del confort, el aislamiento nos puede reportar un importante ahorro energ\u00e9tico que se notar\u00e1 mensualmente en nuestra factura de gas y electricidad. Consulte nuestra lista [&hellip;]","og_url":"https:\/\/decomat.com\/en\/materiales\/aislante\/","og_site_name":"decomat","article_modified_time":"2014-04-01T15:23:36+00:00","og_image":[{"url":"https:\/\/www.decomat.com\/imatges\/decomat\/materials\/aillament\/rockwool\/cat\/desertglacera.jpg","type":"","width":"","height":""}],"twitter_card":"summary_large_image","twitter_misc":{"Tiempo de lectura":"6 minutos"},"schema":{"@context":"https:\/\/schema.org","@graph":[{"@type":"WebPage","@id":"https:\/\/decomat.com\/en\/materiales\/aislante\/","url":"https:\/\/decomat.com\/en\/materiales\/aislante\/","name":"Aislante - decomat","isPartOf":{"@id":"https:\/\/decomat.com\/ca\/#website"},"primaryImageOfPage":{"@id":"https:\/\/decomat.com\/en\/materiales\/aislante\/#primaryimage"},"image":{"@id":"https:\/\/decomat.com\/en\/materiales\/aislante\/#primaryimage"},"thumbnailUrl":"https:\/\/www.decomat.com\/imatges\/decomat\/materials\/aillament\/rockwool\/cat\/desertglacera.jpg","datePublished":"2012-04-04T16:25:16+00:00","dateModified":"2014-04-01T15:23:36+00:00","breadcrumb":{"@id":"https:\/\/decomat.com\/en\/materiales\/aislante\/#breadcrumb"},"inLanguage":"es","potentialAction":[{"@type":"ReadAction","target":["https:\/\/decomat.com\/en\/materiales\/aislante\/"]}]},{"@type":"ImageObject","inLanguage":"es","@id":"https:\/\/decomat.com\/en\/materiales\/aislante\/#primaryimage","url":"https:\/\/www.decomat.com\/imatges\/decomat\/materials\/aillament\/rockwool\/cat\/desertglacera.jpg","contentUrl":"https:\/\/www.decomat.com\/imatges\/decomat\/materials\/aillament\/rockwool\/cat\/desertglacera.jpg"},{"@type":"BreadcrumbList","@id":"https:\/\/decomat.com\/en\/materiales\/aislante\/#breadcrumb","itemListElement":[{"@type":"ListItem","position":1,"name":"Portada","item":"https:\/\/decomat.com\/ca\/"},{"@type":"ListItem","position":2,"name":"Materials","item":"https:\/\/decomat.com\/ca\/materiales\/"},{"@type":"ListItem","position":3,"name":"Isolator"}]},{"@type":"WebSite","@id":"https:\/\/decomat.com\/ca\/#website","url":"https:\/\/decomat.com\/ca\/","name":"decomat","description":"Material decoraci\u00f3n","potentialAction":[{"@type":"SearchAction","target":{"@type":"EntryPoint","urlTemplate":"https:\/\/decomat.com\/ca\/?s={search_term_string}"},"query-input":{"@type":"PropertyValueSpecification","valueRequired":true,"valueName":"search_term_string"}}],"inLanguage":"es"}]}},"_links":{"self":[{"href":"https:\/\/decomat.com\/es\/wp-json\/wp\/v2\/pages\/654","targetHints":{"allow":["GET"]}}],"collection":[{"href":"https:\/\/decomat.com\/es\/wp-json\/wp\/v2\/pages"}],"about":[{"href":"https:\/\/decomat.com\/es\/wp-json\/wp\/v2\/types\/page"}],"author":[{"embeddable":true,"href":"https:\/\/decomat.com\/es\/wp-json\/wp\/v2\/users\/8979"}],"replies":[{"embeddable":true,"href":"https:\/\/decomat.com\/es\/wp-json\/wp\/v2\/comments?post=654"}],"version-history":[{"count":21,"href":"https:\/\/decomat.com\/es\/wp-json\/wp\/v2\/pages\/654\/revisions"}],"predecessor-version":[{"id":5527,"href":"https:\/\/decomat.com\/es\/wp-json\/wp\/v2\/pages\/654\/revisions\/5527"}],"up":[{"embeddable":true,"href":"https:\/\/decomat.com\/es\/wp-json\/wp\/v2\/pages\/709"}],"wp:attachment":[{"href":"https:\/\/decomat.com\/es\/wp-json\/wp\/v2\/media?parent=654"}],"curies":[{"name":"wp","href":"https:\/\/api.w.org\/{rel}","templated":true}]}}