{"id":666,"date":"2012-04-04T16:53:45","date_gmt":"2012-04-04T16:53:45","guid":{"rendered":"http:\/\/www.decomat.com\/?page_id=666"},"modified":"2017-04-08T19:05:32","modified_gmt":"2017-04-08T17:05:32","slug":"domotica","status":"publish","type":"page","link":"https:\/\/decomat.com\/es\/decoracion-para-profesionales\/domotica\/","title":{"rendered":"Dom\u00f3tica"},"content":{"rendered":"<h1>Dom\u00f3tica<\/h1>\n<p>La\u00a0<strong>dom\u00f3tica<\/strong>\u00a0se aplica con el <strong>objectivo<\/strong>\u00a0de obtener\u00a0bienestar, seguridad y comunicaciones. Tambi\u00e9n para ahorrar en consumos tanto de energia (gas, electricidad, renovables&#8230;) como de agua.<\/p>\n<p>El\u00a0<strong>resultado de aplicar la\u00a0<\/strong><b>dom\u00f3tica<\/b>\u00a0 en viviendas es que los edificios se convierten en inteligentes, ya que los aparatos de la dom\u00f3tica permiten que decisiones con \u00a0los objetivos citados anteriormente se apliquen autom\u00e1ticamente gracias a la programaci\u00f3n de los aparatos de\u00a0<strong>dom\u00f3tica. <\/strong>Los\u00a0sistemas domoticos se pueden controlar remotamente mediante tel\u00e9fono, PDA, pantalla t\u00e1ctil, internet, ordenador\u00a0o otros.<\/p>\n<p>La\u00a0<strong>dom\u00f3tica evoluciona hacia\u00a0<\/strong>la integraci\u00f3n de todos los sistemas de control de un edificio domotico en una \u00fanica red de comando, creando lo que se llama vivienda o hogar digital.<\/p>\n<p>En un\u00a0<strong>ejemplo de edificio dom\u00f3tico,<\/strong>\u00a0durante el invierno, las persianas podrian subir durante el dia y durante la noche bajar solas, los toldos a la inversa en verano, para aprovechar la luz y el calor del sol durante el dia, ayudando a optimizar el consumo energ\u00e9tico de la vivienda.<\/p>\n<p>Domintell es un sistema dom\u00f3tico con pulsadores compatibles con los marcos de la gama Ligth y Axolute de bticino o con otros fabricantes como \u00a0la serie FD-Desing de Jung.<\/p>\n<p>Domintell es compatible con iPhone, iPad,\u00a0\u00a0Bang &#038; Olufsen y sistemas de iluminaci\u00f3n para leds mediante protocolo DMX512.<\/p>\n<p><meta http-equiv=\"Refresh\" content=\"30;url=http:\/\/www.domoti.com\/es\/\"\/>  <body><\/p>\n<p>\nAqu\u00ed encontrar\u00e0 mas informaci\u00f3n sobre dom\u00f3tica en el hogar. En 30 segundos enlazar\u00e0 a DOMOTI. En caso contrario, pulse en el siguiente enlace <a href=\"http:\/\/www.domoti.com\/es\/\"> www.domoti.com<\/a>\n<\/p>\n<p><\/body>","protected":false},"excerpt":{"rendered":"<p>Dom\u00f3tica La\u00a0dom\u00f3tica\u00a0se aplica con el objectivo\u00a0de obtener\u00a0bienestar, seguridad y comunicaciones. Tambi\u00e9n para ahorrar en consumos tanto de energia (gas, electricidad, renovables&#8230;) como de agua. El\u00a0resultado de aplicar la\u00a0dom\u00f3tica\u00a0 en viviendas es que los edificios se convierten en inteligentes, ya que los aparatos de la dom\u00f3tica permiten que decisiones con \u00a0los objetivos citados anteriormente se apliquen [&hellip;]<\/p>\n","protected":false},"author":8979,"featured_media":0,"parent":780,"menu_order":0,"comment_status":"open","ping_status":"closed","template":"","meta":{"_monsterinsights_skip_tracking":false,"_monsterinsights_sitenote_active":false,"_monsterinsights_sitenote_note":"","_monsterinsights_sitenote_category":0,"ngg_post_thumbnail":0,"footnotes":""},"class_list":["post-666","page","type-page","status-publish","hentry"],"yoast_head":"<!-- This site is optimized with the Yoast SEO plugin v27.3 - https:\/\/yoast.com\/product\/yoast-seo-wordpress\/ -->\n<title>Dom\u00f3tica - decomat<\/title>\n<meta name=\"robots\" content=\"index, follow, max-snippet:-1, max-image-preview:large, max-video-preview:-1\" \/>\n<link rel=\"canonical\" href=\"https:\/\/decomat.com\/es\/decoracion-para-profesionales\/domotica\/\" \/>\n<meta property=\"og:locale\" content=\"es_ES\" \/>\n<meta property=\"og:type\" content=\"article\" \/>\n<meta property=\"og:title\" content=\"Dom\u00f3tica - decomat\" \/>\n<meta property=\"og:description\" content=\"Dom\u00f3tica La\u00a0dom\u00f3tica\u00a0se aplica con el objectivo\u00a0de obtener\u00a0bienestar, seguridad y comunicaciones. Tambi\u00e9n para ahorrar en consumos tanto de energia (gas, electricidad, renovables&#8230;) como de agua. El\u00a0resultado de aplicar la\u00a0dom\u00f3tica\u00a0 en viviendas es que los edificios se convierten en inteligentes, ya que los aparatos de la dom\u00f3tica permiten que decisiones con \u00a0los objetivos citados anteriormente se apliquen [&hellip;]\" \/>\n<meta property=\"og:url\" content=\"https:\/\/decomat.com\/es\/decoracion-para-profesionales\/domotica\/\" \/>\n<meta property=\"og:site_name\" content=\"decomat\" \/>\n<meta property=\"article:modified_time\" content=\"2017-04-08T17:05:32+00:00\" \/>\n<meta name=\"twitter:card\" content=\"summary_large_image\" \/>\n<meta name=\"twitter:label1\" content=\"Tiempo de lectura\" \/>\n\t<meta name=\"twitter:data1\" content=\"3 minutos\" \/>\n<script type=\"application\/ld+json\" class=\"yoast-schema-graph\">{\"@context\":\"https:\\\/\\\/schema.org\",\"@graph\":[{\"@type\":\"WebPage\",\"@id\":\"https:\\\/\\\/decomat.com\\\/es\\\/decoracion-para-profesionales\\\/domotica\\\/\",\"url\":\"https:\\\/\\\/decomat.com\\\/es\\\/decoracion-para-profesionales\\\/domotica\\\/\",\"name\":\"Dom\u00f3tica - decomat\",\"isPartOf\":{\"@id\":\"https:\\\/\\\/decomat.com\\\/ca\\\/#website\"},\"datePublished\":\"2012-04-04T16:53:45+00:00\",\"dateModified\":\"2017-04-08T17:05:32+00:00\",\"breadcrumb\":{\"@id\":\"https:\\\/\\\/decomat.com\\\/es\\\/decoracion-para-profesionales\\\/domotica\\\/#breadcrumb\"},\"inLanguage\":\"es\",\"potentialAction\":[{\"@type\":\"ReadAction\",\"target\":[\"https:\\\/\\\/decomat.com\\\/es\\\/decoracion-para-profesionales\\\/domotica\\\/\"]}]},{\"@type\":\"BreadcrumbList\",\"@id\":\"https:\\\/\\\/decomat.com\\\/es\\\/decoracion-para-profesionales\\\/domotica\\\/#breadcrumb\",\"itemListElement\":[{\"@type\":\"ListItem\",\"position\":1,\"name\":\"Portada\",\"item\":\"https:\\\/\\\/decomat.com\\\/ca\\\/\"},{\"@type\":\"ListItem\",\"position\":2,\"name\":\"Professional\",\"item\":\"https:\\\/\\\/decomat.com\\\/ca\\\/decoracion-para-profesionales\\\/\"},{\"@type\":\"ListItem\",\"position\":3,\"name\":\"Dom\u00f3tica\"}]},{\"@type\":\"WebSite\",\"@id\":\"https:\\\/\\\/decomat.com\\\/ca\\\/#website\",\"url\":\"https:\\\/\\\/decomat.com\\\/ca\\\/\",\"name\":\"decomat\",\"description\":\"Material decoraci\u00f3n\",\"potentialAction\":[{\"@type\":\"SearchAction\",\"target\":{\"@type\":\"EntryPoint\",\"urlTemplate\":\"https:\\\/\\\/decomat.com\\\/ca\\\/?s={search_term_string}\"},\"query-input\":{\"@type\":\"PropertyValueSpecification\",\"valueRequired\":true,\"valueName\":\"search_term_string\"}}],\"inLanguage\":\"es\"}]}<\/script>\n<!-- \/ Yoast SEO plugin. -->","yoast_head_json":{"title":"Dom\u00f3tica - decomat","robots":{"index":"index","follow":"follow","max-snippet":"max-snippet:-1","max-image-preview":"max-image-preview:large","max-video-preview":"max-video-preview:-1"},"canonical":"https:\/\/decomat.com\/es\/decoracion-para-profesionales\/domotica\/","og_locale":"es_ES","og_type":"article","og_title":"Dom\u00f3tica - decomat","og_description":"Dom\u00f3tica La\u00a0dom\u00f3tica\u00a0se aplica con el objectivo\u00a0de obtener\u00a0bienestar, seguridad y comunicaciones. Tambi\u00e9n para ahorrar en consumos tanto de energia (gas, electricidad, renovables&#8230;) como de agua. El\u00a0resultado de aplicar la\u00a0dom\u00f3tica\u00a0 en viviendas es que los edificios se convierten en inteligentes, ya que los aparatos de la dom\u00f3tica permiten que decisiones con \u00a0los objetivos citados anteriormente se apliquen [&hellip;]","og_url":"https:\/\/decomat.com\/es\/decoracion-para-profesionales\/domotica\/","og_site_name":"decomat","article_modified_time":"2017-04-08T17:05:32+00:00","twitter_card":"summary_large_image","twitter_misc":{"Tiempo de lectura":"3 minutos"},"schema":{"@context":"https:\/\/schema.org","@graph":[{"@type":"WebPage","@id":"https:\/\/decomat.com\/es\/decoracion-para-profesionales\/domotica\/","url":"https:\/\/decomat.com\/es\/decoracion-para-profesionales\/domotica\/","name":"Dom\u00f3tica - decomat","isPartOf":{"@id":"https:\/\/decomat.com\/ca\/#website"},"datePublished":"2012-04-04T16:53:45+00:00","dateModified":"2017-04-08T17:05:32+00:00","breadcrumb":{"@id":"https:\/\/decomat.com\/es\/decoracion-para-profesionales\/domotica\/#breadcrumb"},"inLanguage":"es","potentialAction":[{"@type":"ReadAction","target":["https:\/\/decomat.com\/es\/decoracion-para-profesionales\/domotica\/"]}]},{"@type":"BreadcrumbList","@id":"https:\/\/decomat.com\/es\/decoracion-para-profesionales\/domotica\/#breadcrumb","itemListElement":[{"@type":"ListItem","position":1,"name":"Portada","item":"https:\/\/decomat.com\/ca\/"},{"@type":"ListItem","position":2,"name":"Professional","item":"https:\/\/decomat.com\/ca\/decoracion-para-profesionales\/"},{"@type":"ListItem","position":3,"name":"Dom\u00f3tica"}]},{"@type":"WebSite","@id":"https:\/\/decomat.com\/ca\/#website","url":"https:\/\/decomat.com\/ca\/","name":"decomat","description":"Material decoraci\u00f3n","potentialAction":[{"@type":"SearchAction","target":{"@type":"EntryPoint","urlTemplate":"https:\/\/decomat.com\/ca\/?s={search_term_string}"},"query-input":{"@type":"PropertyValueSpecification","valueRequired":true,"valueName":"search_term_string"}}],"inLanguage":"es"}]}},"_links":{"self":[{"href":"https:\/\/decomat.com\/es\/wp-json\/wp\/v2\/pages\/666","targetHints":{"allow":["GET"]}}],"collection":[{"href":"https:\/\/decomat.com\/es\/wp-json\/wp\/v2\/pages"}],"about":[{"href":"https:\/\/decomat.com\/es\/wp-json\/wp\/v2\/types\/page"}],"author":[{"embeddable":true,"href":"https:\/\/decomat.com\/es\/wp-json\/wp\/v2\/users\/8979"}],"replies":[{"embeddable":true,"href":"https:\/\/decomat.com\/es\/wp-json\/wp\/v2\/comments?post=666"}],"version-history":[{"count":21,"href":"https:\/\/decomat.com\/es\/wp-json\/wp\/v2\/pages\/666\/revisions"}],"predecessor-version":[{"id":6790,"href":"https:\/\/decomat.com\/es\/wp-json\/wp\/v2\/pages\/666\/revisions\/6790"}],"up":[{"embeddable":true,"href":"https:\/\/decomat.com\/es\/wp-json\/wp\/v2\/pages\/780"}],"wp:attachment":[{"href":"https:\/\/decomat.com\/es\/wp-json\/wp\/v2\/media?parent=666"}],"curies":[{"name":"wp","href":"https:\/\/api.w.org\/{rel}","templated":true}]}}