{"id":669,"date":"2012-04-04T16:54:24","date_gmt":"2012-04-04T16:54:24","guid":{"rendered":"http:\/\/www.decomat.com\/?page_id=669"},"modified":"2014-06-27T19:32:41","modified_gmt":"2014-06-27T17:32:41","slug":"muebles-para-el-hogar","status":"publish","type":"page","link":"https:\/\/decomat.com\/es\/hogar\/muebles-para-el-hogar\/","title":{"rendered":"Muebles para el hogar"},"content":{"rendered":"<p><\/p>\n<h1>Muebles para el hogar<\/h1>\n<div id=\"gt-res-content\">\n<div dir=\"ltr\">Disponemos de <strong>muebles para el hogar<\/strong>. \u00a0<a href=\"https:\/\/www.decomat.com\/materiales\/mueble\/segun-estilo\/\">muebles de todos los estilos<\/a>, para su hogar.<\/div>\n<div dir=\"ltr\">\n<p>Muebles para\u00a0<a href=\"https:\/\/www.decomat.com\/materiales\/mueble\/segun-ubicacion\/comedor\/\">salones<\/a>,\u00a0<a href=\"https:\/\/www.decomat.com\/materiales\/mueble\/segun-ubicacion\/comedor\/\">comedores<\/a>, <a href=\"https:\/\/www.decomat.com\/materiales\/mueble\/segun-ubicacion\/comedor\/\">dormitorios<\/a>, Cocina, <a href=\"https:\/\/www.decomat.com\/materiales\/mueble\/segun-ubicacion\/jardin\/\">Mobiliario de jardin<\/a>,<\/p>\n<div dir=\"ltr\">Mantenemos una \u00e1mplia oferta de muebles para el hogar y complementos, modernos y de calidad, siguiendo las \u00faltimas tend\u00e9ncias y ofreciendo el mejor servicio al punto de venta. Con el fin que nuestros clientes hagan de su casa con sus muebles para el hogar, el hogar que imaginan.<\/div>\n<\/div>\n<\/div>\n<p><\/p>","protected":false},"excerpt":{"rendered":"<p>Muebles para el hogar Disponemos de muebles para el hogar. \u00a0muebles de todos los estilos, para su hogar. Muebles para\u00a0salones,\u00a0comedores, dormitorios, Cocina, Mobiliario de jardin, Mantenemos una \u00e1mplia oferta de muebles para el hogar y complementos, modernos y de calidad, siguiendo las \u00faltimas tend\u00e9ncias y ofreciendo el mejor servicio al punto de venta. Con el [&hellip;]<\/p>\n","protected":false},"author":8979,"featured_media":0,"parent":715,"menu_order":2,"comment_status":"open","ping_status":"closed","template":"","meta":{"_monsterinsights_skip_tracking":false,"_monsterinsights_sitenote_active":false,"_monsterinsights_sitenote_note":"","_monsterinsights_sitenote_category":0,"ngg_post_thumbnail":0,"footnotes":""},"class_list":["post-669","page","type-page","status-publish","hentry"],"yoast_head":"<!-- This site is optimized with the Yoast SEO plugin v27.4 - https:\/\/yoast.com\/product\/yoast-seo-wordpress\/ -->\n<title>Muebles para el hogar - decomat<\/title>\n<meta name=\"robots\" content=\"index, follow, max-snippet:-1, max-image-preview:large, max-video-preview:-1\" \/>\n<link rel=\"canonical\" href=\"https:\/\/decomat.com\/es\/hogar\/muebles-para-el-hogar\/\" \/>\n<meta property=\"og:locale\" content=\"es_ES\" \/>\n<meta property=\"og:type\" content=\"article\" \/>\n<meta property=\"og:title\" content=\"Muebles para el hogar - decomat\" \/>\n<meta property=\"og:description\" content=\"Muebles para el hogar Disponemos de muebles para el hogar. \u00a0muebles de todos los estilos, para su hogar. Muebles para\u00a0salones,\u00a0comedores, dormitorios, Cocina, Mobiliario de jardin, Mantenemos una \u00e1mplia oferta de muebles para el hogar y complementos, modernos y de calidad, siguiendo las \u00faltimas tend\u00e9ncias y ofreciendo el mejor servicio al punto de venta. Con el [&hellip;]\" \/>\n<meta property=\"og:url\" content=\"https:\/\/decomat.com\/es\/hogar\/muebles-para-el-hogar\/\" \/>\n<meta property=\"og:site_name\" content=\"decomat\" \/>\n<meta property=\"article:modified_time\" content=\"2014-06-27T17:32:41+00:00\" \/>\n<meta name=\"twitter:card\" content=\"summary_large_image\" \/>\n<meta name=\"twitter:label1\" content=\"Tiempo de lectura\" \/>\n\t<meta name=\"twitter:data1\" content=\"1 minuto\" \/>\n<script type=\"application\/ld+json\" class=\"yoast-schema-graph\">{\"@context\":\"https:\\\/\\\/schema.org\",\"@graph\":[{\"@type\":\"WebPage\",\"@id\":\"https:\\\/\\\/decomat.com\\\/es\\\/hogar\\\/muebles-para-el-hogar\\\/\",\"url\":\"https:\\\/\\\/decomat.com\\\/es\\\/hogar\\\/muebles-para-el-hogar\\\/\",\"name\":\"Muebles para el hogar - decomat\",\"isPartOf\":{\"@id\":\"https:\\\/\\\/decomat.com\\\/ca\\\/#website\"},\"datePublished\":\"2012-04-04T16:54:24+00:00\",\"dateModified\":\"2014-06-27T17:32:41+00:00\",\"breadcrumb\":{\"@id\":\"https:\\\/\\\/decomat.com\\\/es\\\/hogar\\\/muebles-para-el-hogar\\\/#breadcrumb\"},\"inLanguage\":\"es\",\"potentialAction\":[{\"@type\":\"ReadAction\",\"target\":[\"https:\\\/\\\/decomat.com\\\/es\\\/hogar\\\/muebles-para-el-hogar\\\/\"]}]},{\"@type\":\"BreadcrumbList\",\"@id\":\"https:\\\/\\\/decomat.com\\\/es\\\/hogar\\\/muebles-para-el-hogar\\\/#breadcrumb\",\"itemListElement\":[{\"@type\":\"ListItem\",\"position\":1,\"name\":\"Portada\",\"item\":\"https:\\\/\\\/decomat.com\\\/ca\\\/\"},{\"@type\":\"ListItem\",\"position\":2,\"name\":\"Hogar\",\"item\":\"https:\\\/\\\/decomat.com\\\/es\\\/hogar\\\/\"},{\"@type\":\"ListItem\",\"position\":3,\"name\":\"Muebles para el hogar\"}]},{\"@type\":\"WebSite\",\"@id\":\"https:\\\/\\\/decomat.com\\\/ca\\\/#website\",\"url\":\"https:\\\/\\\/decomat.com\\\/ca\\\/\",\"name\":\"decomat\",\"description\":\"Material decoraci\u00f3n\",\"potentialAction\":[{\"@type\":\"SearchAction\",\"target\":{\"@type\":\"EntryPoint\",\"urlTemplate\":\"https:\\\/\\\/decomat.com\\\/ca\\\/?s={search_term_string}\"},\"query-input\":{\"@type\":\"PropertyValueSpecification\",\"valueRequired\":true,\"valueName\":\"search_term_string\"}}],\"inLanguage\":\"es\"}]}<\/script>\n<!-- \/ Yoast SEO plugin. -->","yoast_head_json":{"title":"Muebles para el hogar - decomat","robots":{"index":"index","follow":"follow","max-snippet":"max-snippet:-1","max-image-preview":"max-image-preview:large","max-video-preview":"max-video-preview:-1"},"canonical":"https:\/\/decomat.com\/es\/hogar\/muebles-para-el-hogar\/","og_locale":"es_ES","og_type":"article","og_title":"Muebles para el hogar - decomat","og_description":"Muebles para el hogar Disponemos de muebles para el hogar. \u00a0muebles de todos los estilos, para su hogar. Muebles para\u00a0salones,\u00a0comedores, dormitorios, Cocina, Mobiliario de jardin, Mantenemos una \u00e1mplia oferta de muebles para el hogar y complementos, modernos y de calidad, siguiendo las \u00faltimas tend\u00e9ncias y ofreciendo el mejor servicio al punto de venta. Con el [&hellip;]","og_url":"https:\/\/decomat.com\/es\/hogar\/muebles-para-el-hogar\/","og_site_name":"decomat","article_modified_time":"2014-06-27T17:32:41+00:00","twitter_card":"summary_large_image","twitter_misc":{"Tiempo de lectura":"1 minuto"},"schema":{"@context":"https:\/\/schema.org","@graph":[{"@type":"WebPage","@id":"https:\/\/decomat.com\/es\/hogar\/muebles-para-el-hogar\/","url":"https:\/\/decomat.com\/es\/hogar\/muebles-para-el-hogar\/","name":"Muebles para el hogar - decomat","isPartOf":{"@id":"https:\/\/decomat.com\/ca\/#website"},"datePublished":"2012-04-04T16:54:24+00:00","dateModified":"2014-06-27T17:32:41+00:00","breadcrumb":{"@id":"https:\/\/decomat.com\/es\/hogar\/muebles-para-el-hogar\/#breadcrumb"},"inLanguage":"es","potentialAction":[{"@type":"ReadAction","target":["https:\/\/decomat.com\/es\/hogar\/muebles-para-el-hogar\/"]}]},{"@type":"BreadcrumbList","@id":"https:\/\/decomat.com\/es\/hogar\/muebles-para-el-hogar\/#breadcrumb","itemListElement":[{"@type":"ListItem","position":1,"name":"Portada","item":"https:\/\/decomat.com\/ca\/"},{"@type":"ListItem","position":2,"name":"Hogar","item":"https:\/\/decomat.com\/es\/hogar\/"},{"@type":"ListItem","position":3,"name":"Muebles para el hogar"}]},{"@type":"WebSite","@id":"https:\/\/decomat.com\/ca\/#website","url":"https:\/\/decomat.com\/ca\/","name":"decomat","description":"Material decoraci\u00f3n","potentialAction":[{"@type":"SearchAction","target":{"@type":"EntryPoint","urlTemplate":"https:\/\/decomat.com\/ca\/?s={search_term_string}"},"query-input":{"@type":"PropertyValueSpecification","valueRequired":true,"valueName":"search_term_string"}}],"inLanguage":"es"}]}},"_links":{"self":[{"href":"https:\/\/decomat.com\/es\/wp-json\/wp\/v2\/pages\/669","targetHints":{"allow":["GET"]}}],"collection":[{"href":"https:\/\/decomat.com\/es\/wp-json\/wp\/v2\/pages"}],"about":[{"href":"https:\/\/decomat.com\/es\/wp-json\/wp\/v2\/types\/page"}],"author":[{"embeddable":true,"href":"https:\/\/decomat.com\/es\/wp-json\/wp\/v2\/users\/8979"}],"replies":[{"embeddable":true,"href":"https:\/\/decomat.com\/es\/wp-json\/wp\/v2\/comments?post=669"}],"version-history":[{"count":12,"href":"https:\/\/decomat.com\/es\/wp-json\/wp\/v2\/pages\/669\/revisions"}],"predecessor-version":[{"id":5690,"href":"https:\/\/decomat.com\/es\/wp-json\/wp\/v2\/pages\/669\/revisions\/5690"}],"up":[{"embeddable":true,"href":"https:\/\/decomat.com\/es\/wp-json\/wp\/v2\/pages\/715"}],"wp:attachment":[{"href":"https:\/\/decomat.com\/es\/wp-json\/wp\/v2\/media?parent=669"}],"curies":[{"name":"wp","href":"https:\/\/api.w.org\/{rel}","templated":true}]}}