{"id":671,"date":"2012-04-04T16:54:36","date_gmt":"2012-04-04T16:54:36","guid":{"rendered":"http:\/\/www.decomat.com\/?page_id=671"},"modified":"2017-08-16T18:49:26","modified_gmt":"2017-08-16T16:49:26","slug":"iluminacion-para-el-hogar","status":"publish","type":"page","link":"https:\/\/decomat.com\/es\/hogar\/iluminacion-para-el-hogar\/","title":{"rendered":"Iluminaci\u00f3n para el hogar"},"content":{"rendered":"<h1>Iluminaci\u00f3n para el hogar<\/h1>\n<p><a class=\"custom-frame frame-shadow\" style=\"display: inline !important;\" href=\"https:\/\/www.decomat.com\/wp-content\/uploads\/2012\/04\/lluminteriorexterior.gif\"><img loading=\"lazy\" decoding=\"async\" class=\"alignnone wp-image-6759 size-medium\" title=\"Il\u00b7luminaci\u00f3 interior exterior llar\" src=\"https:\/\/www.decomat.com\/wp-content\/uploads\/2012\/04\/lluminteriorexterior-300x149.gif\" alt=\"lluminteriorexterior\" width=\"300\" height=\"149\" srcset=\"https:\/\/decomat.com\/wp-content\/uploads\/2012\/04\/lluminteriorexterior-300x149.gif 300w, https:\/\/decomat.com\/wp-content\/uploads\/2012\/04\/lluminteriorexterior-768x382.gif 768w, https:\/\/decomat.com\/wp-content\/uploads\/2012\/04\/lluminteriorexterior-330x164.gif 330w, https:\/\/decomat.com\/wp-content\/uploads\/2012\/04\/lluminteriorexterior-600x300.gif 600w, https:\/\/decomat.com\/wp-content\/uploads\/2012\/04\/lluminteriorexterior-736x366.gif 736w, https:\/\/decomat.com\/wp-content\/uploads\/2012\/04\/lluminteriorexterior-414x206.gif 414w\" sizes=\"auto, (max-width: 300px) 100vw, 300px\" \/><\/a><\/p>\n<p>Disponemos de una gama de todo tipo de luces e iluminaci\u00f3n para el hogar de interior y &nbsp;de exterior: luz colgante, apliques, paneles, luz de sobremesa, luz de pie, luz de pinza, luz articulada, luz nocturna, downlights, ojo de buey, focos, luz de jard\u00edn. Todos&nbsp;los nuestros productos cumplen las normativas vigentes en iluminaci\u00f3n para el hogar.<\/p>\n<p>Proyectamos la iluminaci\u00f3n para el hogar con marcas como WEVER &amp; DUCR\u00c9, IGUZZINI, LAMP, ERCO, AQUA, BOVER, ARTEMIDE y un largo etc.<\/p>\n<p>Solucionamos cualquier necesidad en tecnologias relacionadas con la <a href=\"https:\/\/www.decomat.com\/materiales\/luz\/\">iluminaci\u00f3n&nbsp;<\/a>como, la fibra \u00f3ptica, el led, la <a href=\"https:\/\/www.decomat.com\/profesionales\/domotica\/\">Dom\u00f3tica<\/a> (control de luz), campo en que distribuimos la marca DOMINTELL.","protected":false},"excerpt":{"rendered":"<p>Iluminaci\u00f3n para el hogar Disponemos de una gama de todo tipo de luces e iluminaci\u00f3n para el hogar de interior y &nbsp;de exterior: luz colgante, apliques, paneles, luz de sobremesa, luz de pie, luz de pinza, luz articulada, luz nocturna, downlights, ojo de buey, focos, luz de jard\u00edn. Todos&nbsp;los nuestros productos cumplen las normativas vigentes [&hellip;]<\/p>\n","protected":false},"author":8979,"featured_media":0,"parent":715,"menu_order":2,"comment_status":"open","ping_status":"closed","template":"","meta":{"_monsterinsights_skip_tracking":false,"_monsterinsights_sitenote_active":false,"_monsterinsights_sitenote_note":"","_monsterinsights_sitenote_category":0,"ngg_post_thumbnail":0,"footnotes":""},"class_list":["post-671","page","type-page","status-publish","hentry"],"yoast_head":"<!-- This site is optimized with the Yoast SEO plugin v27.4 - https:\/\/yoast.com\/product\/yoast-seo-wordpress\/ -->\n<title>Iluminaci\u00f3n para el hogar - decomat<\/title>\n<meta name=\"robots\" content=\"index, follow, max-snippet:-1, max-image-preview:large, max-video-preview:-1\" \/>\n<link rel=\"canonical\" href=\"https:\/\/decomat.com\/es\/hogar\/iluminacion-para-el-hogar\/\" \/>\n<meta property=\"og:locale\" content=\"es_ES\" \/>\n<meta property=\"og:type\" content=\"article\" \/>\n<meta property=\"og:title\" content=\"Iluminaci\u00f3n para el hogar - decomat\" \/>\n<meta property=\"og:description\" content=\"Iluminaci\u00f3n para el hogar Disponemos de una gama de todo tipo de luces e iluminaci\u00f3n para el hogar de interior y &nbsp;de exterior: luz colgante, apliques, paneles, luz de sobremesa, luz de pie, luz de pinza, luz articulada, luz nocturna, downlights, ojo de buey, focos, luz de jard\u00edn. Todos&nbsp;los nuestros productos cumplen las normativas vigentes [&hellip;]\" \/>\n<meta property=\"og:url\" content=\"https:\/\/decomat.com\/es\/hogar\/iluminacion-para-el-hogar\/\" \/>\n<meta property=\"og:site_name\" content=\"decomat\" \/>\n<meta property=\"article:modified_time\" content=\"2017-08-16T16:49:26+00:00\" \/>\n<meta property=\"og:image\" content=\"https:\/\/decomat.com\/wp-content\/uploads\/2012\/04\/lluminteriorexterior.gif\" \/>\n\t<meta property=\"og:image:width\" content=\"798\" \/>\n\t<meta property=\"og:image:height\" content=\"397\" \/>\n\t<meta property=\"og:image:type\" content=\"image\/gif\" \/>\n<meta name=\"twitter:card\" content=\"summary_large_image\" \/>\n<meta name=\"twitter:label1\" content=\"Tiempo de lectura\" \/>\n\t<meta name=\"twitter:data1\" content=\"1 minuto\" \/>\n<script type=\"application\/ld+json\" class=\"yoast-schema-graph\">{\"@context\":\"https:\\\/\\\/schema.org\",\"@graph\":[{\"@type\":\"WebPage\",\"@id\":\"https:\\\/\\\/decomat.com\\\/es\\\/hogar\\\/iluminacion-para-el-hogar\\\/\",\"url\":\"https:\\\/\\\/decomat.com\\\/es\\\/hogar\\\/iluminacion-para-el-hogar\\\/\",\"name\":\"Iluminaci\u00f3n para el hogar - decomat\",\"isPartOf\":{\"@id\":\"https:\\\/\\\/decomat.com\\\/ca\\\/#website\"},\"primaryImageOfPage\":{\"@id\":\"https:\\\/\\\/decomat.com\\\/es\\\/hogar\\\/iluminacion-para-el-hogar\\\/#primaryimage\"},\"image\":{\"@id\":\"https:\\\/\\\/decomat.com\\\/es\\\/hogar\\\/iluminacion-para-el-hogar\\\/#primaryimage\"},\"thumbnailUrl\":\"https:\\\/\\\/www.decomat.com\\\/wp-content\\\/uploads\\\/2012\\\/04\\\/lluminteriorexterior-300x149.gif\",\"datePublished\":\"2012-04-04T16:54:36+00:00\",\"dateModified\":\"2017-08-16T16:49:26+00:00\",\"breadcrumb\":{\"@id\":\"https:\\\/\\\/decomat.com\\\/es\\\/hogar\\\/iluminacion-para-el-hogar\\\/#breadcrumb\"},\"inLanguage\":\"es\",\"potentialAction\":[{\"@type\":\"ReadAction\",\"target\":[\"https:\\\/\\\/decomat.com\\\/es\\\/hogar\\\/iluminacion-para-el-hogar\\\/\"]}]},{\"@type\":\"ImageObject\",\"inLanguage\":\"es\",\"@id\":\"https:\\\/\\\/decomat.com\\\/es\\\/hogar\\\/iluminacion-para-el-hogar\\\/#primaryimage\",\"url\":\"https:\\\/\\\/www.decomat.com\\\/wp-content\\\/uploads\\\/2012\\\/04\\\/lluminteriorexterior-300x149.gif\",\"contentUrl\":\"https:\\\/\\\/www.decomat.com\\\/wp-content\\\/uploads\\\/2012\\\/04\\\/lluminteriorexterior-300x149.gif\"},{\"@type\":\"BreadcrumbList\",\"@id\":\"https:\\\/\\\/decomat.com\\\/es\\\/hogar\\\/iluminacion-para-el-hogar\\\/#breadcrumb\",\"itemListElement\":[{\"@type\":\"ListItem\",\"position\":1,\"name\":\"Portada\",\"item\":\"https:\\\/\\\/decomat.com\\\/ca\\\/\"},{\"@type\":\"ListItem\",\"position\":2,\"name\":\"Hogar\",\"item\":\"https:\\\/\\\/decomat.com\\\/es\\\/hogar\\\/\"},{\"@type\":\"ListItem\",\"position\":3,\"name\":\"Iluminaci\u00f3n para el hogar\"}]},{\"@type\":\"WebSite\",\"@id\":\"https:\\\/\\\/decomat.com\\\/ca\\\/#website\",\"url\":\"https:\\\/\\\/decomat.com\\\/ca\\\/\",\"name\":\"decomat\",\"description\":\"Material decoraci\u00f3n\",\"potentialAction\":[{\"@type\":\"SearchAction\",\"target\":{\"@type\":\"EntryPoint\",\"urlTemplate\":\"https:\\\/\\\/decomat.com\\\/ca\\\/?s={search_term_string}\"},\"query-input\":{\"@type\":\"PropertyValueSpecification\",\"valueRequired\":true,\"valueName\":\"search_term_string\"}}],\"inLanguage\":\"es\"}]}<\/script>\n<!-- \/ Yoast SEO plugin. -->","yoast_head_json":{"title":"Iluminaci\u00f3n para el hogar - decomat","robots":{"index":"index","follow":"follow","max-snippet":"max-snippet:-1","max-image-preview":"max-image-preview:large","max-video-preview":"max-video-preview:-1"},"canonical":"https:\/\/decomat.com\/es\/hogar\/iluminacion-para-el-hogar\/","og_locale":"es_ES","og_type":"article","og_title":"Iluminaci\u00f3n para el hogar - decomat","og_description":"Iluminaci\u00f3n para el hogar Disponemos de una gama de todo tipo de luces e iluminaci\u00f3n para el hogar de interior y &nbsp;de exterior: luz colgante, apliques, paneles, luz de sobremesa, luz de pie, luz de pinza, luz articulada, luz nocturna, downlights, ojo de buey, focos, luz de jard\u00edn. Todos&nbsp;los nuestros productos cumplen las normativas vigentes [&hellip;]","og_url":"https:\/\/decomat.com\/es\/hogar\/iluminacion-para-el-hogar\/","og_site_name":"decomat","article_modified_time":"2017-08-16T16:49:26+00:00","og_image":[{"width":798,"height":397,"url":"https:\/\/decomat.com\/wp-content\/uploads\/2012\/04\/lluminteriorexterior.gif","type":"image\/gif"}],"twitter_card":"summary_large_image","twitter_misc":{"Tiempo de lectura":"1 minuto"},"schema":{"@context":"https:\/\/schema.org","@graph":[{"@type":"WebPage","@id":"https:\/\/decomat.com\/es\/hogar\/iluminacion-para-el-hogar\/","url":"https:\/\/decomat.com\/es\/hogar\/iluminacion-para-el-hogar\/","name":"Iluminaci\u00f3n para el hogar - decomat","isPartOf":{"@id":"https:\/\/decomat.com\/ca\/#website"},"primaryImageOfPage":{"@id":"https:\/\/decomat.com\/es\/hogar\/iluminacion-para-el-hogar\/#primaryimage"},"image":{"@id":"https:\/\/decomat.com\/es\/hogar\/iluminacion-para-el-hogar\/#primaryimage"},"thumbnailUrl":"https:\/\/www.decomat.com\/wp-content\/uploads\/2012\/04\/lluminteriorexterior-300x149.gif","datePublished":"2012-04-04T16:54:36+00:00","dateModified":"2017-08-16T16:49:26+00:00","breadcrumb":{"@id":"https:\/\/decomat.com\/es\/hogar\/iluminacion-para-el-hogar\/#breadcrumb"},"inLanguage":"es","potentialAction":[{"@type":"ReadAction","target":["https:\/\/decomat.com\/es\/hogar\/iluminacion-para-el-hogar\/"]}]},{"@type":"ImageObject","inLanguage":"es","@id":"https:\/\/decomat.com\/es\/hogar\/iluminacion-para-el-hogar\/#primaryimage","url":"https:\/\/www.decomat.com\/wp-content\/uploads\/2012\/04\/lluminteriorexterior-300x149.gif","contentUrl":"https:\/\/www.decomat.com\/wp-content\/uploads\/2012\/04\/lluminteriorexterior-300x149.gif"},{"@type":"BreadcrumbList","@id":"https:\/\/decomat.com\/es\/hogar\/iluminacion-para-el-hogar\/#breadcrumb","itemListElement":[{"@type":"ListItem","position":1,"name":"Portada","item":"https:\/\/decomat.com\/ca\/"},{"@type":"ListItem","position":2,"name":"Hogar","item":"https:\/\/decomat.com\/es\/hogar\/"},{"@type":"ListItem","position":3,"name":"Iluminaci\u00f3n para el hogar"}]},{"@type":"WebSite","@id":"https:\/\/decomat.com\/ca\/#website","url":"https:\/\/decomat.com\/ca\/","name":"decomat","description":"Material decoraci\u00f3n","potentialAction":[{"@type":"SearchAction","target":{"@type":"EntryPoint","urlTemplate":"https:\/\/decomat.com\/ca\/?s={search_term_string}"},"query-input":{"@type":"PropertyValueSpecification","valueRequired":true,"valueName":"search_term_string"}}],"inLanguage":"es"}]}},"_links":{"self":[{"href":"https:\/\/decomat.com\/es\/wp-json\/wp\/v2\/pages\/671","targetHints":{"allow":["GET"]}}],"collection":[{"href":"https:\/\/decomat.com\/es\/wp-json\/wp\/v2\/pages"}],"about":[{"href":"https:\/\/decomat.com\/es\/wp-json\/wp\/v2\/types\/page"}],"author":[{"embeddable":true,"href":"https:\/\/decomat.com\/es\/wp-json\/wp\/v2\/users\/8979"}],"replies":[{"embeddable":true,"href":"https:\/\/decomat.com\/es\/wp-json\/wp\/v2\/comments?post=671"}],"version-history":[{"count":25,"href":"https:\/\/decomat.com\/es\/wp-json\/wp\/v2\/pages\/671\/revisions"}],"predecessor-version":[{"id":6761,"href":"https:\/\/decomat.com\/es\/wp-json\/wp\/v2\/pages\/671\/revisions\/6761"}],"up":[{"embeddable":true,"href":"https:\/\/decomat.com\/es\/wp-json\/wp\/v2\/pages\/715"}],"wp:attachment":[{"href":"https:\/\/decomat.com\/es\/wp-json\/wp\/v2\/media?parent=671"}],"curies":[{"name":"wp","href":"https:\/\/api.w.org\/{rel}","templated":true}]}}