{"id":712,"date":"2012-04-06T09:05:46","date_gmt":"2012-04-06T09:05:46","guid":{"rendered":"http:\/\/www.decomat.com\/?page_id=712"},"modified":"2017-08-16T18:58:52","modified_gmt":"2017-08-16T16:58:52","slug":"comunidades","status":"publish","type":"page","link":"https:\/\/decomat.com\/es\/comunidades\/","title":{"rendered":"Comunidades"},"content":{"rendered":"<h1>Comunidades<\/h1>\n<p><a class=\"custom-frame alignleft frame-shadow\" style=\"display: inline !important;\" href=\"https:\/\/www.decomat.com\/wp-content\/uploads\/2012\/04\/botonsascensor.jpg\"><img loading=\"lazy\" decoding=\"async\" class=\"alignnone wp-image-6704 size-full\" title=\"Llar\" src=\"https:\/\/www.decomat.com\/wp-content\/uploads\/2012\/04\/botonsascensor.jpg\" alt=\"botons ascensor\" width=\"275\" height=\"183\" srcset=\"https:\/\/decomat.com\/wp-content\/uploads\/2012\/04\/botonsascensor.jpg 275w, https:\/\/decomat.com\/wp-content\/uploads\/2012\/04\/botonsascensor-150x100.jpg 150w\" sizes=\"auto, (max-width: 275px) 100vw, 275px\" \/><\/a><br \/>\nPara mejorar el aspecto de los buzones, la pintura de las paredes de las escaleras, las l\u00e1mparas, o las alfombra del portal de su casa, en decomat encontrar\u00e0 las mejores soluciones para ello. Sin duda, las zonas de acceso a una vivienda son lugares muy significativos, que tambi\u00e9n forman parte de la imagen de nuestra propia vivienda<\/p>\n<p>&nbsp;<\/p>\n<p>&nbsp;<\/p>\n<p><a href=\"https:\/\/www.decomat.com\/wp-content\/uploads\/2012\/04\/escala.png\"><img loading=\"lazy\" decoding=\"async\" class=\"size-full wp-image-6705 alignleft\" src=\"https:\/\/www.decomat.com\/wp-content\/uploads\/2012\/04\/escala.png\" alt=\"escala\" width=\"276\" height=\"183\" srcset=\"https:\/\/decomat.com\/wp-content\/uploads\/2012\/04\/escala.png 276w, https:\/\/decomat.com\/wp-content\/uploads\/2012\/04\/escala-150x100.png 150w\" sizes=\"auto, (max-width: 276px) 100vw, 276px\" \/><\/a>Modificar <strong>zonas comunes<\/strong> de una finca (portal, escaleras, patio interior, ascensor, etc.) o mejorarlas (<em>mejorar la iluminaci\u00f3n del patio de luces interior con espejos reflejantes)<\/em> requiere una serie de actuaciones acorde con la normativa vigente, y merece la pena buscar el camino m\u00e1s r\u00e1pido y eficaz para evitar discusiones interminables entre los vecinos.<\/p>\n<p>&nbsp;<\/p>\n<p>&nbsp;<\/p>\n<p>&nbsp;<\/p>\n<p>Cualquier modificaci\u00f3n en la finca, debe hacerse dentro del marco de la <a title=\"Ley de Propiedad Horizontal\" href=\"http:\/\/www.boe.es\/boe\/dias\/1999\/04\/08\/pdfs\/A13104-13112.pdf\" target=\"_blank\">Ley de Propiedad Horizontal<\/a>. El primer paso, es plantear el deseo de realizar mejoras en las <strong>zonas comunes<\/strong> ante la <strong>Junta de Vecinos<\/strong>. En dicha Junta se decidir\u00e1 la manera de llevar a cabo los cambios.<\/p>\n<p>Una de las formas m\u00e1s pr\u00e1cticas para llevar a cabo este tipo de tareas, es crear una <strong>Comisi\u00f3n especial<\/strong> que se encargue de ellas. Dicha Comisi\u00f3n, formada por aquellos vecinos interesados en el tema, ser\u00e1 la responsable de buscar informaci\u00f3n y presentarla al resto de vecinos en forma de proyectos presupuestados.<\/p>\n<p><a href=\"https:\/\/www.decomat.com\/wp-content\/uploads\/2012\/04\/portalcontemporani.jpg\"><img loading=\"lazy\" decoding=\"async\" class=\" wp-image-6709\" src=\"https:\/\/www.decomat.com\/wp-content\/uploads\/2012\/04\/portalcontemporani-300x225.jpg\" alt=\"\" width=\"257\" height=\"193\" srcset=\"https:\/\/decomat.com\/wp-content\/uploads\/2012\/04\/portalcontemporani-300x225.jpg 300w, https:\/\/decomat.com\/wp-content\/uploads\/2012\/04\/portalcontemporani.jpg 320w\" sizes=\"auto, (max-width: 257px) 100vw, 257px\" \/><\/a>&nbsp; &nbsp; &nbsp; &nbsp; &nbsp; &nbsp;<a href=\"https:\/\/www.decomat.com\/wp-content\/uploads\/2012\/04\/busties.jpg\"><img loading=\"lazy\" decoding=\"async\" class=\"alignnone size-full wp-image-6712\" src=\"https:\/\/www.decomat.com\/wp-content\/uploads\/2012\/04\/busties.jpg\" alt=\"\" width=\"275\" height=\"183\" srcset=\"https:\/\/decomat.com\/wp-content\/uploads\/2012\/04\/busties.jpg 275w, https:\/\/decomat.com\/wp-content\/uploads\/2012\/04\/busties-150x100.jpg 150w\" sizes=\"auto, (max-width: 275px) 100vw, 275px\" \/><\/a><a href=\"https:\/\/www.decomat.com\/wp-content\/uploads\/2012\/04\/portalclassic.jpg\"><img loading=\"lazy\" decoding=\"async\" class=\"size-full wp-image-6708 alignright\" src=\"https:\/\/www.decomat.com\/wp-content\/uploads\/2012\/04\/portalclassic.jpg\" alt=\"\" width=\"275\" height=\"183\" srcset=\"https:\/\/decomat.com\/wp-content\/uploads\/2012\/04\/portalclassic.jpg 275w, https:\/\/decomat.com\/wp-content\/uploads\/2012\/04\/portalclassic-150x100.jpg 150w\" sizes=\"auto, (max-width: 275px) 100vw, 275px\" \/><\/a><\/p>\n<p>&nbsp;<\/p>\n<h1>&nbsp;<\/h1>\n<p>&nbsp;<br \/>\n&nbsp;<\/p>\n<p>&nbsp;<\/p>\n<p>&nbsp;<\/p>\n<p>&nbsp;","protected":false},"excerpt":{"rendered":"<p>Comunidades Para mejorar el aspecto de los buzones, la pintura de las paredes de las escaleras, las l\u00e1mparas, o las alfombra del portal de su casa, en decomat encontrar\u00e0 las mejores soluciones para ello. Sin duda, las zonas de acceso a una vivienda son lugares muy significativos, que tambi\u00e9n forman parte de la imagen de [&hellip;]<\/p>\n","protected":false},"author":8979,"featured_media":0,"parent":0,"menu_order":25,"comment_status":"open","ping_status":"closed","template":"","meta":{"_monsterinsights_skip_tracking":false,"_monsterinsights_sitenote_active":false,"_monsterinsights_sitenote_note":"","_monsterinsights_sitenote_category":0,"ngg_post_thumbnail":0,"footnotes":""},"class_list":["post-712","page","type-page","status-publish","hentry"],"yoast_head":"<!-- This site is optimized with the Yoast SEO plugin v27.3 - https:\/\/yoast.com\/product\/yoast-seo-wordpress\/ -->\n<title>Comunidades - decomat<\/title>\n<meta name=\"robots\" content=\"index, follow, max-snippet:-1, max-image-preview:large, max-video-preview:-1\" \/>\n<link rel=\"canonical\" href=\"https:\/\/decomat.com\/es\/comunidades\/\" \/>\n<meta property=\"og:locale\" content=\"es_ES\" \/>\n<meta property=\"og:type\" content=\"article\" \/>\n<meta property=\"og:title\" content=\"Comunidades - decomat\" \/>\n<meta property=\"og:description\" content=\"Comunidades Para mejorar el aspecto de los buzones, la pintura de las paredes de las escaleras, las l\u00e1mparas, o las alfombra del portal de su casa, en decomat encontrar\u00e0 las mejores soluciones para ello. Sin duda, las zonas de acceso a una vivienda son lugares muy significativos, que tambi\u00e9n forman parte de la imagen de [&hellip;]\" \/>\n<meta property=\"og:url\" content=\"https:\/\/decomat.com\/es\/comunidades\/\" \/>\n<meta property=\"og:site_name\" content=\"decomat\" \/>\n<meta property=\"article:modified_time\" content=\"2017-08-16T16:58:52+00:00\" \/>\n<meta property=\"og:image\" content=\"https:\/\/decomat.com\/wp-content\/uploads\/2012\/04\/botonsascensor.jpg\" \/>\n\t<meta property=\"og:image:width\" content=\"275\" \/>\n\t<meta property=\"og:image:height\" content=\"183\" \/>\n\t<meta property=\"og:image:type\" content=\"image\/jpeg\" \/>\n<meta name=\"twitter:card\" content=\"summary_large_image\" \/>\n<meta name=\"twitter:label1\" content=\"Tiempo de lectura\" \/>\n\t<meta name=\"twitter:data1\" content=\"3 minutos\" \/>\n<script type=\"application\/ld+json\" class=\"yoast-schema-graph\">{\"@context\":\"https:\\\/\\\/schema.org\",\"@graph\":[{\"@type\":\"WebPage\",\"@id\":\"https:\\\/\\\/decomat.com\\\/es\\\/comunidades\\\/\",\"url\":\"https:\\\/\\\/decomat.com\\\/es\\\/comunidades\\\/\",\"name\":\"Comunidades - decomat\",\"isPartOf\":{\"@id\":\"https:\\\/\\\/decomat.com\\\/ca\\\/#website\"},\"primaryImageOfPage\":{\"@id\":\"https:\\\/\\\/decomat.com\\\/es\\\/comunidades\\\/#primaryimage\"},\"image\":{\"@id\":\"https:\\\/\\\/decomat.com\\\/es\\\/comunidades\\\/#primaryimage\"},\"thumbnailUrl\":\"https:\\\/\\\/www.decomat.com\\\/wp-content\\\/uploads\\\/2012\\\/04\\\/botonsascensor.jpg\",\"datePublished\":\"2012-04-06T09:05:46+00:00\",\"dateModified\":\"2017-08-16T16:58:52+00:00\",\"breadcrumb\":{\"@id\":\"https:\\\/\\\/decomat.com\\\/es\\\/comunidades\\\/#breadcrumb\"},\"inLanguage\":\"es\",\"potentialAction\":[{\"@type\":\"ReadAction\",\"target\":[\"https:\\\/\\\/decomat.com\\\/es\\\/comunidades\\\/\"]}]},{\"@type\":\"ImageObject\",\"inLanguage\":\"es\",\"@id\":\"https:\\\/\\\/decomat.com\\\/es\\\/comunidades\\\/#primaryimage\",\"url\":\"https:\\\/\\\/www.decomat.com\\\/wp-content\\\/uploads\\\/2012\\\/04\\\/botonsascensor.jpg\",\"contentUrl\":\"https:\\\/\\\/www.decomat.com\\\/wp-content\\\/uploads\\\/2012\\\/04\\\/botonsascensor.jpg\"},{\"@type\":\"BreadcrumbList\",\"@id\":\"https:\\\/\\\/decomat.com\\\/es\\\/comunidades\\\/#breadcrumb\",\"itemListElement\":[{\"@type\":\"ListItem\",\"position\":1,\"name\":\"Portada\",\"item\":\"https:\\\/\\\/decomat.com\\\/ca\\\/\"},{\"@type\":\"ListItem\",\"position\":2,\"name\":\"Comunidades\"}]},{\"@type\":\"WebSite\",\"@id\":\"https:\\\/\\\/decomat.com\\\/ca\\\/#website\",\"url\":\"https:\\\/\\\/decomat.com\\\/ca\\\/\",\"name\":\"decomat\",\"description\":\"Material decoraci\u00f3n\",\"potentialAction\":[{\"@type\":\"SearchAction\",\"target\":{\"@type\":\"EntryPoint\",\"urlTemplate\":\"https:\\\/\\\/decomat.com\\\/ca\\\/?s={search_term_string}\"},\"query-input\":{\"@type\":\"PropertyValueSpecification\",\"valueRequired\":true,\"valueName\":\"search_term_string\"}}],\"inLanguage\":\"es\"}]}<\/script>\n<!-- \/ Yoast SEO plugin. -->","yoast_head_json":{"title":"Comunidades - decomat","robots":{"index":"index","follow":"follow","max-snippet":"max-snippet:-1","max-image-preview":"max-image-preview:large","max-video-preview":"max-video-preview:-1"},"canonical":"https:\/\/decomat.com\/es\/comunidades\/","og_locale":"es_ES","og_type":"article","og_title":"Comunidades - decomat","og_description":"Comunidades Para mejorar el aspecto de los buzones, la pintura de las paredes de las escaleras, las l\u00e1mparas, o las alfombra del portal de su casa, en decomat encontrar\u00e0 las mejores soluciones para ello. Sin duda, las zonas de acceso a una vivienda son lugares muy significativos, que tambi\u00e9n forman parte de la imagen de [&hellip;]","og_url":"https:\/\/decomat.com\/es\/comunidades\/","og_site_name":"decomat","article_modified_time":"2017-08-16T16:58:52+00:00","og_image":[{"width":275,"height":183,"url":"https:\/\/decomat.com\/wp-content\/uploads\/2012\/04\/botonsascensor.jpg","type":"image\/jpeg"}],"twitter_card":"summary_large_image","twitter_misc":{"Tiempo de lectura":"3 minutos"},"schema":{"@context":"https:\/\/schema.org","@graph":[{"@type":"WebPage","@id":"https:\/\/decomat.com\/es\/comunidades\/","url":"https:\/\/decomat.com\/es\/comunidades\/","name":"Comunidades - decomat","isPartOf":{"@id":"https:\/\/decomat.com\/ca\/#website"},"primaryImageOfPage":{"@id":"https:\/\/decomat.com\/es\/comunidades\/#primaryimage"},"image":{"@id":"https:\/\/decomat.com\/es\/comunidades\/#primaryimage"},"thumbnailUrl":"https:\/\/www.decomat.com\/wp-content\/uploads\/2012\/04\/botonsascensor.jpg","datePublished":"2012-04-06T09:05:46+00:00","dateModified":"2017-08-16T16:58:52+00:00","breadcrumb":{"@id":"https:\/\/decomat.com\/es\/comunidades\/#breadcrumb"},"inLanguage":"es","potentialAction":[{"@type":"ReadAction","target":["https:\/\/decomat.com\/es\/comunidades\/"]}]},{"@type":"ImageObject","inLanguage":"es","@id":"https:\/\/decomat.com\/es\/comunidades\/#primaryimage","url":"https:\/\/www.decomat.com\/wp-content\/uploads\/2012\/04\/botonsascensor.jpg","contentUrl":"https:\/\/www.decomat.com\/wp-content\/uploads\/2012\/04\/botonsascensor.jpg"},{"@type":"BreadcrumbList","@id":"https:\/\/decomat.com\/es\/comunidades\/#breadcrumb","itemListElement":[{"@type":"ListItem","position":1,"name":"Portada","item":"https:\/\/decomat.com\/ca\/"},{"@type":"ListItem","position":2,"name":"Comunidades"}]},{"@type":"WebSite","@id":"https:\/\/decomat.com\/ca\/#website","url":"https:\/\/decomat.com\/ca\/","name":"decomat","description":"Material decoraci\u00f3n","potentialAction":[{"@type":"SearchAction","target":{"@type":"EntryPoint","urlTemplate":"https:\/\/decomat.com\/ca\/?s={search_term_string}"},"query-input":{"@type":"PropertyValueSpecification","valueRequired":true,"valueName":"search_term_string"}}],"inLanguage":"es"}]}},"_links":{"self":[{"href":"https:\/\/decomat.com\/es\/wp-json\/wp\/v2\/pages\/712","targetHints":{"allow":["GET"]}}],"collection":[{"href":"https:\/\/decomat.com\/es\/wp-json\/wp\/v2\/pages"}],"about":[{"href":"https:\/\/decomat.com\/es\/wp-json\/wp\/v2\/types\/page"}],"author":[{"embeddable":true,"href":"https:\/\/decomat.com\/es\/wp-json\/wp\/v2\/users\/8979"}],"replies":[{"embeddable":true,"href":"https:\/\/decomat.com\/es\/wp-json\/wp\/v2\/comments?post=712"}],"version-history":[{"count":43,"href":"https:\/\/decomat.com\/es\/wp-json\/wp\/v2\/pages\/712\/revisions"}],"predecessor-version":[{"id":6720,"href":"https:\/\/decomat.com\/es\/wp-json\/wp\/v2\/pages\/712\/revisions\/6720"}],"wp:attachment":[{"href":"https:\/\/decomat.com\/es\/wp-json\/wp\/v2\/media?parent=712"}],"curies":[{"name":"wp","href":"https:\/\/api.w.org\/{rel}","templated":true}]}}