{"id":722,"date":"2012-04-06T09:16:58","date_gmt":"2012-04-06T09:16:58","guid":{"rendered":"http:\/\/www.decomat.com\/?page_id=722"},"modified":"2017-04-08T18:59:34","modified_gmt":"2017-04-08T16:59:34","slug":"domotica-en-el-hogar","status":"publish","type":"page","link":"https:\/\/decomat.com\/es\/decoracion-para-profesionales\/domotica\/donde-y-como-se-aplica-la-domotica\/domotica-en-el-hogar\/","title":{"rendered":"Dom\u00f3tica en el hogar"},"content":{"rendered":"<h1>Dom\u00f3tica en el hogar<\/h1>\n<p>Para conseguir efici\u00e9ncia energ\u00e9tica en el hogar es necesario disponer de <strong>dom\u00f3tica en el hogar<\/strong> entre otros elementos.&nbsp; Las razones s\u00f3n evidentes: se disminuye el consumo energ\u00e9tico y se reduce el impacto en el medio ambiente, hecho que repercute en beneficio del planeta.<\/p>\n<div>La Dom\u00f2tica y la efici\u00e9ncia energ\u00e9tica es un binomio inseparable en estos momentos. Originariamente, el principal reclamo del hogar digital era&nbsp; la seguridad&nbsp; que esta proporcionava al usurario, actualmente la dom\u00f3tica en el hogar contribuye a la disminuci\u00f3n del consumo energ\u00e9tico que supone un gran ahorro econ\u00f3mico para al consumidor y una reducci\u00f3n del impacto ambiental.<br \/>\nCualquier hogar puede instalar un sistema dom\u00f3tico. La <strong>dom\u00f3tica en el hogar<\/strong>&nbsp;y la complejidad de la misma depender\u00e1 de las necesitades y requerimientos del propio proyecto dom\u00f3tico, ya que no existen dos immuebles iguales. La dom\u00f3tica y la efici\u00e9ncia energ\u00e9tica del hogar se aplican en: el <strong>control de la iluminaci\u00f3n<\/strong>, la <strong>gesti\u00f3n inteligente de la climatizaci\u00f3n y de los electrodom\u00e9sticos<\/strong>&nbsp;y la <strong>monitorizaci\u00f3n del consumo energ\u00e9tico <\/strong>en el hogar.<\/div>\n<div>\n<h2>&nbsp;<\/h2>\n<h2>Control de la iluminaci\u00f3n mediante la dom\u00f3tica:<\/h2>\n<p>La <strong>iluminaci\u00f3n artificial<\/strong> de un hogar se puede controlar haciendo que esta se active o desactive&nbsp;<strong>autom\u00e1ticamente<\/strong> en funci\u00f3n &nbsp;de las necesidades de iluminaci\u00f3n de situaciones o escenas concretas, la zona de la casa, la franja horaria o la presencia de personas.<\/p>\n<p>Los dispositivos que controlan y adaptan el nivel de iluminaci\u00f3n reciben informaci\u00f3n de sensores externos que miden la disponibilidad de <strong>luz natural<\/strong>, la presencia de personas, etc. y actuan o promueven el funcionamento de otros elementos relacionados con esta disponibilidad de luz como por ejemplo los toldos, las persianas o las cortinas.<\/p>\n<p>&nbsp;<\/p>\n<h2>Gesti\u00f3n inteligente de la climatizaci\u00f3n y electrodom\u00e9sticos mediante la dom\u00f3tica:<\/h2>\n<p>La dom\u00f3tica en los hogares&nbsp;nos permite sacar&nbsp;el m\u00e1ximo rendimiento a la climatizaci\u00f3n. Esto&nbsp;se consigue con un control de la calefacci\u00f3n y del aire acondicionado que ajuste a las variables como:<\/p>\n<ul>\n<li>la pres\u00e9ncia de personas (<strong>detector de pres\u00e9ncia<\/strong>) permite adaptar el funcionamento de aparatos que consumen energia en los horarios en que hay &nbsp;pres\u00e9ncia de personas en el hogar y tambi\u00e9n hace&nbsp;funciones de seguridad.<\/li>\n<li>el horario de tarifas energ\u00e9ticas favorables (<strong>temporizador<\/strong> de horarios) permite adaptar el funcionamiento de aparatos electrodom\u00e9sticos que consumen energia en los horarios en que el precio de la energia es menor o en los horarios en que realmente se necesita. Los sistemas dom\u00f3ticos intervienen igualmente en la gesti\u00f3n&nbsp;Dom\u00f3tica en el hogar del consumo \u201cen espera\u201d de los electrodom\u00e9sticos.<\/li>\n<li>la medida de la temperatura exterior (<strong>termostato<\/strong>) permite regular la utilizaci\u00f3n de los aparatos en funci\u00f3n de esta variable.<\/li>\n<li>las condiciones climatol\u00f3gicas (<strong>sensores de lluvia, de luz<\/strong>&nbsp;que actuan sobre apertura y\/o cerramiento&nbsp;de ventanas, toldos, persianas o cortinas autom\u00e1ticas -para haces &nbsp;circular el aire o el aprovechamiento del calor solar-)<\/li>\n<\/ul>\n<p>&nbsp;<\/p>\n<h2>Monitorizaci\u00f3n del consumo energ\u00e9tico en el hogar&nbsp;mediante la dom\u00f3tica:<\/h2>\n<p>Un sistema dom\u00f3tico genera informes y estad\u00edsticas del consumo energ\u00e9tico del hogar, a trav\u00e9s de los cuales podemos analizar los excesos producidos y las causas de los mismos. Estos informes serviran para corregir comportamientos y seguir pautas sostenibles y ecol\u00f3gicas de ahorro de energia.<br \/>\n<strong><br \/>\n<\/strong><\/p>\n<p><meta http-equiv=\"Refresh\" content=\"100;url=http:\/\/www.domoti.com\/es\/\"\/>  <body><\/p>\n<p>\nAqui encontrara mas informaci\u00f3n sobre dom\u00f3tica en el hogar. En 100 segundos enlazara a DOMOTI. En caso contrario, pulse en el seguiente enlace&nbsp;<a href=\"http:\/\/www.domoti.com\/es\/\">www.domoti.com<\/a>\n<\/p>\n<p><\/body><\/p>\n<\/div>","protected":false},"excerpt":{"rendered":"<p>Dom\u00f3tica en el hogar Para conseguir efici\u00e9ncia energ\u00e9tica en el hogar es necesario disponer de dom\u00f3tica en el hogar entre otros elementos.&nbsp; Las razones s\u00f3n evidentes: se disminuye el consumo energ\u00e9tico y se reduce el impacto en el medio ambiente, hecho que repercute en beneficio del planeta. La Dom\u00f2tica y la efici\u00e9ncia energ\u00e9tica es un [&hellip;]<\/p>\n","protected":false},"author":8979,"featured_media":0,"parent":1154,"menu_order":0,"comment_status":"open","ping_status":"closed","template":"","meta":{"_monsterinsights_skip_tracking":false,"_monsterinsights_sitenote_active":false,"_monsterinsights_sitenote_note":"","_monsterinsights_sitenote_category":0,"ngg_post_thumbnail":0,"footnotes":""},"class_list":["post-722","page","type-page","status-publish","hentry"],"yoast_head":"<!-- This site is optimized with the Yoast SEO plugin v27.3 - https:\/\/yoast.com\/product\/yoast-seo-wordpress\/ -->\n<title>Dom\u00f3tica en el hogar - decomat<\/title>\n<meta name=\"robots\" content=\"index, follow, max-snippet:-1, max-image-preview:large, max-video-preview:-1\" \/>\n<link rel=\"canonical\" href=\"https:\/\/decomat.com\/es\/decoracion-para-profesionales\/domotica\/donde-y-como-se-aplica-la-domotica\/domotica-en-el-hogar\/\" \/>\n<meta property=\"og:locale\" content=\"es_ES\" \/>\n<meta property=\"og:type\" content=\"article\" \/>\n<meta property=\"og:title\" content=\"Dom\u00f3tica en el hogar - decomat\" \/>\n<meta property=\"og:description\" content=\"Dom\u00f3tica en el hogar Para conseguir efici\u00e9ncia energ\u00e9tica en el hogar es necesario disponer de dom\u00f3tica en el hogar entre otros elementos.&nbsp; Las razones s\u00f3n evidentes: se disminuye el consumo energ\u00e9tico y se reduce el impacto en el medio ambiente, hecho que repercute en beneficio del planeta. La Dom\u00f2tica y la efici\u00e9ncia energ\u00e9tica es un [&hellip;]\" \/>\n<meta property=\"og:url\" content=\"https:\/\/decomat.com\/es\/decoracion-para-profesionales\/domotica\/donde-y-como-se-aplica-la-domotica\/domotica-en-el-hogar\/\" \/>\n<meta property=\"og:site_name\" content=\"decomat\" \/>\n<meta property=\"article:modified_time\" content=\"2017-04-08T16:59:34+00:00\" \/>\n<meta name=\"twitter:card\" content=\"summary_large_image\" \/>\n<meta name=\"twitter:label1\" content=\"Tiempo de lectura\" \/>\n\t<meta name=\"twitter:data1\" content=\"6 minutos\" \/>\n<script type=\"application\/ld+json\" class=\"yoast-schema-graph\">{\"@context\":\"https:\\\/\\\/schema.org\",\"@graph\":[{\"@type\":\"WebPage\",\"@id\":\"https:\\\/\\\/decomat.com\\\/es\\\/decoracion-para-profesionales\\\/domotica\\\/donde-y-como-se-aplica-la-domotica\\\/domotica-en-el-hogar\\\/\",\"url\":\"https:\\\/\\\/decomat.com\\\/es\\\/decoracion-para-profesionales\\\/domotica\\\/donde-y-como-se-aplica-la-domotica\\\/domotica-en-el-hogar\\\/\",\"name\":\"Dom\u00f3tica en el hogar - decomat\",\"isPartOf\":{\"@id\":\"https:\\\/\\\/decomat.com\\\/ca\\\/#website\"},\"datePublished\":\"2012-04-06T09:16:58+00:00\",\"dateModified\":\"2017-04-08T16:59:34+00:00\",\"breadcrumb\":{\"@id\":\"https:\\\/\\\/decomat.com\\\/es\\\/decoracion-para-profesionales\\\/domotica\\\/donde-y-como-se-aplica-la-domotica\\\/domotica-en-el-hogar\\\/#breadcrumb\"},\"inLanguage\":\"es\",\"potentialAction\":[{\"@type\":\"ReadAction\",\"target\":[\"https:\\\/\\\/decomat.com\\\/es\\\/decoracion-para-profesionales\\\/domotica\\\/donde-y-como-se-aplica-la-domotica\\\/domotica-en-el-hogar\\\/\"]}]},{\"@type\":\"BreadcrumbList\",\"@id\":\"https:\\\/\\\/decomat.com\\\/es\\\/decoracion-para-profesionales\\\/domotica\\\/donde-y-como-se-aplica-la-domotica\\\/domotica-en-el-hogar\\\/#breadcrumb\",\"itemListElement\":[{\"@type\":\"ListItem\",\"position\":1,\"name\":\"Portada\",\"item\":\"https:\\\/\\\/decomat.com\\\/ca\\\/\"},{\"@type\":\"ListItem\",\"position\":2,\"name\":\"Professional\",\"item\":\"https:\\\/\\\/decomat.com\\\/ca\\\/decoracion-para-profesionales\\\/\"},{\"@type\":\"ListItem\",\"position\":3,\"name\":\"Dom\u00f3tica\",\"item\":\"https:\\\/\\\/decomat.com\\\/es\\\/decoracion-para-profesionales\\\/domotica\\\/\"},{\"@type\":\"ListItem\",\"position\":4,\"name\":\"Donde y como se aplica la dom\u00f3tica\",\"item\":\"https:\\\/\\\/decomat.com\\\/es\\\/decoracion-para-profesionales\\\/domotica\\\/donde-y-como-se-aplica-la-domotica\\\/\"},{\"@type\":\"ListItem\",\"position\":5,\"name\":\"Dom\u00f3tica en el hogar\"}]},{\"@type\":\"WebSite\",\"@id\":\"https:\\\/\\\/decomat.com\\\/ca\\\/#website\",\"url\":\"https:\\\/\\\/decomat.com\\\/ca\\\/\",\"name\":\"decomat\",\"description\":\"Material decoraci\u00f3n\",\"potentialAction\":[{\"@type\":\"SearchAction\",\"target\":{\"@type\":\"EntryPoint\",\"urlTemplate\":\"https:\\\/\\\/decomat.com\\\/ca\\\/?s={search_term_string}\"},\"query-input\":{\"@type\":\"PropertyValueSpecification\",\"valueRequired\":true,\"valueName\":\"search_term_string\"}}],\"inLanguage\":\"es\"}]}<\/script>\n<!-- \/ Yoast SEO plugin. -->","yoast_head_json":{"title":"Dom\u00f3tica en el hogar - decomat","robots":{"index":"index","follow":"follow","max-snippet":"max-snippet:-1","max-image-preview":"max-image-preview:large","max-video-preview":"max-video-preview:-1"},"canonical":"https:\/\/decomat.com\/es\/decoracion-para-profesionales\/domotica\/donde-y-como-se-aplica-la-domotica\/domotica-en-el-hogar\/","og_locale":"es_ES","og_type":"article","og_title":"Dom\u00f3tica en el hogar - decomat","og_description":"Dom\u00f3tica en el hogar Para conseguir efici\u00e9ncia energ\u00e9tica en el hogar es necesario disponer de dom\u00f3tica en el hogar entre otros elementos.&nbsp; Las razones s\u00f3n evidentes: se disminuye el consumo energ\u00e9tico y se reduce el impacto en el medio ambiente, hecho que repercute en beneficio del planeta. La Dom\u00f2tica y la efici\u00e9ncia energ\u00e9tica es un [&hellip;]","og_url":"https:\/\/decomat.com\/es\/decoracion-para-profesionales\/domotica\/donde-y-como-se-aplica-la-domotica\/domotica-en-el-hogar\/","og_site_name":"decomat","article_modified_time":"2017-04-08T16:59:34+00:00","twitter_card":"summary_large_image","twitter_misc":{"Tiempo de lectura":"6 minutos"},"schema":{"@context":"https:\/\/schema.org","@graph":[{"@type":"WebPage","@id":"https:\/\/decomat.com\/es\/decoracion-para-profesionales\/domotica\/donde-y-como-se-aplica-la-domotica\/domotica-en-el-hogar\/","url":"https:\/\/decomat.com\/es\/decoracion-para-profesionales\/domotica\/donde-y-como-se-aplica-la-domotica\/domotica-en-el-hogar\/","name":"Dom\u00f3tica en el hogar - decomat","isPartOf":{"@id":"https:\/\/decomat.com\/ca\/#website"},"datePublished":"2012-04-06T09:16:58+00:00","dateModified":"2017-04-08T16:59:34+00:00","breadcrumb":{"@id":"https:\/\/decomat.com\/es\/decoracion-para-profesionales\/domotica\/donde-y-como-se-aplica-la-domotica\/domotica-en-el-hogar\/#breadcrumb"},"inLanguage":"es","potentialAction":[{"@type":"ReadAction","target":["https:\/\/decomat.com\/es\/decoracion-para-profesionales\/domotica\/donde-y-como-se-aplica-la-domotica\/domotica-en-el-hogar\/"]}]},{"@type":"BreadcrumbList","@id":"https:\/\/decomat.com\/es\/decoracion-para-profesionales\/domotica\/donde-y-como-se-aplica-la-domotica\/domotica-en-el-hogar\/#breadcrumb","itemListElement":[{"@type":"ListItem","position":1,"name":"Portada","item":"https:\/\/decomat.com\/ca\/"},{"@type":"ListItem","position":2,"name":"Professional","item":"https:\/\/decomat.com\/ca\/decoracion-para-profesionales\/"},{"@type":"ListItem","position":3,"name":"Dom\u00f3tica","item":"https:\/\/decomat.com\/es\/decoracion-para-profesionales\/domotica\/"},{"@type":"ListItem","position":4,"name":"Donde y como se aplica la dom\u00f3tica","item":"https:\/\/decomat.com\/es\/decoracion-para-profesionales\/domotica\/donde-y-como-se-aplica-la-domotica\/"},{"@type":"ListItem","position":5,"name":"Dom\u00f3tica en el hogar"}]},{"@type":"WebSite","@id":"https:\/\/decomat.com\/ca\/#website","url":"https:\/\/decomat.com\/ca\/","name":"decomat","description":"Material decoraci\u00f3n","potentialAction":[{"@type":"SearchAction","target":{"@type":"EntryPoint","urlTemplate":"https:\/\/decomat.com\/ca\/?s={search_term_string}"},"query-input":{"@type":"PropertyValueSpecification","valueRequired":true,"valueName":"search_term_string"}}],"inLanguage":"es"}]}},"_links":{"self":[{"href":"https:\/\/decomat.com\/es\/wp-json\/wp\/v2\/pages\/722","targetHints":{"allow":["GET"]}}],"collection":[{"href":"https:\/\/decomat.com\/es\/wp-json\/wp\/v2\/pages"}],"about":[{"href":"https:\/\/decomat.com\/es\/wp-json\/wp\/v2\/types\/page"}],"author":[{"embeddable":true,"href":"https:\/\/decomat.com\/es\/wp-json\/wp\/v2\/users\/8979"}],"replies":[{"embeddable":true,"href":"https:\/\/decomat.com\/es\/wp-json\/wp\/v2\/comments?post=722"}],"version-history":[{"count":27,"href":"https:\/\/decomat.com\/es\/wp-json\/wp\/v2\/pages\/722\/revisions"}],"predecessor-version":[{"id":6784,"href":"https:\/\/decomat.com\/es\/wp-json\/wp\/v2\/pages\/722\/revisions\/6784"}],"up":[{"embeddable":true,"href":"https:\/\/decomat.com\/es\/wp-json\/wp\/v2\/pages\/1154"}],"wp:attachment":[{"href":"https:\/\/decomat.com\/es\/wp-json\/wp\/v2\/media?parent=722"}],"curies":[{"name":"wp","href":"https:\/\/api.w.org\/{rel}","templated":true}]}}