{"id":726,"date":"2012-04-06T09:19:00","date_gmt":"2012-04-06T09:19:00","guid":{"rendered":"http:\/\/www.decomat.com\/?page_id=726"},"modified":"2014-06-29T20:40:11","modified_gmt":"2014-06-29T18:40:11","slug":"iluminacion-para-comunidades","status":"publish","type":"page","link":"https:\/\/decomat.com\/es\/comunidades\/iluminacion-para-comunidades\/","title":{"rendered":"Iluminaci\u00f3n para comunidades"},"content":{"rendered":"<p><\/p>\n<h1>Iluminaci\u00f3n para comunidades<\/h1>\n<p>Balcones, terrazas, jardines, patios de luces, pasadizos, recibidores, todos ellos son elementos comunitarios donde la <strong>iluminaci\u00f3n para comunidades<\/strong>\u00a0es necess\u00e1ria.<\/p>\n<p>Esta iluminaci\u00f3n de zonas comunes de comunidad de propietarios incluye, luces de emerg\u00e9ncia para zonas de comunidad de propietarios, fluorescentes con LED, bombillas LED y tecnologia LED para reducir el consumo energ\u00e9tico.<\/p>\n<p>La utilizaci\u00f3n de <strong>tecnologias eficientes<\/strong> as\u00ed como la <strong>dom\u00f3tica para comunidades<\/strong>\u00a0(combinada con la instalaci\u00f3n de sensores o captadores de informaci\u00f3n \u00a0como temporizadores electronicos o detectores de pres\u00e9ncia que enciendan y apaguen la luz autom\u00e1ticamente) pueden permitir un ahorro en el consumo energ\u00e9tico, reducci\u00f3n de gastos de mantenimiento, mayor vida \u00fatil as\u00ed como un retorno de inversi\u00f3n r\u00e1pido.<\/p>\n<p>Junto con la dom\u00f3tica para comunidad de vecinos, tambi\u00e9n se puede actuar en la iluminaci\u00f3n para comunidades:<\/p>\n<div id=\"tab-iluminacion\">\n<div>\n<ul>\n<li><strong>Sectorizando la iluminaci\u00f3n<\/strong> de las zonas comunes (como por ejemplo:\u00a0 zonas de paso, rellanos, pasadizos, escaleras, armarios, trasteros, etc)<\/li>\n<li><strong>Instalando LED<\/strong>s en garajes donde la factura de la luz acostuma a ser superior al resto del edificio de la comunidad. Los LEDs son las luces mas eficientes que existen en el mercado ya que proporcionan un ahorro de un 80% respecto a las luces incandescentes y tienen una vida \u00fatil superior de mas horas.<\/li>\n<li><strong>Limpiando las luces<\/strong>, de suciedad y polvo, \u00a0ya que esta incide en el rendimento de los mismos.<\/li>\n<\/ul>\n<\/div>\n<\/div>\n<p>Los detectores de pres\u00e9ncia, para iluminar comunidades, deberian de disponer de las caracter\u00edsticas siguientes:<\/p>\n<ul>\n<li>Tecnolog\u00eda de detecci\u00f3n mediante infrarrojos.<\/li>\n<li>Ajustes de temporizaci\u00f3n y sensibilidad lum\u00ednica.<\/li>\n<li>Aptos para todo tipo de l\u00e1mparas (fluorescentes, incandescentes y bajo consumo).<\/li>\n<li>Aguantar directamente la carga sin necesidad de contactores.<\/li>\n<li>No ser inal\u00e1mbricos.<\/li>\n<\/ul>\n<p><\/p>","protected":false},"excerpt":{"rendered":"<p>Iluminaci\u00f3n para comunidades Balcones, terrazas, jardines, patios de luces, pasadizos, recibidores, todos ellos son elementos comunitarios donde la iluminaci\u00f3n para comunidades\u00a0es necess\u00e1ria. Esta iluminaci\u00f3n de zonas comunes de comunidad de propietarios incluye, luces de emerg\u00e9ncia para zonas de comunidad de propietarios, fluorescentes con LED, bombillas LED y tecnologia LED para reducir el consumo energ\u00e9tico. La [&hellip;]<\/p>\n","protected":false},"author":8979,"featured_media":0,"parent":712,"menu_order":0,"comment_status":"open","ping_status":"closed","template":"","meta":{"_monsterinsights_skip_tracking":false,"_monsterinsights_sitenote_active":false,"_monsterinsights_sitenote_note":"","_monsterinsights_sitenote_category":0,"ngg_post_thumbnail":0,"footnotes":""},"class_list":["post-726","page","type-page","status-publish","hentry"],"yoast_head":"<!-- This site is optimized with the Yoast SEO plugin v27.3 - https:\/\/yoast.com\/product\/yoast-seo-wordpress\/ -->\n<title>Iluminaci\u00f3n para comunidades - decomat<\/title>\n<meta name=\"robots\" content=\"index, follow, max-snippet:-1, max-image-preview:large, max-video-preview:-1\" \/>\n<link rel=\"canonical\" href=\"https:\/\/decomat.com\/es\/comunidades\/iluminacion-para-comunidades\/\" \/>\n<meta property=\"og:locale\" content=\"es_ES\" \/>\n<meta property=\"og:type\" content=\"article\" \/>\n<meta property=\"og:title\" content=\"Iluminaci\u00f3n para comunidades - decomat\" \/>\n<meta property=\"og:description\" content=\"Iluminaci\u00f3n para comunidades Balcones, terrazas, jardines, patios de luces, pasadizos, recibidores, todos ellos son elementos comunitarios donde la iluminaci\u00f3n para comunidades\u00a0es necess\u00e1ria. Esta iluminaci\u00f3n de zonas comunes de comunidad de propietarios incluye, luces de emerg\u00e9ncia para zonas de comunidad de propietarios, fluorescentes con LED, bombillas LED y tecnologia LED para reducir el consumo energ\u00e9tico. La [&hellip;]\" \/>\n<meta property=\"og:url\" content=\"https:\/\/decomat.com\/es\/comunidades\/iluminacion-para-comunidades\/\" \/>\n<meta property=\"og:site_name\" content=\"decomat\" \/>\n<meta property=\"article:modified_time\" content=\"2014-06-29T18:40:11+00:00\" \/>\n<meta name=\"twitter:card\" content=\"summary_large_image\" \/>\n<meta name=\"twitter:label1\" content=\"Tiempo de lectura\" \/>\n\t<meta name=\"twitter:data1\" content=\"3 minutos\" \/>\n<script type=\"application\/ld+json\" class=\"yoast-schema-graph\">{\"@context\":\"https:\\\/\\\/schema.org\",\"@graph\":[{\"@type\":\"WebPage\",\"@id\":\"https:\\\/\\\/decomat.com\\\/es\\\/comunidades\\\/iluminacion-para-comunidades\\\/\",\"url\":\"https:\\\/\\\/decomat.com\\\/es\\\/comunidades\\\/iluminacion-para-comunidades\\\/\",\"name\":\"Iluminaci\u00f3n para comunidades - decomat\",\"isPartOf\":{\"@id\":\"https:\\\/\\\/decomat.com\\\/ca\\\/#website\"},\"datePublished\":\"2012-04-06T09:19:00+00:00\",\"dateModified\":\"2014-06-29T18:40:11+00:00\",\"breadcrumb\":{\"@id\":\"https:\\\/\\\/decomat.com\\\/es\\\/comunidades\\\/iluminacion-para-comunidades\\\/#breadcrumb\"},\"inLanguage\":\"es\",\"potentialAction\":[{\"@type\":\"ReadAction\",\"target\":[\"https:\\\/\\\/decomat.com\\\/es\\\/comunidades\\\/iluminacion-para-comunidades\\\/\"]}]},{\"@type\":\"BreadcrumbList\",\"@id\":\"https:\\\/\\\/decomat.com\\\/es\\\/comunidades\\\/iluminacion-para-comunidades\\\/#breadcrumb\",\"itemListElement\":[{\"@type\":\"ListItem\",\"position\":1,\"name\":\"Portada\",\"item\":\"https:\\\/\\\/decomat.com\\\/ca\\\/\"},{\"@type\":\"ListItem\",\"position\":2,\"name\":\"Comunidades\",\"item\":\"https:\\\/\\\/decomat.com\\\/es\\\/comunidades\\\/\"},{\"@type\":\"ListItem\",\"position\":3,\"name\":\"Iluminaci\u00f3n para comunidades\"}]},{\"@type\":\"WebSite\",\"@id\":\"https:\\\/\\\/decomat.com\\\/ca\\\/#website\",\"url\":\"https:\\\/\\\/decomat.com\\\/ca\\\/\",\"name\":\"decomat\",\"description\":\"Material decoraci\u00f3n\",\"potentialAction\":[{\"@type\":\"SearchAction\",\"target\":{\"@type\":\"EntryPoint\",\"urlTemplate\":\"https:\\\/\\\/decomat.com\\\/ca\\\/?s={search_term_string}\"},\"query-input\":{\"@type\":\"PropertyValueSpecification\",\"valueRequired\":true,\"valueName\":\"search_term_string\"}}],\"inLanguage\":\"es\"}]}<\/script>\n<!-- \/ Yoast SEO plugin. -->","yoast_head_json":{"title":"Iluminaci\u00f3n para comunidades - decomat","robots":{"index":"index","follow":"follow","max-snippet":"max-snippet:-1","max-image-preview":"max-image-preview:large","max-video-preview":"max-video-preview:-1"},"canonical":"https:\/\/decomat.com\/es\/comunidades\/iluminacion-para-comunidades\/","og_locale":"es_ES","og_type":"article","og_title":"Iluminaci\u00f3n para comunidades - decomat","og_description":"Iluminaci\u00f3n para comunidades Balcones, terrazas, jardines, patios de luces, pasadizos, recibidores, todos ellos son elementos comunitarios donde la iluminaci\u00f3n para comunidades\u00a0es necess\u00e1ria. Esta iluminaci\u00f3n de zonas comunes de comunidad de propietarios incluye, luces de emerg\u00e9ncia para zonas de comunidad de propietarios, fluorescentes con LED, bombillas LED y tecnologia LED para reducir el consumo energ\u00e9tico. La [&hellip;]","og_url":"https:\/\/decomat.com\/es\/comunidades\/iluminacion-para-comunidades\/","og_site_name":"decomat","article_modified_time":"2014-06-29T18:40:11+00:00","twitter_card":"summary_large_image","twitter_misc":{"Tiempo de lectura":"3 minutos"},"schema":{"@context":"https:\/\/schema.org","@graph":[{"@type":"WebPage","@id":"https:\/\/decomat.com\/es\/comunidades\/iluminacion-para-comunidades\/","url":"https:\/\/decomat.com\/es\/comunidades\/iluminacion-para-comunidades\/","name":"Iluminaci\u00f3n para comunidades - decomat","isPartOf":{"@id":"https:\/\/decomat.com\/ca\/#website"},"datePublished":"2012-04-06T09:19:00+00:00","dateModified":"2014-06-29T18:40:11+00:00","breadcrumb":{"@id":"https:\/\/decomat.com\/es\/comunidades\/iluminacion-para-comunidades\/#breadcrumb"},"inLanguage":"es","potentialAction":[{"@type":"ReadAction","target":["https:\/\/decomat.com\/es\/comunidades\/iluminacion-para-comunidades\/"]}]},{"@type":"BreadcrumbList","@id":"https:\/\/decomat.com\/es\/comunidades\/iluminacion-para-comunidades\/#breadcrumb","itemListElement":[{"@type":"ListItem","position":1,"name":"Portada","item":"https:\/\/decomat.com\/ca\/"},{"@type":"ListItem","position":2,"name":"Comunidades","item":"https:\/\/decomat.com\/es\/comunidades\/"},{"@type":"ListItem","position":3,"name":"Iluminaci\u00f3n para comunidades"}]},{"@type":"WebSite","@id":"https:\/\/decomat.com\/ca\/#website","url":"https:\/\/decomat.com\/ca\/","name":"decomat","description":"Material decoraci\u00f3n","potentialAction":[{"@type":"SearchAction","target":{"@type":"EntryPoint","urlTemplate":"https:\/\/decomat.com\/ca\/?s={search_term_string}"},"query-input":{"@type":"PropertyValueSpecification","valueRequired":true,"valueName":"search_term_string"}}],"inLanguage":"es"}]}},"_links":{"self":[{"href":"https:\/\/decomat.com\/es\/wp-json\/wp\/v2\/pages\/726","targetHints":{"allow":["GET"]}}],"collection":[{"href":"https:\/\/decomat.com\/es\/wp-json\/wp\/v2\/pages"}],"about":[{"href":"https:\/\/decomat.com\/es\/wp-json\/wp\/v2\/types\/page"}],"author":[{"embeddable":true,"href":"https:\/\/decomat.com\/es\/wp-json\/wp\/v2\/users\/8979"}],"replies":[{"embeddable":true,"href":"https:\/\/decomat.com\/es\/wp-json\/wp\/v2\/comments?post=726"}],"version-history":[{"count":13,"href":"https:\/\/decomat.com\/es\/wp-json\/wp\/v2\/pages\/726\/revisions"}],"predecessor-version":[{"id":811,"href":"https:\/\/decomat.com\/es\/wp-json\/wp\/v2\/pages\/726\/revisions\/811"}],"up":[{"embeddable":true,"href":"https:\/\/decomat.com\/es\/wp-json\/wp\/v2\/pages\/712"}],"wp:attachment":[{"href":"https:\/\/decomat.com\/es\/wp-json\/wp\/v2\/media?parent=726"}],"curies":[{"name":"wp","href":"https:\/\/api.w.org\/{rel}","templated":true}]}}