{"id":7362,"date":"2017-05-05T22:46:19","date_gmt":"2017-05-05T20:46:19","guid":{"rendered":"http:\/\/www.decomat.com\/?page_id=7362"},"modified":"2017-05-05T23:42:16","modified_gmt":"2017-05-05T21:42:16","slug":"reforma-local-comercial","status":"publish","type":"page","link":"https:\/\/decomat.com\/es\/contract\/reforma-local-comercial\/","title":{"rendered":"Reforma local comercial"},"content":{"rendered":"[vc_row][vc_column][vc_column_text]\n<h1>Reforma local comercial<\/h1>\n[\/vc_column_text][vc_column_text]En decomat somos especialistas en reformas de locales, locales comerciales, locales p\u00fablicos y remodelaci\u00f3n de locales comerciales<\/p>\n<p>Hacemos que el ciclo completo de cada obra&nbsp; e instalaci\u00f3n sea sostenible y el resultado final sea la entrega de un espacio eficiente y eficaz.[\/vc_column_text][\/vc_column][\/vc_row][vc_row][vc_column][vc_column_text]<strong>Como trabajamos?<\/strong><br \/>\nRealizamos los proyectos completos (desde la realizaci\u00f3n de la visita a la obra (planificaci\u00f3n), la preparaci\u00f3n y definici\u00f3n del proyecto, gestionando toda la documentaci\u00f3n y permisos, hasta la posterior ejecuci\u00f3n de la obra con un grupo de profesionales especializados(instaladores, arquitectos, paletas, decoradores, constructores))) y un vez finalizada la obra pasamos a la instalaci\u00f3n de revestimientos, suelos, techos, pintura, cerramientos, iluminaci\u00f3n comercial as\u00ed como el mobiliario comercial.<\/p>\n<p><strong>Que trabajos de reforma de locales comerciales les podemos realizar?<\/strong><\/p>\n<ul>\n<li>Proyectos y planos.<\/li>\n<li>Reformas de aseos.<\/li>\n<li>Renovaci\u00f3n de todo tipo de suelos. Pavimentos : cer\u00e1micos, parquet.<\/li>\n<li>Revestimiento de suelos con resinas.<\/li>\n<li>Divisiones: pladur, tabiquer\u00eda.<\/li>\n<li>Techos: aluminio, placas, pladur.&nbsp;<\/li>\n<li>Carpinter\u00eda : aluminio, pvc, hierro.<\/li>\n<li>Trabajos de electricidad: cambio de cableado el\u00e9ctrico, iluminaci\u00f3n, etc.<\/li>\n<li>Trabajos de climatizaci\u00f3n: calefacci\u00f3n y aire acondicionado.<\/li>\n<li>Trabajos de lampister\u00eda.<\/li>\n<li>Pintura.<\/li>\n<li>Impermeabilizaciones.<\/li>\n<\/ul>\n[\/vc_column_text][\/vc_column][\/vc_row][vc_row][vc_column][vc_column_text]<strong>Por que escoger a DECOMAT para reforma local comercial?<\/strong>[\/vc_column_text][\/vc_column][\/vc_row][vc_row][vc_column width=\u00bb1\/4&#8243;][mk_icon_box icon=\u00bbmk-li-like\u00bb title=\u00bbTranquilidad\u00bb icon_color=\u00bb\u00bb icon_circle_color=\u00bb\u00bb]Sabemos de la dificultad que tienen algunos clientes para seguir el estado de la reforma de su local comercial o negocio, por eso queremos darle toda la tranquilidad ofreci\u00e9ndole nuestro servicio de reforma integral.[\/mk_icon_box][\/vc_column][vc_column width=\u00bb1\/4&#8243;][mk_icon_box icon=\u00bbmk-li-money\u00bb title=\u00bbPrecio Final\u00bb icon_color=\u00bb\u00bb icon_circle_color=\u00bb\u00bb]Le ofrecemos la mejor relaci\u00f3n calidad-precio. Sin sorpresas.[\/mk_icon_box][\/vc_column][vc_column width=\u00bb1\/4&#8243;][mk_icon_box icon=\u00bbmk-icon-group\u00bb title=\u00bbProfesionales\u00bb icon_color=\u00bb\u00bb icon_circle_color=\u00bb\u00bb]Su tranquilidad ser\u00e1 total al trabajamos con profesionales de amplia experi\u00e9ncia. Tanto si realiza una peque\u00f1a reforma interior como si es una obra que requiera modificar la estructura del edificio.[\/mk_icon_box][\/vc_column][vc_column width=\u00bb1\/4&#8243;][mk_icon_box title=\u00bbGarantia Post-venta\u00bb icon_color=\u00bb\u00bb icon_circle_color=\u00bb\u00bb]Ofrecemos un servicio post venta para atender cualquier incidencia que pueda ocurrir despu\u00e9s de la finalizaci\u00f3n de la reforma.[\/mk_icon_box][\/vc_column][\/vc_row][vc_row][vc_column][vc_column_text]P\u00f3ngase en contacto con nosotros para su reforma de locales comerciales y p\u00eddanos presupuesto sin compromiso!![\/vc_column_text][\/vc_column][\/vc_row]","protected":false},"excerpt":{"rendered":"<p>[vc_row][vc_column][vc_column_text] Reforma local comercial [\/vc_column_text][vc_column_text]En decomat somos especialistas en reformas de locales, locales comerciales, locales p\u00fablicos y remodelaci\u00f3n de locales comerciales Hacemos que el ciclo completo de cada obra&nbsp; e instalaci\u00f3n sea sostenible y el resultado final sea la entrega de un espacio eficiente y eficaz.[\/vc_column_text][\/vc_column][\/vc_row][vc_row][vc_column][vc_column_text]Como trabajamos? Realizamos los proyectos completos (desde la realizaci\u00f3n de [&hellip;]<\/p>\n","protected":false},"author":8979,"featured_media":0,"parent":4063,"menu_order":0,"comment_status":"closed","ping_status":"closed","template":"","meta":{"_monsterinsights_skip_tracking":false,"_monsterinsights_sitenote_active":false,"_monsterinsights_sitenote_note":"","_monsterinsights_sitenote_category":0,"ngg_post_thumbnail":0,"footnotes":""},"class_list":["post-7362","page","type-page","status-publish","hentry"],"yoast_head":"<!-- This site is optimized with the Yoast SEO plugin v27.4 - https:\/\/yoast.com\/product\/yoast-seo-wordpress\/ -->\n<title>Reforma local comercial - decomat<\/title>\n<meta name=\"robots\" content=\"index, follow, max-snippet:-1, max-image-preview:large, max-video-preview:-1\" \/>\n<link rel=\"canonical\" href=\"https:\/\/decomat.com\/en\/contract\/reforma-local-comercial\/\" \/>\n<meta property=\"og:locale\" content=\"es_ES\" \/>\n<meta property=\"og:type\" content=\"article\" \/>\n<meta property=\"og:title\" content=\"Reforma local comercial - decomat\" \/>\n<meta property=\"og:description\" content=\"[vc_row][vc_column][vc_column_text] Reforma local comercial [\/vc_column_text][vc_column_text]En decomat somos especialistas en reformas de locales, locales comerciales, locales p\u00fablicos y remodelaci\u00f3n de locales comerciales Hacemos que el ciclo completo de cada obra&nbsp; e instalaci\u00f3n sea sostenible y el resultado final sea la entrega de un espacio eficiente y eficaz.[\/vc_column_text][\/vc_column][\/vc_row][vc_row][vc_column][vc_column_text]Como trabajamos? Realizamos los proyectos completos (desde la realizaci\u00f3n de [&hellip;]\" \/>\n<meta property=\"og:url\" content=\"https:\/\/decomat.com\/en\/contract\/reforma-local-comercial\/\" \/>\n<meta property=\"og:site_name\" content=\"decomat\" \/>\n<meta property=\"article:modified_time\" content=\"2017-05-05T21:42:16+00:00\" \/>\n<meta name=\"twitter:card\" content=\"summary_large_image\" \/>\n<meta name=\"twitter:label1\" content=\"Tiempo de lectura\" \/>\n\t<meta name=\"twitter:data1\" content=\"5 minutos\" \/>\n<script type=\"application\/ld+json\" class=\"yoast-schema-graph\">{\"@context\":\"https:\\\/\\\/schema.org\",\"@graph\":[{\"@type\":\"WebPage\",\"@id\":\"https:\\\/\\\/decomat.com\\\/en\\\/contract\\\/reforma-local-comercial\\\/\",\"url\":\"https:\\\/\\\/decomat.com\\\/en\\\/contract\\\/reforma-local-comercial\\\/\",\"name\":\"Reforma local comercial - decomat\",\"isPartOf\":{\"@id\":\"https:\\\/\\\/decomat.com\\\/ca\\\/#website\"},\"datePublished\":\"2017-05-05T20:46:19+00:00\",\"dateModified\":\"2017-05-05T21:42:16+00:00\",\"breadcrumb\":{\"@id\":\"https:\\\/\\\/decomat.com\\\/en\\\/contract\\\/reforma-local-comercial\\\/#breadcrumb\"},\"inLanguage\":\"es\",\"potentialAction\":[{\"@type\":\"ReadAction\",\"target\":[\"https:\\\/\\\/decomat.com\\\/en\\\/contract\\\/reforma-local-comercial\\\/\"]}]},{\"@type\":\"BreadcrumbList\",\"@id\":\"https:\\\/\\\/decomat.com\\\/en\\\/contract\\\/reforma-local-comercial\\\/#breadcrumb\",\"itemListElement\":[{\"@type\":\"ListItem\",\"position\":1,\"name\":\"Portada\",\"item\":\"https:\\\/\\\/decomat.com\\\/ca\\\/\"},{\"@type\":\"ListItem\",\"position\":2,\"name\":\"Contract\",\"item\":\"https:\\\/\\\/decomat.com\\\/en\\\/contract\\\/\"},{\"@type\":\"ListItem\",\"position\":3,\"name\":\"Shop reform\"}]},{\"@type\":\"WebSite\",\"@id\":\"https:\\\/\\\/decomat.com\\\/ca\\\/#website\",\"url\":\"https:\\\/\\\/decomat.com\\\/ca\\\/\",\"name\":\"decomat\",\"description\":\"Material decoraci\u00f3n\",\"potentialAction\":[{\"@type\":\"SearchAction\",\"target\":{\"@type\":\"EntryPoint\",\"urlTemplate\":\"https:\\\/\\\/decomat.com\\\/ca\\\/?s={search_term_string}\"},\"query-input\":{\"@type\":\"PropertyValueSpecification\",\"valueRequired\":true,\"valueName\":\"search_term_string\"}}],\"inLanguage\":\"es\"}]}<\/script>\n<!-- \/ Yoast SEO plugin. -->","yoast_head_json":{"title":"Reforma local comercial - decomat","robots":{"index":"index","follow":"follow","max-snippet":"max-snippet:-1","max-image-preview":"max-image-preview:large","max-video-preview":"max-video-preview:-1"},"canonical":"https:\/\/decomat.com\/en\/contract\/reforma-local-comercial\/","og_locale":"es_ES","og_type":"article","og_title":"Reforma local comercial - decomat","og_description":"[vc_row][vc_column][vc_column_text] Reforma local comercial [\/vc_column_text][vc_column_text]En decomat somos especialistas en reformas de locales, locales comerciales, locales p\u00fablicos y remodelaci\u00f3n de locales comerciales Hacemos que el ciclo completo de cada obra&nbsp; e instalaci\u00f3n sea sostenible y el resultado final sea la entrega de un espacio eficiente y eficaz.[\/vc_column_text][\/vc_column][\/vc_row][vc_row][vc_column][vc_column_text]Como trabajamos? Realizamos los proyectos completos (desde la realizaci\u00f3n de [&hellip;]","og_url":"https:\/\/decomat.com\/en\/contract\/reforma-local-comercial\/","og_site_name":"decomat","article_modified_time":"2017-05-05T21:42:16+00:00","twitter_card":"summary_large_image","twitter_misc":{"Tiempo de lectura":"5 minutos"},"schema":{"@context":"https:\/\/schema.org","@graph":[{"@type":"WebPage","@id":"https:\/\/decomat.com\/en\/contract\/reforma-local-comercial\/","url":"https:\/\/decomat.com\/en\/contract\/reforma-local-comercial\/","name":"Reforma local comercial - decomat","isPartOf":{"@id":"https:\/\/decomat.com\/ca\/#website"},"datePublished":"2017-05-05T20:46:19+00:00","dateModified":"2017-05-05T21:42:16+00:00","breadcrumb":{"@id":"https:\/\/decomat.com\/en\/contract\/reforma-local-comercial\/#breadcrumb"},"inLanguage":"es","potentialAction":[{"@type":"ReadAction","target":["https:\/\/decomat.com\/en\/contract\/reforma-local-comercial\/"]}]},{"@type":"BreadcrumbList","@id":"https:\/\/decomat.com\/en\/contract\/reforma-local-comercial\/#breadcrumb","itemListElement":[{"@type":"ListItem","position":1,"name":"Portada","item":"https:\/\/decomat.com\/ca\/"},{"@type":"ListItem","position":2,"name":"Contract","item":"https:\/\/decomat.com\/en\/contract\/"},{"@type":"ListItem","position":3,"name":"Shop reform"}]},{"@type":"WebSite","@id":"https:\/\/decomat.com\/ca\/#website","url":"https:\/\/decomat.com\/ca\/","name":"decomat","description":"Material decoraci\u00f3n","potentialAction":[{"@type":"SearchAction","target":{"@type":"EntryPoint","urlTemplate":"https:\/\/decomat.com\/ca\/?s={search_term_string}"},"query-input":{"@type":"PropertyValueSpecification","valueRequired":true,"valueName":"search_term_string"}}],"inLanguage":"es"}]}},"_links":{"self":[{"href":"https:\/\/decomat.com\/es\/wp-json\/wp\/v2\/pages\/7362","targetHints":{"allow":["GET"]}}],"collection":[{"href":"https:\/\/decomat.com\/es\/wp-json\/wp\/v2\/pages"}],"about":[{"href":"https:\/\/decomat.com\/es\/wp-json\/wp\/v2\/types\/page"}],"author":[{"embeddable":true,"href":"https:\/\/decomat.com\/es\/wp-json\/wp\/v2\/users\/8979"}],"replies":[{"embeddable":true,"href":"https:\/\/decomat.com\/es\/wp-json\/wp\/v2\/comments?post=7362"}],"version-history":[{"count":16,"href":"https:\/\/decomat.com\/es\/wp-json\/wp\/v2\/pages\/7362\/revisions"}],"predecessor-version":[{"id":7380,"href":"https:\/\/decomat.com\/es\/wp-json\/wp\/v2\/pages\/7362\/revisions\/7380"}],"up":[{"embeddable":true,"href":"https:\/\/decomat.com\/es\/wp-json\/wp\/v2\/pages\/4063"}],"wp:attachment":[{"href":"https:\/\/decomat.com\/es\/wp-json\/wp\/v2\/media?parent=7362"}],"curies":[{"name":"wp","href":"https:\/\/api.w.org\/{rel}","templated":true}]}}