{"id":847,"date":"2012-04-15T15:50:04","date_gmt":"2012-04-15T15:50:04","guid":{"rendered":"http:\/\/www.decomat.com\/?page_id=847"},"modified":"2012-09-23T19:29:30","modified_gmt":"2012-09-23T17:29:30","slug":"forum","status":"publish","type":"page","link":"https:\/\/decomat.com\/es\/conocenos\/forum\/","title":{"rendered":"Forum"},"content":{"rendered":"<p><\/p>\n<h1>FOrum<\/h1>\n<p>El peque\u00f1o comercio es parte del n\u00facleo esencial de un modelo de sociedad, de civilizaci\u00f3n, de cohesi\u00f3n y de tejido urbano en contraposici\u00f3n al big box (gran superficie) Ikea Sabadell.<\/p>\n<p>Primero su gran poder de compra les permiti\u00f3 obtener unos precios m\u00e1s favorables por parte de sus proveedores.<\/p>\n<p>En una segunda fase el negocio comercial se desplaz\u00f3 hacia el terreno financiero. Vender al contado rabioso y pagar a tres o seis meses en \u00e9poca de dinero caro les era un negocio redondo en el mercado del interbancario.<\/p>\n<p>Un tercer estadio de evoluci\u00f3n fue consecuencia de la ca\u00edda de los tipos de inter\u00e9s, que provoc\u00f3 la inclinaci\u00f3n hacia el negocio inmobiliario. Los centros comerciales vend\u00edan o alquilaban tiendas.<\/p>\n<p>Ahora se trata de ofrecer una pantalla aparente de centro comercial por explotar en realidad boleras, restaurantes, pistas de karts, espect\u00e1culos, cines, etc. Con el objetivo de conseguir aglomeraci\u00f3n de visitantes.<\/p>\n<p>As\u00ed pues se trata de maximizar ganancias por el procedimiento que sea, colonizando y convirtiendo al pa\u00eds en una industria extractiva que permita repatriar a sus beneficios &#8230;. no importa el modelo de sociedad, de civilizaci\u00f3n, de cohesi\u00f3n y de tejido urbano.<\/p>\n<p>Ikea Sabadell<\/p>","protected":false},"excerpt":{"rendered":"<p>FOrum El peque\u00f1o comercio es parte del n\u00facleo esencial de un modelo de sociedad, de civilizaci\u00f3n, de cohesi\u00f3n y de tejido urbano en contraposici\u00f3n al big box (gran superficie) Ikea Sabadell. Primero su gran poder de compra les permiti\u00f3 obtener unos precios m\u00e1s favorables por parte de sus proveedores. En una segunda fase el negocio [&hellip;]<\/p>\n","protected":false},"author":8979,"featured_media":0,"parent":1084,"menu_order":0,"comment_status":"open","ping_status":"closed","template":"","meta":{"_monsterinsights_skip_tracking":false,"_monsterinsights_sitenote_active":false,"_monsterinsights_sitenote_note":"","_monsterinsights_sitenote_category":0,"ngg_post_thumbnail":0,"footnotes":""},"class_list":["post-847","page","type-page","status-publish","hentry"],"yoast_head":"<!-- This site is optimized with the Yoast SEO plugin v27.3 - https:\/\/yoast.com\/product\/yoast-seo-wordpress\/ -->\n<title>Forum - decomat<\/title>\n<meta name=\"robots\" content=\"index, follow, max-snippet:-1, max-image-preview:large, max-video-preview:-1\" \/>\n<link rel=\"canonical\" href=\"https:\/\/decomat.com\/en\/conocenos\/forum\/\" \/>\n<meta property=\"og:locale\" content=\"es_ES\" \/>\n<meta property=\"og:type\" content=\"article\" \/>\n<meta property=\"og:title\" content=\"Forum - decomat\" \/>\n<meta property=\"og:description\" content=\"FOrum El peque\u00f1o comercio es parte del n\u00facleo esencial de un modelo de sociedad, de civilizaci\u00f3n, de cohesi\u00f3n y de tejido urbano en contraposici\u00f3n al big box (gran superficie) Ikea Sabadell. Primero su gran poder de compra les permiti\u00f3 obtener unos precios m\u00e1s favorables por parte de sus proveedores. En una segunda fase el negocio [&hellip;]\" \/>\n<meta property=\"og:url\" content=\"https:\/\/decomat.com\/en\/conocenos\/forum\/\" \/>\n<meta property=\"og:site_name\" content=\"decomat\" \/>\n<meta property=\"article:modified_time\" content=\"2012-09-23T17:29:30+00:00\" \/>\n<meta name=\"twitter:card\" content=\"summary_large_image\" \/>\n<meta name=\"twitter:label1\" content=\"Tiempo de lectura\" \/>\n\t<meta name=\"twitter:data1\" content=\"4 minutos\" \/>\n<script type=\"application\/ld+json\" class=\"yoast-schema-graph\">{\"@context\":\"https:\\\/\\\/schema.org\",\"@graph\":[{\"@type\":\"WebPage\",\"@id\":\"https:\\\/\\\/decomat.com\\\/en\\\/conocenos\\\/forum\\\/\",\"url\":\"https:\\\/\\\/decomat.com\\\/en\\\/conocenos\\\/forum\\\/\",\"name\":\"Forum - decomat\",\"isPartOf\":{\"@id\":\"https:\\\/\\\/decomat.com\\\/ca\\\/#website\"},\"datePublished\":\"2012-04-15T15:50:04+00:00\",\"dateModified\":\"2012-09-23T17:29:30+00:00\",\"breadcrumb\":{\"@id\":\"https:\\\/\\\/decomat.com\\\/en\\\/conocenos\\\/forum\\\/#breadcrumb\"},\"inLanguage\":\"es\",\"potentialAction\":[{\"@type\":\"ReadAction\",\"target\":[\"https:\\\/\\\/decomat.com\\\/en\\\/conocenos\\\/forum\\\/\"]}]},{\"@type\":\"BreadcrumbList\",\"@id\":\"https:\\\/\\\/decomat.com\\\/en\\\/conocenos\\\/forum\\\/#breadcrumb\",\"itemListElement\":[{\"@type\":\"ListItem\",\"position\":1,\"name\":\"Portada\",\"item\":\"https:\\\/\\\/decomat.com\\\/ca\\\/\"},{\"@type\":\"ListItem\",\"position\":2,\"name\":\"Abaut us\",\"item\":\"https:\\\/\\\/decomat.com\\\/en\\\/conocenos\\\/\"},{\"@type\":\"ListItem\",\"position\":3,\"name\":\"Forum\"}]},{\"@type\":\"WebSite\",\"@id\":\"https:\\\/\\\/decomat.com\\\/ca\\\/#website\",\"url\":\"https:\\\/\\\/decomat.com\\\/ca\\\/\",\"name\":\"decomat\",\"description\":\"Material decoraci\u00f3n\",\"potentialAction\":[{\"@type\":\"SearchAction\",\"target\":{\"@type\":\"EntryPoint\",\"urlTemplate\":\"https:\\\/\\\/decomat.com\\\/ca\\\/?s={search_term_string}\"},\"query-input\":{\"@type\":\"PropertyValueSpecification\",\"valueRequired\":true,\"valueName\":\"search_term_string\"}}],\"inLanguage\":\"es\"}]}<\/script>\n<!-- \/ Yoast SEO plugin. -->","yoast_head_json":{"title":"Forum - decomat","robots":{"index":"index","follow":"follow","max-snippet":"max-snippet:-1","max-image-preview":"max-image-preview:large","max-video-preview":"max-video-preview:-1"},"canonical":"https:\/\/decomat.com\/en\/conocenos\/forum\/","og_locale":"es_ES","og_type":"article","og_title":"Forum - decomat","og_description":"FOrum El peque\u00f1o comercio es parte del n\u00facleo esencial de un modelo de sociedad, de civilizaci\u00f3n, de cohesi\u00f3n y de tejido urbano en contraposici\u00f3n al big box (gran superficie) Ikea Sabadell. Primero su gran poder de compra les permiti\u00f3 obtener unos precios m\u00e1s favorables por parte de sus proveedores. En una segunda fase el negocio [&hellip;]","og_url":"https:\/\/decomat.com\/en\/conocenos\/forum\/","og_site_name":"decomat","article_modified_time":"2012-09-23T17:29:30+00:00","twitter_card":"summary_large_image","twitter_misc":{"Tiempo de lectura":"4 minutos"},"schema":{"@context":"https:\/\/schema.org","@graph":[{"@type":"WebPage","@id":"https:\/\/decomat.com\/en\/conocenos\/forum\/","url":"https:\/\/decomat.com\/en\/conocenos\/forum\/","name":"Forum - decomat","isPartOf":{"@id":"https:\/\/decomat.com\/ca\/#website"},"datePublished":"2012-04-15T15:50:04+00:00","dateModified":"2012-09-23T17:29:30+00:00","breadcrumb":{"@id":"https:\/\/decomat.com\/en\/conocenos\/forum\/#breadcrumb"},"inLanguage":"es","potentialAction":[{"@type":"ReadAction","target":["https:\/\/decomat.com\/en\/conocenos\/forum\/"]}]},{"@type":"BreadcrumbList","@id":"https:\/\/decomat.com\/en\/conocenos\/forum\/#breadcrumb","itemListElement":[{"@type":"ListItem","position":1,"name":"Portada","item":"https:\/\/decomat.com\/ca\/"},{"@type":"ListItem","position":2,"name":"Abaut us","item":"https:\/\/decomat.com\/en\/conocenos\/"},{"@type":"ListItem","position":3,"name":"Forum"}]},{"@type":"WebSite","@id":"https:\/\/decomat.com\/ca\/#website","url":"https:\/\/decomat.com\/ca\/","name":"decomat","description":"Material decoraci\u00f3n","potentialAction":[{"@type":"SearchAction","target":{"@type":"EntryPoint","urlTemplate":"https:\/\/decomat.com\/ca\/?s={search_term_string}"},"query-input":{"@type":"PropertyValueSpecification","valueRequired":true,"valueName":"search_term_string"}}],"inLanguage":"es"}]}},"_links":{"self":[{"href":"https:\/\/decomat.com\/es\/wp-json\/wp\/v2\/pages\/847","targetHints":{"allow":["GET"]}}],"collection":[{"href":"https:\/\/decomat.com\/es\/wp-json\/wp\/v2\/pages"}],"about":[{"href":"https:\/\/decomat.com\/es\/wp-json\/wp\/v2\/types\/page"}],"author":[{"embeddable":true,"href":"https:\/\/decomat.com\/es\/wp-json\/wp\/v2\/users\/8979"}],"replies":[{"embeddable":true,"href":"https:\/\/decomat.com\/es\/wp-json\/wp\/v2\/comments?post=847"}],"version-history":[{"count":10,"href":"https:\/\/decomat.com\/es\/wp-json\/wp\/v2\/pages\/847\/revisions"}],"predecessor-version":[{"id":1408,"href":"https:\/\/decomat.com\/es\/wp-json\/wp\/v2\/pages\/847\/revisions\/1408"}],"up":[{"embeddable":true,"href":"https:\/\/decomat.com\/es\/wp-json\/wp\/v2\/pages\/1084"}],"wp:attachment":[{"href":"https:\/\/decomat.com\/es\/wp-json\/wp\/v2\/media?parent=847"}],"curies":[{"name":"wp","href":"https:\/\/api.w.org\/{rel}","templated":true}]}}