{"id":997,"date":"2012-04-11T16:38:01","date_gmt":"2012-04-11T16:38:01","guid":{"rendered":"http:\/\/www.decomat.com\/?page_id=997"},"modified":"2014-04-01T17:27:22","modified_gmt":"2014-04-01T15:27:22","slug":"buscar-materiales","status":"publish","type":"page","link":"https:\/\/decomat.com\/es\/materiales\/buscar-materiales\/","title":{"rendered":"Buscar materiales"},"content":{"rendered":"<p><\/p>\n<h1>Buscar materiales<\/h1>\n<p>Aqu\u00ed podeis encontrar la soluci\u00f3n, en diferentes <a href=\"http:\/\/\/www.decomat.com\/es\/materiales\/\">materiales<\/a> de decoraci\u00f3n y construcci\u00f3n, para encontraros c\u00f3modos en el espacio que deseeis decorar con buen gusto, orden y equilibrio.<\/p>\n<p>Para ello, os resultar\u00e1 necesario saber el <a href=\"https:\/\/www.decomat.com\/es\/conocenos\/web\/buscar-producto\/\">estilo<\/a> que deseais utilitzar, seg\u00fan vuestro gusto particular y el contexto del espacio. Pero tambi\u00e9n tendreis que tener en cuenta las <a href=\"https:\/\/www.decomat.com\/es\/conocenos\/web\/buscar-producto\/\">tendencias<\/a> que marcan los estilos m\u00e1s utilizados, de forma que no tan solo os sintais a gusto vosotros, sino que sea un reflejo de vuestra personalidad que tambi\u00e9n haga sentirse comodo a todo aquel que utilitce el espacio decorado.<\/p>\n<p>No dudeis a <a href=\"https:\/\/www.decomat.com\/es\/contacto\/\">contactar<\/a> con nosotros para todo aquello relacionado con la decoraci\u00f3n que necesiteis, estamos a vuestra disposici\u00f3n.<\/p>\n<p>Tambi\u00e9n podeis:<br \/>\n1) Participar en la secci\u00f3n: <a href=\"https:\/\/www.decomat.com\/es\/conocenos\/forum\/\">Forum (forum)<\/a> y\/o en la web 2.0 (decoraci\u00f3n web 2.0) aportando vuestros conocimientos, colaborando a resolver o planteando dudas.<br \/>\n2) Consultar las preguntas mas frecuentes <a href=\"https:\/\/www.decomat.com\/es\/conocenos\/web\/faq\/\">(faq)<\/a><\/p>","protected":false},"excerpt":{"rendered":"<p>Buscar materiales Aqu\u00ed podeis encontrar la soluci\u00f3n, en diferentes materiales de decoraci\u00f3n y construcci\u00f3n, para encontraros c\u00f3modos en el espacio que deseeis decorar con buen gusto, orden y equilibrio. Para ello, os resultar\u00e1 necesario saber el estilo que deseais utilitzar, seg\u00fan vuestro gusto particular y el contexto del espacio. Pero tambi\u00e9n tendreis que tener en [&hellip;]<\/p>\n","protected":false},"author":8979,"featured_media":0,"parent":709,"menu_order":9,"comment_status":"open","ping_status":"closed","template":"","meta":{"_monsterinsights_skip_tracking":false,"_monsterinsights_sitenote_active":false,"_monsterinsights_sitenote_note":"","_monsterinsights_sitenote_category":0,"ngg_post_thumbnail":0,"footnotes":""},"class_list":["post-997","page","type-page","status-publish","hentry"],"yoast_head":"<!-- This site is optimized with the Yoast SEO plugin v27.5 - https:\/\/yoast.com\/product\/yoast-seo-wordpress\/ -->\n<title>Buscar materiales - decomat<\/title>\n<meta name=\"robots\" content=\"index, follow, max-snippet:-1, max-image-preview:large, max-video-preview:-1\" \/>\n<link rel=\"canonical\" href=\"https:\/\/decomat.com\/ca\/materiales\/buscar-materiales\/\" \/>\n<meta property=\"og:locale\" content=\"es_ES\" \/>\n<meta property=\"og:type\" content=\"article\" \/>\n<meta property=\"og:title\" content=\"Buscar materiales - decomat\" \/>\n<meta property=\"og:description\" content=\"Buscar materiales Aqu\u00ed podeis encontrar la soluci\u00f3n, en diferentes materiales de decoraci\u00f3n y construcci\u00f3n, para encontraros c\u00f3modos en el espacio que deseeis decorar con buen gusto, orden y equilibrio. Para ello, os resultar\u00e1 necesario saber el estilo que deseais utilitzar, seg\u00fan vuestro gusto particular y el contexto del espacio. Pero tambi\u00e9n tendreis que tener en [&hellip;]\" \/>\n<meta property=\"og:url\" content=\"https:\/\/decomat.com\/ca\/materiales\/buscar-materiales\/\" \/>\n<meta property=\"og:site_name\" content=\"decomat\" \/>\n<meta property=\"article:modified_time\" content=\"2014-04-01T15:27:22+00:00\" \/>\n<meta property=\"og:image\" content=\"https:\/\/www.decomat.com\/imatges\/decomat\/materials\/casa.jpg;%20x-mac-creator=6F676C65;%20x-mac-type=4A504547.jpeg\" \/>\n<meta name=\"twitter:card\" content=\"summary_large_image\" \/>\n<meta name=\"twitter:label1\" content=\"Tiempo de lectura\" \/>\n\t<meta name=\"twitter:data1\" content=\"4 minutos\" \/>\n<script type=\"application\/ld+json\" class=\"yoast-schema-graph\">{\"@context\":\"https:\\\/\\\/schema.org\",\"@graph\":[{\"@type\":\"WebPage\",\"@id\":\"https:\\\/\\\/decomat.com\\\/ca\\\/materiales\\\/buscar-materiales\\\/\",\"url\":\"https:\\\/\\\/decomat.com\\\/ca\\\/materiales\\\/buscar-materiales\\\/\",\"name\":\"Buscar materiales - decomat\",\"isPartOf\":{\"@id\":\"https:\\\/\\\/decomat.com\\\/ca\\\/#website\"},\"primaryImageOfPage\":{\"@id\":\"https:\\\/\\\/decomat.com\\\/ca\\\/materiales\\\/buscar-materiales\\\/#primaryimage\"},\"image\":{\"@id\":\"https:\\\/\\\/decomat.com\\\/ca\\\/materiales\\\/buscar-materiales\\\/#primaryimage\"},\"thumbnailUrl\":\"https:\\\/\\\/www.decomat.com\\\/imatges\\\/decomat\\\/materials\\\/cercar\\\/cat\\\/cortinamotturaarc.jpg\",\"datePublished\":\"2012-04-11T16:38:01+00:00\",\"dateModified\":\"2014-04-01T15:27:22+00:00\",\"breadcrumb\":{\"@id\":\"https:\\\/\\\/decomat.com\\\/ca\\\/materiales\\\/buscar-materiales\\\/#breadcrumb\"},\"inLanguage\":\"es\",\"potentialAction\":[{\"@type\":\"ReadAction\",\"target\":[\"https:\\\/\\\/decomat.com\\\/ca\\\/materiales\\\/buscar-materiales\\\/\"]}]},{\"@type\":\"ImageObject\",\"inLanguage\":\"es\",\"@id\":\"https:\\\/\\\/decomat.com\\\/ca\\\/materiales\\\/buscar-materiales\\\/#primaryimage\",\"url\":\"https:\\\/\\\/www.decomat.com\\\/imatges\\\/decomat\\\/materials\\\/cercar\\\/cat\\\/cortinamotturaarc.jpg\",\"contentUrl\":\"https:\\\/\\\/www.decomat.com\\\/imatges\\\/decomat\\\/materials\\\/cercar\\\/cat\\\/cortinamotturaarc.jpg\"},{\"@type\":\"BreadcrumbList\",\"@id\":\"https:\\\/\\\/decomat.com\\\/ca\\\/materiales\\\/buscar-materiales\\\/#breadcrumb\",\"itemListElement\":[{\"@type\":\"ListItem\",\"position\":1,\"name\":\"Portada\",\"item\":\"https:\\\/\\\/decomat.com\\\/ca\\\/\"},{\"@type\":\"ListItem\",\"position\":2,\"name\":\"Materials\",\"item\":\"https:\\\/\\\/decomat.com\\\/ca\\\/materiales\\\/\"},{\"@type\":\"ListItem\",\"position\":3,\"name\":\"Cercar materials\"}]},{\"@type\":\"WebSite\",\"@id\":\"https:\\\/\\\/decomat.com\\\/ca\\\/#website\",\"url\":\"https:\\\/\\\/decomat.com\\\/ca\\\/\",\"name\":\"decomat\",\"description\":\"Material decoraci\u00f3n\",\"potentialAction\":[{\"@type\":\"SearchAction\",\"target\":{\"@type\":\"EntryPoint\",\"urlTemplate\":\"https:\\\/\\\/decomat.com\\\/ca\\\/?s={search_term_string}\"},\"query-input\":{\"@type\":\"PropertyValueSpecification\",\"valueRequired\":true,\"valueName\":\"search_term_string\"}}],\"inLanguage\":\"es\"}]}<\/script>\n<!-- \/ Yoast SEO plugin. -->","yoast_head_json":{"title":"Buscar materiales - decomat","robots":{"index":"index","follow":"follow","max-snippet":"max-snippet:-1","max-image-preview":"max-image-preview:large","max-video-preview":"max-video-preview:-1"},"canonical":"https:\/\/decomat.com\/ca\/materiales\/buscar-materiales\/","og_locale":"es_ES","og_type":"article","og_title":"Buscar materiales - decomat","og_description":"Buscar materiales Aqu\u00ed podeis encontrar la soluci\u00f3n, en diferentes materiales de decoraci\u00f3n y construcci\u00f3n, para encontraros c\u00f3modos en el espacio que deseeis decorar con buen gusto, orden y equilibrio. Para ello, os resultar\u00e1 necesario saber el estilo que deseais utilitzar, seg\u00fan vuestro gusto particular y el contexto del espacio. Pero tambi\u00e9n tendreis que tener en [&hellip;]","og_url":"https:\/\/decomat.com\/ca\/materiales\/buscar-materiales\/","og_site_name":"decomat","article_modified_time":"2014-04-01T15:27:22+00:00","og_image":[{"url":"https:\/\/www.decomat.com\/imatges\/decomat\/materials\/casa.jpg; x-mac-creator=6F676C65; x-mac-type=4A504547.jpeg","type":"","width":"","height":""}],"twitter_card":"summary_large_image","twitter_misc":{"Tiempo de lectura":"4 minutos"},"schema":{"@context":"https:\/\/schema.org","@graph":[{"@type":"WebPage","@id":"https:\/\/decomat.com\/ca\/materiales\/buscar-materiales\/","url":"https:\/\/decomat.com\/ca\/materiales\/buscar-materiales\/","name":"Buscar materiales - decomat","isPartOf":{"@id":"https:\/\/decomat.com\/ca\/#website"},"primaryImageOfPage":{"@id":"https:\/\/decomat.com\/ca\/materiales\/buscar-materiales\/#primaryimage"},"image":{"@id":"https:\/\/decomat.com\/ca\/materiales\/buscar-materiales\/#primaryimage"},"thumbnailUrl":"https:\/\/www.decomat.com\/imatges\/decomat\/materials\/cercar\/cat\/cortinamotturaarc.jpg","datePublished":"2012-04-11T16:38:01+00:00","dateModified":"2014-04-01T15:27:22+00:00","breadcrumb":{"@id":"https:\/\/decomat.com\/ca\/materiales\/buscar-materiales\/#breadcrumb"},"inLanguage":"es","potentialAction":[{"@type":"ReadAction","target":["https:\/\/decomat.com\/ca\/materiales\/buscar-materiales\/"]}]},{"@type":"ImageObject","inLanguage":"es","@id":"https:\/\/decomat.com\/ca\/materiales\/buscar-materiales\/#primaryimage","url":"https:\/\/www.decomat.com\/imatges\/decomat\/materials\/cercar\/cat\/cortinamotturaarc.jpg","contentUrl":"https:\/\/www.decomat.com\/imatges\/decomat\/materials\/cercar\/cat\/cortinamotturaarc.jpg"},{"@type":"BreadcrumbList","@id":"https:\/\/decomat.com\/ca\/materiales\/buscar-materiales\/#breadcrumb","itemListElement":[{"@type":"ListItem","position":1,"name":"Portada","item":"https:\/\/decomat.com\/ca\/"},{"@type":"ListItem","position":2,"name":"Materials","item":"https:\/\/decomat.com\/ca\/materiales\/"},{"@type":"ListItem","position":3,"name":"Cercar materials"}]},{"@type":"WebSite","@id":"https:\/\/decomat.com\/ca\/#website","url":"https:\/\/decomat.com\/ca\/","name":"decomat","description":"Material decoraci\u00f3n","potentialAction":[{"@type":"SearchAction","target":{"@type":"EntryPoint","urlTemplate":"https:\/\/decomat.com\/ca\/?s={search_term_string}"},"query-input":{"@type":"PropertyValueSpecification","valueRequired":true,"valueName":"search_term_string"}}],"inLanguage":"es"}]}},"_links":{"self":[{"href":"https:\/\/decomat.com\/es\/wp-json\/wp\/v2\/pages\/997","targetHints":{"allow":["GET"]}}],"collection":[{"href":"https:\/\/decomat.com\/es\/wp-json\/wp\/v2\/pages"}],"about":[{"href":"https:\/\/decomat.com\/es\/wp-json\/wp\/v2\/types\/page"}],"author":[{"embeddable":true,"href":"https:\/\/decomat.com\/es\/wp-json\/wp\/v2\/users\/8979"}],"replies":[{"embeddable":true,"href":"https:\/\/decomat.com\/es\/wp-json\/wp\/v2\/comments?post=997"}],"version-history":[{"count":46,"href":"https:\/\/decomat.com\/es\/wp-json\/wp\/v2\/pages\/997\/revisions"}],"predecessor-version":[{"id":5522,"href":"https:\/\/decomat.com\/es\/wp-json\/wp\/v2\/pages\/997\/revisions\/5522"}],"up":[{"embeddable":true,"href":"https:\/\/decomat.com\/es\/wp-json\/wp\/v2\/pages\/709"}],"wp:attachment":[{"href":"https:\/\/decomat.com\/es\/wp-json\/wp\/v2\/media?parent=997"}],"curies":[{"name":"wp","href":"https:\/\/api.w.org\/{rel}","templated":true}]}}