{"id":1023,"date":"2012-04-11T16:59:14","date_gmt":"2012-04-11T16:59:14","guid":{"rendered":"http:\/\/www.decomat.com\/?page_id=1023"},"modified":"2014-06-11T18:08:28","modified_gmt":"2014-06-11T16:08:28","slug":"aislante-acustico","status":"publish","type":"page","link":"https:\/\/decomat.com\/fr\/materiales\/aislante\/aislante-acustico\/","title":{"rendered":"Isolement acoustique"},"content":{"rendered":"<p><\/p>\n<h1>Isolement acoustique<\/h1>\n<p>Les ondes sonores se propagent en ligne droite, et en trouvant sur son chemin d\u00e9vier un corps compact, le mat\u00e9riau formant le m\u00eame angle d&rsquo;incidence. Cette propri\u00e9t\u00e9 de son est \u00e0 plusieurs reprises un s\u00e9rieux inconv\u00e9nient. En effet, dans le th\u00e9\u00e2tre et les ondes sonores du cin\u00e9ma au d\u00e9part la sc\u00e8ne sont pass\u00e9s autour de la salle, o\u00f9 les surfaces compactes trouv\u00e9s sur les murs, plafonds, planchers ou sur les corniches de balcons et de colonnes, qui se comportent \u00e0 l&rsquo;\u00e9gard de sonner comme une membrane \u00e9lastique.<br \/>\nComme plus compact est un mat\u00e9riau, plus la conductivit\u00e9 (la perm\u00e9abilit\u00e9 sonore, ou plus correctement la conductivit\u00e9 du son. Dans les mat\u00e9riaux conducteurs est bas\u00e9e principalement sur sa compacit\u00e9.), Ensuite les mat\u00e9riaux poreux sont de bons isolants et tous les sons Le bruit en g\u00e9n\u00e9ral. Cette propri\u00e9t\u00e9 doit \u00eatre gard\u00e9 \u00e0 l&rsquo;esprit lors de la s\u00e9lection des mat\u00e9riaux pour les travaux en cours, mais plus encore si c&rsquo;est des bureaux locaux et des ateliers, o\u00f9 le bruit des machines est incontournable.<br \/>\nTous les mat\u00e9riaux r\u00e9fl\u00e9chir les ondes sonores avec la m\u00eame intensit\u00e9, certaines ont la capacit\u00e9 \u00e0 absorber le son, propri\u00e9t\u00e9 appel\u00e9e pouvoir d&rsquo;absorption. Si il ya une fen\u00eatre de la salle ouverte, elle absorbe tous les sons qu&rsquo;elle frappe. Puis, un mat\u00e9riau poreux contenant plusieurs mol\u00e9cules d&rsquo;air absorbir\u00e0 sons qui affectent le rapport beaucoup plus que l&rsquo;autre plus compacte.<br \/>\nLes ateliers et les bureaux o\u00f9 les sons sont continues, il utilitzan rev\u00eatements poreux, antisonicos com connus avec lesquels ils se taisent. Il a \u00e9t\u00e9 constat\u00e9 que la performance des travailleurs et des travailleurs a augment\u00e9 dans les chambres o\u00f9 j&rsquo;ai mis un antisonico rev\u00eatement, mais est venu d&rsquo;\u00e9tablir la pertinence de permettre \u00e0 un petit reflet de son, connu sous le nom de r\u00e9verb\u00e9ration, car elle renforce les sons produisant une audience r\u00e9ussie et agr\u00e9able.<br \/>\nToujours \u00e0 propos de bruit industriel, par exemple dans les halls de production, les experts m\u00e9dicaux ont longtemps \u00e9t\u00e9 en accord sur ce point: que le bruit ne provoque pas de. 1 sur les maladies professionnelles, et un niveau \u00e9quivalent \u00e0 plus de 85 dB (A) conduisent \u00e0 un bruit de mesure corrective en conformit\u00e9 avec les normes de pr\u00e9vention des accidents.<br \/>\nL&rsquo;industrie fournit des mat\u00e9riaux poreux \u00e0 des degr\u00e9s divers, qui ont pour s\u00e9lectionner le plus appropri\u00e9 pour chaque caso.As\u00edmismo, l&rsquo;acoustique devrait \u00eatre capable de regarder, c&rsquo;est \u00e0 dire avoir la conception. Une action corrective \u00e0 \u00eatre caustique afin d&rsquo;am\u00e9liorer l&rsquo;espace de couleur et la forme, l&rsquo;impression et la commune doit \u00eatre adapt\u00e9e \u00e0 l&rsquo;architecture d&rsquo;int\u00e9rieur existant.<br \/>\nDECOMAT, r\u00e9pondant aux exigences d&rsquo;une plus sensible sur la protection du bruit, commercialise une large gamme d&rsquo;absorbeurs sonores. Ces mat\u00e9riaux sont simplement coll\u00e9es sur les toits et les murs, ou suspendu au plafond, tr\u00e8s facile \u00e0 r\u00e9soudre des probl\u00e8mes d&rsquo;absorption qui se posent dans tous les types de bo\u00eetiers.<br \/>\nNous pr\u00e9sentons le illbruck catalogue. Il se trouve notre gamme de mousses et comme nouveaut\u00e9s incluses dans ce catalogue et les toitures en m\u00e9tal et mousse acoustique d\u00e9coratif.<br \/>\nSi c&rsquo;est le cas d&rsquo;absorption acoustique, DECOMAT a la solution aux probl\u00e8mes de r\u00e9verb\u00e9ration.<\/p>","protected":false},"excerpt":{"rendered":"<p>Isolement acoustique Les ondes sonores se propagent en ligne droite, et en trouvant sur son chemin d\u00e9vier un corps compact, le mat\u00e9riau formant le m\u00eame angle d&rsquo;incidence. Cette propri\u00e9t\u00e9 de son est \u00e0 plusieurs reprises un s\u00e9rieux inconv\u00e9nient. En effet, dans le th\u00e9\u00e2tre et les ondes sonores du cin\u00e9ma au d\u00e9part la sc\u00e8ne sont pass\u00e9s [&hellip;]<\/p>\n","protected":false},"author":8979,"featured_media":0,"parent":654,"menu_order":0,"comment_status":"open","ping_status":"closed","template":"","meta":{"_monsterinsights_skip_tracking":false,"_monsterinsights_sitenote_active":false,"_monsterinsights_sitenote_note":"","_monsterinsights_sitenote_category":0,"ngg_post_thumbnail":0,"footnotes":""},"class_list":["post-1023","page","type-page","status-publish","hentry"],"yoast_head":"<!-- This site is optimized with the Yoast SEO plugin v27.5 - https:\/\/yoast.com\/product\/yoast-seo-wordpress\/ -->\n<title>Isolement acoustique - decomat<\/title>\n<meta name=\"robots\" content=\"index, follow, max-snippet:-1, max-image-preview:large, max-video-preview:-1\" \/>\n<link rel=\"canonical\" href=\"https:\/\/decomat.com\/en\/materiales\/aislante\/aislante-acustico\/\" \/>\n<meta property=\"og:locale\" content=\"fr_FR\" \/>\n<meta property=\"og:type\" content=\"article\" \/>\n<meta property=\"og:title\" content=\"Isolement acoustique - decomat\" \/>\n<meta property=\"og:description\" content=\"Isolement acoustique Les ondes sonores se propagent en ligne droite, et en trouvant sur son chemin d\u00e9vier un corps compact, le mat\u00e9riau formant le m\u00eame angle d&rsquo;incidence. Cette propri\u00e9t\u00e9 de son est \u00e0 plusieurs reprises un s\u00e9rieux inconv\u00e9nient. En effet, dans le th\u00e9\u00e2tre et les ondes sonores du cin\u00e9ma au d\u00e9part la sc\u00e8ne sont pass\u00e9s [&hellip;]\" \/>\n<meta property=\"og:url\" content=\"https:\/\/decomat.com\/en\/materiales\/aislante\/aislante-acustico\/\" \/>\n<meta property=\"og:site_name\" content=\"decomat\" \/>\n<meta property=\"article:modified_time\" content=\"2014-06-11T16:08:28+00:00\" \/>\n<meta name=\"twitter:card\" content=\"summary_large_image\" \/>\n<meta name=\"twitter:label1\" content=\"Dur\u00e9e de lecture estim\u00e9e\" \/>\n\t<meta name=\"twitter:data1\" content=\"10 minutes\" \/>\n<script type=\"application\/ld+json\" class=\"yoast-schema-graph\">{\"@context\":\"https:\\\/\\\/schema.org\",\"@graph\":[{\"@type\":\"WebPage\",\"@id\":\"https:\\\/\\\/decomat.com\\\/en\\\/materiales\\\/aislante\\\/aislante-acustico\\\/\",\"url\":\"https:\\\/\\\/decomat.com\\\/en\\\/materiales\\\/aislante\\\/aislante-acustico\\\/\",\"name\":\"Isolement acoustique - decomat\",\"isPartOf\":{\"@id\":\"https:\\\/\\\/decomat.com\\\/ca\\\/#website\"},\"datePublished\":\"2012-04-11T16:59:14+00:00\",\"dateModified\":\"2014-06-11T16:08:28+00:00\",\"breadcrumb\":{\"@id\":\"https:\\\/\\\/decomat.com\\\/en\\\/materiales\\\/aislante\\\/aislante-acustico\\\/#breadcrumb\"},\"inLanguage\":\"fr-FR\",\"potentialAction\":[{\"@type\":\"ReadAction\",\"target\":[\"https:\\\/\\\/decomat.com\\\/en\\\/materiales\\\/aislante\\\/aislante-acustico\\\/\"]}]},{\"@type\":\"BreadcrumbList\",\"@id\":\"https:\\\/\\\/decomat.com\\\/en\\\/materiales\\\/aislante\\\/aislante-acustico\\\/#breadcrumb\",\"itemListElement\":[{\"@type\":\"ListItem\",\"position\":1,\"name\":\"Portada\",\"item\":\"https:\\\/\\\/decomat.com\\\/ca\\\/\"},{\"@type\":\"ListItem\",\"position\":2,\"name\":\"Materials\",\"item\":\"https:\\\/\\\/decomat.com\\\/ca\\\/materiales\\\/\"},{\"@type\":\"ListItem\",\"position\":3,\"name\":\"Isolator\",\"item\":\"https:\\\/\\\/decomat.com\\\/en\\\/materiales\\\/aislante\\\/\"},{\"@type\":\"ListItem\",\"position\":4,\"name\":\"Acoustic isolation\"}]},{\"@type\":\"WebSite\",\"@id\":\"https:\\\/\\\/decomat.com\\\/ca\\\/#website\",\"url\":\"https:\\\/\\\/decomat.com\\\/ca\\\/\",\"name\":\"decomat\",\"description\":\"Mat\u00e9riau d\u00e9coratif\",\"potentialAction\":[{\"@type\":\"SearchAction\",\"target\":{\"@type\":\"EntryPoint\",\"urlTemplate\":\"https:\\\/\\\/decomat.com\\\/ca\\\/?s={search_term_string}\"},\"query-input\":{\"@type\":\"PropertyValueSpecification\",\"valueRequired\":true,\"valueName\":\"search_term_string\"}}],\"inLanguage\":\"fr-FR\"}]}<\/script>\n<!-- \/ Yoast SEO plugin. -->","yoast_head_json":{"title":"Isolement acoustique - decomat","robots":{"index":"index","follow":"follow","max-snippet":"max-snippet:-1","max-image-preview":"max-image-preview:large","max-video-preview":"max-video-preview:-1"},"canonical":"https:\/\/decomat.com\/en\/materiales\/aislante\/aislante-acustico\/","og_locale":"fr_FR","og_type":"article","og_title":"Isolement acoustique - decomat","og_description":"Isolement acoustique Les ondes sonores se propagent en ligne droite, et en trouvant sur son chemin d\u00e9vier un corps compact, le mat\u00e9riau formant le m\u00eame angle d&rsquo;incidence. Cette propri\u00e9t\u00e9 de son est \u00e0 plusieurs reprises un s\u00e9rieux inconv\u00e9nient. En effet, dans le th\u00e9\u00e2tre et les ondes sonores du cin\u00e9ma au d\u00e9part la sc\u00e8ne sont pass\u00e9s [&hellip;]","og_url":"https:\/\/decomat.com\/en\/materiales\/aislante\/aislante-acustico\/","og_site_name":"decomat","article_modified_time":"2014-06-11T16:08:28+00:00","twitter_card":"summary_large_image","twitter_misc":{"Dur\u00e9e de lecture estim\u00e9e":"10 minutes"},"schema":{"@context":"https:\/\/schema.org","@graph":[{"@type":"WebPage","@id":"https:\/\/decomat.com\/en\/materiales\/aislante\/aislante-acustico\/","url":"https:\/\/decomat.com\/en\/materiales\/aislante\/aislante-acustico\/","name":"Isolement acoustique - decomat","isPartOf":{"@id":"https:\/\/decomat.com\/ca\/#website"},"datePublished":"2012-04-11T16:59:14+00:00","dateModified":"2014-06-11T16:08:28+00:00","breadcrumb":{"@id":"https:\/\/decomat.com\/en\/materiales\/aislante\/aislante-acustico\/#breadcrumb"},"inLanguage":"fr-FR","potentialAction":[{"@type":"ReadAction","target":["https:\/\/decomat.com\/en\/materiales\/aislante\/aislante-acustico\/"]}]},{"@type":"BreadcrumbList","@id":"https:\/\/decomat.com\/en\/materiales\/aislante\/aislante-acustico\/#breadcrumb","itemListElement":[{"@type":"ListItem","position":1,"name":"Portada","item":"https:\/\/decomat.com\/ca\/"},{"@type":"ListItem","position":2,"name":"Materials","item":"https:\/\/decomat.com\/ca\/materiales\/"},{"@type":"ListItem","position":3,"name":"Isolator","item":"https:\/\/decomat.com\/en\/materiales\/aislante\/"},{"@type":"ListItem","position":4,"name":"Acoustic isolation"}]},{"@type":"WebSite","@id":"https:\/\/decomat.com\/ca\/#website","url":"https:\/\/decomat.com\/ca\/","name":"decomat","description":"Mat\u00e9riau d\u00e9coratif","potentialAction":[{"@type":"SearchAction","target":{"@type":"EntryPoint","urlTemplate":"https:\/\/decomat.com\/ca\/?s={search_term_string}"},"query-input":{"@type":"PropertyValueSpecification","valueRequired":true,"valueName":"search_term_string"}}],"inLanguage":"fr-FR"}]}},"_links":{"self":[{"href":"https:\/\/decomat.com\/fr\/wp-json\/wp\/v2\/pages\/1023","targetHints":{"allow":["GET"]}}],"collection":[{"href":"https:\/\/decomat.com\/fr\/wp-json\/wp\/v2\/pages"}],"about":[{"href":"https:\/\/decomat.com\/fr\/wp-json\/wp\/v2\/types\/page"}],"author":[{"embeddable":true,"href":"https:\/\/decomat.com\/fr\/wp-json\/wp\/v2\/users\/8979"}],"replies":[{"embeddable":true,"href":"https:\/\/decomat.com\/fr\/wp-json\/wp\/v2\/comments?post=1023"}],"version-history":[{"count":9,"href":"https:\/\/decomat.com\/fr\/wp-json\/wp\/v2\/pages\/1023\/revisions"}],"predecessor-version":[{"id":5572,"href":"https:\/\/decomat.com\/fr\/wp-json\/wp\/v2\/pages\/1023\/revisions\/5572"}],"up":[{"embeddable":true,"href":"https:\/\/decomat.com\/fr\/wp-json\/wp\/v2\/pages\/654"}],"wp:attachment":[{"href":"https:\/\/decomat.com\/fr\/wp-json\/wp\/v2\/media?parent=1023"}],"curies":[{"name":"wp","href":"https:\/\/api.w.org\/{rel}","templated":true}]}}