{"id":1028,"date":"2012-04-11T17:01:15","date_gmt":"2012-04-11T17:01:15","guid":{"rendered":"http:\/\/www.decomat.com\/?page_id=1028"},"modified":"2012-07-12T15:07:57","modified_gmt":"2012-07-12T13:07:57","slug":"ignifugo","status":"publish","type":"page","link":"https:\/\/decomat.com\/fr\/materiales\/aislante\/ignifugo\/","title":{"rendered":"\u00c9preuve du feu"},"content":{"rendered":"<p><\/p>\n<h1>\u00c9preuve du feu<\/h1>\n<p>Ignifugation:. La construction de th\u00e9\u00e2tres, des cin\u00e9mas, des r\u00e9servoirs, etc, l &lsquo;Doit prendre des pr\u00e9cautions sp\u00e9ciales contre les risques d&rsquo;incendie. Lors de la s\u00e9lection de pr\u00e9f\u00e9rence des mat\u00e9riaux doit \u00eatre donn\u00e9e \u00e0 ceux avec une plus grande regist\u00e8ncia \u00e0 l&rsquo;action du feu. Parmi couramment utilis\u00e9 dans la construction, peut les reconna\u00eetre registents plus l&rsquo;action du feu qui ne sont pas m\u00eame ceux qui sont mijanament, tr\u00e8s simplement, parce que le feu est directement regist\u00e8ncia proportionnelle \u00e0 la densit\u00e9 du mat\u00e9riau.<\/p>\n<p>Parmi les retardateurs de flamme, il ya ceux qui sont fabriqu\u00e9s avec des fibres d&rsquo;amiante, la laine min\u00e9rale, etc., Et sur les tables, blocs, briques, cartons, tubes, ciment, etc.<\/p>\n<p>Les retardateurs de flamme sont \u00e9galement utilis\u00e9s pour les tuyaux et les chaudi\u00e8res manteau de garder fianlitat temp\u00e9ratures sans perte \u00e9lev\u00e9es sont essentielles \u00e0 l&rsquo;industrie ou pour recouvrir le four \u00e0 l&rsquo;int\u00e9rieur et le creuset.<\/p>\n<p>L&rsquo;amiante flamme quintessentielle retardateur est pr\u00e9sent, provenant du four de d\u00e9composition. Sur elle sont repr\u00e9sent\u00e9s deux types: l&rsquo;Amphibol dite et chrysotile, \u00e0 la fois avec forte proportion de silicium, la proportion du th\u00e9 premi\u00e8re grande de l&rsquo;oxyde ferrique avec l&rsquo;air dans de petites cellules est hautement r\u00e9sistant au feu. Le second a une proportion \u00e9lev\u00e9e de magn\u00e9sium qui donne lubrifiant certains biens.<\/p>\n<p>Parmi les produits fabriqu\u00e9s avec de l&rsquo;amiante comprennent:<\/p>\n<p>Le fibrociment. Un exemple des industries que nous avons avec l&rsquo;Eternit mat\u00e9riel, dans des plaques lisses et stri\u00e9es. Ses caract\u00e9ristiques sont les suivantes: 4 mm d&rsquo;\u00e9paisseur, de 1,20 \u00e0 2,50 m de long et 1,20 m de large. Aussi fait de 1:20 imitation de marbre de 2,50 m. peut \u00eatre coup\u00e9, clou\u00e9, il lissage, etc.<\/p>\n<p>Tissu d&rsquo;amiante: a beaucoup d&rsquo;utilisations industrielles. B\u00e2timent utilis\u00e9 pour les rideaux et les th\u00e9\u00e2tres et les cin\u00e9mas, d&rsquo;isolation thermique produite par le fil de l&rsquo;amiante dans sa pr\u00e9paration ont \u00e9t\u00e9 combin\u00e9es fibres ou de fils de cuivre avec des fils m\u00e9talliques, ou c\u00e9ruse, selon leur destination.<\/p>\n<p>Papier et carton d&rsquo;amiante: il est fabriqu\u00e9 avec des fibres d&rsquo;amiante et d&rsquo;un liant sp\u00e9cial. Le mat\u00e9riau est un solide dossier qui a suffisamment de souplesse pour l&rsquo;application dans les diverses utilisations commerciales.<\/p>\n<p>Le fabriqu\u00e9s avec du magn\u00e9sium (chrysotile), soit en feuilles, tubes, blocs ou en poudre ne doit pas \u00eatre utilis\u00e9 pendant plus de 260 \u00b0 C, les blocs sont de 0,91 pour 0h15 et 25 mm d&rsquo;\u00e9paisseur, et son poids 0.85 kg. Le Superex registre \u00e0 1040 \u00b0 C, entre les fibres am\u00e8ne le carbonate de magn\u00e9sium ou de silicium ajout\u00e9e diatomaci. Blocs ELSS sont de la m\u00eame taille qu&rsquo;avant.<\/p>\n<p>Le papier est fabriqu\u00e9 dans des \u00e9paisseurs diff\u00e9rentes, est livr\u00e9 en rouleaux de 101,6 mm (40\u00a0\u00bb) de large et de 09h52 mm (3\/8\u00a0\u00bb) d&rsquo;\u00e9paisseur. Type lourd est utilis\u00e9 comme la base et bardeaux d&rsquo;asphalte et de tuiles sous la double propri\u00e9t\u00e9 de l&rsquo;\u00e9preuve du feu et l&rsquo;isolation thermique.<\/p>\n<p>Laine min\u00e9rale: il est un bon isolant, et sans mat\u00e9riau ignifuge absolument que peuvent se d\u00e9composer. Il est recommand\u00e9 pour des temp\u00e9ratures jusqu&rsquo;\u00e0 540 \u00b0 C. Il est fait de fibre pure de pierre et de calcaire argil.la. Utilis\u00e9 pour combler tabics vides parois de s\u00e9paration dans le four.<\/p>\n<p>Le vitrage isolant: le verre fil\u00e9 en fibres longues, lumineuses et tr\u00e8s peu de diam\u00e8tre et est compl\u00e8tement<\/p>","protected":false},"excerpt":{"rendered":"<p>\u00c9preuve du feu Ignifugation:. La construction de th\u00e9\u00e2tres, des cin\u00e9mas, des r\u00e9servoirs, etc, l &lsquo;Doit prendre des pr\u00e9cautions sp\u00e9ciales contre les risques d&rsquo;incendie. Lors de la s\u00e9lection de pr\u00e9f\u00e9rence des mat\u00e9riaux doit \u00eatre donn\u00e9e \u00e0 ceux avec une plus grande regist\u00e8ncia \u00e0 l&rsquo;action du feu. Parmi couramment utilis\u00e9 dans la construction, peut les reconna\u00eetre registents [&hellip;]<\/p>\n","protected":false},"author":8979,"featured_media":0,"parent":654,"menu_order":0,"comment_status":"open","ping_status":"closed","template":"","meta":{"_monsterinsights_skip_tracking":false,"_monsterinsights_sitenote_active":false,"_monsterinsights_sitenote_note":"","_monsterinsights_sitenote_category":0,"ngg_post_thumbnail":0,"footnotes":""},"class_list":["post-1028","page","type-page","status-publish","hentry"],"yoast_head":"<!-- This site is optimized with the Yoast SEO plugin v27.3 - https:\/\/yoast.com\/product\/yoast-seo-wordpress\/ -->\n<title>\u00c9preuve du feu - decomat<\/title>\n<meta name=\"robots\" content=\"index, follow, max-snippet:-1, max-image-preview:large, max-video-preview:-1\" \/>\n<link rel=\"canonical\" href=\"https:\/\/decomat.com\/en\/materiales\/aislante\/ignifugo\/\" \/>\n<meta property=\"og:locale\" content=\"fr_FR\" \/>\n<meta property=\"og:type\" content=\"article\" \/>\n<meta property=\"og:title\" content=\"\u00c9preuve du feu - decomat\" \/>\n<meta property=\"og:description\" content=\"\u00c9preuve du feu Ignifugation:. La construction de th\u00e9\u00e2tres, des cin\u00e9mas, des r\u00e9servoirs, etc, l &lsquo;Doit prendre des pr\u00e9cautions sp\u00e9ciales contre les risques d&rsquo;incendie. Lors de la s\u00e9lection de pr\u00e9f\u00e9rence des mat\u00e9riaux doit \u00eatre donn\u00e9e \u00e0 ceux avec une plus grande regist\u00e8ncia \u00e0 l&rsquo;action du feu. Parmi couramment utilis\u00e9 dans la construction, peut les reconna\u00eetre registents [&hellip;]\" \/>\n<meta property=\"og:url\" content=\"https:\/\/decomat.com\/en\/materiales\/aislante\/ignifugo\/\" \/>\n<meta property=\"og:site_name\" content=\"decomat\" \/>\n<meta property=\"article:modified_time\" content=\"2012-07-12T13:07:57+00:00\" \/>\n<meta name=\"twitter:card\" content=\"summary_large_image\" \/>\n<meta name=\"twitter:label1\" content=\"Dur\u00e9e de lecture estim\u00e9e\" \/>\n\t<meta name=\"twitter:data1\" content=\"11 minutes\" \/>\n<script type=\"application\/ld+json\" class=\"yoast-schema-graph\">{\"@context\":\"https:\\\/\\\/schema.org\",\"@graph\":[{\"@type\":\"WebPage\",\"@id\":\"https:\\\/\\\/decomat.com\\\/en\\\/materiales\\\/aislante\\\/ignifugo\\\/\",\"url\":\"https:\\\/\\\/decomat.com\\\/en\\\/materiales\\\/aislante\\\/ignifugo\\\/\",\"name\":\"\u00c9preuve du feu - decomat\",\"isPartOf\":{\"@id\":\"https:\\\/\\\/decomat.com\\\/ca\\\/#website\"},\"datePublished\":\"2012-04-11T17:01:15+00:00\",\"dateModified\":\"2012-07-12T13:07:57+00:00\",\"breadcrumb\":{\"@id\":\"https:\\\/\\\/decomat.com\\\/en\\\/materiales\\\/aislante\\\/ignifugo\\\/#breadcrumb\"},\"inLanguage\":\"fr-FR\",\"potentialAction\":[{\"@type\":\"ReadAction\",\"target\":[\"https:\\\/\\\/decomat.com\\\/en\\\/materiales\\\/aislante\\\/ignifugo\\\/\"]}]},{\"@type\":\"BreadcrumbList\",\"@id\":\"https:\\\/\\\/decomat.com\\\/en\\\/materiales\\\/aislante\\\/ignifugo\\\/#breadcrumb\",\"itemListElement\":[{\"@type\":\"ListItem\",\"position\":1,\"name\":\"Portada\",\"item\":\"https:\\\/\\\/decomat.com\\\/ca\\\/\"},{\"@type\":\"ListItem\",\"position\":2,\"name\":\"Materials\",\"item\":\"https:\\\/\\\/decomat.com\\\/ca\\\/materiales\\\/\"},{\"@type\":\"ListItem\",\"position\":3,\"name\":\"Isolator\",\"item\":\"https:\\\/\\\/decomat.com\\\/en\\\/materiales\\\/aislante\\\/\"},{\"@type\":\"ListItem\",\"position\":4,\"name\":\"Fireproof\"}]},{\"@type\":\"WebSite\",\"@id\":\"https:\\\/\\\/decomat.com\\\/ca\\\/#website\",\"url\":\"https:\\\/\\\/decomat.com\\\/ca\\\/\",\"name\":\"decomat\",\"description\":\"Mat\u00e9riau d\u00e9coratif\",\"potentialAction\":[{\"@type\":\"SearchAction\",\"target\":{\"@type\":\"EntryPoint\",\"urlTemplate\":\"https:\\\/\\\/decomat.com\\\/ca\\\/?s={search_term_string}\"},\"query-input\":{\"@type\":\"PropertyValueSpecification\",\"valueRequired\":true,\"valueName\":\"search_term_string\"}}],\"inLanguage\":\"fr-FR\"}]}<\/script>\n<!-- \/ Yoast SEO plugin. -->","yoast_head_json":{"title":"\u00c9preuve du feu - decomat","robots":{"index":"index","follow":"follow","max-snippet":"max-snippet:-1","max-image-preview":"max-image-preview:large","max-video-preview":"max-video-preview:-1"},"canonical":"https:\/\/decomat.com\/en\/materiales\/aislante\/ignifugo\/","og_locale":"fr_FR","og_type":"article","og_title":"\u00c9preuve du feu - decomat","og_description":"\u00c9preuve du feu Ignifugation:. La construction de th\u00e9\u00e2tres, des cin\u00e9mas, des r\u00e9servoirs, etc, l &lsquo;Doit prendre des pr\u00e9cautions sp\u00e9ciales contre les risques d&rsquo;incendie. Lors de la s\u00e9lection de pr\u00e9f\u00e9rence des mat\u00e9riaux doit \u00eatre donn\u00e9e \u00e0 ceux avec une plus grande regist\u00e8ncia \u00e0 l&rsquo;action du feu. Parmi couramment utilis\u00e9 dans la construction, peut les reconna\u00eetre registents [&hellip;]","og_url":"https:\/\/decomat.com\/en\/materiales\/aislante\/ignifugo\/","og_site_name":"decomat","article_modified_time":"2012-07-12T13:07:57+00:00","twitter_card":"summary_large_image","twitter_misc":{"Dur\u00e9e de lecture estim\u00e9e":"11 minutes"},"schema":{"@context":"https:\/\/schema.org","@graph":[{"@type":"WebPage","@id":"https:\/\/decomat.com\/en\/materiales\/aislante\/ignifugo\/","url":"https:\/\/decomat.com\/en\/materiales\/aislante\/ignifugo\/","name":"\u00c9preuve du feu - decomat","isPartOf":{"@id":"https:\/\/decomat.com\/ca\/#website"},"datePublished":"2012-04-11T17:01:15+00:00","dateModified":"2012-07-12T13:07:57+00:00","breadcrumb":{"@id":"https:\/\/decomat.com\/en\/materiales\/aislante\/ignifugo\/#breadcrumb"},"inLanguage":"fr-FR","potentialAction":[{"@type":"ReadAction","target":["https:\/\/decomat.com\/en\/materiales\/aislante\/ignifugo\/"]}]},{"@type":"BreadcrumbList","@id":"https:\/\/decomat.com\/en\/materiales\/aislante\/ignifugo\/#breadcrumb","itemListElement":[{"@type":"ListItem","position":1,"name":"Portada","item":"https:\/\/decomat.com\/ca\/"},{"@type":"ListItem","position":2,"name":"Materials","item":"https:\/\/decomat.com\/ca\/materiales\/"},{"@type":"ListItem","position":3,"name":"Isolator","item":"https:\/\/decomat.com\/en\/materiales\/aislante\/"},{"@type":"ListItem","position":4,"name":"Fireproof"}]},{"@type":"WebSite","@id":"https:\/\/decomat.com\/ca\/#website","url":"https:\/\/decomat.com\/ca\/","name":"decomat","description":"Mat\u00e9riau d\u00e9coratif","potentialAction":[{"@type":"SearchAction","target":{"@type":"EntryPoint","urlTemplate":"https:\/\/decomat.com\/ca\/?s={search_term_string}"},"query-input":{"@type":"PropertyValueSpecification","valueRequired":true,"valueName":"search_term_string"}}],"inLanguage":"fr-FR"}]}},"_links":{"self":[{"href":"https:\/\/decomat.com\/fr\/wp-json\/wp\/v2\/pages\/1028","targetHints":{"allow":["GET"]}}],"collection":[{"href":"https:\/\/decomat.com\/fr\/wp-json\/wp\/v2\/pages"}],"about":[{"href":"https:\/\/decomat.com\/fr\/wp-json\/wp\/v2\/types\/page"}],"author":[{"embeddable":true,"href":"https:\/\/decomat.com\/fr\/wp-json\/wp\/v2\/users\/8979"}],"replies":[{"embeddable":true,"href":"https:\/\/decomat.com\/fr\/wp-json\/wp\/v2\/comments?post=1028"}],"version-history":[{"count":7,"href":"https:\/\/decomat.com\/fr\/wp-json\/wp\/v2\/pages\/1028\/revisions"}],"predecessor-version":[{"id":1482,"href":"https:\/\/decomat.com\/fr\/wp-json\/wp\/v2\/pages\/1028\/revisions\/1482"}],"up":[{"embeddable":true,"href":"https:\/\/decomat.com\/fr\/wp-json\/wp\/v2\/pages\/654"}],"wp:attachment":[{"href":"https:\/\/decomat.com\/fr\/wp-json\/wp\/v2\/media?parent=1028"}],"curies":[{"name":"wp","href":"https:\/\/api.w.org\/{rel}","templated":true}]}}