{"id":1087,"date":"2012-04-14T10:16:30","date_gmt":"2012-04-14T10:16:30","guid":{"rendered":"http:\/\/www.decomat.com\/?page_id=1087"},"modified":"2017-02-05T17:41:07","modified_gmt":"2017-02-05T15:41:07","slug":"cortinas-velux","status":"publish","type":"page","link":"https:\/\/decomat.com\/fr\/materiales\/cortina-toldo\/cortinas-velux\/","title":{"rendered":"Ridau Velux"},"content":{"rendered":"<h1>Ridau Velux<\/h1>\n<p><a class=\"custom-frame alignleft frame-shadow\" style=\"display: inline !important;\" href=\"https:\/\/www.decomat.com\/imatges\/decomat\/materials\/cortina\/cortina\/velux\/comescollir\/cat\/cortinavelux.gif\"><img loading=\"lazy\" decoding=\"async\" class=\"alignnone size-full wp-image-839\" title=\"Pabellon_MiesVanDerRohe\" src=\"https:\/\/www.decomat.com\/imatges\/decomat\/materials\/cortina\/cortina\/velux\/comescollir\/cat\/cortinavelux.gif\" alt=\"\" width=\"251\" height=\"169\" \/><\/a><\/p>\n<p>Tout ce que vous avez besoin pour vos fen\u00eatres VELUX. Une collection compl\u00e8te de 146 nouveaux designs et d\u00e9coratifs, faits de mat\u00e9riaux<br \/>\n qualitat.Amb novacol.lecci\u00f3 le premier rideau, trouver des solutions attrayantes avec un fonctionnement parfait, la cr\u00e9ation d&rsquo;environnements accueillants tout au long de l&rsquo;ann\u00e9e.<br \/>\n Choisir stores VELUX originaux, garantit que le produit s&rsquo;adapte avec pr\u00e9cision \u00e0 leurs fen\u00eatres, les toitures, car ils sont fait sur mesure pour fen\u00eatres VELUX.<\/p>\n<p><meta http-equiv=\"Refresh\" content=\"10;url=https:\/\/www.naturlux.com\/fr\/rideaus-velux\"\/>  <body> <\/p>\n<p>Vous trouverez ici des informations sur les rideaux Velux. 10 secondes pour se connecter NaturLux. Sinon, s&rsquo;il vous pla\u00eet cliquez sur le lien suivant <a href=\"https:\/\/www.naturlux.com\/fr\/rideaus-velux\"> www.naturlux.com<\/a>\n<\/p>\n<p><\/body>","protected":false},"excerpt":{"rendered":"<p>Ridau Velux Tout ce que vous avez besoin pour vos fen\u00eatres VELUX. Une collection compl\u00e8te de 146 nouveaux designs et d\u00e9coratifs, faits de mat\u00e9riaux qualitat.Amb novacol.lecci\u00f3 le premier rideau, trouver des solutions attrayantes avec un fonctionnement parfait, la cr\u00e9ation d&rsquo;environnements accueillants tout au long de l&rsquo;ann\u00e9e. Choisir stores VELUX originaux, garantit que le produit s&rsquo;adapte [&hellip;]<\/p>\n","protected":false},"author":8979,"featured_media":0,"parent":1000,"menu_order":0,"comment_status":"open","ping_status":"closed","template":"","meta":{"_monsterinsights_skip_tracking":false,"_monsterinsights_sitenote_active":false,"_monsterinsights_sitenote_note":"","_monsterinsights_sitenote_category":0,"ngg_post_thumbnail":0,"footnotes":""},"class_list":["post-1087","page","type-page","status-publish","hentry"],"yoast_head":"<!-- This site is optimized with the Yoast SEO plugin v27.4 - https:\/\/yoast.com\/product\/yoast-seo-wordpress\/ -->\n<title>Ridau Velux - decomat<\/title>\n<meta name=\"robots\" content=\"index, follow, max-snippet:-1, max-image-preview:large, max-video-preview:-1\" \/>\n<link rel=\"canonical\" href=\"https:\/\/decomat.com\/ca\/materiales\/cortina-toldo\/cortinas-velux\/\" \/>\n<meta property=\"og:locale\" content=\"fr_FR\" \/>\n<meta property=\"og:type\" content=\"article\" \/>\n<meta property=\"og:title\" content=\"Ridau Velux - decomat\" \/>\n<meta property=\"og:description\" content=\"Ridau Velux Tout ce que vous avez besoin pour vos fen\u00eatres VELUX. Une collection compl\u00e8te de 146 nouveaux designs et d\u00e9coratifs, faits de mat\u00e9riaux qualitat.Amb novacol.lecci\u00f3 le premier rideau, trouver des solutions attrayantes avec un fonctionnement parfait, la cr\u00e9ation d&rsquo;environnements accueillants tout au long de l&rsquo;ann\u00e9e. Choisir stores VELUX originaux, garantit que le produit s&rsquo;adapte [&hellip;]\" \/>\n<meta property=\"og:url\" content=\"https:\/\/decomat.com\/ca\/materiales\/cortina-toldo\/cortinas-velux\/\" \/>\n<meta property=\"og:site_name\" content=\"decomat\" \/>\n<meta property=\"article:modified_time\" content=\"2017-02-05T15:41:07+00:00\" \/>\n<meta property=\"og:image\" content=\"https:\/\/decomat.com\/wp-content\/uploads\/2012\/04\/Pabellon_MiesVanDerRohe.jpg\" \/>\n\t<meta property=\"og:image:width\" content=\"250\" \/>\n\t<meta property=\"og:image:height\" content=\"147\" \/>\n\t<meta property=\"og:image:type\" content=\"image\/jpeg\" \/>\n<meta name=\"twitter:card\" content=\"summary_large_image\" \/>\n<meta name=\"twitter:label1\" content=\"Dur\u00e9e de lecture estim\u00e9e\" \/>\n\t<meta name=\"twitter:data1\" content=\"2 minutes\" \/>\n<script type=\"application\/ld+json\" class=\"yoast-schema-graph\">{\"@context\":\"https:\\\/\\\/schema.org\",\"@graph\":[{\"@type\":\"WebPage\",\"@id\":\"https:\\\/\\\/decomat.com\\\/ca\\\/materiales\\\/cortina-toldo\\\/cortinas-velux\\\/\",\"url\":\"https:\\\/\\\/decomat.com\\\/ca\\\/materiales\\\/cortina-toldo\\\/cortinas-velux\\\/\",\"name\":\"Ridau Velux - decomat\",\"isPartOf\":{\"@id\":\"https:\\\/\\\/decomat.com\\\/ca\\\/#website\"},\"primaryImageOfPage\":{\"@id\":\"https:\\\/\\\/decomat.com\\\/ca\\\/materiales\\\/cortina-toldo\\\/cortinas-velux\\\/#primaryimage\"},\"image\":{\"@id\":\"https:\\\/\\\/decomat.com\\\/ca\\\/materiales\\\/cortina-toldo\\\/cortinas-velux\\\/#primaryimage\"},\"thumbnailUrl\":\"https:\\\/\\\/www.decomat.com\\\/imatges\\\/decomat\\\/materials\\\/cortina\\\/cortina\\\/velux\\\/comescollir\\\/cat\\\/cortinavelux.gif\",\"datePublished\":\"2012-04-14T10:16:30+00:00\",\"dateModified\":\"2017-02-05T15:41:07+00:00\",\"breadcrumb\":{\"@id\":\"https:\\\/\\\/decomat.com\\\/ca\\\/materiales\\\/cortina-toldo\\\/cortinas-velux\\\/#breadcrumb\"},\"inLanguage\":\"fr-FR\",\"potentialAction\":[{\"@type\":\"ReadAction\",\"target\":[\"https:\\\/\\\/decomat.com\\\/ca\\\/materiales\\\/cortina-toldo\\\/cortinas-velux\\\/\"]}]},{\"@type\":\"ImageObject\",\"inLanguage\":\"fr-FR\",\"@id\":\"https:\\\/\\\/decomat.com\\\/ca\\\/materiales\\\/cortina-toldo\\\/cortinas-velux\\\/#primaryimage\",\"url\":\"https:\\\/\\\/www.decomat.com\\\/imatges\\\/decomat\\\/materials\\\/cortina\\\/cortina\\\/velux\\\/comescollir\\\/cat\\\/cortinavelux.gif\",\"contentUrl\":\"https:\\\/\\\/www.decomat.com\\\/imatges\\\/decomat\\\/materials\\\/cortina\\\/cortina\\\/velux\\\/comescollir\\\/cat\\\/cortinavelux.gif\"},{\"@type\":\"BreadcrumbList\",\"@id\":\"https:\\\/\\\/decomat.com\\\/ca\\\/materiales\\\/cortina-toldo\\\/cortinas-velux\\\/#breadcrumb\",\"itemListElement\":[{\"@type\":\"ListItem\",\"position\":1,\"name\":\"Portada\",\"item\":\"https:\\\/\\\/decomat.com\\\/ca\\\/\"},{\"@type\":\"ListItem\",\"position\":2,\"name\":\"Materials\",\"item\":\"https:\\\/\\\/decomat.com\\\/ca\\\/materiales\\\/\"},{\"@type\":\"ListItem\",\"position\":3,\"name\":\"Cortina \\\/ toldo\",\"item\":\"https:\\\/\\\/decomat.com\\\/es\\\/materiales\\\/cortina-toldo\\\/\"},{\"@type\":\"ListItem\",\"position\":4,\"name\":\"Cortines Velux\"}]},{\"@type\":\"WebSite\",\"@id\":\"https:\\\/\\\/decomat.com\\\/ca\\\/#website\",\"url\":\"https:\\\/\\\/decomat.com\\\/ca\\\/\",\"name\":\"decomat\",\"description\":\"Mat\u00e9riau d\u00e9coratif\",\"potentialAction\":[{\"@type\":\"SearchAction\",\"target\":{\"@type\":\"EntryPoint\",\"urlTemplate\":\"https:\\\/\\\/decomat.com\\\/ca\\\/?s={search_term_string}\"},\"query-input\":{\"@type\":\"PropertyValueSpecification\",\"valueRequired\":true,\"valueName\":\"search_term_string\"}}],\"inLanguage\":\"fr-FR\"}]}<\/script>\n<!-- \/ Yoast SEO plugin. -->","yoast_head_json":{"title":"Ridau Velux - decomat","robots":{"index":"index","follow":"follow","max-snippet":"max-snippet:-1","max-image-preview":"max-image-preview:large","max-video-preview":"max-video-preview:-1"},"canonical":"https:\/\/decomat.com\/ca\/materiales\/cortina-toldo\/cortinas-velux\/","og_locale":"fr_FR","og_type":"article","og_title":"Ridau Velux - decomat","og_description":"Ridau Velux Tout ce que vous avez besoin pour vos fen\u00eatres VELUX. Une collection compl\u00e8te de 146 nouveaux designs et d\u00e9coratifs, faits de mat\u00e9riaux qualitat.Amb novacol.lecci\u00f3 le premier rideau, trouver des solutions attrayantes avec un fonctionnement parfait, la cr\u00e9ation d&rsquo;environnements accueillants tout au long de l&rsquo;ann\u00e9e. Choisir stores VELUX originaux, garantit que le produit s&rsquo;adapte [&hellip;]","og_url":"https:\/\/decomat.com\/ca\/materiales\/cortina-toldo\/cortinas-velux\/","og_site_name":"decomat","article_modified_time":"2017-02-05T15:41:07+00:00","og_image":[{"width":250,"height":147,"url":"https:\/\/decomat.com\/wp-content\/uploads\/2012\/04\/Pabellon_MiesVanDerRohe.jpg","type":"image\/jpeg"}],"twitter_card":"summary_large_image","twitter_misc":{"Dur\u00e9e de lecture estim\u00e9e":"2 minutes"},"schema":{"@context":"https:\/\/schema.org","@graph":[{"@type":"WebPage","@id":"https:\/\/decomat.com\/ca\/materiales\/cortina-toldo\/cortinas-velux\/","url":"https:\/\/decomat.com\/ca\/materiales\/cortina-toldo\/cortinas-velux\/","name":"Ridau Velux - decomat","isPartOf":{"@id":"https:\/\/decomat.com\/ca\/#website"},"primaryImageOfPage":{"@id":"https:\/\/decomat.com\/ca\/materiales\/cortina-toldo\/cortinas-velux\/#primaryimage"},"image":{"@id":"https:\/\/decomat.com\/ca\/materiales\/cortina-toldo\/cortinas-velux\/#primaryimage"},"thumbnailUrl":"https:\/\/www.decomat.com\/imatges\/decomat\/materials\/cortina\/cortina\/velux\/comescollir\/cat\/cortinavelux.gif","datePublished":"2012-04-14T10:16:30+00:00","dateModified":"2017-02-05T15:41:07+00:00","breadcrumb":{"@id":"https:\/\/decomat.com\/ca\/materiales\/cortina-toldo\/cortinas-velux\/#breadcrumb"},"inLanguage":"fr-FR","potentialAction":[{"@type":"ReadAction","target":["https:\/\/decomat.com\/ca\/materiales\/cortina-toldo\/cortinas-velux\/"]}]},{"@type":"ImageObject","inLanguage":"fr-FR","@id":"https:\/\/decomat.com\/ca\/materiales\/cortina-toldo\/cortinas-velux\/#primaryimage","url":"https:\/\/www.decomat.com\/imatges\/decomat\/materials\/cortina\/cortina\/velux\/comescollir\/cat\/cortinavelux.gif","contentUrl":"https:\/\/www.decomat.com\/imatges\/decomat\/materials\/cortina\/cortina\/velux\/comescollir\/cat\/cortinavelux.gif"},{"@type":"BreadcrumbList","@id":"https:\/\/decomat.com\/ca\/materiales\/cortina-toldo\/cortinas-velux\/#breadcrumb","itemListElement":[{"@type":"ListItem","position":1,"name":"Portada","item":"https:\/\/decomat.com\/ca\/"},{"@type":"ListItem","position":2,"name":"Materials","item":"https:\/\/decomat.com\/ca\/materiales\/"},{"@type":"ListItem","position":3,"name":"Cortina \/ toldo","item":"https:\/\/decomat.com\/es\/materiales\/cortina-toldo\/"},{"@type":"ListItem","position":4,"name":"Cortines Velux"}]},{"@type":"WebSite","@id":"https:\/\/decomat.com\/ca\/#website","url":"https:\/\/decomat.com\/ca\/","name":"decomat","description":"Mat\u00e9riau d\u00e9coratif","potentialAction":[{"@type":"SearchAction","target":{"@type":"EntryPoint","urlTemplate":"https:\/\/decomat.com\/ca\/?s={search_term_string}"},"query-input":{"@type":"PropertyValueSpecification","valueRequired":true,"valueName":"search_term_string"}}],"inLanguage":"fr-FR"}]}},"_links":{"self":[{"href":"https:\/\/decomat.com\/fr\/wp-json\/wp\/v2\/pages\/1087","targetHints":{"allow":["GET"]}}],"collection":[{"href":"https:\/\/decomat.com\/fr\/wp-json\/wp\/v2\/pages"}],"about":[{"href":"https:\/\/decomat.com\/fr\/wp-json\/wp\/v2\/types\/page"}],"author":[{"embeddable":true,"href":"https:\/\/decomat.com\/fr\/wp-json\/wp\/v2\/users\/8979"}],"replies":[{"embeddable":true,"href":"https:\/\/decomat.com\/fr\/wp-json\/wp\/v2\/comments?post=1087"}],"version-history":[{"count":48,"href":"https:\/\/decomat.com\/fr\/wp-json\/wp\/v2\/pages\/1087\/revisions"}],"predecessor-version":[{"id":6239,"href":"https:\/\/decomat.com\/fr\/wp-json\/wp\/v2\/pages\/1087\/revisions\/6239"}],"up":[{"embeddable":true,"href":"https:\/\/decomat.com\/fr\/wp-json\/wp\/v2\/pages\/1000"}],"wp:attachment":[{"href":"https:\/\/decomat.com\/fr\/wp-json\/wp\/v2\/media?parent=1087"}],"curies":[{"name":"wp","href":"https:\/\/api.w.org\/{rel}","templated":true}]}}