{"id":1099,"date":"2012-04-14T10:36:15","date_gmt":"2012-04-14T10:36:15","guid":{"rendered":"http:\/\/www.decomat.com\/?page_id=1099"},"modified":"2012-11-08T19:38:28","modified_gmt":"2012-11-08T17:38:28","slug":"ventana","status":"publish","type":"page","link":"https:\/\/decomat.com\/fr\/materiales\/cerramiento\/ventana\/","title":{"rendered":"Fen\u00eatre"},"content":{"rendered":"<p><\/p>\n<h1>Fen\u00eatre<\/h1>\n<p>L&rsquo;id\u00e9e d&rsquo;un espace de respiration qui se fait principalement \u00e0 travers les fen\u00eatres.<\/p>\n<p>La forme et la position de la fen\u00eatre d\u00e9pend de la qualit\u00e9 de la lumi\u00e8re, de son et de l&rsquo;air entrant dans l&rsquo;espace de l&rsquo;espace qui l&rsquo;entoure. Donc, la fen\u00eatre peut favoriser l&rsquo;\u00e9limination de la pollution de l&rsquo;espace int\u00e9rieur.<\/p>\n<p>Il ya un certain nombre d&rsquo;\u00e9l\u00e9ments (<a href=\"https:\/\/www.decomat.com\/fr\/materiales\/cerramiento\/persiana\/\">stores<\/a>, <a href=\"https:\/\/www.decomat.com\/fr\/materiales\/cortina-toldo\/\">rideaux<\/a>, <a href=\"https:\/\/www.decomat.com\/fr\/conocenos\/localizacion\/sabadell\/laminas-solares-sabadell\/\">accessoires<\/a>, <a href=\"https:\/\/www.decomat.com\/fr\/materiales\/cortina-toldo\/cortinas-velux\/accesorios\/\">accesorios<\/a>, raccords, balustrades, auvents, d&rsquo;insectes) que la fonctionnalit\u00e9 compl\u00e8te et le style que vous souhaitez donner \u00e0 la fen\u00eatre.<\/p>","protected":false},"excerpt":{"rendered":"<p>Fen\u00eatre L&rsquo;id\u00e9e d&rsquo;un espace de respiration qui se fait principalement \u00e0 travers les fen\u00eatres. La forme et la position de la fen\u00eatre d\u00e9pend de la qualit\u00e9 de la lumi\u00e8re, de son et de l&rsquo;air entrant dans l&rsquo;espace de l&rsquo;espace qui l&rsquo;entoure. Donc, la fen\u00eatre peut favoriser l&rsquo;\u00e9limination de la pollution de l&rsquo;espace int\u00e9rieur. Il ya [&hellip;]<\/p>\n","protected":false},"author":8979,"featured_media":0,"parent":664,"menu_order":0,"comment_status":"open","ping_status":"closed","template":"","meta":{"_monsterinsights_skip_tracking":false,"_monsterinsights_sitenote_active":false,"_monsterinsights_sitenote_note":"","_monsterinsights_sitenote_category":0,"ngg_post_thumbnail":0,"footnotes":""},"class_list":["post-1099","page","type-page","status-publish","hentry"],"yoast_head":"<!-- This site is optimized with the Yoast SEO plugin v27.3 - https:\/\/yoast.com\/product\/yoast-seo-wordpress\/ -->\n<title>Fen\u00eatre - decomat<\/title>\n<meta name=\"robots\" content=\"index, follow, max-snippet:-1, max-image-preview:large, max-video-preview:-1\" \/>\n<link rel=\"canonical\" href=\"https:\/\/decomat.com\/fr\/materiales\/cerramiento\/ventana\/\" \/>\n<meta property=\"og:locale\" content=\"fr_FR\" \/>\n<meta property=\"og:type\" content=\"article\" \/>\n<meta property=\"og:title\" content=\"Fen\u00eatre - decomat\" \/>\n<meta property=\"og:description\" content=\"Fen\u00eatre L&rsquo;id\u00e9e d&rsquo;un espace de respiration qui se fait principalement \u00e0 travers les fen\u00eatres. La forme et la position de la fen\u00eatre d\u00e9pend de la qualit\u00e9 de la lumi\u00e8re, de son et de l&rsquo;air entrant dans l&rsquo;espace de l&rsquo;espace qui l&rsquo;entoure. Donc, la fen\u00eatre peut favoriser l&rsquo;\u00e9limination de la pollution de l&rsquo;espace int\u00e9rieur. Il ya [&hellip;]\" \/>\n<meta property=\"og:url\" content=\"https:\/\/decomat.com\/fr\/materiales\/cerramiento\/ventana\/\" \/>\n<meta property=\"og:site_name\" content=\"decomat\" \/>\n<meta property=\"article:modified_time\" content=\"2012-11-08T17:38:28+00:00\" \/>\n<meta property=\"og:image\" content=\"https:\/\/decomat.com\/wp-content\/uploads\/2012\/04\/Pabellon_MiesVanDerRohe.jpg\" \/>\n\t<meta property=\"og:image:width\" content=\"250\" \/>\n\t<meta property=\"og:image:height\" content=\"147\" \/>\n\t<meta property=\"og:image:type\" content=\"image\/jpeg\" \/>\n<meta name=\"twitter:card\" content=\"summary_large_image\" \/>\n<meta name=\"twitter:label1\" content=\"Dur\u00e9e de lecture estim\u00e9e\" \/>\n\t<meta name=\"twitter:data1\" content=\"2 minutes\" \/>\n<script type=\"application\/ld+json\" class=\"yoast-schema-graph\">{\"@context\":\"https:\\\/\\\/schema.org\",\"@graph\":[{\"@type\":\"WebPage\",\"@id\":\"https:\\\/\\\/decomat.com\\\/fr\\\/materiales\\\/cerramiento\\\/ventana\\\/\",\"url\":\"https:\\\/\\\/decomat.com\\\/fr\\\/materiales\\\/cerramiento\\\/ventana\\\/\",\"name\":\"Fen\u00eatre - decomat\",\"isPartOf\":{\"@id\":\"https:\\\/\\\/decomat.com\\\/ca\\\/#website\"},\"primaryImageOfPage\":{\"@id\":\"https:\\\/\\\/decomat.com\\\/fr\\\/materiales\\\/cerramiento\\\/ventana\\\/#primaryimage\"},\"image\":{\"@id\":\"https:\\\/\\\/decomat.com\\\/fr\\\/materiales\\\/cerramiento\\\/ventana\\\/#primaryimage\"},\"thumbnailUrl\":\"https:\\\/\\\/www.decomat.com\\\/imatges\\\/decomat\\\/materials\\\/tancament\\\/finestra\\\/cat\\\/finestraveluxinteriorexterior.jpg\",\"datePublished\":\"2012-04-14T10:36:15+00:00\",\"dateModified\":\"2012-11-08T17:38:28+00:00\",\"breadcrumb\":{\"@id\":\"https:\\\/\\\/decomat.com\\\/fr\\\/materiales\\\/cerramiento\\\/ventana\\\/#breadcrumb\"},\"inLanguage\":\"fr-FR\",\"potentialAction\":[{\"@type\":\"ReadAction\",\"target\":[\"https:\\\/\\\/decomat.com\\\/fr\\\/materiales\\\/cerramiento\\\/ventana\\\/\"]}]},{\"@type\":\"ImageObject\",\"inLanguage\":\"fr-FR\",\"@id\":\"https:\\\/\\\/decomat.com\\\/fr\\\/materiales\\\/cerramiento\\\/ventana\\\/#primaryimage\",\"url\":\"https:\\\/\\\/www.decomat.com\\\/imatges\\\/decomat\\\/materials\\\/tancament\\\/finestra\\\/cat\\\/finestraveluxinteriorexterior.jpg\",\"contentUrl\":\"https:\\\/\\\/www.decomat.com\\\/imatges\\\/decomat\\\/materials\\\/tancament\\\/finestra\\\/cat\\\/finestraveluxinteriorexterior.jpg\"},{\"@type\":\"BreadcrumbList\",\"@id\":\"https:\\\/\\\/decomat.com\\\/fr\\\/materiales\\\/cerramiento\\\/ventana\\\/#breadcrumb\",\"itemListElement\":[{\"@type\":\"ListItem\",\"position\":1,\"name\":\"Portada\",\"item\":\"https:\\\/\\\/decomat.com\\\/ca\\\/\"},{\"@type\":\"ListItem\",\"position\":2,\"name\":\"Materials\",\"item\":\"https:\\\/\\\/decomat.com\\\/ca\\\/materiales\\\/\"},{\"@type\":\"ListItem\",\"position\":3,\"name\":\"Fermeture Cloison\",\"item\":\"https:\\\/\\\/decomat.com\\\/fr\\\/materiales\\\/cerramiento\\\/\"},{\"@type\":\"ListItem\",\"position\":4,\"name\":\"Fen\u00eatre\"}]},{\"@type\":\"WebSite\",\"@id\":\"https:\\\/\\\/decomat.com\\\/ca\\\/#website\",\"url\":\"https:\\\/\\\/decomat.com\\\/ca\\\/\",\"name\":\"decomat\",\"description\":\"Mat\u00e9riau d\u00e9coratif\",\"potentialAction\":[{\"@type\":\"SearchAction\",\"target\":{\"@type\":\"EntryPoint\",\"urlTemplate\":\"https:\\\/\\\/decomat.com\\\/ca\\\/?s={search_term_string}\"},\"query-input\":{\"@type\":\"PropertyValueSpecification\",\"valueRequired\":true,\"valueName\":\"search_term_string\"}}],\"inLanguage\":\"fr-FR\"}]}<\/script>\n<!-- \/ Yoast SEO plugin. -->","yoast_head_json":{"title":"Fen\u00eatre - decomat","robots":{"index":"index","follow":"follow","max-snippet":"max-snippet:-1","max-image-preview":"max-image-preview:large","max-video-preview":"max-video-preview:-1"},"canonical":"https:\/\/decomat.com\/fr\/materiales\/cerramiento\/ventana\/","og_locale":"fr_FR","og_type":"article","og_title":"Fen\u00eatre - decomat","og_description":"Fen\u00eatre L&rsquo;id\u00e9e d&rsquo;un espace de respiration qui se fait principalement \u00e0 travers les fen\u00eatres. La forme et la position de la fen\u00eatre d\u00e9pend de la qualit\u00e9 de la lumi\u00e8re, de son et de l&rsquo;air entrant dans l&rsquo;espace de l&rsquo;espace qui l&rsquo;entoure. Donc, la fen\u00eatre peut favoriser l&rsquo;\u00e9limination de la pollution de l&rsquo;espace int\u00e9rieur. Il ya [&hellip;]","og_url":"https:\/\/decomat.com\/fr\/materiales\/cerramiento\/ventana\/","og_site_name":"decomat","article_modified_time":"2012-11-08T17:38:28+00:00","og_image":[{"width":250,"height":147,"url":"https:\/\/decomat.com\/wp-content\/uploads\/2012\/04\/Pabellon_MiesVanDerRohe.jpg","type":"image\/jpeg"}],"twitter_card":"summary_large_image","twitter_misc":{"Dur\u00e9e de lecture estim\u00e9e":"2 minutes"},"schema":{"@context":"https:\/\/schema.org","@graph":[{"@type":"WebPage","@id":"https:\/\/decomat.com\/fr\/materiales\/cerramiento\/ventana\/","url":"https:\/\/decomat.com\/fr\/materiales\/cerramiento\/ventana\/","name":"Fen\u00eatre - decomat","isPartOf":{"@id":"https:\/\/decomat.com\/ca\/#website"},"primaryImageOfPage":{"@id":"https:\/\/decomat.com\/fr\/materiales\/cerramiento\/ventana\/#primaryimage"},"image":{"@id":"https:\/\/decomat.com\/fr\/materiales\/cerramiento\/ventana\/#primaryimage"},"thumbnailUrl":"https:\/\/www.decomat.com\/imatges\/decomat\/materials\/tancament\/finestra\/cat\/finestraveluxinteriorexterior.jpg","datePublished":"2012-04-14T10:36:15+00:00","dateModified":"2012-11-08T17:38:28+00:00","breadcrumb":{"@id":"https:\/\/decomat.com\/fr\/materiales\/cerramiento\/ventana\/#breadcrumb"},"inLanguage":"fr-FR","potentialAction":[{"@type":"ReadAction","target":["https:\/\/decomat.com\/fr\/materiales\/cerramiento\/ventana\/"]}]},{"@type":"ImageObject","inLanguage":"fr-FR","@id":"https:\/\/decomat.com\/fr\/materiales\/cerramiento\/ventana\/#primaryimage","url":"https:\/\/www.decomat.com\/imatges\/decomat\/materials\/tancament\/finestra\/cat\/finestraveluxinteriorexterior.jpg","contentUrl":"https:\/\/www.decomat.com\/imatges\/decomat\/materials\/tancament\/finestra\/cat\/finestraveluxinteriorexterior.jpg"},{"@type":"BreadcrumbList","@id":"https:\/\/decomat.com\/fr\/materiales\/cerramiento\/ventana\/#breadcrumb","itemListElement":[{"@type":"ListItem","position":1,"name":"Portada","item":"https:\/\/decomat.com\/ca\/"},{"@type":"ListItem","position":2,"name":"Materials","item":"https:\/\/decomat.com\/ca\/materiales\/"},{"@type":"ListItem","position":3,"name":"Fermeture Cloison","item":"https:\/\/decomat.com\/fr\/materiales\/cerramiento\/"},{"@type":"ListItem","position":4,"name":"Fen\u00eatre"}]},{"@type":"WebSite","@id":"https:\/\/decomat.com\/ca\/#website","url":"https:\/\/decomat.com\/ca\/","name":"decomat","description":"Mat\u00e9riau d\u00e9coratif","potentialAction":[{"@type":"SearchAction","target":{"@type":"EntryPoint","urlTemplate":"https:\/\/decomat.com\/ca\/?s={search_term_string}"},"query-input":{"@type":"PropertyValueSpecification","valueRequired":true,"valueName":"search_term_string"}}],"inLanguage":"fr-FR"}]}},"_links":{"self":[{"href":"https:\/\/decomat.com\/fr\/wp-json\/wp\/v2\/pages\/1099","targetHints":{"allow":["GET"]}}],"collection":[{"href":"https:\/\/decomat.com\/fr\/wp-json\/wp\/v2\/pages"}],"about":[{"href":"https:\/\/decomat.com\/fr\/wp-json\/wp\/v2\/types\/page"}],"author":[{"embeddable":true,"href":"https:\/\/decomat.com\/fr\/wp-json\/wp\/v2\/users\/8979"}],"replies":[{"embeddable":true,"href":"https:\/\/decomat.com\/fr\/wp-json\/wp\/v2\/comments?post=1099"}],"version-history":[{"count":64,"href":"https:\/\/decomat.com\/fr\/wp-json\/wp\/v2\/pages\/1099\/revisions"}],"predecessor-version":[{"id":4885,"href":"https:\/\/decomat.com\/fr\/wp-json\/wp\/v2\/pages\/1099\/revisions\/4885"}],"up":[{"embeddable":true,"href":"https:\/\/decomat.com\/fr\/wp-json\/wp\/v2\/pages\/664"}],"wp:attachment":[{"href":"https:\/\/decomat.com\/fr\/wp-json\/wp\/v2\/media?parent=1099"}],"curies":[{"name":"wp","href":"https:\/\/api.w.org\/{rel}","templated":true}]}}