{"id":1992,"date":"2012-04-18T20:13:36","date_gmt":"2012-04-18T20:13:36","guid":{"rendered":"http:\/\/www.decomat.com\/?page_id=1992"},"modified":"2017-04-08T17:15:43","modified_gmt":"2017-04-08T15:15:43","slug":"ascensor-unifamiliar","status":"publish","type":"page","link":"https:\/\/decomat.com\/fr\/hogar\/ascensor-unifamiliar\/","title":{"rendered":"Ascenseur unifamiliar"},"content":{"rendered":"<h1>Ascenseur unifamiliar<\/h1>\n<p>La plupart des maisons ont tendance \u00e0 la verticalit\u00e9.<br \/>\nLes escaliers sont la seule fa\u00e7on d&rsquo;acc\u00e9der aux diff\u00e9rentes zones de la maison, qui est en<\/p>\n<div id=\"attachment_6752\" style=\"width: 310px\" class=\"wp-caption alignleft\"><a href=\"https:\/\/www.decomat.com\/wp-content\/uploads\/2012\/04\/ascensor_vivenda_unifamiliar.jpg\"><img loading=\"lazy\" decoding=\"async\" aria-describedby=\"caption-attachment-6752\" class=\"size-medium wp-image-6752\" src=\"https:\/\/www.decomat.com\/wp-content\/uploads\/2012\/04\/ascensor_vivenda_unifamiliar-300x207.jpg\" alt=\"\" width=\"300\" height=\"207\" srcset=\"https:\/\/decomat.com\/wp-content\/uploads\/2012\/04\/ascensor_vivenda_unifamiliar-300x207.jpg 300w, https:\/\/decomat.com\/wp-content\/uploads\/2012\/04\/ascensor_vivenda_unifamiliar-330x228.jpg 330w, https:\/\/decomat.com\/wp-content\/uploads\/2012\/04\/ascensor_vivenda_unifamiliar-260x180.jpg 260w, https:\/\/decomat.com\/wp-content\/uploads\/2012\/04\/ascensor_vivenda_unifamiliar-520x360.jpg 520w, https:\/\/decomat.com\/wp-content\/uploads\/2012\/04\/ascensor_vivenda_unifamiliar-414x286.jpg 414w, https:\/\/decomat.com\/wp-content\/uploads\/2012\/04\/ascensor_vivenda_unifamiliar.jpg 580w\" sizes=\"auto, (max-width: 300px) 100vw, 300px\" \/><\/a><p id=\"caption-attachment-6752\" class=\"wp-caption-text\">ascensor unifamiliar<\/p><\/div>\n<p>principe une jolie devient vite tr\u00e8s inconfortable.<br \/>\nEt un inconv\u00e9nient majeur quand il s&rsquo;agit de probl\u00e8mes de sant\u00e9 ou de personnes \u00e2g\u00e9es. Notre gamme de chez MINI l\u00e8ve-UP r\u00e9soudre le probl\u00e8me pour vous de monter ou descendre d&rsquo;un simple effleurement du doigt.<br \/>\n<strong>Votre confort dans 1m \u00b2<\/strong><br \/>\nLa maison MINI-UP l\u00e8ve seulement besoin d&rsquo;un 1m \u00b2 horizontalement pour un maximum de 11,5 m verticalement. Leurs diff\u00e9rents mod\u00e8les de portes et lat\u00e9raux du syst\u00e8me d&rsquo;entra\u00eenement hydraulique, assurer une installation parfaite, quelles que soient les conditions de votre emplacement. Il vous suffit de choisir le mod\u00e8le qui convient \u00e0 votre d\u00e9cor \u00e0 la maison et Zardoya Otis&rsquo;ll faire le reste.<br \/>\n<strong>Tout est sous contr\u00f4le<\/strong><br \/>\nSyst\u00e8me d&rsquo;urgence en standard, ce qui permet l&rsquo;abaissement automatique de l&rsquo;ascenseur au rez-de-chauss\u00e9e et ouvrant la porte \u00e0 une panne de courant possible.<br \/>\nPortes semi-automatiques ont verrouillable \u00e0 double verrouillage: m\u00e9canique et \u00e9lectrique. Approbation de la r\u00e9sistance au feu selon la norme UNE 23-802-79, d\u00e9livr\u00e9e par le LICOF.","protected":false},"excerpt":{"rendered":"<p>Ascenseur unifamiliar La plupart des maisons ont tendance \u00e0 la verticalit\u00e9. Les escaliers sont la seule fa\u00e7on d&rsquo;acc\u00e9der aux diff\u00e9rentes zones de la maison, qui est en principe une jolie devient vite tr\u00e8s inconfortable. Et un inconv\u00e9nient majeur quand il s&rsquo;agit de probl\u00e8mes de sant\u00e9 ou de personnes \u00e2g\u00e9es. Notre gamme de chez MINI l\u00e8ve-UP [&hellip;]<\/p>\n","protected":false},"author":8979,"featured_media":0,"parent":715,"menu_order":2,"comment_status":"open","ping_status":"closed","template":"","meta":{"_monsterinsights_skip_tracking":false,"_monsterinsights_sitenote_active":false,"_monsterinsights_sitenote_note":"","_monsterinsights_sitenote_category":0,"ngg_post_thumbnail":0,"footnotes":""},"class_list":["post-1992","page","type-page","status-publish","hentry"],"yoast_head":"<!-- This site is optimized with the Yoast SEO plugin v27.3 - https:\/\/yoast.com\/product\/yoast-seo-wordpress\/ -->\n<title>Ascenseur unifamiliar - decomat<\/title>\n<meta name=\"robots\" content=\"index, follow, max-snippet:-1, max-image-preview:large, max-video-preview:-1\" \/>\n<link rel=\"canonical\" href=\"https:\/\/decomat.com\/es\/hogar\/ascensor-unifamiliar\/\" \/>\n<meta property=\"og:locale\" content=\"fr_FR\" \/>\n<meta property=\"og:type\" content=\"article\" \/>\n<meta property=\"og:title\" content=\"Ascenseur unifamiliar - decomat\" \/>\n<meta property=\"og:description\" content=\"Ascenseur unifamiliar La plupart des maisons ont tendance \u00e0 la verticalit\u00e9. Les escaliers sont la seule fa\u00e7on d&rsquo;acc\u00e9der aux diff\u00e9rentes zones de la maison, qui est en principe une jolie devient vite tr\u00e8s inconfortable. Et un inconv\u00e9nient majeur quand il s&rsquo;agit de probl\u00e8mes de sant\u00e9 ou de personnes \u00e2g\u00e9es. Notre gamme de chez MINI l\u00e8ve-UP [&hellip;]\" \/>\n<meta property=\"og:url\" content=\"https:\/\/decomat.com\/es\/hogar\/ascensor-unifamiliar\/\" \/>\n<meta property=\"og:site_name\" content=\"decomat\" \/>\n<meta property=\"article:modified_time\" content=\"2017-04-08T15:15:43+00:00\" \/>\n<meta property=\"og:image\" content=\"https:\/\/decomat.com\/wp-content\/uploads\/2012\/04\/ascensor_vivenda_unifamiliar.jpg\" \/>\n\t<meta property=\"og:image:width\" content=\"580\" \/>\n\t<meta property=\"og:image:height\" content=\"400\" \/>\n\t<meta property=\"og:image:type\" content=\"image\/jpeg\" \/>\n<meta name=\"twitter:card\" content=\"summary_large_image\" \/>\n<meta name=\"twitter:label1\" content=\"Dur\u00e9e de lecture estim\u00e9e\" \/>\n\t<meta name=\"twitter:data1\" content=\"5 minutes\" \/>\n<script type=\"application\/ld+json\" class=\"yoast-schema-graph\">{\"@context\":\"https:\\\/\\\/schema.org\",\"@graph\":[{\"@type\":\"WebPage\",\"@id\":\"https:\\\/\\\/decomat.com\\\/es\\\/hogar\\\/ascensor-unifamiliar\\\/\",\"url\":\"https:\\\/\\\/decomat.com\\\/es\\\/hogar\\\/ascensor-unifamiliar\\\/\",\"name\":\"Ascenseur unifamiliar - decomat\",\"isPartOf\":{\"@id\":\"https:\\\/\\\/decomat.com\\\/ca\\\/#website\"},\"primaryImageOfPage\":{\"@id\":\"https:\\\/\\\/decomat.com\\\/es\\\/hogar\\\/ascensor-unifamiliar\\\/#primaryimage\"},\"image\":{\"@id\":\"https:\\\/\\\/decomat.com\\\/es\\\/hogar\\\/ascensor-unifamiliar\\\/#primaryimage\"},\"thumbnailUrl\":\"https:\\\/\\\/www.decomat.com\\\/wp-content\\\/uploads\\\/2012\\\/04\\\/ascensor_vivenda_unifamiliar-300x207.jpg\",\"datePublished\":\"2012-04-18T20:13:36+00:00\",\"dateModified\":\"2017-04-08T15:15:43+00:00\",\"breadcrumb\":{\"@id\":\"https:\\\/\\\/decomat.com\\\/es\\\/hogar\\\/ascensor-unifamiliar\\\/#breadcrumb\"},\"inLanguage\":\"fr-FR\",\"potentialAction\":[{\"@type\":\"ReadAction\",\"target\":[\"https:\\\/\\\/decomat.com\\\/es\\\/hogar\\\/ascensor-unifamiliar\\\/\"]}]},{\"@type\":\"ImageObject\",\"inLanguage\":\"fr-FR\",\"@id\":\"https:\\\/\\\/decomat.com\\\/es\\\/hogar\\\/ascensor-unifamiliar\\\/#primaryimage\",\"url\":\"https:\\\/\\\/www.decomat.com\\\/wp-content\\\/uploads\\\/2012\\\/04\\\/ascensor_vivenda_unifamiliar-300x207.jpg\",\"contentUrl\":\"https:\\\/\\\/www.decomat.com\\\/wp-content\\\/uploads\\\/2012\\\/04\\\/ascensor_vivenda_unifamiliar-300x207.jpg\"},{\"@type\":\"BreadcrumbList\",\"@id\":\"https:\\\/\\\/decomat.com\\\/es\\\/hogar\\\/ascensor-unifamiliar\\\/#breadcrumb\",\"itemListElement\":[{\"@type\":\"ListItem\",\"position\":1,\"name\":\"Portada\",\"item\":\"https:\\\/\\\/decomat.com\\\/ca\\\/\"},{\"@type\":\"ListItem\",\"position\":2,\"name\":\"Hogar\",\"item\":\"https:\\\/\\\/decomat.com\\\/es\\\/hogar\\\/\"},{\"@type\":\"ListItem\",\"position\":3,\"name\":\"Ascensor unifamiliar\"}]},{\"@type\":\"WebSite\",\"@id\":\"https:\\\/\\\/decomat.com\\\/ca\\\/#website\",\"url\":\"https:\\\/\\\/decomat.com\\\/ca\\\/\",\"name\":\"decomat\",\"description\":\"Mat\u00e9riau d\u00e9coratif\",\"potentialAction\":[{\"@type\":\"SearchAction\",\"target\":{\"@type\":\"EntryPoint\",\"urlTemplate\":\"https:\\\/\\\/decomat.com\\\/ca\\\/?s={search_term_string}\"},\"query-input\":{\"@type\":\"PropertyValueSpecification\",\"valueRequired\":true,\"valueName\":\"search_term_string\"}}],\"inLanguage\":\"fr-FR\"}]}<\/script>\n<!-- \/ Yoast SEO plugin. -->","yoast_head_json":{"title":"Ascenseur unifamiliar - decomat","robots":{"index":"index","follow":"follow","max-snippet":"max-snippet:-1","max-image-preview":"max-image-preview:large","max-video-preview":"max-video-preview:-1"},"canonical":"https:\/\/decomat.com\/es\/hogar\/ascensor-unifamiliar\/","og_locale":"fr_FR","og_type":"article","og_title":"Ascenseur unifamiliar - decomat","og_description":"Ascenseur unifamiliar La plupart des maisons ont tendance \u00e0 la verticalit\u00e9. Les escaliers sont la seule fa\u00e7on d&rsquo;acc\u00e9der aux diff\u00e9rentes zones de la maison, qui est en principe une jolie devient vite tr\u00e8s inconfortable. Et un inconv\u00e9nient majeur quand il s&rsquo;agit de probl\u00e8mes de sant\u00e9 ou de personnes \u00e2g\u00e9es. Notre gamme de chez MINI l\u00e8ve-UP [&hellip;]","og_url":"https:\/\/decomat.com\/es\/hogar\/ascensor-unifamiliar\/","og_site_name":"decomat","article_modified_time":"2017-04-08T15:15:43+00:00","og_image":[{"width":580,"height":400,"url":"https:\/\/decomat.com\/wp-content\/uploads\/2012\/04\/ascensor_vivenda_unifamiliar.jpg","type":"image\/jpeg"}],"twitter_card":"summary_large_image","twitter_misc":{"Dur\u00e9e de lecture estim\u00e9e":"5 minutes"},"schema":{"@context":"https:\/\/schema.org","@graph":[{"@type":"WebPage","@id":"https:\/\/decomat.com\/es\/hogar\/ascensor-unifamiliar\/","url":"https:\/\/decomat.com\/es\/hogar\/ascensor-unifamiliar\/","name":"Ascenseur unifamiliar - decomat","isPartOf":{"@id":"https:\/\/decomat.com\/ca\/#website"},"primaryImageOfPage":{"@id":"https:\/\/decomat.com\/es\/hogar\/ascensor-unifamiliar\/#primaryimage"},"image":{"@id":"https:\/\/decomat.com\/es\/hogar\/ascensor-unifamiliar\/#primaryimage"},"thumbnailUrl":"https:\/\/www.decomat.com\/wp-content\/uploads\/2012\/04\/ascensor_vivenda_unifamiliar-300x207.jpg","datePublished":"2012-04-18T20:13:36+00:00","dateModified":"2017-04-08T15:15:43+00:00","breadcrumb":{"@id":"https:\/\/decomat.com\/es\/hogar\/ascensor-unifamiliar\/#breadcrumb"},"inLanguage":"fr-FR","potentialAction":[{"@type":"ReadAction","target":["https:\/\/decomat.com\/es\/hogar\/ascensor-unifamiliar\/"]}]},{"@type":"ImageObject","inLanguage":"fr-FR","@id":"https:\/\/decomat.com\/es\/hogar\/ascensor-unifamiliar\/#primaryimage","url":"https:\/\/www.decomat.com\/wp-content\/uploads\/2012\/04\/ascensor_vivenda_unifamiliar-300x207.jpg","contentUrl":"https:\/\/www.decomat.com\/wp-content\/uploads\/2012\/04\/ascensor_vivenda_unifamiliar-300x207.jpg"},{"@type":"BreadcrumbList","@id":"https:\/\/decomat.com\/es\/hogar\/ascensor-unifamiliar\/#breadcrumb","itemListElement":[{"@type":"ListItem","position":1,"name":"Portada","item":"https:\/\/decomat.com\/ca\/"},{"@type":"ListItem","position":2,"name":"Hogar","item":"https:\/\/decomat.com\/es\/hogar\/"},{"@type":"ListItem","position":3,"name":"Ascensor unifamiliar"}]},{"@type":"WebSite","@id":"https:\/\/decomat.com\/ca\/#website","url":"https:\/\/decomat.com\/ca\/","name":"decomat","description":"Mat\u00e9riau d\u00e9coratif","potentialAction":[{"@type":"SearchAction","target":{"@type":"EntryPoint","urlTemplate":"https:\/\/decomat.com\/ca\/?s={search_term_string}"},"query-input":{"@type":"PropertyValueSpecification","valueRequired":true,"valueName":"search_term_string"}}],"inLanguage":"fr-FR"}]}},"_links":{"self":[{"href":"https:\/\/decomat.com\/fr\/wp-json\/wp\/v2\/pages\/1992","targetHints":{"allow":["GET"]}}],"collection":[{"href":"https:\/\/decomat.com\/fr\/wp-json\/wp\/v2\/pages"}],"about":[{"href":"https:\/\/decomat.com\/fr\/wp-json\/wp\/v2\/types\/page"}],"author":[{"embeddable":true,"href":"https:\/\/decomat.com\/fr\/wp-json\/wp\/v2\/users\/8979"}],"replies":[{"embeddable":true,"href":"https:\/\/decomat.com\/fr\/wp-json\/wp\/v2\/comments?post=1992"}],"version-history":[{"count":19,"href":"https:\/\/decomat.com\/fr\/wp-json\/wp\/v2\/pages\/1992\/revisions"}],"predecessor-version":[{"id":6757,"href":"https:\/\/decomat.com\/fr\/wp-json\/wp\/v2\/pages\/1992\/revisions\/6757"}],"up":[{"embeddable":true,"href":"https:\/\/decomat.com\/fr\/wp-json\/wp\/v2\/pages\/715"}],"wp:attachment":[{"href":"https:\/\/decomat.com\/fr\/wp-json\/wp\/v2\/media?parent=1992"}],"curies":[{"name":"wp","href":"https:\/\/api.w.org\/{rel}","templated":true}]}}