{"id":2048,"date":"2012-04-18T21:35:33","date_gmt":"2012-04-18T21:35:33","guid":{"rendered":"http:\/\/www.decomat.com\/?page_id=2048"},"modified":"2012-12-07T14:49:31","modified_gmt":"2012-12-07T12:49:31","slug":"iluminacion-empotrada","status":"publish","type":"page","link":"https:\/\/decomat.com\/fr\/materiales\/pavimento-suelo\/iluminacion-empotrada\/","title":{"rendered":"\u00c9clairage pour sol"},"content":{"rendered":"<p><\/p>\n<h1>\u00c9clairage encastr\u00e9 au\u00a0 soil rez de chauss\u00e9e<\/h1>\n<p><\/p>","protected":false},"excerpt":{"rendered":"<p>\u00c9clairage encastr\u00e9 au\u00a0 soil rez de chauss\u00e9e<\/p>\n","protected":false},"author":8979,"featured_media":0,"parent":1280,"menu_order":0,"comment_status":"open","ping_status":"closed","template":"","meta":{"_monsterinsights_skip_tracking":false,"_monsterinsights_sitenote_active":false,"_monsterinsights_sitenote_note":"","_monsterinsights_sitenote_category":0,"ngg_post_thumbnail":0,"footnotes":""},"class_list":["post-2048","page","type-page","status-publish","hentry"],"yoast_head":"<!-- This site is optimized with the Yoast SEO plugin v27.3 - https:\/\/yoast.com\/product\/yoast-seo-wordpress\/ -->\n<title>\u00c9clairage pour sol - decomat<\/title>\n<meta name=\"robots\" content=\"index, follow, max-snippet:-1, max-image-preview:large, max-video-preview:-1\" \/>\n<link rel=\"canonical\" href=\"https:\/\/decomat.com\/es\/materiales\/pavimento-suelo\/iluminacion-empotrada\/\" \/>\n<meta property=\"og:locale\" content=\"fr_FR\" \/>\n<meta property=\"og:type\" content=\"article\" \/>\n<meta property=\"og:title\" content=\"\u00c9clairage pour sol - decomat\" \/>\n<meta property=\"og:description\" content=\"\u00c9clairage encastr\u00e9 au\u00a0 soil rez de chauss\u00e9e\" \/>\n<meta property=\"og:url\" content=\"https:\/\/decomat.com\/es\/materiales\/pavimento-suelo\/iluminacion-empotrada\/\" \/>\n<meta property=\"og:site_name\" content=\"decomat\" \/>\n<meta property=\"article:modified_time\" content=\"2012-12-07T12:49:31+00:00\" \/>\n<meta name=\"twitter:card\" content=\"summary_large_image\" \/>\n<meta name=\"twitter:label1\" content=\"Dur\u00e9e de lecture estim\u00e9e\" \/>\n\t<meta name=\"twitter:data1\" content=\"1 minute\" \/>\n<script type=\"application\/ld+json\" class=\"yoast-schema-graph\">{\"@context\":\"https:\\\/\\\/schema.org\",\"@graph\":[{\"@type\":\"WebPage\",\"@id\":\"https:\\\/\\\/decomat.com\\\/es\\\/materiales\\\/pavimento-suelo\\\/iluminacion-empotrada\\\/\",\"url\":\"https:\\\/\\\/decomat.com\\\/es\\\/materiales\\\/pavimento-suelo\\\/iluminacion-empotrada\\\/\",\"name\":\"\u00c9clairage pour sol - decomat\",\"isPartOf\":{\"@id\":\"https:\\\/\\\/decomat.com\\\/ca\\\/#website\"},\"datePublished\":\"2012-04-18T21:35:33+00:00\",\"dateModified\":\"2012-12-07T12:49:31+00:00\",\"breadcrumb\":{\"@id\":\"https:\\\/\\\/decomat.com\\\/es\\\/materiales\\\/pavimento-suelo\\\/iluminacion-empotrada\\\/#breadcrumb\"},\"inLanguage\":\"fr-FR\",\"potentialAction\":[{\"@type\":\"ReadAction\",\"target\":[\"https:\\\/\\\/decomat.com\\\/es\\\/materiales\\\/pavimento-suelo\\\/iluminacion-empotrada\\\/\"]}]},{\"@type\":\"BreadcrumbList\",\"@id\":\"https:\\\/\\\/decomat.com\\\/es\\\/materiales\\\/pavimento-suelo\\\/iluminacion-empotrada\\\/#breadcrumb\",\"itemListElement\":[{\"@type\":\"ListItem\",\"position\":1,\"name\":\"Portada\",\"item\":\"https:\\\/\\\/decomat.com\\\/ca\\\/\"},{\"@type\":\"ListItem\",\"position\":2,\"name\":\"Materials\",\"item\":\"https:\\\/\\\/decomat.com\\\/ca\\\/materiales\\\/\"},{\"@type\":\"ListItem\",\"position\":3,\"name\":\"Paviment \\\/ Terra\",\"item\":\"https:\\\/\\\/decomat.com\\\/ca\\\/materiales\\\/pavimento-suelo\\\/\"},{\"@type\":\"ListItem\",\"position\":4,\"name\":\"Iluminaci\u00f3n para suelo\"}]},{\"@type\":\"WebSite\",\"@id\":\"https:\\\/\\\/decomat.com\\\/ca\\\/#website\",\"url\":\"https:\\\/\\\/decomat.com\\\/ca\\\/\",\"name\":\"decomat\",\"description\":\"Mat\u00e9riau d\u00e9coratif\",\"potentialAction\":[{\"@type\":\"SearchAction\",\"target\":{\"@type\":\"EntryPoint\",\"urlTemplate\":\"https:\\\/\\\/decomat.com\\\/ca\\\/?s={search_term_string}\"},\"query-input\":{\"@type\":\"PropertyValueSpecification\",\"valueRequired\":true,\"valueName\":\"search_term_string\"}}],\"inLanguage\":\"fr-FR\"}]}<\/script>\n<!-- \/ Yoast SEO plugin. -->","yoast_head_json":{"title":"\u00c9clairage pour sol - decomat","robots":{"index":"index","follow":"follow","max-snippet":"max-snippet:-1","max-image-preview":"max-image-preview:large","max-video-preview":"max-video-preview:-1"},"canonical":"https:\/\/decomat.com\/es\/materiales\/pavimento-suelo\/iluminacion-empotrada\/","og_locale":"fr_FR","og_type":"article","og_title":"\u00c9clairage pour sol - decomat","og_description":"\u00c9clairage encastr\u00e9 au\u00a0 soil rez de chauss\u00e9e","og_url":"https:\/\/decomat.com\/es\/materiales\/pavimento-suelo\/iluminacion-empotrada\/","og_site_name":"decomat","article_modified_time":"2012-12-07T12:49:31+00:00","twitter_card":"summary_large_image","twitter_misc":{"Dur\u00e9e de lecture estim\u00e9e":"1 minute"},"schema":{"@context":"https:\/\/schema.org","@graph":[{"@type":"WebPage","@id":"https:\/\/decomat.com\/es\/materiales\/pavimento-suelo\/iluminacion-empotrada\/","url":"https:\/\/decomat.com\/es\/materiales\/pavimento-suelo\/iluminacion-empotrada\/","name":"\u00c9clairage pour sol - decomat","isPartOf":{"@id":"https:\/\/decomat.com\/ca\/#website"},"datePublished":"2012-04-18T21:35:33+00:00","dateModified":"2012-12-07T12:49:31+00:00","breadcrumb":{"@id":"https:\/\/decomat.com\/es\/materiales\/pavimento-suelo\/iluminacion-empotrada\/#breadcrumb"},"inLanguage":"fr-FR","potentialAction":[{"@type":"ReadAction","target":["https:\/\/decomat.com\/es\/materiales\/pavimento-suelo\/iluminacion-empotrada\/"]}]},{"@type":"BreadcrumbList","@id":"https:\/\/decomat.com\/es\/materiales\/pavimento-suelo\/iluminacion-empotrada\/#breadcrumb","itemListElement":[{"@type":"ListItem","position":1,"name":"Portada","item":"https:\/\/decomat.com\/ca\/"},{"@type":"ListItem","position":2,"name":"Materials","item":"https:\/\/decomat.com\/ca\/materiales\/"},{"@type":"ListItem","position":3,"name":"Paviment \/ Terra","item":"https:\/\/decomat.com\/ca\/materiales\/pavimento-suelo\/"},{"@type":"ListItem","position":4,"name":"Iluminaci\u00f3n para suelo"}]},{"@type":"WebSite","@id":"https:\/\/decomat.com\/ca\/#website","url":"https:\/\/decomat.com\/ca\/","name":"decomat","description":"Mat\u00e9riau d\u00e9coratif","potentialAction":[{"@type":"SearchAction","target":{"@type":"EntryPoint","urlTemplate":"https:\/\/decomat.com\/ca\/?s={search_term_string}"},"query-input":{"@type":"PropertyValueSpecification","valueRequired":true,"valueName":"search_term_string"}}],"inLanguage":"fr-FR"}]}},"_links":{"self":[{"href":"https:\/\/decomat.com\/fr\/wp-json\/wp\/v2\/pages\/2048","targetHints":{"allow":["GET"]}}],"collection":[{"href":"https:\/\/decomat.com\/fr\/wp-json\/wp\/v2\/pages"}],"about":[{"href":"https:\/\/decomat.com\/fr\/wp-json\/wp\/v2\/types\/page"}],"author":[{"embeddable":true,"href":"https:\/\/decomat.com\/fr\/wp-json\/wp\/v2\/users\/8979"}],"replies":[{"embeddable":true,"href":"https:\/\/decomat.com\/fr\/wp-json\/wp\/v2\/comments?post=2048"}],"version-history":[{"count":10,"href":"https:\/\/decomat.com\/fr\/wp-json\/wp\/v2\/pages\/2048\/revisions"}],"predecessor-version":[{"id":5176,"href":"https:\/\/decomat.com\/fr\/wp-json\/wp\/v2\/pages\/2048\/revisions\/5176"}],"up":[{"embeddable":true,"href":"https:\/\/decomat.com\/fr\/wp-json\/wp\/v2\/pages\/1280"}],"wp:attachment":[{"href":"https:\/\/decomat.com\/fr\/wp-json\/wp\/v2\/media?parent=2048"}],"curies":[{"name":"wp","href":"https:\/\/api.w.org\/{rel}","templated":true}]}}