{"id":2174,"date":"2012-04-19T20:57:27","date_gmt":"2012-04-19T20:57:27","guid":{"rendered":"http:\/\/www.decomat.com\/?page_id=2174"},"modified":"2017-04-17T19:56:05","modified_gmt":"2017-04-17T17:56:05","slug":"herramientas","status":"publish","type":"page","link":"https:\/\/decomat.com\/fr\/decoracion-para-profesionales\/herramientas\/","title":{"rendered":"Outils \/ Machinerie"},"content":{"rendered":"[vc_row][vc_column][vc_column_text]\n<h1>Outils<\/h1>\n<p>L\u00e9gendes sur notre vaste catalogue. Vous trouverez un large \u00e9ventail d&rsquo;outils pour l&rsquo;installation et l&rsquo;entretien des murs et des sols.<\/p>\n<p><a href=\"https:\/\/www.decomat.com\/wp-content\/uploads\/2012\/04\/jansergammadeproducte.jpg\"><img loading=\"lazy\" decoding=\"async\" class=\"alignnone wp-image-7165\" src=\"https:\/\/www.decomat.com\/wp-content\/uploads\/2012\/04\/jansergammadeproducte-300x55.jpg\" alt=\"\" width=\"398\" height=\"73\" srcset=\"https:\/\/decomat.com\/wp-content\/uploads\/2012\/04\/jansergammadeproducte-300x55.jpg 300w, https:\/\/decomat.com\/wp-content\/uploads\/2012\/04\/jansergammadeproducte-330x60.jpg 330w, https:\/\/decomat.com\/wp-content\/uploads\/2012\/04\/jansergammadeproducte-414x76.jpg 414w, https:\/\/decomat.com\/wp-content\/uploads\/2012\/04\/jansergammadeproducte.jpg 546w\" sizes=\"auto, (max-width: 398px) 100vw, 398px\" \/><\/a><\/p>\n<p>&nbsp;<\/p>\n<ul>\n<li><a href=\"https:\/\/www.decomat.com\/fr\/decoracion-para-profesionales\/herramientas\/ropa-de-trabajo\/\">V\u00eatements de travail<\/a><\/li>\n<li><a href=\"https:\/\/www.decomat.com\/fr\/decoracion-para-profesionales\/herramientas\/instalacion-pavimentos\/\">Plancher d&rsquo;installation (parquet, moquette, PVC, linol\u00e9um &#8230;)<\/a><\/li>\n<li><a href=\"https:\/\/www.decomat.com\/fr\/decoracion-para-profesionales\/herramientas\/preparacion-soporte\/\">Pr\u00e9paration du support<\/a><\/li>\n<li><a href=\"https:\/\/www.decomat.com\/fr\/decoracion-para-profesionales\/herramientas\/cosido-y-corte-moquetas\/\">Couture et coupe des tapis<\/a><\/li>\n<li><a href=\"https:\/\/www.decomat.com\/fr\/decoracion-para-profesionales\/herramientas\/limpieza-y-mantenimento-moquetas-y-cesped-artificial\/\">Nettoyage et d&rsquo;entretien de tapis et gazon artificiel<\/a><\/li>\n<\/ul>\n[\/vc_column_text][\/vc_column][\/vc_row]","protected":false},"excerpt":{"rendered":"<p>[vc_row][vc_column][vc_column_text] Outils L\u00e9gendes sur notre vaste catalogue. Vous trouverez un large \u00e9ventail d&rsquo;outils pour l&rsquo;installation et l&rsquo;entretien des murs et des sols. &nbsp; V\u00eatements de travail Plancher d&rsquo;installation (parquet, moquette, PVC, linol\u00e9um &#8230;) Pr\u00e9paration du support Couture et coupe des tapis Nettoyage et d&rsquo;entretien de tapis et gazon artificiel [\/vc_column_text][\/vc_column][\/vc_row]<\/p>\n","protected":false},"author":8979,"featured_media":0,"parent":780,"menu_order":0,"comment_status":"open","ping_status":"closed","template":"","meta":{"_monsterinsights_skip_tracking":false,"_monsterinsights_sitenote_active":false,"_monsterinsights_sitenote_note":"","_monsterinsights_sitenote_category":0,"ngg_post_thumbnail":0,"footnotes":""},"class_list":["post-2174","page","type-page","status-publish","hentry"],"yoast_head":"<!-- This site is optimized with the Yoast SEO plugin v27.3 - https:\/\/yoast.com\/product\/yoast-seo-wordpress\/ -->\n<title>Outils \/ Machinerie - decomat<\/title>\n<meta name=\"robots\" content=\"index, follow, max-snippet:-1, max-image-preview:large, max-video-preview:-1\" \/>\n<link rel=\"canonical\" href=\"https:\/\/decomat.com\/fr\/decoracion-para-profesionales\/herramientas\/\" \/>\n<meta property=\"og:locale\" content=\"fr_FR\" \/>\n<meta property=\"og:type\" content=\"article\" \/>\n<meta property=\"og:title\" content=\"Outils \/ Machinerie - decomat\" \/>\n<meta property=\"og:description\" content=\"[vc_row][vc_column][vc_column_text] Outils L\u00e9gendes sur notre vaste catalogue. Vous trouverez un large \u00e9ventail d&rsquo;outils pour l&rsquo;installation et l&rsquo;entretien des murs et des sols. &nbsp; V\u00eatements de travail Plancher d&rsquo;installation (parquet, moquette, PVC, linol\u00e9um &#8230;) Pr\u00e9paration du support Couture et coupe des tapis Nettoyage et d&rsquo;entretien de tapis et gazon artificiel [\/vc_column_text][\/vc_column][\/vc_row]\" \/>\n<meta property=\"og:url\" content=\"https:\/\/decomat.com\/fr\/decoracion-para-profesionales\/herramientas\/\" \/>\n<meta property=\"og:site_name\" content=\"decomat\" \/>\n<meta property=\"article:modified_time\" content=\"2017-04-17T17:56:05+00:00\" \/>\n<meta property=\"og:image\" content=\"https:\/\/decomat.com\/wp-content\/uploads\/2012\/04\/jansergammadeproducte.jpg\" \/>\n\t<meta property=\"og:image:width\" content=\"546\" \/>\n\t<meta property=\"og:image:height\" content=\"100\" \/>\n\t<meta property=\"og:image:type\" content=\"image\/jpeg\" \/>\n<meta name=\"twitter:card\" content=\"summary_large_image\" \/>\n<meta name=\"twitter:label1\" content=\"Dur\u00e9e de lecture estim\u00e9e\" \/>\n\t<meta name=\"twitter:data1\" content=\"1 minute\" \/>\n<script type=\"application\/ld+json\" class=\"yoast-schema-graph\">{\"@context\":\"https:\\\/\\\/schema.org\",\"@graph\":[{\"@type\":\"WebPage\",\"@id\":\"https:\\\/\\\/decomat.com\\\/fr\\\/decoracion-para-profesionales\\\/herramientas\\\/\",\"url\":\"https:\\\/\\\/decomat.com\\\/fr\\\/decoracion-para-profesionales\\\/herramientas\\\/\",\"name\":\"Outils \\\/ Machinerie - decomat\",\"isPartOf\":{\"@id\":\"https:\\\/\\\/decomat.com\\\/ca\\\/#website\"},\"primaryImageOfPage\":{\"@id\":\"https:\\\/\\\/decomat.com\\\/fr\\\/decoracion-para-profesionales\\\/herramientas\\\/#primaryimage\"},\"image\":{\"@id\":\"https:\\\/\\\/decomat.com\\\/fr\\\/decoracion-para-profesionales\\\/herramientas\\\/#primaryimage\"},\"thumbnailUrl\":\"https:\\\/\\\/www.decomat.com\\\/wp-content\\\/uploads\\\/2012\\\/04\\\/jansergammadeproducte-300x55.jpg\",\"datePublished\":\"2012-04-19T20:57:27+00:00\",\"dateModified\":\"2017-04-17T17:56:05+00:00\",\"breadcrumb\":{\"@id\":\"https:\\\/\\\/decomat.com\\\/fr\\\/decoracion-para-profesionales\\\/herramientas\\\/#breadcrumb\"},\"inLanguage\":\"fr-FR\",\"potentialAction\":[{\"@type\":\"ReadAction\",\"target\":[\"https:\\\/\\\/decomat.com\\\/fr\\\/decoracion-para-profesionales\\\/herramientas\\\/\"]}]},{\"@type\":\"ImageObject\",\"inLanguage\":\"fr-FR\",\"@id\":\"https:\\\/\\\/decomat.com\\\/fr\\\/decoracion-para-profesionales\\\/herramientas\\\/#primaryimage\",\"url\":\"https:\\\/\\\/www.decomat.com\\\/wp-content\\\/uploads\\\/2012\\\/04\\\/jansergammadeproducte-300x55.jpg\",\"contentUrl\":\"https:\\\/\\\/www.decomat.com\\\/wp-content\\\/uploads\\\/2012\\\/04\\\/jansergammadeproducte-300x55.jpg\"},{\"@type\":\"BreadcrumbList\",\"@id\":\"https:\\\/\\\/decomat.com\\\/fr\\\/decoracion-para-profesionales\\\/herramientas\\\/#breadcrumb\",\"itemListElement\":[{\"@type\":\"ListItem\",\"position\":1,\"name\":\"Portada\",\"item\":\"https:\\\/\\\/decomat.com\\\/ca\\\/\"},{\"@type\":\"ListItem\",\"position\":2,\"name\":\"Professional\",\"item\":\"https:\\\/\\\/decomat.com\\\/ca\\\/decoracion-para-profesionales\\\/\"},{\"@type\":\"ListItem\",\"position\":3,\"name\":\"Outils \\\/ Machinerie\"}]},{\"@type\":\"WebSite\",\"@id\":\"https:\\\/\\\/decomat.com\\\/ca\\\/#website\",\"url\":\"https:\\\/\\\/decomat.com\\\/ca\\\/\",\"name\":\"decomat\",\"description\":\"Mat\u00e9riau d\u00e9coratif\",\"potentialAction\":[{\"@type\":\"SearchAction\",\"target\":{\"@type\":\"EntryPoint\",\"urlTemplate\":\"https:\\\/\\\/decomat.com\\\/ca\\\/?s={search_term_string}\"},\"query-input\":{\"@type\":\"PropertyValueSpecification\",\"valueRequired\":true,\"valueName\":\"search_term_string\"}}],\"inLanguage\":\"fr-FR\"}]}<\/script>\n<!-- \/ Yoast SEO plugin. -->","yoast_head_json":{"title":"Outils \/ Machinerie - decomat","robots":{"index":"index","follow":"follow","max-snippet":"max-snippet:-1","max-image-preview":"max-image-preview:large","max-video-preview":"max-video-preview:-1"},"canonical":"https:\/\/decomat.com\/fr\/decoracion-para-profesionales\/herramientas\/","og_locale":"fr_FR","og_type":"article","og_title":"Outils \/ Machinerie - decomat","og_description":"[vc_row][vc_column][vc_column_text] Outils L\u00e9gendes sur notre vaste catalogue. Vous trouverez un large \u00e9ventail d&rsquo;outils pour l&rsquo;installation et l&rsquo;entretien des murs et des sols. &nbsp; V\u00eatements de travail Plancher d&rsquo;installation (parquet, moquette, PVC, linol\u00e9um &#8230;) Pr\u00e9paration du support Couture et coupe des tapis Nettoyage et d&rsquo;entretien de tapis et gazon artificiel [\/vc_column_text][\/vc_column][\/vc_row]","og_url":"https:\/\/decomat.com\/fr\/decoracion-para-profesionales\/herramientas\/","og_site_name":"decomat","article_modified_time":"2017-04-17T17:56:05+00:00","og_image":[{"width":546,"height":100,"url":"https:\/\/decomat.com\/wp-content\/uploads\/2012\/04\/jansergammadeproducte.jpg","type":"image\/jpeg"}],"twitter_card":"summary_large_image","twitter_misc":{"Dur\u00e9e de lecture estim\u00e9e":"1 minute"},"schema":{"@context":"https:\/\/schema.org","@graph":[{"@type":"WebPage","@id":"https:\/\/decomat.com\/fr\/decoracion-para-profesionales\/herramientas\/","url":"https:\/\/decomat.com\/fr\/decoracion-para-profesionales\/herramientas\/","name":"Outils \/ Machinerie - decomat","isPartOf":{"@id":"https:\/\/decomat.com\/ca\/#website"},"primaryImageOfPage":{"@id":"https:\/\/decomat.com\/fr\/decoracion-para-profesionales\/herramientas\/#primaryimage"},"image":{"@id":"https:\/\/decomat.com\/fr\/decoracion-para-profesionales\/herramientas\/#primaryimage"},"thumbnailUrl":"https:\/\/www.decomat.com\/wp-content\/uploads\/2012\/04\/jansergammadeproducte-300x55.jpg","datePublished":"2012-04-19T20:57:27+00:00","dateModified":"2017-04-17T17:56:05+00:00","breadcrumb":{"@id":"https:\/\/decomat.com\/fr\/decoracion-para-profesionales\/herramientas\/#breadcrumb"},"inLanguage":"fr-FR","potentialAction":[{"@type":"ReadAction","target":["https:\/\/decomat.com\/fr\/decoracion-para-profesionales\/herramientas\/"]}]},{"@type":"ImageObject","inLanguage":"fr-FR","@id":"https:\/\/decomat.com\/fr\/decoracion-para-profesionales\/herramientas\/#primaryimage","url":"https:\/\/www.decomat.com\/wp-content\/uploads\/2012\/04\/jansergammadeproducte-300x55.jpg","contentUrl":"https:\/\/www.decomat.com\/wp-content\/uploads\/2012\/04\/jansergammadeproducte-300x55.jpg"},{"@type":"BreadcrumbList","@id":"https:\/\/decomat.com\/fr\/decoracion-para-profesionales\/herramientas\/#breadcrumb","itemListElement":[{"@type":"ListItem","position":1,"name":"Portada","item":"https:\/\/decomat.com\/ca\/"},{"@type":"ListItem","position":2,"name":"Professional","item":"https:\/\/decomat.com\/ca\/decoracion-para-profesionales\/"},{"@type":"ListItem","position":3,"name":"Outils \/ Machinerie"}]},{"@type":"WebSite","@id":"https:\/\/decomat.com\/ca\/#website","url":"https:\/\/decomat.com\/ca\/","name":"decomat","description":"Mat\u00e9riau d\u00e9coratif","potentialAction":[{"@type":"SearchAction","target":{"@type":"EntryPoint","urlTemplate":"https:\/\/decomat.com\/ca\/?s={search_term_string}"},"query-input":{"@type":"PropertyValueSpecification","valueRequired":true,"valueName":"search_term_string"}}],"inLanguage":"fr-FR"}]}},"_links":{"self":[{"href":"https:\/\/decomat.com\/fr\/wp-json\/wp\/v2\/pages\/2174","targetHints":{"allow":["GET"]}}],"collection":[{"href":"https:\/\/decomat.com\/fr\/wp-json\/wp\/v2\/pages"}],"about":[{"href":"https:\/\/decomat.com\/fr\/wp-json\/wp\/v2\/types\/page"}],"author":[{"embeddable":true,"href":"https:\/\/decomat.com\/fr\/wp-json\/wp\/v2\/users\/8979"}],"replies":[{"embeddable":true,"href":"https:\/\/decomat.com\/fr\/wp-json\/wp\/v2\/comments?post=2174"}],"version-history":[{"count":25,"href":"https:\/\/decomat.com\/fr\/wp-json\/wp\/v2\/pages\/2174\/revisions"}],"predecessor-version":[{"id":7271,"href":"https:\/\/decomat.com\/fr\/wp-json\/wp\/v2\/pages\/2174\/revisions\/7271"}],"up":[{"embeddable":true,"href":"https:\/\/decomat.com\/fr\/wp-json\/wp\/v2\/pages\/780"}],"wp:attachment":[{"href":"https:\/\/decomat.com\/fr\/wp-json\/wp\/v2\/media?parent=2174"}],"curies":[{"name":"wp","href":"https:\/\/api.w.org\/{rel}","templated":true}]}}