{"id":3901,"date":"2012-09-25T14:10:34","date_gmt":"2012-09-25T12:10:34","guid":{"rendered":"http:\/\/www.decomat.com\/?page_id=3901"},"modified":"2014-06-29T22:39:09","modified_gmt":"2014-06-29T20:39:09","slug":"tramites-para-que-comundades-obengan-el-certificado-de-aptitud-inspeccion-tecnica-de-edificios","status":"publish","type":"page","link":"https:\/\/decomat.com\/fr\/comunidades\/tramites-para-que-comundades-obengan-el-certificado-de-aptitud-inspeccion-tecnica-de-edificios\/","title":{"rendered":"Proc\u00e9Dures pour communaut\u00e9s obtention du certificat de Aptitude (Inspection Technique du B\u00e2timent &#8211; ITB)"},"content":{"rendered":"<p><\/p>\n<h1>Proc\u00e9Dures pour communaut\u00e9s obtention du certificat de Aptitude (Inspection Technique du B\u00e2timent)<\/h1>\n<p><\/p>","protected":false},"excerpt":{"rendered":"<p>Proc\u00e9Dures pour communaut\u00e9s obtention du certificat de Aptitude (Inspection Technique du B\u00e2timent)<\/p>\n","protected":false},"author":8979,"featured_media":0,"parent":712,"menu_order":0,"comment_status":"open","ping_status":"closed","template":"","meta":{"_monsterinsights_skip_tracking":false,"_monsterinsights_sitenote_active":false,"_monsterinsights_sitenote_note":"","_monsterinsights_sitenote_category":0,"ngg_post_thumbnail":0,"footnotes":""},"class_list":["post-3901","page","type-page","status-publish","hentry"],"yoast_head":"<!-- This site is optimized with the Yoast SEO plugin v27.3 - https:\/\/yoast.com\/product\/yoast-seo-wordpress\/ -->\n<title>Proc\u00e9Dures pour communaut\u00e9s obtention du certificat de Aptitude (Inspection Technique du B\u00e2timent - ITB) - decomat<\/title>\n<meta name=\"robots\" content=\"index, follow, max-snippet:-1, max-image-preview:large, max-video-preview:-1\" \/>\n<link rel=\"canonical\" href=\"https:\/\/decomat.com\/es\/comunidades\/tramites-para-que-comundades-obengan-el-certificado-de-aptitud-inspeccion-tecnica-de-edificios\/\" \/>\n<meta property=\"og:locale\" content=\"fr_FR\" \/>\n<meta property=\"og:type\" content=\"article\" \/>\n<meta property=\"og:title\" content=\"Proc\u00e9Dures pour communaut\u00e9s obtention du certificat de Aptitude (Inspection Technique du B\u00e2timent - ITB) - decomat\" \/>\n<meta property=\"og:description\" content=\"Proc\u00e9Dures pour communaut\u00e9s obtention du certificat de Aptitude (Inspection Technique du B\u00e2timent)\" \/>\n<meta property=\"og:url\" content=\"https:\/\/decomat.com\/es\/comunidades\/tramites-para-que-comundades-obengan-el-certificado-de-aptitud-inspeccion-tecnica-de-edificios\/\" \/>\n<meta property=\"og:site_name\" content=\"decomat\" \/>\n<meta property=\"article:modified_time\" content=\"2014-06-29T20:39:09+00:00\" \/>\n<meta name=\"twitter:card\" content=\"summary_large_image\" \/>\n<meta name=\"twitter:label1\" content=\"Dur\u00e9e de lecture estim\u00e9e\" \/>\n\t<meta name=\"twitter:data1\" content=\"1 minute\" \/>\n<script type=\"application\/ld+json\" class=\"yoast-schema-graph\">{\"@context\":\"https:\\\/\\\/schema.org\",\"@graph\":[{\"@type\":\"WebPage\",\"@id\":\"https:\\\/\\\/decomat.com\\\/es\\\/comunidades\\\/tramites-para-que-comundades-obengan-el-certificado-de-aptitud-inspeccion-tecnica-de-edificios\\\/\",\"url\":\"https:\\\/\\\/decomat.com\\\/es\\\/comunidades\\\/tramites-para-que-comundades-obengan-el-certificado-de-aptitud-inspeccion-tecnica-de-edificios\\\/\",\"name\":\"Proc\u00e9Dures pour communaut\u00e9s obtention du certificat de Aptitude (Inspection Technique du B\u00e2timent - ITB) - decomat\",\"isPartOf\":{\"@id\":\"https:\\\/\\\/decomat.com\\\/ca\\\/#website\"},\"datePublished\":\"2012-09-25T12:10:34+00:00\",\"dateModified\":\"2014-06-29T20:39:09+00:00\",\"breadcrumb\":{\"@id\":\"https:\\\/\\\/decomat.com\\\/es\\\/comunidades\\\/tramites-para-que-comundades-obengan-el-certificado-de-aptitud-inspeccion-tecnica-de-edificios\\\/#breadcrumb\"},\"inLanguage\":\"fr-FR\",\"potentialAction\":[{\"@type\":\"ReadAction\",\"target\":[\"https:\\\/\\\/decomat.com\\\/es\\\/comunidades\\\/tramites-para-que-comundades-obengan-el-certificado-de-aptitud-inspeccion-tecnica-de-edificios\\\/\"]}]},{\"@type\":\"BreadcrumbList\",\"@id\":\"https:\\\/\\\/decomat.com\\\/es\\\/comunidades\\\/tramites-para-que-comundades-obengan-el-certificado-de-aptitud-inspeccion-tecnica-de-edificios\\\/#breadcrumb\",\"itemListElement\":[{\"@type\":\"ListItem\",\"position\":1,\"name\":\"Portada\",\"item\":\"https:\\\/\\\/decomat.com\\\/ca\\\/\"},{\"@type\":\"ListItem\",\"position\":2,\"name\":\"Comunidades\",\"item\":\"https:\\\/\\\/decomat.com\\\/es\\\/comunidades\\\/\"},{\"@type\":\"ListItem\",\"position\":3,\"name\":\"Tr\u00e1mites para que comunidades obtengan el certificado de Aptitud (Inspecci\u00f3n t\u00e9cnica de edificios &#8211; ITE)\"}]},{\"@type\":\"WebSite\",\"@id\":\"https:\\\/\\\/decomat.com\\\/ca\\\/#website\",\"url\":\"https:\\\/\\\/decomat.com\\\/ca\\\/\",\"name\":\"decomat\",\"description\":\"Mat\u00e9riau d\u00e9coratif\",\"potentialAction\":[{\"@type\":\"SearchAction\",\"target\":{\"@type\":\"EntryPoint\",\"urlTemplate\":\"https:\\\/\\\/decomat.com\\\/ca\\\/?s={search_term_string}\"},\"query-input\":{\"@type\":\"PropertyValueSpecification\",\"valueRequired\":true,\"valueName\":\"search_term_string\"}}],\"inLanguage\":\"fr-FR\"}]}<\/script>\n<!-- \/ Yoast SEO plugin. -->","yoast_head_json":{"title":"Proc\u00e9Dures pour communaut\u00e9s obtention du certificat de Aptitude (Inspection Technique du B\u00e2timent - ITB) - decomat","robots":{"index":"index","follow":"follow","max-snippet":"max-snippet:-1","max-image-preview":"max-image-preview:large","max-video-preview":"max-video-preview:-1"},"canonical":"https:\/\/decomat.com\/es\/comunidades\/tramites-para-que-comundades-obengan-el-certificado-de-aptitud-inspeccion-tecnica-de-edificios\/","og_locale":"fr_FR","og_type":"article","og_title":"Proc\u00e9Dures pour communaut\u00e9s obtention du certificat de Aptitude (Inspection Technique du B\u00e2timent - ITB) - decomat","og_description":"Proc\u00e9Dures pour communaut\u00e9s obtention du certificat de Aptitude (Inspection Technique du B\u00e2timent)","og_url":"https:\/\/decomat.com\/es\/comunidades\/tramites-para-que-comundades-obengan-el-certificado-de-aptitud-inspeccion-tecnica-de-edificios\/","og_site_name":"decomat","article_modified_time":"2014-06-29T20:39:09+00:00","twitter_card":"summary_large_image","twitter_misc":{"Dur\u00e9e de lecture estim\u00e9e":"1 minute"},"schema":{"@context":"https:\/\/schema.org","@graph":[{"@type":"WebPage","@id":"https:\/\/decomat.com\/es\/comunidades\/tramites-para-que-comundades-obengan-el-certificado-de-aptitud-inspeccion-tecnica-de-edificios\/","url":"https:\/\/decomat.com\/es\/comunidades\/tramites-para-que-comundades-obengan-el-certificado-de-aptitud-inspeccion-tecnica-de-edificios\/","name":"Proc\u00e9Dures pour communaut\u00e9s obtention du certificat de Aptitude (Inspection Technique du B\u00e2timent - ITB) - decomat","isPartOf":{"@id":"https:\/\/decomat.com\/ca\/#website"},"datePublished":"2012-09-25T12:10:34+00:00","dateModified":"2014-06-29T20:39:09+00:00","breadcrumb":{"@id":"https:\/\/decomat.com\/es\/comunidades\/tramites-para-que-comundades-obengan-el-certificado-de-aptitud-inspeccion-tecnica-de-edificios\/#breadcrumb"},"inLanguage":"fr-FR","potentialAction":[{"@type":"ReadAction","target":["https:\/\/decomat.com\/es\/comunidades\/tramites-para-que-comundades-obengan-el-certificado-de-aptitud-inspeccion-tecnica-de-edificios\/"]}]},{"@type":"BreadcrumbList","@id":"https:\/\/decomat.com\/es\/comunidades\/tramites-para-que-comundades-obengan-el-certificado-de-aptitud-inspeccion-tecnica-de-edificios\/#breadcrumb","itemListElement":[{"@type":"ListItem","position":1,"name":"Portada","item":"https:\/\/decomat.com\/ca\/"},{"@type":"ListItem","position":2,"name":"Comunidades","item":"https:\/\/decomat.com\/es\/comunidades\/"},{"@type":"ListItem","position":3,"name":"Tr\u00e1mites para que comunidades obtengan el certificado de Aptitud (Inspecci\u00f3n t\u00e9cnica de edificios &#8211; ITE)"}]},{"@type":"WebSite","@id":"https:\/\/decomat.com\/ca\/#website","url":"https:\/\/decomat.com\/ca\/","name":"decomat","description":"Mat\u00e9riau d\u00e9coratif","potentialAction":[{"@type":"SearchAction","target":{"@type":"EntryPoint","urlTemplate":"https:\/\/decomat.com\/ca\/?s={search_term_string}"},"query-input":{"@type":"PropertyValueSpecification","valueRequired":true,"valueName":"search_term_string"}}],"inLanguage":"fr-FR"}]}},"_links":{"self":[{"href":"https:\/\/decomat.com\/fr\/wp-json\/wp\/v2\/pages\/3901","targetHints":{"allow":["GET"]}}],"collection":[{"href":"https:\/\/decomat.com\/fr\/wp-json\/wp\/v2\/pages"}],"about":[{"href":"https:\/\/decomat.com\/fr\/wp-json\/wp\/v2\/types\/page"}],"author":[{"embeddable":true,"href":"https:\/\/decomat.com\/fr\/wp-json\/wp\/v2\/users\/8979"}],"replies":[{"embeddable":true,"href":"https:\/\/decomat.com\/fr\/wp-json\/wp\/v2\/comments?post=3901"}],"version-history":[{"count":6,"href":"https:\/\/decomat.com\/fr\/wp-json\/wp\/v2\/pages\/3901\/revisions"}],"predecessor-version":[{"id":5742,"href":"https:\/\/decomat.com\/fr\/wp-json\/wp\/v2\/pages\/3901\/revisions\/5742"}],"up":[{"embeddable":true,"href":"https:\/\/decomat.com\/fr\/wp-json\/wp\/v2\/pages\/712"}],"wp:attachment":[{"href":"https:\/\/decomat.com\/fr\/wp-json\/wp\/v2\/media?parent=3901"}],"curies":[{"name":"wp","href":"https:\/\/api.w.org\/{rel}","templated":true}]}}